{"id":12613,"date":"2024-09-16T17:14:40","date_gmt":"2024-09-16T17:14:40","guid":{"rendered":"https:\/\/travelshelper.com\/staging\/?page_id=12613"},"modified":"2026-03-13T00:17:05","modified_gmt":"2026-03-13T00:17:05","slug":"ukraine","status":"publish","type":"page","link":"https:\/\/travelshelper.com\/de\/destinations\/europe\/ukraine\/","title":{"rendered":"Ukraine"},"content":{"rendered":"<p>Die Ukraine, das zweitgr\u00f6\u00dfte Land Europas, erstreckt sich \u00fcber 603.550 Quadratkilometer weitgehend unber\u00fchrter Ebene, unterbrochen von Hochebenen, W\u00e4ldern und zwei bescheidenen Gebirgsz\u00fcgen. Sie erstreckt sich von 44\u00b0 bis 53\u00b0 Nord und von 22\u00b0 bis 41\u00b0 Ost und grenzt an sieben L\u00e4nder \u2013 Wei\u00dfrussland im Norden, Polen und die Slowakei im Westen, Ungarn, Rum\u00e4nien und Moldawien im S\u00fcdwesten sowie Russland im Osten und Nordosten. Im S\u00fcden und S\u00fcdosten grenzt sie an das Schwarze und das Asowsche Meer. Die Hauptstadt Kiew z\u00e4hlte vor den Umw\u00e4lzungen der letzten Jahre \u00fcber 40 Millionen Einwohner, und die Amtssprache, Ukrainisch, ist vom Karpatenvorland bis zur Krimk\u00fcste weit verbreitet.<\/p>\n<p>Vor 32.000 Jahren betraten die ersten Menschen diese Weite. Ihre Anwesenheit bezeugen pal\u00e4olithische Artefakte, die immer wieder aus der schwarzen Erde emporsteigen. Im 9. Jahrhundert entstand ein Staat, der sp\u00e4ter den Namen \u201eKiewer Rus\u201c erhielt und im 10. und 11. Jahrhundert zu den Gro\u00dfm\u00e4chten Europas z\u00e4hlte. Seine wichtigsten St\u00e4dte gl\u00e4nzten mit vergoldeten Kuppeln, und seine Handelswege erstreckten sich \u00fcber die Steppe. Doch interne Rivalit\u00e4ten zerrissen dieses Reich, und 1240 vernichteten die vorr\u00fcckenden Mongolen seine letzten \u00dcberreste und schickten die \u00dcberlebenden nach Osten oder Westen unter die Herrschaft Litauens, Polens, des Osmanischen und \u00d6sterreichischen Reichs oder des Moskauer Zarenreichs.<\/p>\n<p>Im 17. Jahrhundert entstand in den zentralen Steppen das Kosakenhetmanat, das einen fl\u00fcchtigen Eindruck von Selbstverwaltung erm\u00f6glichte, bevor es zwischen Russland und Polen aufgeteilt und schlie\u00dflich in das Russische Reich eingegliedert wurde. Zu Beginn des 20. Jahrhunderts erwachte der ukrainische Nationalismus. Inmitten der Wirren des Jahres 1917 erkl\u00e4rte sich die Ukraine zur Republik, nur um 1922 als Ukrainische Sozialistische Sowjetrepublik in die Sowjetunion eingegliedert zu werden. Anfang der 1930er Jahre forderte eine von Menschen verursachte Hungersnot, der Holodomor, Millionen von Menschenleben, und w\u00e4hrend des Zweiten Weltkriegs erlitt das Gebiet zwei Besatzungen und ersch\u00fctternde Verluste unter der Zivilbev\u00f6lkerung, darunter den Gro\u00dfteil der j\u00fcdischen Bev\u00f6lkerung.<\/p>\n<p>Nach dem Zerfall der Sowjetunion 1991 proklamierte die Ukraine ihre Unabh\u00e4ngigkeit und verabschiedete 1996 eine neue Verfassung. Sie verpflichtete sich zu demokratischer Regierungsf\u00fchrung und Marktwirtschaft \u2013 ein Ziel, das durch weit verbreitete Korruption und das Fortbestehen staatszentrierter Strukturen behindert wurde. Die Orange Revolution von 2004\u20132005 brachte Wahlreformen mit sich, w\u00e4hrend Massendemonstrationen 2014 mit der Annexion der Krim durch den Kreml und dem Ausbruch des Konflikts im Donbass endeten. Eine gro\u00df angelegte Invasion im Jahr 2022 verst\u00e4rkte sowohl die nationale Entschlossenheit als auch die globale Besorgnis.<\/p>\n<p>Heute ist die Ukraine eine einheitliche, halbpr\u00e4sidentielle Republik mit der sechstgr\u00f6\u00dften Armee der Welt und einem Verteidigungshaushalt, der zu den zehn gr\u00f6\u00dften der Welt z\u00e4hlt. Fruchtbare Schwarzb\u00f6den erm\u00f6glichen enorme Getreideernten, die lange Zeit f\u00fcr die globale Ern\u00e4hrungssicherheit unerl\u00e4sslich waren. Diese Ertr\u00e4ge sind jedoch durch Konflikte gef\u00e4hrdet. Die ukrainische Wirtschaft ist gemessen am nominalen Pro-Kopf-Einkommen die niedrigste in Europa und leidet unter Korruption, obwohl sie ihre Beziehungen zur Europ\u00e4ischen Union ausbaut und 2022 einen NATO-Beitritt beantragt hat.<\/p>\n<p>Die Geographie des Landes erstreckt sich von der weiten osteurop\u00e4ischen Ebene aus, wo die Fl\u00fcsse Dnjepr, Dnister, S\u00fcdlicher Bug und Sewerski Donez die Steppen auf ihrem Weg nach S\u00fcden zum Schwarzen Meer und zum kleineren Asowschen Meer durchschneiden. Im S\u00fcdwesten markiert das Donaudelta eine Wassergrenze zu Rum\u00e4nien, dessen Kan\u00e4le sich durch S\u00fcmpfe schl\u00e4ngeln, und weiter s\u00fcdlich erhebt sich das Krimgebirge in bescheidenen, schroffen Gebirgsz\u00fcgen, dessen h\u00f6chster Gipfel kaum zweitausend Meter \u00fcber dem Meeresspiegel liegt. Im Westen erheben sich die Karpaten bis zu den 2.061 Metern des Howerla und verknoten den Himmel \u00fcber den W\u00e4ldern, die den Wechsel der Jahreszeiten ank\u00fcndigen. Zwischen diesen Hochl\u00e4ndern liegen Hochl\u00e4nder \u2013 Wolhynien-Podillien, Vor-Dnipro, Donezkamm und Vor-Asow \u2013, die der Ebene eine subtile H\u00fcgelstruktur verleihen.<\/p>\n<p>Unter der Erde schlummern betr\u00e4chtliche nat\u00fcrliche Reicht\u00fcmer: Lithium, das zunehmend gefragt ist, Kaolin und Holz, riesige Erdgasvorkommen und vor allem Erde, deren unersch\u00f6pfliche Fruchtbarkeit der Ukraine ihren historischen Beinamen \u201eKornkammer Europas\u201c eingebracht hat. Dennoch entstehen Umweltbelastungen durch industrielle Verschmutzung, Abholzung, Wasserknappheit in einigen Regionen und anhaltende Strahlenbelastung rund um Tschernobyl, die \u00dcberreste der Reaktorkatastrophe von 1986. Der Krieg hat neue \u00f6kologische Wunden geschlagen: Die vors\u00e4tzliche Zerst\u00f6rung des Kachowka-Staudamms und Millionen Tonnen kontaminierten Schutts haben zu einem \u00d6kozid gef\u00fchrt, wie Experten es nennen, dessen Wiederaufbaukosten sich auf Dutzende Milliarden Dollar belaufen.<\/p>\n<p>Klimatisch gesehen herrscht in der Ukraine aufgrund ihrer Lage in mittleren Breitengraden gr\u00f6\u00dftenteils kontinentales Klima. Die durchschnittlichen Jahrestemperaturen im Norden liegen zwischen 5,5 \u00b0C und 7 \u00b0C, w\u00e4hrend die S\u00fcdk\u00fcste mildere Temperaturen von 11 \u00b0C bis 13 \u00b0C aufweist. Die Niederschl\u00e4ge nehmen von West nach Ost ab und versorgen die Karpaten j\u00e4hrlich mit fast 1,2 Metern Regen, w\u00e4hrend die Schwarzmeerk\u00fcste nur knapp 0,4 Meter Regen erh\u00e4lt. Im Winter frieren die Fl\u00fcsse zu Eis, was den Seehandel einschr\u00e4nkt; im Sommer sind einige Gebiete von sinkenden Wassermengen bedroht, die mit zunehmenden Klimaver\u00e4nderungen die Agrarwirtschaft gef\u00e4hrden.<\/p>\n<p>Verkehrsadern durchziehen das Land. \u00dcber 1.600 Kilometer schiffbare Fl\u00fcsse durchziehen sieben Fl\u00fcsse \u2013 vor allem Donau, Dnjepr und Prypjat \u2013, doch jeden Winter sind sie von Eis bedeckt. Eisenbahnen, am dichtesten im Industriegebiet Donbass, f\u00fchren von Hafenst\u00e4dten zu Fabriken und Feldern und sichern der Ukraine ihren Status als eines der am st\u00e4rksten vom Schienenverkehr abh\u00e4ngigen L\u00e4nder der Welt. Die nationale Fluggesellschaft des Landes, Ukraine International Airlines, verband einst den Kiewer Flughafen Boryspil mit Europa, dem Nahen Osten, Nordamerika und Asien, bis Kriegskatastrophen den zivilen Flugverkehr einschr\u00e4nkten.<\/p>\n<p>Vor 2022 kamen j\u00e4hrlich mehr als acht Millionen Reisende in die Ukraine, was sie zum achtmeistbesuchten Reiseziel Europas machte. Zu den Hauptmagneten z\u00e4hlten Kiew mit seinen vergoldeten orthodoxen Sch\u00e4tzen, Odessas Terrassen \u00fcber dem Meer, Charkiws breite Alleen und die Uferabschnitte des Dnipro. Lwiw, das Juwel des Westens, bewahrt mittelalterliche Stra\u00dfenbilder, die unter UNESCO-Schutz stehen. Der Korniakt-Palast und die mit Fresken verzierten Kirchen erinnern an den vielf\u00e4ltigen Einfluss der Region, w\u00e4hrend die Nationale Kunstgalerie sowohl barocke als auch modernistische Hinterlassenschaften bewahrt. Die Sophienkathedrale in Kiew und das H\u00f6hlenkloster strahlen auf himmelblauen Kuppeln und dominieren den Andreassteig, wo K\u00fcnstler und Kunsthandwerker in einem Strom von Farbe und Handwerk zusammenkommen. Einst fuhren Besucher vom Hafen Odessas nach Istanbul oder Warna, und F\u00e4hren verkehrten unter der Flagge von Ukrferry \u00fcber das Schwarze Meer.<\/p>\n<p>Die Natursch\u00e4tze der Ukraine erstrecken sich von den abgerundeten Gipfeln der Karpaten \u2013 wo Wanderwege durch Waldschneisen zu Panoramah\u00f6hen f\u00fchren \u2013 bis zum Biosph\u00e4renreservat Donaudelta, wo schilfges\u00e4umte Kan\u00e4le von Wasserv\u00f6geln wimmeln. In Wylkowo, dem \u201eukrainischen Venedig\u201c, f\u00fchren schmale Kan\u00e4le Holzboote unter Weiden und M\u00f6wen hindurch, w\u00e4hrend weiter westlich an den schneebedeckten H\u00e4ngen der Wintersport floriert.<\/p>\n<p>Vor dem Konflikt von 2022 betrug die Bev\u00f6lkerungszahl \u00fcber 41 Millionen, von denen etwa 67 Prozent in St\u00e4dten lebten, vor allem im industrialisierten Osten und S\u00fcdosten. Die bescheidene st\u00e4dtische Bev\u00f6lkerungsdichte von 69,5 Einwohnern pro Quadratkilometer steht im Gegensatz zum europ\u00e4ischen Durchschnitt, doch unz\u00e4hlige D\u00f6rfer schrumpfen aufgrund des zunehmenden demografischen Drucks. Die Lebenserwartung bei der Geburt erreichte insgesamt 73 Jahre, wobei es einen geschlechtsspezifischen Unterschied gab \u2013 78 Jahre f\u00fcr Frauen und 68 Jahre f\u00fcr M\u00e4nner.<\/p>\n<p>Glaube und Brauchtum sind eng miteinander verflochten. Die Ukraine beherbergt die zweitgr\u00f6\u00dfte ostorthodoxe Gemeinde der Welt, deren Liturgien sowohl in den G\u00e4ngen der Kathedralen als auch in den Dorfkirchen widerhallen. Eine Umfrage aus dem Jahr 2021 ergab, dass 82 Prozent der Befragten gl\u00e4ubig sind, wobei die westlichen Regionen am gl\u00e4ubigsten und der Donbass und die \u00f6stlichen Provinzen am wenigsten gl\u00e4ubig sind. Volkstraditionen bleiben bestehen: Gro\u00dfeltern tragen oft die Hauptverantwortung f\u00fcr die Kinder, und der orthodoxe Kalender pr\u00e4gt die Feste. Dekorative K\u00fcnste wie die Petrykiwka-Malerei und die Kosiwer Keramik zeugen von jahrhundertealtem l\u00e4ndlichem Handwerk, w\u00e4hrend Kosakenlieder kriegerische Choreografien und epische Verse bewahren.<\/p>\n<p>Literarischer und k\u00fcnstlerischer Ausdruck ist von politischen Umw\u00e4lzungen gepr\u00e4gt. Unter Stalins Dekret zum Sozialistischen Realismus von 1932 wurden kreative Stimmen eingeschr\u00e4nkt, doch in den 1980er Jahren gab Glasnost dem Experiment wieder Raum und f\u00fchrte zu einer Renaissance, die unter unabh\u00e4ngiger Verwaltung anh\u00e4lt. Die UNESCO hat acht ukrainische St\u00e4tten anerkannt und 2023 festgestellt, dass \u00fcber zweihundert Kulturg\u00fcter durch Kriegshandlungen besch\u00e4digt wurden. Der historische Kern von Odessa steht nun auf der Liste des gef\u00e4hrdeten Welterbes \u2013 ein Zeugnis f\u00fcr das durch Konflikte gef\u00e4hrdete Erbe.<\/p>\n<p>Ostereier, Pysanky, verk\u00f6rpern eine Kunst, die \u00e4lter ist als das Christentum in diesen Ebenen. Ein aufwendiges Verfahren aus Wachs- und Farbschichten macht jedes Ei zu einer Miniaturchronik aus Symbolen und Farben. Das im Jahr 2000 er\u00f6ffnete Pysanky-Museum in Kolomyja verk\u00f6rpert dieses Erbe und gilt selbst als modernes ukrainisches Wahrzeichen.<\/p>\n<p>Seit 2012 erstellt das staatliche Kulturministerium ein Inventar des immateriellen Erbes und z\u00e4hlt bis Juli 2024 103 Objekte auf \u2013 von m\u00fcndlich \u00fcberlieferten \u00dcberlieferungen bis hin zu rituellen Br\u00e4uchen \u2013 jedes ein Teil des nationalen Gef\u00fcges. Architektur spiegelt die Geschichte wider: byzantinische Kuppeln der Kiewer Rus, polnische Renaissance in Galizien, \u00f6sterreichisch-ungarische Ornamente in Lemberg, russischer Barock in Kiew, Chruschtschowkas aus der Sowjetzeit, die sich \u00fcber die Stadtr\u00e4nder erstrecken. Die heutigen Skylines stellen sowjetische Strenge zeitgen\u00f6ssischen Interventionen gegen\u00fcber und suggerieren den ungel\u00f6sten Dialog zwischen Vergangenheit und Gegenwart.<\/p>\n<p>Die kulinarischen Br\u00e4uche spiegeln das Zusammenspiel von Boden und Brauchtum wider. H\u00fchnerfleisch dominiert den Fleischkonsum, gefolgt von Schweine- und Rindfleisch; Gem\u00fcse \u2013 Kartoffeln, Kohl, Pilze und R\u00fcben \u2013 bildet die Grundnahrungsmittel. Eingelegte Sorten gelten als Delikatessen, w\u00e4hrend Salo, gesalzenes Schweinefett, landesweit bekannt ist. Brot aus Roggen und Weizen \u2013 beide gedeihen in fruchtbaren Schwarzerdeb\u00f6den \u2013 bildet die Grundlage der Mahlzeiten. Zum Repertoire geh\u00f6ren Wareniki (Teigtaschen), Nalysnyki (Cr\u00eapes), Kapusnjak (Kohlsuppe), Borschtsch (ges\u00e4uerte R\u00fcbensuppe) und Holubzi (Kohlrouladen). Paska und Korowai kennzeichnen Oster- und Hochzeitsriten, und der s\u00fc\u00dfe Kiewer Kuchen erinnert an die Legenden der Hauptstadt. Die Getr\u00e4nkepalette reicht von Uzvar (Kompott aus getrockneten Fr\u00fcchten) und Ryazhanka (fermentierte Sahne) bis hin zu Horilka. Der Pro-Kopf-Verbrauch von Spirituosen geh\u00f6rt trotz der j\u00fcngsten R\u00fcckg\u00e4nge zu den weltweit h\u00f6chsten.<\/p>\n<p>Die Ukraine zeichnet sich durch ihre industrielle St\u00e4rke, ihre landwirtschaftliche Bedeutung und ihr kulturelles Erbe als Mittelmacht in der Weltpolitik aus. Als Gr\u00fcndungsmitglied der Vereinten Nationen k\u00e4mpft sie gegen \u00e4u\u00dfere Aggression und vertieft gleichzeitig ihre Bindungen an europ\u00e4ische Strukturen. Ihre reichen Natursch\u00e4tze und ihre geschichtstr\u00e4chtige Vergangenheit haben ein Volk geformt, das auch in Zeiten des Umbruchs widerstandsf\u00e4hig blieb. Von den frostverkrusteten Ufern des Dnjepr bis zu den gr\u00fcnen H\u00e4ngen der Karpaten, von den vergoldeten T\u00fcrmen Kiews bis zu den Kan\u00e4len von Wylkovo \u2013 die vielf\u00e4ltigen Gebiete der Ukraine zeichnen eine Geschichte, die so weitl\u00e4ufig und fruchtbar ist wie die Ebenen selbst.<\/p>","protected":false},"excerpt":{"rendered":"<p>Die Ukraine in Osteuropa ist nach Russland das zweitgr\u00f6\u00dfte europ\u00e4ische Land mit einer Bev\u00f6lkerung von rund 44 Millionen Menschen (Stand 2021). Strategisch g\u00fcnstig an der Schnittstelle zwischen Europa und Asien gelegen, erstreckt sich die Ukraine \u00fcber 603.548 Quadratkilometer und ist daher ein wichtiger Akteur auf der geopolitischen B\u00fchne der Region. Im Osten und Nordosten grenzt das Land an Russland, im Norden an Wei\u00dfrussland, im Westen an Polen und die Slowakei sowie im S\u00fcdwesten an Ungarn, Rum\u00e4nien und Moldawien. Dar\u00fcber hinaus grenzt das Land an mehrere weitere L\u00e4nder. Die ausgedehnte K\u00fcstenlinie entlang des Schwarzen Meeres und des Asowschen Meeres im S\u00fcden und S\u00fcdosten bietet der Ukraine zudem einen bedeutenden maritimen Zugang.<\/p>","protected":false},"author":1,"featured_media":3198,"parent":24078,"menu_order":0,"comment_status":"closed","ping_status":"closed","template":"elementor_theme","meta":{"_eb_attr":"","footnotes":""},"class_list":["post-12613","page","type-page","status-publish","has-post-thumbnail"],"_links":{"self":[{"href":"https:\/\/travelshelper.com\/de\/wp-json\/wp\/v2\/pages\/12613","targetHints":{"allow":["GET"]}}],"collection":[{"href":"https:\/\/travelshelper.com\/de\/wp-json\/wp\/v2\/pages"}],"about":[{"href":"https:\/\/travelshelper.com\/de\/wp-json\/wp\/v2\/types\/page"}],"author":[{"embeddable":true,"href":"https:\/\/travelshelper.com\/de\/wp-json\/wp\/v2\/users\/1"}],"replies":[{"embeddable":true,"href":"https:\/\/travelshelper.com\/de\/wp-json\/wp\/v2\/comments?post=12613"}],"version-history":[{"count":0,"href":"https:\/\/travelshelper.com\/de\/wp-json\/wp\/v2\/pages\/12613\/revisions"}],"up":[{"embeddable":true,"href":"https:\/\/travelshelper.com\/de\/wp-json\/wp\/v2\/pages\/24078"}],"wp:featuredmedia":[{"embeddable":true,"href":"https:\/\/travelshelper.com\/de\/wp-json\/wp\/v2\/media\/3198"}],"wp:attachment":[{"href":"https:\/\/travelshelper.com\/de\/wp-json\/wp\/v2\/media?parent=12613"}],"curies":[{"name":"wp","href":"https:\/\/api.w.org\/{rel}","templated":true}]}}