{"id":12406,"date":"2024-09-16T00:39:00","date_gmt":"2024-09-16T00:39:00","guid":{"rendered":"https:\/\/travelshelper.com\/staging\/?page_id=12406"},"modified":"2026-03-12T18:32:52","modified_gmt":"2026-03-12T18:32:52","slug":"montenegro","status":"publish","type":"page","link":"https:\/\/travelshelper.com\/de\/destinations\/europe\/montenegro\/","title":{"rendered":"Montenegro"},"content":{"rendered":"<p>Montenegro, ein Staat mit 623.633 Einwohnern auf 13.883 km\u00b2, erstreckt sich \u00fcber einen schmalen Streifen der Balkanhalbinsel in S\u00fcdosteuropa. Im S\u00fcdwesten von der Adria eingerahmt und an Kroatien, Bosnien und Herzegowina, Serbien, Kosovo und Albanien angrenzend, verk\u00f6rpert diese Republik mit ihren 25 Gemeinden Jahrtausende alter Geschichte und bemerkenswerter geografischer Vielfalt. Von hoch aufragenden Alpengipfeln bis hin zu einer schmalen K\u00fcstenebene, von mittelalterlichen Kirchen bis hin zu Befestigungsanlagen aus der osmanischen Zeit \u2013 Montenegros kompaktes Territorium l\u00e4dt zu einem genauen, kontemplativen Blick ein.<\/p>\n<p>Lange vor den slawischen Migrationen des 6. und 7. Jahrhunderts n. Chr. formten illyrische St\u00e4mme das zerkl\u00fcftete Hochland, das heute weite Teile Nordmontenegros pr\u00e4gt. In den folgenden Jahrhunderten legten drei mittelalterliche F\u00fcrstent\u00fcmer \u2013 Duklja im S\u00fcden, Travunia im Westen und Ra\u0161ka im Norden \u2013 bis zum 14. Jahrhundert den Grundstein f\u00fcr ein aufstrebendes Gemeinwesen namens Zeta. Venezianische Kaufleute und Marinekommandanten hinterlie\u00dfen bereits im sp\u00e4ten 14. Jahrhundert ihre Spuren entlang der K\u00fcste und integrierten die S\u00fcdk\u00fcste in das Gebiet, das auch als Venezianisches Albanien bekannt ist. Osmanische Einf\u00e4lle erreichten die Region im sp\u00e4ten 15. Jahrhundert, doch die Hochlandclans behielten unter der Petrovi\u0107-Njego\u0161-Dynastie ein gewisses Ma\u00df an Autonomie. 1878 erkannte der Berliner Kongress die Unabh\u00e4ngigkeit Montenegros formell an; 1910 wurde daraus das K\u00f6nigreich Montenegro. Das 20. Jahrhundert brachte die Union mit dem K\u00f6nigreich der Serben, Kroaten und Slowenen (dem sp\u00e4teren Jugoslawien), eine sp\u00e4tere f\u00f6derale Vereinbarung mit Serbien und schlie\u00dflich im Juni 2006 die Wiederherstellung der souver\u00e4nen Staatlichkeit durch ein Referendum, wodurch die Nation zu ihrer heutigen Form kam.<\/p>\n<p>Montenegros Wirtschaft, die mittlerweile zur oberen Mittelschicht geh\u00f6rt, basiert \u00fcberwiegend auf dem Dienstleistungssektor, wobei der Tourismus in den letzten Jahrzehnten stark an Bedeutung gewonnen hat. Der Euro fungiert durch einseitige Einf\u00fchrung als Landesw\u00e4hrung, w\u00e4hrend der Ausbau der Infrastruktur \u2013 insbesondere der Ausbau der Autobahnen und die Modernisierung der Eisenbahnstrecke Belgrad\u2013Bar \u2013 weiterhin Priorit\u00e4t f\u00fcr ein ausgewogenes Wachstum hat. Zwei internationale Flugh\u00e4fen in Podgorica und Tivat bew\u00e4ltigen den Zustrom von Besuchern, die von den Str\u00e4nden und historischen St\u00e4dten der Adriak\u00fcste angezogen werden. Der nach Kriegszerst\u00f6rungen wiederaufgebaute Hafen von Bar bew\u00e4ltigt Frachtmengen weit unter seiner geplanten Kapazit\u00e4t.<\/p>\n<p>Geographisch ist Montenegro eine Studie der Kontraste. Die nur wenige Kilometer breite K\u00fcstenebene geht abrupt in Kalksteinmassive \u00fcber \u2013 darunter die Berge Lov\u0107en und Orjen \u2013, die in die Bucht von Kotor abfallen. Im Landesinneren erheben sich Karstformationen bis auf \u00fcber 2.000 m H\u00f6he: der Berg Orjen mit 1.894 m, Bobotov Kuk im Durmitor-Gebirge mit 2.522 m und (Stand der Triangulation von 2018) Zla Kolata im Prokletije-Gebirge mit 2.534 m. Gletschergeschliffene T\u00e4ler und steile Schluchten, wie die zum UNESCO-Weltkulturerbe geh\u00f6rende Tara-Schlucht, durchziehen das n\u00f6rdliche Hochland, w\u00e4hrend der Skutarisee \u2013 der mit Albanien geteilt und als Nationalpark gesch\u00fctzt wird \u2013 die s\u00fcdwestlichen Tiefebenen mit Feuchtgebieten \u00fcbers\u00e4t, in denen es von Zugv\u00f6geln wimmelt.<\/p>\n<p>Sowohl in st\u00e4dtischen Zentren als auch in Kleinst\u00e4dten zeugen architektonische \u00dcberreste von Montenegros verschiedenen Herrschern. Im mittelalterlichen Zentrum von Kotor schl\u00e4ngeln sich sandgepflasterte Stra\u00dfen zwischen venezianischen Pal\u00e4sten und romanischen Kirchen hindurch: Die St.-Tryphon-Kathedrale aus dem 12. Jahrhundert thront auf der Hauptpiazza, w\u00e4hrend die St.-Lukas-Kirche einen ruhigen Platz am Wasser \u00fcberblickt. Budva, die Wiege des Adria-Tourismus, bewahrt eine alte Zitadelle, umgeben von neun Jahrhunderten religi\u00f6ser Monumente, vor dem Hintergrund moderner Bauten entlang des Sandstrands. Herceg Novi am Eingang der Bucht besticht durch Festungen genuesischen Stils und ein abgestuftes Amphitheater mit mediterraner Vegetation.<\/p>\n<p>Cetinje, einst k\u00f6nigliche Hauptstadt und heute eine Schatzkammer des nationalen Erbes, liegt am Fu\u00dfe des Berges Lov\u0107en. In seinen Stra\u00dfen befinden sich Museen, Botschaften aus der Diplomatenzeit und das orthodoxe Kloster Cetinje, das Reliquien und Ikonographien bewahrt, die von Montenegros spirituellen Traditionen zeugen. Im Norden bildet \u017dabljak das Tor zum Durmitor-Nationalpark, wo der Schwarze See zu Fu\u00df erreichbar ist. Der Winterschnee beg\u00fcnstigt den Sporttourismus gleicherma\u00dfen.<\/p>\n<p>Montenegros demografisches Mosaik spiegelt seine zentrale Lage wider. Keine einzelne ethnische Gruppe bildet die absolute Mehrheit; Montenegriner stellen etwa 41 Prozent der Bev\u00f6lkerung, Serben 33 Prozent, Bosniaken 9 Prozent, Albaner 5 Prozent und Russen 2 Prozent, neben anderen kleineren Gemeinschaften. Ostorthodoxe Christen, \u00fcberwiegend der serbisch-orthodoxen Kirche zugeh\u00f6rig, stellen 71 Prozent der Religionszugeh\u00f6rigkeit; Muslime (vor allem in der Region Sand\u017eak) und Katholiken (weitgehend entlang der K\u00fcste) bilden die wichtigsten religi\u00f6sen Minderheiten. Das jahrhundertelange Nebeneinander der Religionen hat einen kulturellen Rhythmus gepr\u00e4gt, der sich sowohl im rituellen Leben als auch bei festlichen Zusammenk\u00fcnften widerspiegelt.<\/p>\n<p>Das Konzept von \u010cojstvo i Juna\u0161tvo \u2013 frei \u00fcbersetzt als \u201eMenschlichkeit und Tapferkeit\u201c \u2013 pr\u00e4gt die ethischen und sozialen Werte der Region, von stammesgebundenen Br\u00e4uchen bis hin zur modernen b\u00fcrgerlichen Identit\u00e4t. Volkstraditionen finden Ausdruck im Oro, dem \u201eAdlertanz\u201c, bei dem T\u00e4nzer konzentrische Kreise bilden und Paare dazwischen einander auf die Schultern steigen, ein Tableau, das sowohl animalische Anmut als auch gemeinschaftlichen Zusammenhalt symbolisiert.<\/p>\n<p>Gastronomische Str\u00f6mungen flie\u00dfen von Ost nach West \u00fcber Montenegros Tisch. Osmanische Einfl\u00fcsse leben in Gerichten wie Sarma (um Fleisch und Reis gerollte Weinbl\u00e4tter), Musaka, Pilav, Pita und \u010cevap\u0131 weiter. Mitteleurop\u00e4ische Str\u00e4nge finden sich in Cr\u00eapes und Donuts, Marmeladen, Keksen und reichhaltigen Kuchen. Entlang der Adriak\u00fcste, wo Meeresfr\u00fcchte gedeihen, herrscht mediterrane Einfachheit: gegrillter Fisch, Schalentiere und der f\u00fcr die Region typische Rotwein Vranac. Im Landesinneren zelebriert die Hochlandk\u00fcche Milchprodukte und Lammfleisch: Cicvara (mit K\u00e4se und Sahne angereichertes Maismehl), in Milch gekochtes Lammfleisch sowie Pljevaljski- und Njegu\u0161ki-K\u00e4se. Njegu\u0161ki Pr\u0161ut \u2013 ein ger\u00e4ucherter Schinken aus dem Dorf Njegu\u0161i \u2013 ist ein Beweis f\u00fcr die jahrhundertealten P\u00f6keltechniken, die an den H\u00e4ngen des Bergs Lov\u0107en praktiziert wurden.<\/p>\n<p>Der montenegrinische Weinbau konzentriert sich auf die Planta\u017ee-Anwesen nahe Podgorica, deren Weinberge neben Vranac und Pro Corde Wei\u00dfweine und Cabernet Krsta\u010d hervorbringen. Boutique-Betriebe wie Kne\u017eevi\u0107 in Golubovci und das Label Monte Grande erg\u00e4nzen das Angebot. Ein Liter Vranac kostet im lokalen Restaurant zwischen acht und f\u00fcnfzehn Euro; Supermarktpreise beginnen bei zwei Euro, was die Erschwinglichkeit des Weins unterstreicht.<\/p>\n<p>Ethisches Verhalten geht \u00fcber die Mahlzeiten hinaus. \u00d6ffentliche Einrichtungen verlangen oft dezente Kleidung; Shorts k\u00f6nnen in Krankenh\u00e4usern, Regierungsgeb\u00e4uden und Gottesh\u00e4usern unerw\u00fcnscht sein. An Str\u00e4nden ist bodenloses Sonnenbaden auf ausgewiesene FKK-Bereiche beschr\u00e4nkt. Beim Ansto\u00dfen ist direkter Blickkontakt vorgeschrieben, sonst besteht die Gefahr einer Fehlinterpretation. Rakija, der starke Pflaumenschnaps mit rund 53 Volumenprozent Alkohol, verlangt n\u00fcchternen Respekt: \u200b\u200bGastgeber k\u00f6nnen mehrere Runden anbieten, doch vom Gast wird erwartet, dass er ma\u00dfvoll nippt.<\/p>\n<p>In den letzten Saisons \u00fcberstieg die Zahl der Touristenank\u00fcnfte zwei Millionen, angezogen vom Panorama der Bucht von Kotor, das zum UNESCO-Weltkulturerbe geh\u00f6rt, dem in eine fast senkrechte Felswand gehauenen Kloster Ostrog aus dem 17. Jahrhundert und dem 12 Kilometer langen Sandstrand der S\u00fcdk\u00fcste von Ulcinj, der 2010 von der New York Times zu den \u201eTop 31 Reisezielen\u201c gek\u00fcrt wurde. Der National Geographic Traveler hat Montenegro in seine alle zehn Jahre erscheinende Liste der \u201e50 Orte eines Lebens\u201c aufgenommen, und das Inselhotel Sveti Stefan ziert eine seiner Titelseiten. Doch jenseits der Hauptattraktionen bietet Montenegro auch intime Erlebnisse: einen Spaziergang im Mondschein durch die Zitadelle von Budva, das Morgenlicht, das die roten D\u00e4cher von Perast erleuchtet, oder eine Kajaktour unter den wolkenverhangenen Gipfeln des Orjen.<\/p>\n<p>Infrastrukturelle Herausforderungen bestehen weiterhin. Stra\u00dfen entsprechen selten westeurop\u00e4ischen Standards, und das Bestreben, Autobahnverbindungen zu errichten, ist sowohl wirtschaftlichen Notwendigkeiten als auch dem Wunsch geschuldet, den Tourismus gleichm\u00e4\u00dfiger \u00fcber die Republik zu verteilen. Die Eisenbahnstrecke Belgrad\u2013Bar, ein Meisterwerk der Ingenieurskunst mit ihren Bergp\u00e4ssen und Tunneln, soll den G\u00fcterverkehr wieder auf das geplante Durchsatzvolumen bringen. Pl\u00e4ne zur Umschlagsanlage f\u00fcr Fl\u00fcssigerdgas im Hafen von Bar signalisieren eine Wende hin zu Energiediversifizierung und regionaler Vernetzung.<\/p>\n<p>Im Norden locken der Winterschnee und die alpinen Wiesen des Durmitor das ganze Jahr \u00fcber Outdoor-Fans an. Der Canyon des Flusses Tara, der an seinen Ufern mehr als 1.300 Meter in die Tiefe st\u00fcrzt, z\u00e4hlt zu den l\u00e4ngsten und tiefsten der Welt und bietet Rafting-Touren, die Adrenalin mit der stillen Betrachtung der von Eis und Wasser geformten Kalksteinw\u00e4nde verbinden. Der Nationalpark Skutarisee hingegen bietet ein sanfteres Programm: Vogelbeobachter beobachten Pelikane und Reiher im Schilf, w\u00e4hrend traditionelle Fischerboote \u00fcber das glasklare Wasser gleiten.<\/p>\n<p>Die Bedeutung des Denkmalschutzes f\u00fcr Geschichte und Kultur ist in ganz Montenegro sp\u00fcrbar. Alte Kl\u00f6ster \u2013 Savina bei Herceg Novi, die Lukasbasilika oberhalb von Kotor und die orthodoxen Enklaven Budimlja und Nik\u0161i\u0107 \u2013 bewahren Fresken, die mittelalterliche Spiritualit\u00e4t zum Ausdruck bringen. Venezianische Barockpal\u00e4ste in Perast erz\u00e4hlen vom Schicksal der Kapit\u00e4ne, deren Seereisen diese K\u00fcste mit dem weiteren Mittelmeer verbanden. Auf dem Berg Ostrog wandern Pilger auf schmalen Pfaden zu den Zellen, in denen Bischof Basilius von Ostrog im 17. Jahrhundert Einsamkeit und sp\u00e4ter Heiligkeit suchte; seine Reliquien ziehen heute j\u00e4hrlich Gl\u00e4ubige aus dem gesamten Balkan an.<\/p>\n<p>Podgorica, die moderne Hauptstadt und gr\u00f6\u00dfte Stadt Montenegros, erz\u00e4hlt ihre eigene Geschichte der Erneuerung. Unter jugoslawischer Herrschaft einst Titograd genannt, pr\u00e4sentiert sie sich heute mit zeitgen\u00f6ssischer Architektur und kulturellen Einrichtungen neben Moscheen aus der osmanischen Zeit und \u00dcberresten r\u00f6mischer Stra\u00dfen. Sie beherbergt die wichtigste Universit\u00e4t des Landes und dient als Verwaltungszentrum, auch wenn die l\u00e4ndlichen Gemeinden ihre eigene Identit\u00e4t bewahren, die auf Clan- und Regionalzugeh\u00f6rigkeit beruht.<\/p>\n<p>Trotz seiner Gr\u00f6\u00dfe widersetzt sich Montenegros multiethnische Zusammensetzung einer Homogenisierung. Serbisch-montenegrinischen Spannungen, die im Alltag zwar ged\u00e4mpft sind, zeigen sich in Debatten \u00fcber Kirchenf\u00fchrung und sprachliche Selbstidentifikation. Die nicht anerkannte montenegrinische orthodoxe Kirche bleibt f\u00fcr manche ein umstrittenes Symbol nationaler Souver\u00e4nit\u00e4t, w\u00e4hrend andere die kanonische Bindung an die serbisch-orthodoxe Kirche als integralen Bestandteil religi\u00f6ser Kontinuit\u00e4t betrachten. Sprachlich spiegeln die montenegrinischen, serbischen, bosnischen und albanischen Sprachr\u00e4ume sowohl kommunale Zugeh\u00f6rigkeiten als auch Fragen der Grammatik und des Wortschatzes wider.<\/p>\n<p>Zusammenfassend l\u00e4sst sich sagen, dass Montenegro an der Schnittstelle von Vergangenheit und Zukunft steht. Seine St\u00e4dte und Wildnis, seine Kathedralen und Clantraditionen verschmelzen in einem Dialog zwischen Bewahrung und Innovation. Dem Besucher, der sich ohne Erwartungen oder Eile n\u00e4hert, dem Zirpen der Grillen auf den Hochlandwiesen lauscht und Fischern beim Einholen ihrer Netze im Morgengrauen zusieht, offenbart sich die Republik als mehr als nur ein Korridor zur adriatischen Sonne. Sie bietet vielmehr eine kompakte Chronik menschlichen Strebens: widerstandsf\u00e4hig, eigenwillig und durchdrungen von einem best\u00e4ndigen Ortsgef\u00fchl, das \u00fcber die blo\u00dfe Geographie hinausgeht. In Montenegro l\u00e4dt jeder verwitterte Stein und jede gewundene fjordartige Bucht zum Nachdenken \u00fcber den Lauf der Zeit ein \u2013 und \u00fcber die dauerhafte Verbindung zwischen Land und Menschen, die es bewohnen.<\/p>","protected":false},"excerpt":{"rendered":"<p>Montenegro liegt in S\u00fcdosteuropa auf der Balkanhalbinsel und hat 633.158 Einwohner, verteilt auf 25 Gemeinden, mit einer Fl\u00e4che von 13.812 Quadratkilometern. Das kompakte und vielf\u00e4ltige Land liegt strategisch g\u00fcnstig und grenzt im Nordwesten an Bosnien und Herzegowina, im Nordosten an Serbien, im Osten an den Kosovo und im S\u00fcdosten an Albanien. Die Westgrenze grenzt an Kroatien, und die S\u00fcdwestk\u00fcste erstreckt sich entlang des wundersch\u00f6nen azurblauen Wassers der Adria und verleiht dieser Bergregion ein atemberaubendes maritimes Flair.<\/p>","protected":false},"author":1,"featured_media":4896,"parent":24078,"menu_order":0,"comment_status":"closed","ping_status":"closed","template":"elementor_theme","meta":{"_eb_attr":"","footnotes":""},"class_list":["post-12406","page","type-page","status-publish","has-post-thumbnail"],"_links":{"self":[{"href":"https:\/\/travelshelper.com\/de\/wp-json\/wp\/v2\/pages\/12406","targetHints":{"allow":["GET"]}}],"collection":[{"href":"https:\/\/travelshelper.com\/de\/wp-json\/wp\/v2\/pages"}],"about":[{"href":"https:\/\/travelshelper.com\/de\/wp-json\/wp\/v2\/types\/page"}],"author":[{"embeddable":true,"href":"https:\/\/travelshelper.com\/de\/wp-json\/wp\/v2\/users\/1"}],"replies":[{"embeddable":true,"href":"https:\/\/travelshelper.com\/de\/wp-json\/wp\/v2\/comments?post=12406"}],"version-history":[{"count":0,"href":"https:\/\/travelshelper.com\/de\/wp-json\/wp\/v2\/pages\/12406\/revisions"}],"up":[{"embeddable":true,"href":"https:\/\/travelshelper.com\/de\/wp-json\/wp\/v2\/pages\/24078"}],"wp:featuredmedia":[{"embeddable":true,"href":"https:\/\/travelshelper.com\/de\/wp-json\/wp\/v2\/media\/4896"}],"wp:attachment":[{"href":"https:\/\/travelshelper.com\/de\/wp-json\/wp\/v2\/media?parent=12406"}],"curies":[{"name":"wp","href":"https:\/\/api.w.org\/{rel}","templated":true}]}}