{"id":12305,"date":"2024-09-15T22:10:07","date_gmt":"2024-09-15T22:10:07","guid":{"rendered":"https:\/\/travelshelper.com\/staging\/?page_id=12305"},"modified":"2026-03-12T18:44:28","modified_gmt":"2026-03-12T18:44:28","slug":"nordmazedonien","status":"publish","type":"page","link":"https:\/\/travelshelper.com\/de\/destinations\/europe\/north-macedonia\/","title":{"rendered":"Nordmazedonien"},"content":{"rendered":"<p>Die Republik Nordmazedonien liegt im s\u00fcdlichen Teil der Balkanhalbinsel und umfasst ein Binnenland mit einer Fl\u00e4che von etwa 25.436 Quadratkilometern. Sie erstreckt sich \u00fcber den 40. bis 43. Breitengrad und den 20. bis 23. L\u00e4ngengrad und bildet das n\u00f6rdliche Drittel der gr\u00f6\u00dferen geografischen Region, die historisch als Mazedonien bekannt war. Das Land grenzt im Norden an Serbien, im Nordwesten an den Kosovo, im Westen an Albanien, im S\u00fcden an Griechenland und im Osten an Bulgarien. Die gesamte Landesgrenze ist etwa 748 Kilometer lang. Skopje, die Hauptstadt und das gr\u00f6\u00dfte urbane Zentrum des Landes, beherbergt etwa ein Viertel der Bev\u00f6lkerung von \u00fcber 1,83 Millionen. Die demografische Mehrheit bilden ethnische Mazedonier, ein s\u00fcdslawisches Volk, w\u00e4hrend Albaner etwa ein Viertel der Bev\u00f6lkerung ausmachen; kleinere Gemeinschaften umfassen T\u00fcrken, Roma, Serben, Bosniaken, Aromunen und andere Gruppen.<\/p>\n<p>Die Aufzeichnungen menschlicher Besiedlung des heutigen Nordmazedoniens reichen bis zum antiken K\u00f6nigreich Paionien zur\u00fcck. Im sp\u00e4ten 6. Jahrhundert v. Chr. fiel die Region unter die Herrschaft der Ach\u00e4meniden, wurde aber im 4. Jahrhundert v. Chr. in das aufstrebende K\u00f6nigreich Mazedonien eingegliedert. Im 2. Jahrhundert v. Chr. annektierte die R\u00f6mische Republik das Gebiet und gliederte es in die Provinz Mazedonien ein. Nach der Teilung des R\u00f6mischen Reiches blieb das Gebiet trotz wiederholter Einf\u00e4lle und Besiedlungen durch slawische St\u00e4mme ab dem 6. Jahrhundert n. Chr. unter byzantinischer Herrschaft. In den folgenden Jahrhunderten wechselte die Kontrolle zwischen konkurrierenden bulgarischen, byzantinischen und serbischen Staaten, bis das Osmanische Reich die Region Mitte des 14. Jahrhunderts einverleibte. Die osmanische Herrschaft hielt bis ins fr\u00fche 20. Jahrhundert an, als die Balkankriege von 1912 und 1913 die heutigen Grenzen Nordmazedoniens unter serbische Souver\u00e4nit\u00e4t brachten.<\/p>\n<p>Die Umw\u00e4lzungen des 20. Jahrhunderts brachten weitere Regierungswechsel mit sich. W\u00e4hrend des Ersten Weltkriegs verwaltete Bulgarien das Gebiet, doch nach Kriegsende wurde die serbische Herrschaft innerhalb des neu gegr\u00fcndeten K\u00f6nigreichs der Serben, Kroaten und Slowenen wiederhergestellt. Im Zweiten Weltkrieg ging die Kontrolle erneut an Bulgarien \u00fcber, und mit der Gr\u00fcndung der Sozialistischen F\u00f6derativen Republik Jugoslawien 1945 wurde die Region eine ihrer sechs Teilrepubliken. Eine friedliche Sezession 1991 brachte die volle Unabh\u00e4ngigkeit, und 1993 trat das Land aufgrund eines Namensstreits mit Griechenland unter der vorl\u00e4ufigen Bezeichnung \u201eEhemalige jugoslawische Republik Mazedonien\u201c (EJR Mazedonien) den Vereinten Nationen bei. Nach langwierigen Verhandlungen l\u00f6ste das Prespa-Abkommen von 2018 diesen Streit, indem es den offiziellen Titel \u201eRepublik Nordmazedonien\u201c festlegte und Anfang 2019 in Kraft trat.<\/p>\n<p>Seit seiner Unabh\u00e4ngigkeit strebt Nordmazedonien die Integration in euro-atlantische Strukturen an. Es trat 2020 der NATO bei und ist Mitglied des Europarats, der Weltbank, der Organisation f\u00fcr Sicherheit und Zusammenarbeit in Europa (OSZE), des Mitteleurop\u00e4ischen Freihandelsabkommens (CEFTA), der Organisation f\u00fcr Schwarzmeerwirtschaftliche Zusammenarbeit (BSEC) und der Welthandelsorganisation (WTO). Das Land, das seit 2005 als Kandidat f\u00fcr die Mitgliedschaft in der Europ\u00e4ischen Union gilt, hat umfassende Wirtschaftsreformen durchgef\u00fchrt, um den \u00dcbergang von einem sozialistischen, zentral geplanten System zu einer offenen Marktwirtschaft zu vollziehen. Nordmazedonien wird von der Weltbank als Land mit gehobenem mittlerem Einkommen eingestuft und weist das Profil eines Entwicklungslandes mit einem sehr hohen Index der menschlichen Entwicklung, geringer Einkommensungleichheit, \u00f6ffentlich finanzierter sozialer Sicherheit, allgemeiner Gesundheitsversorgung und kostenloser Grund- und Sekundarschulbildung auf.<\/p>\n<p>Die Topographie Nordmazedoniens wird von einem zentralen Tal gepr\u00e4gt, das vom Fluss Vardar geformt und von Gebirgsketten umgeben ist. Das Gel\u00e4nde erstreckt sich zwischen dem \u0160ar-Gebirge im Nordwesten und der Osogovo-Belasica-Kette im S\u00fcdosten und ist gr\u00f6\u00dftenteils zerkl\u00fcftet. Drei gro\u00dfe Seen \u2013 Ohrid, Prespa und Dojran \u2013 erstrecken sich \u00fcber die s\u00fcdlichen Grenzen des Landes und werden teilweise mit Albanien und Griechenland geteilt. Der Ohridsee z\u00e4hlt zu den \u00e4ltesten Seen der Welt und bietet ein einzigartiges aquatisches \u00d6kosystem. Die Region liegt in einer seismisch aktiven Zone. Ein verheerendes Erdbeben im Jahr 1963 besch\u00e4digte Skopje schwer und forderte \u00fcber 1.000 Todesopfer.<\/p>\n<p>Zwei wichtige Gebirgssysteme bestimmen das Relief des Landes. Das \u0160ar-Gebirge und die Westvardar\/Pelagonien-Kette mit Gipfeln wie dem Baba-Gebirge, Nid\u017ee, Ko\u017euf und Jakupica sind Teil des Dinarischen Systems und geologisch j\u00fcnger und h\u00f6her als die Osogowo-Belasica-Kette (Rhodopen). Der 2.764 Meter hohe Korab an der Grenze zu Albanien ist der h\u00f6chste Gipfel des Landes. Hydrologisch gesehen m\u00fcnden die Wasserstra\u00dfen Nordmazedoniens in drei Becken: die \u00c4g\u00e4is, die Adria und das Schwarze Meer. Das \u00c4g\u00e4ische Becken bedeckt etwa 22.075 Quadratkilometer \u2013 ungef\u00e4hr 87 Prozent des Territoriums \u2013, wobei allein der Fluss Vardar 80 Prozent der Landfl\u00e4che mit Wasser versorgt. Das Adriatische Becken, das durch den Fluss Schwarze Drin begrenzt und von den Seen Prespa und Ohrid gespeist wird, umfasst 3.320 Quadratkilometer oder 13 Prozent des Landes. Das Schwarzmeerbecken ist das kleinste und entw\u00e4ssert nur 37 Quadratkilometer n\u00f6rdlich des Berges Skopska Crna Gora \u00fcber die Bina\u010dka Morava und das Morava-Donau-System. Neben den drei nat\u00fcrlichen Seen verf\u00fcgt das Land \u00fcber rund f\u00fcnfzig k\u00fcnstliche Teiche und neun Kurorte und Kurorte, die f\u00fcr ihr Mineralwasser bekannt sind.<\/p>\n<p>Klimatisch gesehen herrscht in Nordmazedonien ein Klima mit vier ausgepr\u00e4gten Jahreszeiten. Die Sommer sind meist warm und trocken, mit Temperaturen von bis zu 40 \u00b0C, insbesondere in den s\u00fcdlichen Regionen Demir Kapija und Gevgelija, wo der subtropische Druck der \u00c4g\u00e4is und Einfl\u00fcsse aus dem Nahen Osten f\u00fcr anhaltende Hitzeperioden sorgen. Die Winter sind m\u00e4\u00dfig kalt und schneereich, wobei die Tiefsttemperaturen unter dem Einfluss der Nordwinde auf bis zu -20 \u00b0C fallen. Das Klima gliedert sich in drei Hauptzonen: ein mildes Kontinentalklima im Norden, ein gem\u00e4\u00dfigtes mediterranes Klima im S\u00fcden und ein Gebirgsklima in h\u00f6heren Lagen. Die j\u00e4hrlichen Niederschlagsmengen variieren stark und reichen von 1.700 mm im westlichen Gebirge bis zu 500 mm im \u00f6stlichen Tiefland; das Vardar-Tal verzeichnet ebenfalls etwa 500 mm pro Jahr. Diese Klima- und Bew\u00e4sserungsunterschiede beg\u00fcnstigen den Anbau verschiedener Nutzpflanzen, darunter Weizen, Mais, Kartoffeln, Mohn, Erdn\u00fcsse und Reis. Drei\u00dfig wichtige Wetterstationen im ganzen Land \u00fcberwachen Wetter und Klima.<\/p>\n<p>Verwaltungstechnisch ist Nordmazedonien in acht statistische Regionen unterteilt, die ausschlie\u00dflich rechtlichen und statistischen Zwecken dienen: Ost, Nordost, Pelagonien, Polog, Skopje, S\u00fcdost, S\u00fcdwest und Vardar. Im August 2004 wurden im Rahmen einer Reform 84 Gemeinden eingerichtet, von denen zehn die Stadt Skopje bilden \u2013 eine eigenst\u00e4ndige Selbstverwaltungseinheit und gleichzeitig die Landeshauptstadt. Im Zuge der Reform wurden viele der seit 1996 bestehenden 123 Gemeinden konsolidiert, wobei die Grenzen angepasst und kleinere Einheiten bei Bedarf zusammengelegt wurden. Vor der Einf\u00fchrung der Gemeinden erfolgte die lokale Verwaltung \u00fcber 34 Verwaltungsbezirke bzw. Gemeinden.<\/p>\n<p>Der Tourismus ist ein bedeutender Teil der Volkswirtschaft des Landes. Er trug 2016 6,7 Prozent zum Bruttoinlandsprodukt bei und erwirtschaftete Einnahmen von rund 38,5 Milliarden Denar (616 Millionen Euro). Der bewaffnete Konflikt des Jahres 2001 stellte f\u00fcr den Tourismus nach der Unabh\u00e4ngigkeit den schwerwiegendsten R\u00fcckschlag dar; die Besucherzahlen haben sich allerdings seitdem erholt und stiegen 2011 um 14,6 Prozent. Im Jahr 2019 kamen 1.184.963 Touristen ins Land, davon 757.593 ausl\u00e4ndische G\u00e4ste, vor allem aus der T\u00fcrkei, den benachbarten L\u00e4ndern Serbien, Griechenland und Bulgarien sowie Polen und anderen westeurop\u00e4ischen L\u00e4ndern. Rund 60 Prozent der Besucher konzentrieren sich auf Skopje und die s\u00fcdwestliche Region, angezogen vom kulturellen Erbe, den st\u00e4dtischen Annehmlichkeiten und den Naturlandschaften. Der Seentourismus, mit Schwerpunkt auf Ohrid, Prespa und Dojran, stellt den bedeutendsten Zweig dar und wird von \u00fcber f\u00fcnfzig kleineren Gletscherseen unterst\u00fctzt. Auch der Bergtourismus ist gut entwickelt; sechzehn Gipfel \u00fcbersteigen die 2.000-Meter-Marke, w\u00e4hrend der l\u00e4ndliche Tourismus, der \u00d6kotourismus, der St\u00e4dtetourismus und der Kulturtourismus durch Gastronomie, traditionelle Musik, Festivals und Kulturerbest\u00e4tten florieren.<\/p>\n<p>Die Verkehrsinfrastruktur bleibt f\u00fcr die wirtschaftliche Entwicklung Nordmazedoniens von entscheidender Bedeutung. Als Binnenstaat im Herzen des Balkans dient das Land als Transitkorridor f\u00fcr Waren, die vom Hafen Thessaloniki in Griechenland durch das Balkaninnere nach West-, Mittel- und Osteuropa sowie \u00fcber Bulgarien in den Osten transportiert werden. Bis 2019 war das Stra\u00dfennetz ungef\u00e4hr 10.591 Kilometer lang, davon waren rund 6.000 Kilometer asphaltiert. Die wichtigste Verkehrsader folgt der Nord-S\u00fcd-Achse des Vardar-Tals, insbesondere die Europastra\u00dfe E75, die Griechenland mit Serbien und dar\u00fcber hinaus verbindet. Das von Makedonski \u017deleznici betriebene Eisenbahnnetz ist 922 Kilometer lang; seine wichtigste Strecke f\u00fchrt von der serbischen Grenze \u00fcber Kumanovo, Skopje und Veles nach Gevgelija an der griechischen Grenze. Seit 2001 erleichtert eine Bahnstrecke, die Nordmazedonien bei Beljakovci mit Bulgarien verbindet, die geplante Verbindung Skopje\u2013Sofia. Skopje dient als wichtigster Eisenbahnknotenpunkt, Veles und Kumanovo sind sekund\u00e4re Knotenpunkte.<\/p>\n<p>Die Postdienste werden vom staatlichen Unternehmen North Macedonia Post erbracht, das 1992 als PTT Macedonia gegr\u00fcndet und 1993 in den Weltpostverein aufgenommen wurde. 1997 wurden Post- und Telekommunikationsfunktionen getrennt, wodurch Macedonian Telekom und North Macedonia Post entstanden. Der Schiffsverkehr beschr\u00e4nkt sich auf den Seeverkehr auf Ohrid und Prespa, haupts\u00e4chlich f\u00fcr den Tourismus. Die Luftfahrtinfrastruktur umfasst siebzehn Flugpl\u00e4tze, davon elf mit befestigten Start- und Landebahnen, sowie zwei internationale Flugh\u00e4fen: den internationalen Flughafen Skopje und den Flughafen Ohrid St. Paul the Apostle.<\/p>\n<p>Laut der Volksz\u00e4hlung von 2021 betrug die Bev\u00f6lkerungszahl Nordmazedoniens 1.836.713 Personen, was einer Bev\u00f6lkerungsdichte von 72,2 Personen pro Quadratkilometer und einem Durchschnittsalter von 40,08 Jahren entspricht. Die Volksz\u00e4hlung verzeichnete 598.632 Haushalte mit durchschnittlich 3,06 Mitgliedern und einem nahezu ausgeglichenen Geschlechterverh\u00e4ltnis von 50,4 Prozent Frauen zu 49,6 Prozent M\u00e4nnern. Ethnisch gesehen \u00fcberwiegen Mazedonier, gefolgt von Albanern \u2013 die im Nordwesten konzentriert sind \u2013, T\u00fcrken, deren offizielle Zahl etwa 70.000 betr\u00e4gt, inoffiziellen Sch\u00e4tzungen zufolge jedoch bis zu 200.000 betr\u00e4gt, und einigen Sch\u00e4tzungen zufolge m\u00f6glicherweise bis zu 260.000 Roma. Zu den kleineren Gruppen z\u00e4hlen Serben, Bosniaken und Aromunen.<\/p>\n<p>Das kulturelle Leben in Nordmazedonien spiegelt ein reiches Erbe an Kunst, Architektur, Literatur und Musik wider, mit zahlreichen antiken religi\u00f6sen Monumenten, die als nationale Sch\u00e4tze gesch\u00fctzt sind. Die kirchliche Architektur ist reich an byzantinischen Fresken aus dem 11. bis 16. Jahrhundert; mehrere tausend Quadratmeter dieser Gem\u00e4lde sind in hervorragendem Zustand erhalten und zeugen von der mazedonischen Schule der Ikonographie. Zu den j\u00e4hrlichen Veranstaltungen z\u00e4hlen das Ohrider Sommerfestival f\u00fcr klassische Musik und Theater, die Struga Poetry Evenings \u2013 die Dichter aus \u00fcber 50 L\u00e4ndern zusammenbringen \u2013, das Internationale Kamerafestival in Bitola, das Open Youth Theatre Festival und das Skopje Jazz Festival. Die Nationaloper, 1947 als Mazedonische Oper er\u00f6ffnet, inszenierte ihre erste Produktion von Cavalleria rusticana unter der Leitung von Branko Pomori\u0161ac; seit 1972 bieten die Mai-Opernabende in Skopje zwei- bis dreiw\u00f6chige Abendvorstellungen, beginnend mit Kiril Makedonskis Zar Samuil.<\/p>\n<p>Die kulinarischen Traditionen spiegeln die Lage des Landes am Schnittpunkt balkanischer, mediterraner und nah\u00f6stlicher Einfl\u00fcsse wider. Das warme Klima bringt reichlich Gem\u00fcse, Kr\u00e4uter und Obst hervor, w\u00e4hrend lokale Molkereien und Weinberge gesch\u00e4tzte K\u00e4sesorten und Weine produzieren. Rakija, ein Obstbrand, wird zu Tav\u010de Grav\u010de \u2013 gebackenen Bohnen mit roten Paprikaschoten \u2013 gereicht, das als Nationalgericht gilt. Mastika, ein Anislik\u00f6r, ist das Nationalgetr\u00e4nk. Weitere beliebte Spezialit\u00e4ten sind \u0160opska-Salat, Ajvar (ger\u00f6steter Paprikaaufstrich), gef\u00fcllte Paprikaschoten und Pastrmajlija (eine Art Fleischpastete).<\/p>\n<p>Die st\u00e4dtischen Zentren reichen vom ausgedehnten Gro\u00dfraum Skopje mit mehr als einer halben Million Einwohnern und zahlreichen osmanischen Moscheen, neoklassizistischen Fassaden, der mittelalterlichen Festung Kale und der symboltr\u00e4chtigen Steinernen Br\u00fccke \u00fcber den Vardar bis hin zu kleineren St\u00e4dten wie Bitola \u2013 mit seiner alten Stadtmauer, osmanischen Basaren und modernen Caf\u00e9s \u2013, Kratovo, das in einem erloschenen Vulkankrater liegt, und Kru\u0161evo, der h\u00f6chstgelegenen Stadt des Landes und Schauplatz eines Aufstands im Jahr 1878. Die am See gelegene Stadt Ohrid, die aufgrund ihrer Kulturdenkm\u00e4ler und ihrer nat\u00fcrlichen Umgebung zum UNESCO-Weltkulturerbe geh\u00f6rt, kann mit zahlreichen byzantinischen Kirchen aufwarten, darunter die Kirche des Heiligen Johannes von Kaneo, die an einer Klippe \u00fcber dem Wasser thront, und eine der weltweit sch\u00f6nsten Sammlungen slawischer Ikonen. Die Partnerstadt Struga bietet \u00e4hnlichen Charme, aber ein ruhigeres Ambiente.<\/p>\n<p>Jenseits der st\u00e4dtischen Gebiete wimmelt es auf dem Land von Sehensw\u00fcrdigkeiten. Der Pelister-Nationalpark, der \u00e4lteste des Landes, beherbergt endemische Flora und Fauna sowie zwei Gletscherseen, die sogenannten \u201eBergaugen\u201c. Der Mavrovo-Nationalpark umfasst den h\u00f6chsten Gipfel des Landes, den Golem Korab, die tiefe Schlucht des Flusses Debar und das Kloster Sveti Jovan Bigorski. Das selten besuchte Jasen-Reservat bei Skopje bietet Lebensraum f\u00fcr Wildtiere und unber\u00fchrte W\u00e4lder. Weitere interessante Sehensw\u00fcrdigkeiten sind die Steinstadt Kuklica bei Kratovo, die mittelalterlichen T\u00fcrme von Markovi Kuli bei Prilep und die arch\u00e4ologische St\u00e4tte Stobi mit Ruinen aus hellenistischer, r\u00f6mischer und fr\u00fchchristlicher Zeit.<\/p>\n<p>Zusammenfassend pr\u00e4sentiert Nordmazedonien eine Vielfalt historischer Schichten, vielf\u00e4ltiger Landschaften, Klimazonen und kultureller Traditionen. Von seinen antiken Urspr\u00fcngen \u00fcber aufeinanderfolgende Reiche, die sozialistische F\u00f6deration und die friedliche Unabh\u00e4ngigkeit hat das Land im Herzen des Balkans eine unverwechselbare Identit\u00e4t entwickelt. Seine bergige Landschaft, seismisch aktiven T\u00e4ler, kristallklaren Seen und urbanen Wahrzeichen zeugen von einer komplexen physischen Geografie, w\u00e4hrend sein demografisches Mosaik, seine kulinarischen Spezialit\u00e4ten und seine lebendigen Feste ein vielf\u00e4ltiges Erbe widerspiegeln. Als Verkehrsknotenpunkt und Kandidat f\u00fcr die Europ\u00e4ische Union schafft Nordmazedonien weiterhin ein Gleichgewicht zwischen Wirtschaftsreformen und kulturellem Erhalt und l\u00e4dt Besucher und Wissenschaftler gleicherma\u00dfen ein, sein bleibendes Erbe und seine sich entwickelnde Zukunft zu erkunden.<\/p>","protected":false},"excerpt":{"rendered":"<p>Nordmazedonien, offiziell Republik Nordmazedonien, ist ein Binnenstaat in S\u00fcdosteuropa mit rund 1,83 Millionen Einwohnern. Das kleine Land liegt an der Schnittstelle des Balkans und grenzt im S\u00fcden an Griechenland, im Westen an Albanien, im Osten an Bulgarien, im Nordwesten an den Kosovo und im Norden an Serbien. Die strategische Lage des Landes war von entscheidender Bedeutung f\u00fcr die Entwicklung seiner reichen und vielf\u00e4ltigen Geschichte, Kultur und Bev\u00f6lkerung.<\/p>","protected":false},"author":1,"featured_media":2831,"parent":24078,"menu_order":0,"comment_status":"closed","ping_status":"closed","template":"elementor_theme","meta":{"_eb_attr":"","footnotes":""},"class_list":["post-12305","page","type-page","status-publish","has-post-thumbnail"],"_links":{"self":[{"href":"https:\/\/travelshelper.com\/de\/wp-json\/wp\/v2\/pages\/12305","targetHints":{"allow":["GET"]}}],"collection":[{"href":"https:\/\/travelshelper.com\/de\/wp-json\/wp\/v2\/pages"}],"about":[{"href":"https:\/\/travelshelper.com\/de\/wp-json\/wp\/v2\/types\/page"}],"author":[{"embeddable":true,"href":"https:\/\/travelshelper.com\/de\/wp-json\/wp\/v2\/users\/1"}],"replies":[{"embeddable":true,"href":"https:\/\/travelshelper.com\/de\/wp-json\/wp\/v2\/comments?post=12305"}],"version-history":[{"count":0,"href":"https:\/\/travelshelper.com\/de\/wp-json\/wp\/v2\/pages\/12305\/revisions"}],"up":[{"embeddable":true,"href":"https:\/\/travelshelper.com\/de\/wp-json\/wp\/v2\/pages\/24078"}],"wp:featuredmedia":[{"embeddable":true,"href":"https:\/\/travelshelper.com\/de\/wp-json\/wp\/v2\/media\/2831"}],"wp:attachment":[{"href":"https:\/\/travelshelper.com\/de\/wp-json\/wp\/v2\/media?parent=12305"}],"curies":[{"name":"wp","href":"https:\/\/api.w.org\/{rel}","templated":true}]}}