{"id":12252,"date":"2024-09-15T20:08:02","date_gmt":"2024-09-15T20:08:02","guid":{"rendered":"https:\/\/travelshelper.com\/staging\/?page_id=12252"},"modified":"2026-03-12T19:24:46","modified_gmt":"2026-03-12T19:24:46","slug":"norwegen","status":"publish","type":"page","link":"https:\/\/travelshelper.com\/de\/destinations\/europe\/norway\/","title":{"rendered":"Norwegen"},"content":{"rendered":"<p>Das K\u00f6nigreich Norwegen nimmt den westlichsten und n\u00f6rdlichsten Teil der Skandinavischen Halbinsel in Nordeuropa ein und umfasst die abgelegenen arktischen Inseln Jan Mayen und Spitzbergen. Die Bouvetinsel in der Subantarktis ist abh\u00e4ngig, w\u00e4hrend Norwegen Anspr\u00fcche auf die antarktischen Gebiete Peter-I.-Insel und K\u00f6nigin-Maud-Land erhebt. Im vierten Quartal 2024 hatte Norwegen 5.585.044 Einwohner, wobei Oslo sowohl Hauptstadt als auch gr\u00f6\u00dfte Stadt war. Die Gesamtfl\u00e4che des K\u00f6nigreichs betr\u00e4gt 385.207 Quadratkilometer, einschlie\u00dflich Spitzbergen und Jan Mayen, bzw. 323.808 Quadratkilometer ohne diese.<\/p>\n<p>Norwegen erstreckt sich zwischen 57\u00b0 und 81\u00b0 Nord und 4\u00b0 und 32\u00b0 Ost und hat eine 1.619 Kilometer lange Landgrenze mit Schweden, 727 Kilometer mit Finnland und 196 Kilometer mit Russland. Die ausgedehnte K\u00fcste grenzt an den Skagerrak, die Nordsee, die Norwegische See und die Barentssee. Die Grundlinie der Festlandk\u00fcste betr\u00e4gt 2.532 Kilometer, die gesamte K\u00fcstenl\u00e4nge \u2013 einschlie\u00dflich der Fjorde \u2013 28.953 Kilometer. Inklusive der Inseln betr\u00e4gt diese Zahl sch\u00e4tzungsweise 100.915 Kilometer. Das Skandinavische Gebirge bildet einen Gro\u00dfteil der Ostgrenze zu Schweden.<\/p>\n<p>Ein Gro\u00dfteil der norwegischen Landschaft spiegelt die jahrtausendealte Gletscherformung wider. Die Fjorde, allen voran der 204 Kilometer lange Sognefjord, der als zweittiefster der Welt gilt, schneiden tiefe Buchten in die K\u00fcste. Hornindalsvatnet, Europas tiefster See, ist weit \u00fcber 500 Meter tief. Norwegen umfasst rund 400.000 Seen und 239.057 registrierte Inseln. In den Hochgebirgsregionen und im Landesinneren der Finnmark herrscht ganzj\u00e4hrig Permafrost, w\u00e4hrend im Hochland noch zahlreiche Gletscher vorhanden sind. Das Grundgestein besteht \u00fcberwiegend aus hartem Granit und Gneis, in tieferen Lagen aus Schiefer, Sandstein und Kalkstein sowie entlang der K\u00fcstenebenen aus Meeresablagerungen.<\/p>\n<p>Norwegens Klima variiert stark zwischen der K\u00fcste und dem Hochland im Landesinneren. Der Golfstrom und die vorherrschenden Westwinde lassen die K\u00fcstentemperaturen \u00fcber die f\u00fcr diese n\u00f6rdlichen Breitengrade erwarteten Werte ansteigen und erh\u00f6hen die Niederschlagsmenge. Die Tiefebenen um Oslo erleben die w\u00e4rmsten Sommer, sind aber dennoch mit Schnee und kalten Wintern konfrontiert. K\u00fcstengebiete, die den atlantischen St\u00fcrmen ausgesetzt sind, erhalten reichlich Niederschlag, w\u00e4hrend die Leeseiten der K\u00fcstengebirge im Regenschatten liegen und geringere Niederschl\u00e4ge verzeichnen. Troms\u00f8 im arktischen Norden verzeichnete einst 430 Sonnenstunden pro Monat. Oberhalb des Polarkreises scheint die Mitternachtssonne von Ende Mai bis Ende Juli; unterhalb davon kann das Tageslicht bis zu 20 Stunden pro Tag erreichen. Umgekehrt herrscht in den n\u00f6rdlichen Gebieten von Ende November bis Ende Januar Polarnacht, mit minimalem Tageslicht andernorts. Die Klimazonen reichen von ozeanischen und subpolaren ozeanischen Klimazonen entlang der K\u00fcsten \u00fcber feucht-kontinentale Klimazonen in Teilen des S\u00fcdostens bis hin zu maritimer subarktischer und arktischer Tundra im hohen Norden und auf Spitzbergen.<\/p>\n<p>Die Urspr\u00fcnge des vereinigte K\u00f6nigreichs Norwegen gehen auf die Zusammenlegung kleinerer Reiche im Jahr 872 zur\u00fcck. Von 1537 bis 1814 war es Teil der d\u00e4nisch-norwegischen Union, danach bildete es eine Personalunion mit Schweden, die bis 1905 anhielt. Norwegen blieb im Ersten Weltkrieg und zun\u00e4chst auch im Zweiten Weltkrieg bis zur deutschen Invasion im April 1940 neutral und blieb bis 1945 besetzt.<\/p>\n<p>Norwegen ist gem\u00e4\u00df seiner Verfassung von 1814 ein Einheitsstaat mit konstitutioneller Monarchie. K\u00f6nig Harald V. aus dem Hause Gl\u00fccksburg ist der Thronfolger, w\u00e4hrend Jonas Gahr St\u00f8re seit 2021 Premierminister ist. Die Legislative liegt beim Einkammerparlament (Storting), die Exekutive beim Kabinett und die Judikative beim Obersten Gerichtshof. Die Verwaltungsgliederung erfolgt in Kreise (Fylker) und Gemeinden (Kommuner). Das S\u00e1mi-Parlament gew\u00e4hrt dem indigenen Volk der S\u00e1mi, gest\u00fctzt durch das Finnmark-Gesetz, eingeschr\u00e4nkte Selbstbestimmung \u00fcber seine angestammten Gebiete.<\/p>\n<p>Norwegen unterh\u00e4lt \u00fcber den Europ\u00e4ischen Wirtschaftsraum enge diplomatische und wirtschaftliche Beziehungen zur Europ\u00e4ischen Union, ist Mitglied des Schengen-Raums und kooperiert intensiv mit den USA. Es ist Gr\u00fcndungsmitglied der Vereinten Nationen, der NATO, der Europ\u00e4ischen Freihandelsassoziation, des Europarats, des Antarktisvertrags und des Nordischen Rates und geh\u00f6rt der Welthandelsorganisation und der OECD an. Die norwegischen Dialekte sind weiterhin mit denen D\u00e4nemarks und Schwedens verst\u00e4ndlich.<\/p>\n<p>Das norwegische Wohlfahrtsmodell bietet eine allgemeine Gesundheitsversorgung und umfassende soziale Sicherheit, die auf egalit\u00e4ren Prinzipien beruht. Der Staat h\u00e4lt die Mehrheit oder einen wesentlichen Anteil an strategischen Sektoren wie Erd\u00f6l, Erdgas, Mineralien, Holz, Meeresfr\u00fcchten und Wasserkraft. Die \u00d6l- und Gasf\u00f6rderung tr\u00e4gt rund ein Viertel zum Bruttoinlandsprodukt bei, und Norwegen ist der gr\u00f6\u00dfte Pro-Kopf-Produzent dieser Ressourcen au\u00dferhalb des Nahen Ostens. Das Pro-Kopf-Einkommen Norwegens geh\u00f6rt zu den weltweit h\u00f6chsten L\u00e4ndern \u2013 laut Weltbank auf Platz vier und laut IWF auf Platz acht. Das Verm\u00f6gen der Staatsfonds bel\u00e4uft sich auf rund 1,3 Billionen US-Dollar und ist damit das weltweit gr\u00f6\u00dfte.<\/p>\n<p>Gemessen am BIP pro Kopf liegt Norwegen nach Luxemburg an zweiter Stelle der europ\u00e4ischen L\u00e4nder und weltweit an sechster Stelle, gemessen an der Kaufkraftparit\u00e4t. Das Land fungierte als Netto-Auslandsgl\u00e4ubiger und eroberte 2009 den Spitzenplatz im Index der menschlichen Entwicklung des UN-Entwicklungsprogramms zur\u00fcck. Aufgrund seiner Stabilit\u00e4t und institutionellen Integrit\u00e4t belegte Norwegen sowohl 2009 als auch 2023 den niedrigsten Platz im Failed States Index.<\/p>\n<p>Die gemischte Wirtschaft zeichnet sich durch eine starke Privatwirtschaft und eine bedeutende staatliche Beteiligung aus. Das \u00f6ffentliche Gesundheitswesen erhebt einen geringen Jahresbeitrag f\u00fcr Erwachsene \u00fcber 16 Jahre, und die Elternzeit betr\u00e4gt 46 Wochen bei Bezahlung. Im Februar 2025 lag die Arbeitslosigkeit bei 3,9 Prozent, wobei 69,7 Prozent der 15- bis 74-J\u00e4hrigen erwerbst\u00e4tig waren. 10,6 Prozent der 18- bis 67-J\u00e4hrigen erhielten Leistungen der Erwerbsminderung, und 30 Prozent der Erwerbst\u00e4tigen waren im \u00f6ffentlichen Dienst besch\u00e4ftigt. Die durchschnittliche Stundenproduktivit\u00e4t und die L\u00f6hne geh\u00f6ren zu den h\u00f6chsten weltweit.<\/p>\n<p>Die geografische Zerstreuung und das zerkl\u00fcftete Gel\u00e4nde haben die Verkehrsinfrastruktur gepr\u00e4gt. Der \u00f6ffentliche Nahverkehr ist im Vergleich zu anderen europ\u00e4ischen L\u00e4ndern unterentwickelt, insbesondere au\u00dferhalb der Ballungszentren. Das norwegische Schienennetz umfasst 4.114 Kilometer Normalspur, davon 62 Prozent elektrifiziert mit 15 kV 16,7 Hz Wechselstrom; 64 Kilometer erreichen Geschwindigkeiten von bis zu 210 km\/h. Im Jahr 2023 bef\u00f6rderten die Schienen 78,22 Millionen Passagiere auf 3.153 Millionen Personenkilometern und transportierten 32,23 Millionen Tonnen Fracht auf 3.928 Millionen Tonnenkilometern. Bane NOR ist Eigent\u00fcmer des Netzes; zu den Betreibern geh\u00f6ren Vy, SJ, Go-Ahead und Flytoget f\u00fcr den Personenverkehr sowie CargoNet und OnRail f\u00fcr den G\u00fcterverkehr. Investitionen und Instandhaltung werden aus dem Staatshaushalt finanziert, erg\u00e4nzt durch Betriebszusch\u00fcsse.<\/p>\n<p>Das \u00f6ffentliche Stra\u00dfennetz erstreckt sich \u00fcber 95.120 Kilometer, davon 72.033 Kilometer asphaltiert und 664 Kilometer ausgewiesen. Nationale und regionale Hauptstra\u00dfen sind in das europ\u00e4ische E-Stra\u00dfennetz integriert, insbesondere die E6, die das Land von Norden nach S\u00fcden durchquert, und die E39, die entlang der Westk\u00fcste verl\u00e4uft. Die norwegische Stra\u00dfenverwaltung ist f\u00fcr die National- und Regionalstra\u00dfen zust\u00e4ndig.<\/p>\n<p>Norwegen ist weltweit f\u00fchrend bei der Anzahl der Plug-in-Elektrofahrzeuge pro Kopf; im M\u00e4rz 2014 war mehr als jeder hundertste Pkw auf Norwegens Stra\u00dfen mit Elektroantrieb unterwegs. Der Anteil der Elektromodelle an den Neuwagenverk\u00e4ufen ist nach wie vor der weltweit h\u00f6chste. Gesetzesvorschl\u00e4ge zielen darauf ab, den Verkauf von Benzin- und Dieselfahrzeugen bereits ab 2025 zu verbieten.<\/p>\n<p>Der Luftverkehr umfasst rund 146 Flugh\u00e4fen, 52 \u00f6ffentliche und 43 vom staatlichen Avinor betriebene. Sieben Flugh\u00e4fen bef\u00f6rdern j\u00e4hrlich \u00fcber eine Million Passagiere; das Gesamtpassagieraufkommen lag 2007 bei \u00fcber 41 Millionen. Der Flughafen Oslo-Gardermoen liegt 35 Kilometer nord\u00f6stlich der Hauptstadt und dient als wichtigstes internationales Drehkreuz. Er fungiert als Drehkreuz f\u00fcr Scandinavian Airlines, Norwegian Air Shuttle und regionale Fluggesellschaften und bietet Direktverbindungen in ganz Europa sowie zu ausgew\u00e4hlten interkontinentalen Zielen. Ein Hochgeschwindigkeitszug verbindet den Flughafen alle zehn Minuten mit dem Osloer Hauptbahnhof (Fahrzeit: 20 Minuten).<\/p>\n<p>Der Tourismus trug 2016 4,2 Prozent zum BIP bei; jeder f\u00fcnfzehnte Norweger war in diesem Sektor besch\u00e4ftigt. Die Saison erreicht zwischen Mai und August ihren H\u00f6hepunkt, wenn \u00fcber die H\u00e4lfte aller Besucher ankommt. Die abwechslungsreiche Landschaft \u2013 Fjorde, Berge, Skigebiete, Seen und W\u00e4lder \u2013 macht Norwegens Attraktivit\u00e4t aus. Zu den wichtigsten st\u00e4dtischen Reisezielen z\u00e4hlen Oslo, \u00c5lesund, Bergen, Stavanger, Trondheim, Kristiansand, Troms\u00f8, Fredrikstad und T\u00f8nsberg. Auch Natursehensw\u00fcrdigkeiten wie die Atlantikstra\u00dfe, die Hardangervidda-Hochebene, der Jostedalsbreen-Gletscher, das Jotunheimen-Gebirge, die Lofoten und die Klippen am Nordkap werden von Besuchern h\u00e4ufig besucht. Zu den kulturellen Sehensw\u00fcrdigkeiten z\u00e4hlen die Holmenkollen-Skisprungschanze und die Vigeland-Anlage in Oslo, der Bryggen-Kai in Bergen, der Nidarosdom in Trondheim und die Festungsruinen in T\u00f8nsberg und Fredrikstad.<\/p>\n<p>Ethnische Norweger bilden ein nordgermanisches Volk. Die zusammengefasste Fertilit\u00e4tsrate lag 2023 bei 1,40 Kindern pro Frau und damit unter dem Reproduktionsniveau von 2,1 und unter dem H\u00f6chststand von 4,69 im Jahr 1877. Das Durchschnittsalter erreichte 2024 40 Jahre. Die Samen, die in den arktischen Regionen Norwegens, Schwedens, Finnlands und der russischen Kola-Halbinsel beheimatet sind, und die Kven, Nachkommen finnischer Einwanderer, bilden anerkannte Minderheiten. Die staatliche Norwegisierungspolitik des 19. bis 20. Jahrhunderts f\u00fchrte dazu, dass sich viele Menschen mit samischer oder kvenischer Abstammung als ethnische Norweger identifizierten.<\/p>\n<p>Die norwegische Kultur ist stark mit ihrer Agrarvergangenheit verbunden. Der romantische Nationalismus des 19. Jahrhunderts, der rund um b\u00e4uerliche Traditionen entstand, pr\u00e4gte Sprache, Literatur, Kunst und Musik \u2013 ein Einfluss, der noch heute in der staatlichen Unterst\u00fctzung kultureller Einrichtungen und Projekte sichtbar wird. Das architektonische Erbe reicht von mittelalterlichen Stabkirchen \u2013 die Stabkirche von Urnes geh\u00f6rt zum UNESCO-Weltkulturerbe \u2013 bis zu den Holzfassaden des Kais von Bryggen. Steinkathedralen, Barockkirchen in Kongsberg und h\u00f6lzerne Bergarbeiterwohnungen in R\u00f8ros zeugen von aufeinanderfolgenden Epochen. Zu den Entw\u00fcrfen von Christian H. Grosch aus dem fr\u00fchen 19. Jahrhundert geh\u00f6ren die Universit\u00e4t Oslo und die Osloer B\u00f6rse. Der Wiederaufbau von \u00c5lesund im Jahr 1904 brachte den Jugendstil nach Norwegen, w\u00e4hrend der Funktionalismus in den 1930er Jahren an Bedeutung gewann. Architekten des sp\u00e4ten 20. Jahrhunderts erlangten internationale Anerkennung; der holzget\u00e4felte Debattiersaal des S\u00e1mi-Parlaments bei K\u00e1r\u00e1\u0161johka erinnert an das traditionelle Lavvo.<\/p>\n<p>Die K\u00fcche spiegelt maritime und landwirtschaftliche Ressourcen wider. Meeresfr\u00fcchte wie Lachs, Hering, Forelle und Kabeljau stehen neben K\u00e4sesorten wie Brunost, Jarlsberg und Gamalost, Milchprodukten und festem Brot auf der Speisekarte. Zu den saisonalen Spezialit\u00e4ten geh\u00f6ren Lefse, ein Kartoffelfladenbrot mit Butter und Zucker; konservierte und fermentierte Gerichte wie Lutefisk, Smalahove, Pinnekj\u00f8tt, Raspeball, F\u00e5rik\u00e5l und Rakefisk; und die weit verbreitete Vaffel.<\/p>\n<p>Norwegens sechs Festlandregionen \u2013 \u00d8stlandet um Oslo, Tr\u00f8ndelag, Nordnorwegen, Agder, Westnorwegen und die Binnenprovinzen \u2013 bieten abwechslungsreiche Landschaften und kulturelle Traditionen. Die arktische Umgebung von Spitzbergen beherbergt Eisb\u00e4ren und Satellitenanlagen, w\u00e4hrend Jan Mayen ohne Sondergenehmigung weitgehend unzug\u00e4nglich ist.<\/p>\n<p>Seit seiner Einigung im Jahr 872 ist Norwegen seit \u00fcber elf Jahrhunderten ein ununterbrochener Staat. Die Kombination aus konstitutioneller Monarchie, parlamentarischer Demokratie und umfassenden Sozialleistungen gew\u00e4hrleistet einen hohen Lebensstandard, wirtschaftliche St\u00e4rke und politische Stabilit\u00e4t. Reiche Natursch\u00e4tze \u2013 von Erd\u00f6lreserven \u00fcber Wasserkraft bis hin zur Fischerei \u2013 begr\u00fcnden eine gemischte Wirtschaft und den weltweit gr\u00f6\u00dften Staatsfonds. Vielf\u00e4ltige Klimazonen und Landschaften machen Norwegen zu einem attraktiven Reiseziel f\u00fcr Touristen \u2013 von Mitternachtssonnen-Erlebnissen oberhalb des Polarkreises bis hin zu Fjordausfl\u00fcgen in Westnorwegen. Der bleibende kulturelle Einfluss b\u00e4uerlicher Traditionen, literarischer und architektonischer Errungenschaften und pulsierender St\u00e4dte pr\u00e4gt eine nationale Identit\u00e4t, die von Geographie, Geschichte und sozialem Egalitarismus gepr\u00e4gt ist.<\/p>","protected":false},"excerpt":{"rendered":"<p>Norwegen, offiziell K\u00f6nigreich Norwegen, ist ein nordischer Staat in Nordeuropa auf der Skandinavischen Halbinsel mit einer Bev\u00f6lkerung von 5.576.660 Einwohnern (Stand 2024). Zum K\u00f6nigreich Norwegen geh\u00f6ren auch die isolierte arktische Insel Jan Mayen und der Archipel Spitzbergen. Die Bouvetinsel in der Subantarktis, die nicht zum K\u00f6nigreich geh\u00f6rt, ist ein abh\u00e4ngiges Gebiet; Norwegen erhebt au\u00dferdem Anspruch auf die antarktischen Gebiete Peter-I.-Insel und K\u00f6nigin-Maud-Land. Oslo ist sowohl die Hauptstadt als auch die gr\u00f6\u00dfte Stadt Norwegens.<\/p>","protected":false},"author":1,"featured_media":3041,"parent":24078,"menu_order":0,"comment_status":"closed","ping_status":"closed","template":"elementor_theme","meta":{"_eb_attr":"","footnotes":""},"class_list":["post-12252","page","type-page","status-publish","has-post-thumbnail"],"_links":{"self":[{"href":"https:\/\/travelshelper.com\/de\/wp-json\/wp\/v2\/pages\/12252","targetHints":{"allow":["GET"]}}],"collection":[{"href":"https:\/\/travelshelper.com\/de\/wp-json\/wp\/v2\/pages"}],"about":[{"href":"https:\/\/travelshelper.com\/de\/wp-json\/wp\/v2\/types\/page"}],"author":[{"embeddable":true,"href":"https:\/\/travelshelper.com\/de\/wp-json\/wp\/v2\/users\/1"}],"replies":[{"embeddable":true,"href":"https:\/\/travelshelper.com\/de\/wp-json\/wp\/v2\/comments?post=12252"}],"version-history":[{"count":0,"href":"https:\/\/travelshelper.com\/de\/wp-json\/wp\/v2\/pages\/12252\/revisions"}],"up":[{"embeddable":true,"href":"https:\/\/travelshelper.com\/de\/wp-json\/wp\/v2\/pages\/24078"}],"wp:featuredmedia":[{"embeddable":true,"href":"https:\/\/travelshelper.com\/de\/wp-json\/wp\/v2\/media\/3041"}],"wp:attachment":[{"href":"https:\/\/travelshelper.com\/de\/wp-json\/wp\/v2\/media?parent=12252"}],"curies":[{"name":"wp","href":"https:\/\/api.w.org\/{rel}","templated":true}]}}