{"id":12137,"date":"2024-09-15T15:14:54","date_gmt":"2024-09-15T15:14:54","guid":{"rendered":"https:\/\/travelshelper.com\/staging\/?page_id=12137"},"modified":"2026-03-12T18:45:26","modified_gmt":"2026-03-12T18:45:26","slug":"polen","status":"publish","type":"page","link":"https:\/\/travelshelper.com\/de\/destinations\/europe\/poland\/","title":{"rendered":"Polen"},"content":{"rendered":"<p>Polen liegt im Herzen des europ\u00e4ischen Kontinents. Die Nation mit etwas mehr als 38 Millionen Einwohnern erstreckt sich \u00fcber eine Fl\u00e4che von etwa 312.700 km\u00b2, die sich von den Sandstr\u00e4nden der Ostsee im Norden bis zu den schroffen H\u00f6hen der Karpaten und Sudeten im S\u00fcden erstreckt. Eingebettet zwischen Deutschland im Westen, Litauen und der russischen Oblast Kaliningrad im Nordosten, Wei\u00dfrussland und der Ukraine im Osten sowie der Slowakei und der Tschechischen Republik im S\u00fcden ist seine Landschaft ein Flickenteppich aus flachen Ebenen, sanften H\u00fcgeln, dichten W\u00e4ldern, Tausenden von Seen und hohen Gipfeln \u2013 und das alles in einem gem\u00e4\u00dfigten Klima, das von sanften Meeresbrisen im Nordwesten zu frischer Kontinentalluft im S\u00fcdosten wechselt.<\/p>\n<p>Von den ersten Anzeichen menschlicher Aktivit\u00e4t im Altpal\u00e4olithikum bis zum Leuchten der Stra\u00dfenlaternen im modernen Warschau ist Polens Geschichte untrennbar mit den breiteren Str\u00f6mungen der europ\u00e4ischen Geschichte verbunden. Nach der letzten Eiszeit besiedelten aufeinanderfolgende Siedlerwellen dieses Land, doch erst im Fr\u00fchmittelalter schlossen sich die westslawischen Polanen unter der Dynastie der Piasten zu einem Staat zusammen. Im Jahr 966 nahm Herzog Mieszko I. das Christentum an \u2013 eine Entscheidung, die den geistigen und politischen Grundstein f\u00fcr das sp\u00e4tere K\u00f6nigreich Polen im Jahr 1025 legte. Jahrhunderte sp\u00e4ter erlangte die 1569 durch die Lubliner Union gegr\u00fcndete Wahlmonarchie des polnisch-litauischen Commonwealth Bekanntheit f\u00fcr ihre relative religi\u00f6se Toleranz und ihre bahnbrechende Verfassung von 1791. Doch der Glanz des Goldenen Zeitalters konnte die Teilungen Polens durch benachbarte Reiche im sp\u00e4ten 18. Jahrhundert nicht aufhalten, die Polen f\u00fcr 123 Jahre von der Landkarte tilgten.<\/p>\n<p>Als die Waffen im August 1914 schwiegen und 1918 die Imperien zerfielen, entstand Polen als Zweite Republik neu und meisterte eine gef\u00e4hrliche Zwischenkriegszeit, die von Grenzkonflikten, sozialen Unruhen und dem Streben nach einem modernen Nationalstaat gepr\u00e4gt war. Diese fragile Unabh\u00e4ngigkeit erlitt im September 1939 einen schweren Schlag, als Deutschland und die Sowjetunion gemeinsam einmarschierten und den Zweiten Weltkrieg auf polnischem Boden ausl\u00f6sten. Der Holocaust dezimierte Polens lebendige j\u00fcdische Gemeinde, und der Krieg forderte Millionen polnischer Todesopfer. In der Folgezeit befand sich Polen als Volksrepublik im Einflussbereich der Sowjetunion, seine Kultur blieb hinter dem Eisernen Vorhang verborgen, bis der Aufstieg der Solidarno\u015b\u0107-Bewegung in den 1980er-Jahren und die folgenschweren Verhandlungen von 1989 die liberale Demokratie wiederherstellten \u2013 Polen war damit der erste sowjetische Satellit, der sich lossagte, und schuf damit die Voraussetzungen f\u00fcr seinen Beitritt zur NATO 1999 und zur Europ\u00e4ischen Union 2004.<\/p>\n<p>Heute ist Polen eine semipr\u00e4sidentielle Republik mit einem Zweikammerparlament \u2013 \u200b\u200bgew\u00e4hltem Sejm und Senat \u2013, dem ein Pr\u00e4sident und ein Premierminister als Gegengewicht zur Regierung angeh\u00f6ren. Polens Marktwirtschaft ist gemessen am nominalen BIP die sechstgr\u00f6\u00dfte und gemessen an der Kaufkraftparit\u00e4t die f\u00fcnftgr\u00f6\u00dfte in der EU, hat jedoch in den letzten Jahrzehnten das Wachstum vieler vergleichbarer L\u00e4nder \u00fcbertroffen. Die Arbeitslosigkeit liegt mit rund 3 Prozent auf einem historischen Tiefstand. \u00dcber 60 Prozent der Erwerbst\u00e4tigen sind im Dienstleistungssektor, ein Drittel im verarbeitenden Gewerbe und in der Landwirtschaft t\u00e4tig. Innovationscluster florieren in Warschau, Krakau und Breslau, w\u00e4hrend kostenlose Hochschulbildung und allgemeine Gesundheitsversorgung zu einem hohen Lebensstandard und ausgepr\u00e4gter wirtschaftlicher Freiheit beitragen.<\/p>\n<p>Geografisch ist das Land sauber in eine flache zentrale und n\u00f6rdliche Ebene mit vielen Fl\u00fcssen \u2013 darunter die majest\u00e4tischen Weichsel, Oder, Warthe und Bug \u2013 und einen h\u00fcgeligen bis bergigen S\u00fcden unterteilt. Die Ostseek\u00fcste ist etwa 770 km lang und wird von windgeformten D\u00fcnen, K\u00fcstenk\u00e4mmen und zerkl\u00fcfteten Buchten unterbrochen \u2013 von denen die Halbinsel Hel und das Frische Haff, das wir mit Russland teilen, am bemerkenswertesten sind. Im Landesinneren bietet die Masurische Seenplatte Tausende kristallklarer Seen, von denen \u015aniardwy und Mamry die gr\u00f6\u00dften sind, w\u00e4hrend tiefe Spalten wie der Ha\u0144cza-See mehr als 100 m unter die Oberfl\u00e4che reichen. Am s\u00fcdlichen Rand erreichen die Sudeten und Karpaten ihre h\u00f6chsten H\u00f6hen, wobei die Berge Rysy (2.501 m) und \u015anie\u017cka (1.603 m) anstrengende Aufstiege, aber einen Panoramablick als Belohnung bieten. Polen liegt durchschnittlich auf bescheidenen 173 m H\u00f6he, doch das Klimaspektrum reicht von der k\u00fchlen Meeresluft im Nordwesten \u00fcber gem\u00e4\u00dfigte \u00dcbergangszonen bis hin zu alpinen Bedingungen hoch in der Tatra. Die Sommer erw\u00e4rmen sich im Juli auf etwa 20 \u00b0C, die Winter fallen im Dezember auf -1 \u00b0C, und die Niederschlagsspitzen liegen zwischen Juni und September. Der Klimawandel hat die durchschnittlichen Jahrestemperaturen im letzten Jahrzehnt jedoch auf \u00fcber 9 \u00b0C ansteigen lassen, was die Sommer l\u00e4nger und die schneereichen Winter k\u00fcrzer macht.<\/p>\n<p>Verwaltungstechnisch spiegeln die sechzehn Woiwodschaften (Provinzen) historische Regionen wider: Masowien konzentriert sich auf Warschau und Lodz rund um das Industriegebiet Lodz; Kleinpolen umfasst Krakau und die Berge; Niederschlesien erstreckt sich \u00fcber den kulturellen Knotenpunkt Breslau. In jeder Woiwodschaft teilen sich ein von der Regierung ernannter Woiwode, eine gew\u00e4hlte Regionalversammlung und ein von dieser Versammlung gew\u00e4hlter Marschall die Macht. Unter ihnen liegen 380 Kreise und 2.477 Gemeinden. Gro\u00dfst\u00e4dte \u2013 Polens pulsierende Knotenpunkte \u2013 besitzen oft sowohl den Status eines Kreises als auch einer Gemeinde, um ihren wachsenden st\u00e4dtischen Bedarf zu decken.<\/p>\n<p>Polens nat\u00fcrliche Sch\u00f6nheit entfaltet sich in seinen Naturschutzgebieten: 23 Nationalparks wie der Bia\u0142owie\u017ca-Nationalpark, Europas letzter Urwald und Heimat freilebender Bisons; der Tatra-Nationalpark, wo Gletscherseen wie das Morskie Oko unter zerkl\u00fcfteten Gipfeln schimmern; der Slowinzische Nationalpark, ber\u00fchmt f\u00fcr Europas gr\u00f6\u00dfte D\u00fcnen; und der Riesengebirge-Nationalpark mit seinen rauschenden Wasserf\u00e4llen. Landschaftsparks und Pufferzonen laden Wanderer, Kajakfahrer und Vogelbeobachter ein, w\u00e4hrend die Masurischen Seen Segler zum Gleiten auf ihren ruhigen Wasserfl\u00e4chen einladen. Oder und Weichsel, einst wichtige Handelswege, laden heute zu gem\u00fctlichen Kreuzfahrten durch geschichtstr\u00e4chtige St\u00e4dte ein.<\/p>\n<p>Die Stadtlandschaften Polens sind gepr\u00e4gt von gotischen Kircht\u00fcrmen, barocken Fassaden und avantgardistischer Moderne. Warschaus sorgf\u00e4ltig rekonstruierte Altstadt \u2013 1944 dem Erdboden gleichgemacht und anhand von Archivgem\u00e4lden wiederaufgebaut \u2013 bildet den Mittelpunkt des K\u00f6nigswegs der Hauptstadt und verbindet Pal\u00e4ste, Kathedralen und Stadtparks. Krakaus mittelalterlicher Stadtkern pulsiert mit pulsierendem Caf\u00e9leben rund um den riesigen Marktplatz, die Tuchhallen zeugen vom Handel der Renaissance und das nahe gelegene Schloss Wawel diente als W\u00e4chter der polnischen K\u00f6nige. Danzig, der ehemalige Hansehafen, s\u00e4umt seinen Fluss Mottlau mit bernsteinfarbenen Kaufmannsh\u00e4usern; Breslau thront auf einem Netzwerk aus zw\u00f6lf Inseln voller Br\u00fccken und freundlicher \u201eZwerg\u201c-Skulpturen in seinen Ecken. Die unversehrte gotische Silhouette von Toru\u0144, das Raster der \u201eIdealstadt\u201c Zamo\u015b\u0107 und die Lofts des Industriekulturerbes von \u0141\u00f3d\u017a erz\u00e4hlen jeweils ein anderes Kapitel der urbanen Entwicklung.<\/p>\n<p>Burgen und l\u00e4ndliche Denkm\u00e4ler pr\u00e4gen die Landschaft wie Juwelen inmitten sanfter H\u00fcgel. Die Backsteinbefestigung von Malbork gilt als die fl\u00e4chenm\u00e4\u00dfig gr\u00f6\u00dfte Burg der Welt. Der Adlerhorstweg f\u00fchrt durch Orla Per\u0107 \u2013 und vorbei an den Ruinen von Krzy\u017ctop\u00f3r in der Ebene \u2013, w\u00e4hrend die Holzkirchen im s\u00fcdlichen Kleinpolen und die Friedenskirchen in Jauer und Schweidnitz Polens synkretistisches spirituelles Erbe widerspiegeln. Pilger pilgern zum Kloster Jasna G\u00f3ra in Tschenstochau, wo die Schwarze Madonna in den wei\u00df-roten Nationalfarben Menschenmassen anzieht, w\u00e4hrend hordenartige Prozessionen von den K\u00e4mpfen und Triumphen der Nation erz\u00e4hlen.<\/p>\n<p>Polens K\u00fcche bietet, wie ihre Geschichte, eine Balance zwischen herzhafter Tradition und kreativer Renaissance. Pierogi werden prall mit Kartoffeln, K\u00e4se oder Waldpilzen serviert; Bigos k\u00f6chelt mit Sauerkraut, Wild und Schweinefleisch; \u017curek \u2013 eine saure Roggensuppe \u2013 w\u00e4rmt mit Wurst und hartgekochtem Ei. Oscypek, ein ger\u00e4ucherter Bergk\u00e4se, passt gut zu lokalem Honig; Makowiec, ein Mohnbr\u00f6tchen, erscheint auf jeder festlichen Tafel. Die geschriebene Geschichte des Wodkas entfaltet sich hier \u2013 das Wort \u201eWodka\u201c tauchte erstmals in mittelalterlichen Aufzeichnungen auf \u2013 doch heute dominieren Bier und Wein gesellschaftliche Zusammenk\u00fcnfte, vom bernsteinfarbenen Grodziskie-Lager bis zu fruchthaltigen regionalen Weinen. Die Teestunde ist seit dem 19. Jahrhundert eine vornehme Angelegenheit, w\u00e4hrend Kaffeeh\u00e4user an das 18. Jahrhundert erinnern und aromatische Erholung inmitten barocker Innenr\u00e4ume bieten.<\/p>\n<p>Das kulturelle Leben in Polen ist das ganze Jahr \u00fcber voller Feste und Traditionen. Heiligabend \u2013 Wigilia \u2013 findet mit einem zw\u00f6lfg\u00e4ngigen fleischlosen Festmahl unter strohbesetzten Tischdecken statt, bei dem Op\u0142atek-Oblaten geteilt und Pl\u00e4tze f\u00fcr abwesende Angeh\u00f6rige freigehalten werden. Die zuckergl\u00e4nzenden Paczki am Fetten Donnerstag l\u00e4uten die Fastenzeit ein; die Feierlichkeiten am Ostermontag, die \u201eWet Dyngus\u201c, provozieren unter Jugendlichen spielerische Wasserschlachten. An Allerheiligen z\u00fcnden Familien Kerzen auf Grabsteinen an, um den Verstorbenen zu gedenken. Vom Verfassungstag im Mai bis zum Unabh\u00e4ngigkeitstag im November gibt es 13 gesetzliche Feiertage, die mit Paraden, Konzerten und stiller Besinnung das b\u00fcrgerliche Gedenken w\u00fcrdigen.<\/p>\n<p>Bildende Kunst und Architektur spiegeln die vielschichtigen Einfl\u00fcsse Polens wider: Romanische Rotunden weichen gotischen Kirchen aus rotem Backstein; italienisch anmutende Renaissance-Kreuzg\u00e4nge stehen neben manieristischen Arkaden; barocke Pal\u00e4ste und neoklassizistische Fassaden spiegeln die Ambitionen von K\u00f6nigen und Adligen wider. Der Zakopane-Stil \u2013 entstanden unter goralischen Handwerkern am Fu\u00dfe der Tatra \u2013 verbindet geschnitzte Holzornamente mit alpinem Flair. Volksarchitektur ist in Freilichtmuseen erhalten geblieben, wo Blockh\u00fctten, Getreidespeicher und Wehrkirchen die l\u00e4ndliche Lebensweise bewahren, die durch die Modernisierung beinahe zerst\u00f6rt worden w\u00e4re.<\/p>\n<p>Sprache und Identit\u00e4t sind eng miteinander verkn\u00fcpft, da 97 Prozent der B\u00fcrger Polnisch als Muttersprache sprechen, verbunden durch eine slawische Grammatik und einen reichen Wortschatz. Minderheiten- und Hilfssprachen \u2013 darunter Kaschubisch \u2013 sind vereinzelt verbreitet, und zweisprachige Beschilderungen w\u00fcrdigen das gemeinsame Erbe Deutschlands und Litauens. Die heutige Generation der Universalgelehrten spricht Englisch, Deutsch und Russisch, und Polens Schulen und Universit\u00e4ten st\u00e4rken die sprachliche Vielfalt, obwohl die demografische Entwicklung eine niedrige Geburtenrate von 1,33 Kindern pro Frau und ein Durchschnittsalter von \u00fcber 42 Jahren verzeichnet \u2013 ein Beleg f\u00fcr eine alternde Gesellschaft.<\/p>\n<p>Die Verkehrsnetze pr\u00e4gen die Rolle Polens als Knotenpunkt. Die Autobahnen E30 und E40 durchschneiden die kontinentalen Verkehrsadern, w\u00e4hrend \u00fcber 5.000 km Autobahnen und Schnellstra\u00dfen den Handel ankurbeln. Polens Eisenbahnen \u2013 mit fast 19.400 km Gleisen das drittl\u00e4ngste in der EU \u2013 verbinden unter der sorgf\u00e4ltigen Leitung von PKP und lokalen Betreibern regionale Knotenpunkte und das Pendlernetz der Hauptst\u00e4dte. Die Chopin-Flugh\u00e4fen Warschau, Krakau-Balice und der Lech-Wa\u0142\u0119sa-Flughafen Danzig bieten t\u00e4gliche Fl\u00fcge innerhalb Europas und dar\u00fcber hinaus an, w\u00e4hrend die polnische Fluggesellschaft LOT moderne Jets von nationalen Start- und Landebahnen aus startet. Die Seeh\u00e4fen entlang der Ostsee \u2013 Danzig, Gdynia und Stettin \u2013 wickeln Frachtverkehr zu globalen M\u00e4rkten ab, und F\u00e4hren transportieren Fahrzeuge und Eisenbahnwaggons \u00fcber das Meer nach Skandinavien.<\/p>\n<p>Der Tourismus in Polen befindet sich an einem Wendepunkt zwischen Entdeckung und Wiederentdeckung. Im Jahr 2021 belegte Polen bei internationalen Ank\u00fcnften den zw\u00f6lften Platz unter den meistbesuchten L\u00e4ndern der Welt. Der Tourismus trug \u00fcber 4 Prozent zum BIP bei und besch\u00e4ftigte fast 200.000 Menschen im Gastgewerbe. Besucher kommen, um die Weichselufer zu durchqueren, unter den Gew\u00f6lben der Wawel-Kathedrale umherzuwandern, einen Blick auf die kreuzf\u00f6rmigen Korridore im Salzbergwerk von Wieliczka zu werfen oder im Hinterland der Bieszczady-Region filmreife Einsamkeit zu finden. Jeder erneute Besuch bringt neue Festivals, Museen, Galerien und innovative Kultureinrichtungen hervor, die in Warschaus zeitgen\u00f6ssischen Kunstvierteln oder in den umgebauten Fabriklofts von \u0141\u00f3d\u017a pulsieren.<\/p>\n<p>Doch jenseits der Sehensw\u00fcrdigkeiten liegt Polens gr\u00f6\u00dfter Reiz: seine Menschen. Warmherzig, widerstandsf\u00e4hig und erfinderisch tragen die Polen ihre tausendj\u00e4hrige Geschichte im Alltag, gedenken vergangener K\u00e4mpfe und feiern gegenw\u00e4rtige Triumphe. Wei\u00df-rote Fahnen wehen von Balkonen, Kinder lernen auf Marktpl\u00e4tzen traditionelle T\u00e4nze, Kunsthandwerker \u00fcben jahrhundertealte Handwerksk\u00fcnste in Holz, Keramik und Silber aus. In Caf\u00e9s und Bierg\u00e4rten erklingen Stimmen bei hausgemachtem Eintopf, leidenschaftliche Debatten beleben Politik und Poesie gleicherma\u00dfen. Dieses Zusammenspiel von Erinnerung und Moderne verleiht Polen seine elektrisierende Energie \u2013 ein Land, das zeitlos ist und sich st\u00e4ndig weiterentwickelt.<\/p>\n<p>Polen l\u00e4sst sich letztlich nicht in eine eindeutige Kategorie einordnen. Es ist ein Land mittelalterlicher Festungen und avantgardistischer Stadtlandschaften, feierlicher Erinnerung und freudiger Volksrituale, tiefer W\u00e4lder und freier Himmel. Seine Vergangenheit ist in Burgen und Schl\u00f6ssern verankert, seine Gegenwart vibriert in urbaner Innovation, und seine Zukunft schimmert im Optimismus einer Gesellschaft, die Teilungen, Kriege und autorit\u00e4re Herrschaft \u00fcberwunden hat. F\u00fcr Reisende bietet Polen nicht nur eine Liste von UNESCO-St\u00e4tten und Berggipfeln, sondern auch eine Einladung, in das dynamische Herz Europas einzutauchen \u2013 seinen Geschichten in Kopfsteinpflasterstra\u00dfen und Waldlichtungen zu lauschen, seine gef\u00fchlvolle K\u00fcche in Tavernen bei Kerzenschein zu genie\u00dfen und bei jedem H\u00e4ndedruck die Widerstandsf\u00e4higkeit und Herzlichkeit von Menschen zu sp\u00fcren, f\u00fcr die die Geschichte pr\u00e4gt, aber nicht bestimmt, was vor uns liegt.<\/p>","protected":false},"excerpt":{"rendered":"<p>Polen, offiziell Republik Polen, liegt in Mitteleuropa und hat \u00fcber 38 Millionen Einwohner. Es erstreckt sich von der n\u00f6rdlichen Ostseek\u00fcste bis zu den Sudeten und Karpaten im S\u00fcden und liegt bewusst zentral auf dem Kontinent. Die geografische Lage des Landes hat seine Geschichte, Kultur und sein Wirtschaftswachstum ma\u00dfgeblich gepr\u00e4gt. Das Land grenzt im Westen an Deutschland, im Osten an Wei\u00dfrussland und die Ukraine, im S\u00fcden an die Slowakei und Tschechien sowie im Nordosten an Litauen und die russische Oblast Kaliningrad. Polens besondere Lage machte es im Laufe seiner Geschichte zu einem wichtigen Knotenpunkt zwischen Ost- und Westeuropa.<\/p>","protected":false},"author":1,"featured_media":2996,"parent":24078,"menu_order":0,"comment_status":"closed","ping_status":"closed","template":"elementor_theme","meta":{"_eb_attr":"","footnotes":""},"class_list":["post-12137","page","type-page","status-publish","has-post-thumbnail"],"_links":{"self":[{"href":"https:\/\/travelshelper.com\/de\/wp-json\/wp\/v2\/pages\/12137","targetHints":{"allow":["GET"]}}],"collection":[{"href":"https:\/\/travelshelper.com\/de\/wp-json\/wp\/v2\/pages"}],"about":[{"href":"https:\/\/travelshelper.com\/de\/wp-json\/wp\/v2\/types\/page"}],"author":[{"embeddable":true,"href":"https:\/\/travelshelper.com\/de\/wp-json\/wp\/v2\/users\/1"}],"replies":[{"embeddable":true,"href":"https:\/\/travelshelper.com\/de\/wp-json\/wp\/v2\/comments?post=12137"}],"version-history":[{"count":0,"href":"https:\/\/travelshelper.com\/de\/wp-json\/wp\/v2\/pages\/12137\/revisions"}],"up":[{"embeddable":true,"href":"https:\/\/travelshelper.com\/de\/wp-json\/wp\/v2\/pages\/24078"}],"wp:featuredmedia":[{"embeddable":true,"href":"https:\/\/travelshelper.com\/de\/wp-json\/wp\/v2\/media\/2996"}],"wp:attachment":[{"href":"https:\/\/travelshelper.com\/de\/wp-json\/wp\/v2\/media?parent=12137"}],"curies":[{"name":"wp","href":"https:\/\/api.w.org\/{rel}","templated":true}]}}