{"id":12087,"date":"2024-09-15T14:06:03","date_gmt":"2024-09-15T14:06:03","guid":{"rendered":"https:\/\/travelshelper.com\/staging\/?page_id=12087"},"modified":"2026-03-12T19:43:17","modified_gmt":"2026-03-12T19:43:17","slug":"porto","status":"publish","type":"page","link":"https:\/\/travelshelper.com\/de\/destinations\/europe\/portugal\/porto\/","title":{"rendered":"Porto"},"content":{"rendered":"<p>Porto pr\u00e4sentiert sich als Stadt der best\u00e4ndigen Kontraste und der ma\u00dfvollen Vitalit\u00e4t, in der antike Urspr\u00fcnge mit modernen Ambitionen an der M\u00fcndung des Flusses Douro im Norden Portugals verschmelzen. Porto erstreckt sich \u00fcber ein Stadtgebiet von genau 41,42 Quadratkilometern und hat rund 248.769 Einwohner. Die bescheidene Stadt Porto selbst t\u00e4uscht \u00fcber eine Metropolfl\u00e4che von 2.395 Quadratkilometern hinweg hinweg, auf der rund 1.319.151 Menschen leben. Porto liegt 280 Kilometer n\u00f6rdlich von Lissabon und grenzt westlich an die Atlantikk\u00fcste. Es vereint einen historischen Kern, der zum UNESCO-Weltkulturerbe erkl\u00e4rt wurde, mit dem Status einer Weltstadt mit der Bewertung Gamma+ des Globalization and World Cities Research Network.<\/p>\n<p>Die Erinnerung an Portos fr\u00fcheste Besiedlung lebt in seinem Namen fort. Aus der keltisch-lateinischen Bezeichnung Portus Cale entstand im 2. Jahrhundert v. Chr. die Stadt als r\u00f6mischer Au\u00dfenposten. Im Laufe der Jahrhunderte wandelte sich diese Bezeichnung zu \u201ePortugal\u201c, doch Porto selbst behielt seine von maritimen Unternehmungen und kulturellem Austausch gepr\u00e4gte Identit\u00e4t. Sein historisches Zentrum, das 1996 zum Weltkulturerbe erkl\u00e4rt wurde, umfasst die Br\u00fccke Lu\u00eds I und das Kloster Serra do Pilar und erinnert an mittelalterliche Mauern, romanische Kapellen und gotische Gew\u00f6lbe. Diese steinernen \u00dcberreste sind ebenso erhalten wie barocke Innenr\u00e4ume mit Goldarbeiten \u2013 die Kirche des Heiligen Franziskus und der Heiligen Klara weist kunstvolle Schnitzereien auf \u2013 und neoklassizistische Verzierungen im B\u00f6rsenpalast und dem mit handbemalten Azulejo-Fliesen geschm\u00fcckten Bahnhof S\u00e3o Bento.<\/p>\n<p>Portwein, das ber\u00fchmteste Exportprodukt der Stadt, spiegelt die Symbiose zwischen Porto und dem oberen Dourotal wider. Von den amphitheaterf\u00f6rmigen H\u00e4ngen von Vila Nova de Gaia \u00fcber den Fluss wurden Lik\u00f6rweinf\u00e4sser zu fernen M\u00e4rkten verschifft und erlangten internationales Ansehen. Die Verpackungs-, Transport- und Zertifizierungsprozesse der Lik\u00f6rweine werden weiterhin in Institutionen wie dem Portweininstitut und dem Museu do Vinho do Porto durchgef\u00fchrt, wo Besucher bei gef\u00fchrten Verkostungen den Weg von der Traube bis zur Flasche verfolgen k\u00f6nnen. In den letzten Jahren wurde Porto vom Food and Travel Magazine zur Stadt des Jahres 2023 und von den World Travel Awards zum f\u00fchrenden Reiseziel am Meer in Metropolen 2024 gek\u00fcrt und best\u00e4tigte damit seinen Status unter den europ\u00e4ischen St\u00e4dten.<\/p>\n<p>Architektonische Vielfalt belebt die Stra\u00dfen von Porto. Die Kathedrale und die Kirche Cedofeita repr\u00e4sentieren \u00dcberreste der fr\u00fchen Romanik, w\u00e4hrend Hausfassaden aus dem 15. Jahrhundert und Reste der Stadtmauer an das Mittelalter Portugals erinnern. Die barocken Kirchen Miseric\u00f3rdia und Cl\u00e9rigos sowie der Bischofspalast zeugen vom Reichtum des 17. und 18. Jahrhunderts; ihre Innenr\u00e4ume schimmern in Blattgold. Die Erweiterung im 19. Jahrhundert f\u00fchrte romantische und neoklassizistische Formen ein, wie die grandiosen st\u00e4dtischen Geb\u00e4ude der Avenida dos Aliados, das Hospital des Heiligen Antonius und die G\u00e4rten des Kristallpalastes zeigen. Der Arabische Saal im Pal\u00e1cio da Bolsa ist nach wie vor ein architektonisches Meisterwerk und zieht gef\u00fchrte Besucher an, die seine Dekoration im maurischen Stil bewundern m\u00f6chten.<\/p>\n<p>Portos Klima liegt an einem meteorologischen Schnittpunkt zwischen mediterraner W\u00e4rme und atlantischer Feuchtigkeit. Die Sommer sind im Allgemeinen trocken und sonnig, mit Durchschnittstemperaturen von 26 \u00b0C und gelegentlichen Spitzenwerten von fast 38 \u00b0C, gemildert durch niedrige Luftfeuchtigkeit und Meeresbrisen entlang der K\u00fcste von Foz do Douro. Unerwartete Sommerschauer k\u00f6nnen die Nachmittage jedoch auf etwa 20 \u00b0C abk\u00fchlen. Die Winter bringen h\u00e4ufige Niederschl\u00e4ge und milde Temperaturen, die selten unter den Gefrierpunkt fallen, mit Tagestiefsttemperaturen um 6 \u00b0C und Tagesdurchschnittstemperaturen von 15 \u00b0C. Die durchschnittliche j\u00e4hrliche Niederschlagsmenge der Stadt geh\u00f6rt zu den h\u00f6chsten in Europa unter den gro\u00dfen Ballungszentren, obwohl viele Winterabschnitte dennoch von anhaltendem Sonnenschein gepr\u00e4gt sind.<\/p>\n<p>Demographisch spiegelt Porto sowohl Kontinuit\u00e4t als auch Wandel wider. Die Einwohnerzahl der Stadt ist seit den 1980er Jahren um rund 100.000 zur\u00fcckgegangen, da die Bewohner in Trabantenst\u00e4dte und Vororte zogen, doch die Metropolregion ist stark gewachsen. Die Mehrheit der Einwohner ist zwischen 60 und 69 Jahre alt, dicht gefolgt von den 50- bis 59-J\u00e4hrigen. Frauen machen 55 Prozent der Bev\u00f6lkerung aus, M\u00e4nner 45 Prozent. Die Mehrheit wurde innerhalb Portugals geboren, obwohl bedeutende Gemeinschaften aus Angola, Brasilien, Kap Verde und anderen europ\u00e4ischen L\u00e4ndern das multikulturelle Gef\u00fcge der Stadt bereichern. W\u00e4hrend der Katholizismus vorherrscht \u2013 drei Viertel der Einwohner geh\u00f6ren diesem Glauben an \u2013, bezeichnet sich fast ein F\u00fcnftel der Bev\u00f6lkerung als konfessionslos, und kleine Minderheiten praktizieren Protestantismus, Islam, Judentum oder andere Religionen.<\/p>\n<p>Portos Rolle als Finanz- und Industriezentrum erstreckt sich auf die gesamte Iberische Halbinsel. Die Hauptsitze gro\u00dfer portugiesischer Unternehmen, vom Bankwesen bis zum verarbeitenden Gewerbe, liegen im Stadtkern von Maia, Matosinhos, Vila Nova de Gaia und Porto selbst. Die ehemalige Bolsa do Porto wurde zu einem Teil der wichtigsten Derivateb\u00f6rse Portugals und schloss sich mit der Lissabonner B\u00f6rse zusammen, um die Bolsa de Valores de Lisboa e Porto zu bilden. Medieninstitutionen wie Jornal de Not\u00edcias und Verlage wie Porto Editora sind weiterhin in der Stadt pr\u00e4sent und zeugen von Portos anhaltender intellektueller und kommerzieller Dynamik.<\/p>\n<p>Die Verkehrsinfrastruktur verdeutlicht Portos doppelte Identit\u00e4t aus Tradition und Moderne. Die ehrw\u00fcrdige Br\u00fccke Dom Lu\u00eds I, die 1886 eingeweiht wurde, \u00fcberspannt mit schmiedeeiserner Eleganz den Douro und f\u00fchrt auf ihrem Oberdeck eine Stadtbahn. Im 20. Jahrhundert kamen weitere \u00dcberg\u00e4nge hinzu: die Arr\u00e1bida-Br\u00fccke im Westen, die Br\u00fccke S\u00e3o Jo\u00e3o und die Br\u00fccke Infante Dom Henrique im Jahr 2003. Zwei weitere sind f\u00fcr das kommende Jahrzehnt geplant. Der Flughafen Francisco de S\u00e1 Carneiro, der f\u00fcr die Fu\u00dfball-EM 2004 renoviert wurde und im Jahr 2024 fast 16 Millionen Passagiere abfertigen wird, ist neben dem Flugverkehr auch der Fernverkehr nach Europa, Brasilien und Nordamerika zentral. Die sechs Linien der U-Bahn sind 70 Kilometer lang und haben 85 Stationen. Sie verbinden den Flughafen und die Vororte mit dem Stadtzentrum, w\u00e4hrend die STCP ein umweltfreundliches Busnetz und historische Stra\u00dfenbahnen betreibt, die touristische Routen entlang des Flusses bedienen.<\/p>\n<p>Bahnverbindungen von den Bahnh\u00f6fen Campanh\u00e3 und S\u00e3o Bento integrieren Porto in nationale und internationale Netze. Die Hochgeschwindigkeitsz\u00fcge Alfa Pendular erreichen Lissabon in 2 Stunden und 42 Minuten, Intercidades etwas langsamer. Der Celta-Service verbindet Porto in etwas mehr als zwei Stunden mit Vigo, Spanien, w\u00e4hrend Regionalz\u00fcge dem Fluss Douro ostw\u00e4rts nach R\u00e9gua und Pocinho folgen. Die Pendlerz\u00fcge von Urbanos verkehren nach Braga, Guimar\u00e3es und Aveiro. Fahrkarten werden mit der Andante-Karte erworben, die nahtloses Reisen mit U-Bahn, Bus und S-Bahn erm\u00f6glicht. Es gibt Tages- und Mehrtageskarten f\u00fcr Einheimische und Besucher.<\/p>\n<p>Die K\u00fcche Portos verbindet herzhafte Tradition mit maritimen K\u00f6stlichkeiten. Zu den Spezialit\u00e4ten z\u00e4hlen Tripas \u00e0 Moda do Porto, ein Kuttelneintopf, der jahrhundertealte Br\u00e4uche widerspiegelt, und Bacalhau \u00e0 Gomes de S\u00e1, ein Kabeljau-Auflauf, der Portugals traditionsreiche Beziehung zu gesalzenem Fisch zelebriert. Das Francesinha-Sandwich schichtet gep\u00f6keltes Fleisch unter geschmolzenem K\u00e4se und umh\u00fcllt es mit einer Biersauce \u2013 ein Sinnbild f\u00fcr Portos Vorliebe f\u00fcr reichhaltige Aromen. Gebratenes Schweinefleisch in Roj\u00f5es-W\u00fcrfeln, Sarrabulho-Gerichte mit Schweineblut und frisch gegrillte Sardinen am Flussufer runden die Speisekarte ab. In Restaurants und Tavernen ist Portwein allgegenw\u00e4rtig, reserviert als Dessertwein, wird aber auch gerne zu Fado-Abenden serviert.<\/p>\n<p>Das kulturelle Leben floriert in Portos Museen, Konzerthallen und Veranstaltungsorten. Die Casa de Serralves ist ein Zentrum moderner und zeitgen\u00f6ssischer Kunst. Ihre Art-d\u00e9co-Villa und die weitl\u00e4ufigen G\u00e4rten werden durch Ausstellungen der Serralves Foundation erg\u00e4nzt. Das Nationalmuseum Soares dos Reis zeigt portugiesische Malerei und Skulptur aus dem 19. Jahrhundert, w\u00e4hrend das Museum f\u00fcr zeitgen\u00f6ssische Kunst avantgardistische Themen behandelt. Das Theater Nacional S\u00e3o Jo\u00e3o bietet Opern und Theaterst\u00fccke an; seine historische B\u00fchne ist ein Ort des kreativen Ausdrucks. \u00d6ffentliche Skulpturen wie Janet Echelmans \u201eShe Changes\u201c, die \u00fcber der Bucht von Matosinhos schwebt, zeugen von der Begeisterung f\u00fcr gro\u00dfformatige Installationen, die im Dialog mit Fluss und Himmel stehen.<\/p>\n<p>J\u00e4hrliche Festivals verbinden die B\u00fcrger Portos mit alten Br\u00e4uchen und dem akademischen Leben. Am 23. und 24. Juni belebt das Johannisfest die Stra\u00dfen mit Freudenfeuern, mit Basilikum verzierten Vasen mit Gedichten und Feuerwerk entlang des Flusses. Im Fr\u00fchling vereint die Queima das Fitas rund 50.000 Universit\u00e4tsstudenten bei einer Prozession zum Rathaus und abends finden Konzerte im Queim\u00f3dromo statt. Das Sportprogramm reicht vom Fu\u00dfball, bei dem der FC Porto und Boavista im Est\u00e1dio do Drag\u00e3o und Est\u00e1dio do Bessa gegeneinander antreten, bis zum Porto-Marathon, der jeden Oktober durch die Altstadt f\u00fchrt. Eishockey hielt 2023 in Porto Einzug, als der HC Porto erstmals f\u00fcr Portugal der spanischen Nationalliga beitrat. Cricket wird im Oporto Cricket and Lawn Tennis Club weiterhin gespielt und pflegt sein anglo-portugiesisches Erbe.<\/p>\n<p>Bildung und Forschung florieren an Portos akademischen Einrichtungen. Die Universit\u00e4t Porto ist mit rund 28.000 Studierenden die zweitgr\u00f6\u00dfte Universit\u00e4t des Landes und z\u00e4hlt zu den hundert besten Universit\u00e4ten Europas. Zu den erg\u00e4nzenden Hochschulen geh\u00f6ren das Polytechnische Institut Porto, private Universit\u00e4ten wie Lus\u00edada und Fernando Pessoa sowie der Campus der Katholischen Universit\u00e4t. Internationales Schulwesen geht auf die 1894 gegr\u00fcndete Oporto British School zur\u00fcck, neben franz\u00f6sischen und deutschen Schulen. F\u00fcr Sprachlernende und Austauschstudierende bieten das Fast Forward Language Institute und universit\u00e4tsnahe Programme ma\u00dfgeschneiderten Portugiesischunterricht f\u00fcr Kurzaufenthalte oder intensive Spracherfahrungen.<\/p>\n<p>Wer sich in Porto zurechtfindet, muss sich an die vielschichtige Topografie und die sich entwickelnden Transportm\u00f6glichkeiten anpassen. Die engen, gewundenen Stra\u00dfen in den Vierteln Ribeira und Baixa stellen Autofahrer, die an breitere Stra\u00dfen gew\u00f6hnt sind, vor eine Herausforderung, sodass Gehen oder \u00f6ffentliche Verkehrsmittel oft effizienter sind. Taxis, Mitfahrdienste und Fahrradverleihe erg\u00e4nzen U-Bahn- und Busnetze, w\u00e4hrend F\u00e4hrverbindungen und Flusskreuzfahrten Perspektiven von der Oberfl\u00e4che des Douro bieten. Neuartige Attraktionen wie die Seilbahn Funicular dos Guindais und der Aufzug Ascensor da Ribeira belohnen Reisende mit Panoramablicken auf geflieste Fassaden und von Booten \u00fcbers\u00e4te Gew\u00e4sser. Wer Panoramaaussichten aus der Luft genie\u00dfen m\u00f6chte, findet auf einem Hubschrauberlandeplatz in Flussn\u00e4he ma\u00dfgeschneiderte Fl\u00fcge \u00fcber die Kircht\u00fcrme und Br\u00fccken der Stadt.<\/p>\n<p>Portos Vitalit\u00e4t r\u00fchrt von seiner F\u00e4higkeit her, Bewahrung und Fortschritt in Einklang zu bringen. In historischen Tavernen klirrt das Klirren der Portweingl\u00e4ser, w\u00e4hrend Start-ups und Forschungszentren die Wirtschaft beleben. Uralte Fado-Melodien verflechten sich mit modernen Kunstinstallationen. Barocke Ornamente stehen neben zeitgen\u00f6ssischer Architektur in der Casa da M\u00fasica und dem neu gestalteten Kreuzfahrtterminal Leix\u00f5es. Traditionsreiche Industriezweige wie Textil und Metallurgie koexistieren mit dem Handel mit Finanzderivaten und Kulturtourismus. Die Widerstandsf\u00e4higkeit der Stadt, die sich in ihren Spitznamen \u201eCidade Invicta\u201c und \u201eCapital do Norte\u201c widerspiegelt, zeugt von ihrer F\u00e4higkeit, Ver\u00e4nderungen zu absorbieren und gleichzeitig ihre Identit\u00e4t zu bewahren.<\/p>\n<p>Porto pr\u00e4sentiert sich als ein Reiseziel, in dem sich verschiedene Epochen vereinen. Romanische Kirchen, barocke Innenr\u00e4ume, neoklassizistische Alleen und moderne Stadtbahnen verschmelzen zu einem urbanen Gef\u00fcge, das vom Fluss Douro gepr\u00e4gt ist. Von demografischen Ver\u00e4nderungen \u00fcber klimatische Rhythmen und gastronomische Vielfalt bis hin zu industrieller St\u00e4rke bietet die Stadt ein differenziertes Bild von Kontinuit\u00e4t und Innovation. Wer sich jenseits der Panoramaaussichten aufh\u00e4lt, entdeckt eine kollektive Geschichte von Anpassung, Kreativit\u00e4t und Verwurzelung \u2013 eine Geschichte, die Portos Platz unter den faszinierendsten Metropolen Europas best\u00e4tigt.<\/p>","protected":false},"excerpt":{"rendered":"<p>Porto, die zweitgr\u00f6\u00dfte Stadt Portugals, ist ein aktives urbanes Zentrum an der M\u00fcndung des Flusses Douro im Norden des Landes. Portos Einfluss reicht weit \u00fcber die Stadtgrenzen hinaus, denn auf dem 41,42 Quadratkilometer gro\u00dfen Gemeindegebiet leben rund 248.769 Einwohner. Mit rund 1,8 Millionen Einwohnern auf einer Fl\u00e4che von 2.395 Quadratkilometern ist Porto die zweitgr\u00f6\u00dfte Stadt Portugals und ein wichtiger Akteur auf der Iberischen Halbinsel.<\/p>","protected":false},"author":1,"featured_media":2816,"parent":12065,"menu_order":0,"comment_status":"closed","ping_status":"closed","template":"elementor_theme","meta":{"_eb_attr":"","footnotes":""},"class_list":["post-12087","page","type-page","status-publish","has-post-thumbnail"],"_links":{"self":[{"href":"https:\/\/travelshelper.com\/de\/wp-json\/wp\/v2\/pages\/12087","targetHints":{"allow":["GET"]}}],"collection":[{"href":"https:\/\/travelshelper.com\/de\/wp-json\/wp\/v2\/pages"}],"about":[{"href":"https:\/\/travelshelper.com\/de\/wp-json\/wp\/v2\/types\/page"}],"author":[{"embeddable":true,"href":"https:\/\/travelshelper.com\/de\/wp-json\/wp\/v2\/users\/1"}],"replies":[{"embeddable":true,"href":"https:\/\/travelshelper.com\/de\/wp-json\/wp\/v2\/comments?post=12087"}],"version-history":[{"count":0,"href":"https:\/\/travelshelper.com\/de\/wp-json\/wp\/v2\/pages\/12087\/revisions"}],"up":[{"embeddable":true,"href":"https:\/\/travelshelper.com\/de\/wp-json\/wp\/v2\/pages\/12065"}],"wp:featuredmedia":[{"embeddable":true,"href":"https:\/\/travelshelper.com\/de\/wp-json\/wp\/v2\/media\/2816"}],"wp:attachment":[{"href":"https:\/\/travelshelper.com\/de\/wp-json\/wp\/v2\/media?parent=12087"}],"curies":[{"name":"wp","href":"https:\/\/api.w.org\/{rel}","templated":true}]}}