{"id":12053,"date":"2024-09-15T12:59:22","date_gmt":"2024-09-15T12:59:22","guid":{"rendered":"https:\/\/travelshelper.com\/staging\/?page_id=12053"},"modified":"2026-03-12T21:52:09","modified_gmt":"2026-03-12T21:52:09","slug":"jekaterinburg","status":"publish","type":"page","link":"https:\/\/travelshelper.com\/de\/destinations\/europe\/russian-federation\/yekaterinburg\/","title":{"rendered":"Jekaterinburg"},"content":{"rendered":"<p>Jekaterinburg, am Ufer des Flusses Iset am \u00f6stlichen Rand des Uralgebirges gelegen, ist Russlands viertgr\u00f6\u00dfte Stadt und Verwaltungszentrum der Oblast Swerdlowsk sowie des F\u00f6derationskreises Ural. Mit einer Fl\u00e4che von 1.111 Quadratkilometern und 1.544.376 Einwohnern (laut Volksz\u00e4hlung von 2021) genie\u00dft die Stadt eine strategische Lage zwischen Europa und Sibirien. Die 1723 gegr\u00fcndete und von 1924 bis 1991 kurzzeitig in Swerdlowsk umbenannte Stadt ist sowohl ein Industriestandort als auch ein kulturelles Zentrum. Ihre Skyline ist heute von modernen Wolkenkratzern gepr\u00e4gt, und ihre Stra\u00dfen sind von markanter konstruktivistischer Architektur gepr\u00e4gt.<\/p>\n<p>Jekaterinburg wurde am 18. November 1723 durch ein Dekret von Kaiser Peter dem Gro\u00dfen gegr\u00fcndet und nach seiner Gemahlin, Kaiserin Katharina I., benannt. Von Anfang an diente die Stadt als Bergbauhauptstadt des Russischen Reiches, nutzte die reichen Erze des Urals und war ein wichtiges Bindeglied auf der 1781 von Katharina der Gro\u00dfen er\u00f6ffneten Sibirischen Route. Diese Durchgangsstra\u00dfe machte die Stadt zu einem Tor f\u00fcr Reisende und Waren in die weite Wildnis Sibiriens. Im sp\u00e4ten 19. Jahrhundert entwickelte sich Jekaterinburg zu einem Zentrum gesellschaftlicher und politischer Unruhen, zu einem Schauplatz revolution\u00e4rer Bewegungen, die den Lauf der russischen Geschichte pr\u00e4gen sollten. Nach der bolschewistischen Revolution wurde die Stadt zu Ehren von Jakow Swerdlow in Swerdlowsk umbenannt, um ihre neue Rolle als Verwaltungs- und Industriezentrum unter dem Sowjetregime widerzuspiegeln. Mit dem Zerfall der Sowjetunion erhielt die Stadt am 23. September 1991 ihren historischen Namen zur\u00fcck.<\/p>\n<p>Jekaterinburg liegt am nord\u00f6stlichen Rand Europas und erstreckt sich \u00fcber bewaldete H\u00fcgel, die in die sanften H\u00e4nge des Urals \u00fcbergehen. Der Fluss Iset durchschneidet das Stadtgef\u00fcge und flie\u00dft von den Bergen in den Tobol. Innerhalb des Stadtgebiets liegen zwei Seen, Schuwakisch und Schartasch. Nahegelegene Stauseen und Teiche dienen der Erholung und der Wasserwirtschaft. Das feuchte Kontinentalklima der Stadt f\u00fchrt zu stark ausgepr\u00e4gten Jahreszeiten. Die Wintertemperaturen k\u00f6nnen bei arktischen Einbr\u00fcchen auf -40 \u00b0C fallen und bei pl\u00f6tzlichem Tauwetter \u00fcber den Gefrierpunkt steigen. Im Sommer k\u00f6nnen die Temperaturen von leichtem Frost auf \u00fcber 35 \u00b0C schwanken, wenn warme Luftmassen aus Zentralasien vordringen. Diese dramatischen Schwankungen unterstreichen die Lage der Stadt am Schnittpunkt gegens\u00e4tzlicher Luftstr\u00f6mungen.<\/p>\n<p>Jekaterinburgs expandierende Wirtschaft wurde vom Bev\u00f6lkerungswachstum begleitet. Zwischen 2010 und 2021 wuchs die Bev\u00f6lkerung um fast 15 Prozent, was sowohl auf Binnenmigration als auch auf nat\u00fcrliches Wachstum zur\u00fcckzuf\u00fchren ist. \u00dcber die offiziellen Grenzen hinaus erstreckt sich die Stadt zu einem st\u00e4dtischen Ballungsraum mit rund 2,2 Millionen Einwohnern. Dieses Wachstum geht mit einem Bauboom einher, der mehr als zwanzig Wolkenkratzer hervorbrachte, darunter den Iset-Turm, mit 209 Metern das h\u00f6chste Bauwerk im Ural.<\/p>\n<p>Jekaterinburg belegt nach der Wirtschaftsleistung den dritten Platz unter den russischen St\u00e4dten, nur Moskau und Sankt Petersburg \u00fcbertreffen sie. Der globale City-600-Index von McKinsey z\u00e4hlt die Stadt zu den wirtschaftsst\u00e4rksten St\u00e4dten der Welt und erwirtschaftet 60 Prozent des globalen Bruttoinlandsprodukts. Mit einem Bruttoinlandsprodukt von 898 Milliarden Rubel im Jahr 2015 und einem Bruttoinlandsprodukt der Metropole von \u00fcber 50 Milliarden internationalen Dollar hat die Stadt ihre Position als Finanz- und Industriezentrum gefestigt.<\/p>\n<p>Die wirtschaftlichen Grundlagen der Stadt beruhen auf Schwerindustrie, H\u00fcttenwerken und R\u00fcstungsunternehmen, die bis in die sowjetische Bl\u00fctezeit zur\u00fcckreichen. Vor 1991 basierte Swerdlowsks Wirtschaft zu 90 Prozent auf dem verarbeitenden Gewerbe, drei Viertel davon auf der R\u00fcstungsproduktion. Seit den Marktreformen der 1990er Jahre hat die industrielle Diversifizierung zugenommen und Investitionen in Technologie, Logistik und Unternehmensdienstleistungen angezogen. Die Hauptquartiere des Zentralen Milit\u00e4rbezirks und der Ural-Zweigstelle der Russischen Akademie der Wissenschaften unterstreichen Jekaterinburgs Doppelrolle als strategisches und intellektuelles Zentrum.<\/p>\n<p>Der Tourismus hat das Profil der Stadt erheblich gepr\u00e4gt. Im Global Destination Cities Index 2015 z\u00e4hlte Jekaterinburg zu den f\u00fcnf beliebtesten Reisezielen Russlands und verzeichnete im selben Jahr 2,1 Millionen Besucher. Der Wandel vom Gesch\u00e4fts- zum Urlaubstourismus ist deutlich erkennbar: W\u00e4hrend Gesch\u00e4ftsreisende einst 80 Prozent der Ank\u00fcnfte ausmachten, waren es 2015 nur noch 67 Prozent. Besucher kommen, um St\u00e4tten zu erkunden, die mit dem letzten russischen Zaren in Verbindung stehen, die Bazhov-\u00dcberlieferungen der Uraler Geologie und Folklore zu erforschen und an Veranstaltungen teilzunehmen, die von den Gipfeltreffen der Shanghaier Organisation f\u00fcr Zusammenarbeit 2008\/09 bis zur internationalen Ausstellung Innoprom reichen. Als Austragungsort der FIFA Fussball-Weltmeisterschaft 2018\u2122 pr\u00e4sentierte Jekaterinburg neben historischen Sehensw\u00fcrdigkeiten auch sein modernes Stadion.<\/p>\n<p>Ein umfassendes Verkehrsnetz erm\u00f6glicht Handel und Tourismus. Sechs Bundesstra\u00dfen und sieben wichtige Eisenbahnlinien laufen hier zusammen, was Jekaterinburg nach Moskau und Sankt Petersburg zum drittgr\u00f6\u00dften Verkehrsknotenpunkt Russlands macht. Der Knotenpunkt Jekaterinburg ist Teil der Transsibirischen Eisenbahn und verbindet den europ\u00e4ischen Westen mit dem pazifischen Osten. Der internationale Flughafen Koltsovo fertigt j\u00e4hrlich \u00fcber f\u00fcnf Millionen Passagiere ab, w\u00e4hrend ein weiterer Flugplatz in Aramil Regionalfl\u00fcge abwickelt. Innerhalb der Stadt bef\u00f6rdert eine eingleisige U-Bahn mit neun Stationen j\u00e4hrlich fast f\u00fcnfzig Millionen Fahrg\u00e4ste, neben Stra\u00dfenbahn-, Obus- und Buslinien, die einst Hunderte Millionen Fahrg\u00e4ste j\u00e4hrlich bef\u00f6rderten. Eine wachsende Ringstra\u00dfe und ein Netz mehrst\u00f6ckiger Umsteigem\u00f6glichkeiten bek\u00e4mpfen die chronische Verkehrs\u00fcberlastung, die durch das schnelle Wachstum der Autobesitzer entsteht, die mittlerweile bei etwa 410 Fahrzeugen pro 1.000 Einwohner liegen.<\/p>\n<p>Jekaterinburgs Kulturlandschaft ist vielf\u00e4ltig und abwechslungsreich. Rund f\u00fcnfzig Bibliotheken, darunter die Allgemeine Wissenschaftliche Bibliothek des Oblast Swerdlowsk und die Zentrale Stadtbibliothek A.I. Herzen, f\u00f6rdern wissenschaftliche Aktivit\u00e4ten. \u00dcber f\u00fcnfzig Museen beherbergen Sammlungen, die von den Newjansker Ikonen des Newjansker Ikonenmuseums bis zur Shigir-Sammlung reichen, der \u00e4ltesten Holzskulptur der Welt, die auf ein Alter von etwa 11.500 Jahren datiert wird. Das Jekaterinburger Museum der Sch\u00f6nen K\u00fcnste beherbergt bedeutende Gem\u00e4lde russischer Malerei, und der Kasli-Gusseisenpavillon, ein UNESCO-gesch\u00fctztes Meisterwerk aus dem Jahr 1900, befindet sich in seiner Sammlung.<\/p>\n<p>Das Theaterleben floriert in Spielst\u00e4tten wie dem Akademischen Theater f\u00fcr Musikalische Kom\u00f6die, dem Dramatheater, dem Jugendtheater und einem renommierten Puppentheater. Das Jekaterinburger Opern- und Balletttheater wurde 2020 viermal mit der Goldenen Maske ausgezeichnet, darunter f\u00fcr die beste Opernauff\u00fchrung. Das filmische Erbe der Stadt reicht vom ersten Kino 1909 bis zum 1943 gegr\u00fcndeten Swerdlowsker Filmstudio, dessen Produktionen ein landesweites Publikum erreichten. Mehr als zwanzig Kinos zeigen mittlerweile nationale und internationale Filme.<\/p>\n<p>Auch Musik pulsiert durch die Stra\u00dfen der Stadt. Rockbands wie Chaif, Agata Kristi und Nautilus Pompilius entstanden hier und trugen zur Ural-Rock-Bewegung bei. Das Uraler Staatliche Konservatorium brachte Operngr\u00f6\u00dfen wie Boris Schtokolow und Vera Bajewa hervor, und das Uraler Philharmonische Orchester unter Dmitri Liss tritt international auf. Zirkuskunst bl\u00fcht im Staatszirkus W. I. Filatow, der 2012 zum russischen Zirkus des Jahres gew\u00e4hlt wurde.<\/p>\n<p>Jekaterinburg ist sowohl f\u00fcr \u00f6ffentliche Kunst als auch f\u00fcr Architektur bekannt. Die Zahl der konstruktivistischen Wahrzeichen betr\u00e4gt \u00fcber 140, vom Wei\u00dfen Turm Uralmasch bis zum Verlagshaus \u201eUralskij Rabotschi\u201c. Dank der Stra\u00dfenkunst wird die Stadt auch als \u201erussische Hauptstadt der Stra\u00dfenkunst\u201c bezeichnet. Die historischen Bauwerke reichen von neoklassizistischen Anwesen des Architekten Michael Malachow, der von 1815 bis 1842 t\u00e4tig war, bis hin zu barocken und eklektischen Bauten wie dem Opernhaus und dem Bahnhof aus dem fr\u00fchen 20. Jahrhundert. In den 1930er- bis 1950er-Jahren pr\u00e4gte der Neoklassizismus der Sowjet\u00e4ra die \u00f6ffentlichen Geb\u00e4ude, w\u00e4hrend die Wohnbl\u00f6cke aus der Chruschtschow-\u00c4ra die rationalistischen Lehren der 1960er- bis 1980er-Jahre widerspiegeln. Im Zuge der Marktreformen der 1990er-Jahre kam es zu Restaurierungen und dem sogenannten \u201eFassadenph\u00e4nomen\u201c, bei dem historische Fassaden erhalten und durch moderne Erg\u00e4nzungen erg\u00e4nzt werden. Die Jahrtausendwende brachte Hightech-T\u00fcrme, Gesch\u00e4ftszentren und Luxuskomplexe mit sich, die im von Jean Pistre entworfenen Central Business District und dem Iset Tower ihren H\u00f6hepunkt fanden.<\/p>\n<p>Im Kulturviertel wurde 2015 das Boris-Jelzin-Pr\u00e4sidentenzentrum er\u00f6ffnet, das 2017 vom Europarat als bestes Museum Europas ausgezeichnet wurde. Die Uraler Gesellschaft der Naturfreunde gr\u00fcndete einen Zoo, der heute \u00fcber 1.000 Tiere aus 350 Arten beherbergt. Seit 2011 f\u00fchrt die Fu\u00dfg\u00e4ngerroute \u201eRote Linie\u201c Besucher auf einer selbstgef\u00fchrten Tour durch 34 historische Sehensw\u00fcrdigkeiten im Herzen der Stadt und verbindet Pal\u00e4ste, Kathedralen und \u00f6ffentliche Pl\u00e4tze.<\/p>\n<p>Jekaterinburgs Geschichte ist gepr\u00e4gt vom st\u00e4ndigen Wandel an der Schnittstelle von Kontinenten und Epochen. Seine Entstehung als Bergbau-Au\u00dfenposten, seine Entwicklung zum imperialen und sowjetischen Industriezentrum und sein Aufstieg zu einer modernen Finanz-, Kunst- und Architekturmetropole unterstreichen seine anhaltende Bedeutung. Von der Zeit Katharinas der Gro\u00dfen bis ins digitale Zeitalter hat die Stadt Rohstoffgewinnung und kreativen Ausdruck, strategische Bedeutung und kulturelle Innovation in Einklang gebracht. In ihren Stra\u00dfen und ihrer Skyline sp\u00fcrt man nicht nur die Last der Geschichte, sondern auch den rastlosen Ehrgeiz einer Stadt, die st\u00e4ndig nach Osten und Westen, in die Vergangenheit und in die Zukunft blickt.<\/p>","protected":false},"excerpt":{"rendered":"<p>Jekaterinburg, das Verwaltungszentrum der Oblast Swerdlowsk und des F\u00f6derationskreises Ural in Russland, liegt am Fluss Iset zwischen der Wolga-Ural-Region und Sibirien. Mit rund 1,5 Millionen Einwohnern innerhalb der Stadtgrenzen und bis zu 2,2 Millionen im Ballungsraum ist Jekaterinburg die viertgr\u00f6\u00dfte Stadt Russlands und die gr\u00f6\u00dfte im F\u00f6derationskreis Ural.<\/p>","protected":false},"author":1,"featured_media":4521,"parent":11976,"menu_order":0,"comment_status":"closed","ping_status":"closed","template":"elementor_theme","meta":{"_eb_attr":"","footnotes":""},"class_list":["post-12053","page","type-page","status-publish","has-post-thumbnail"],"_links":{"self":[{"href":"https:\/\/travelshelper.com\/de\/wp-json\/wp\/v2\/pages\/12053","targetHints":{"allow":["GET"]}}],"collection":[{"href":"https:\/\/travelshelper.com\/de\/wp-json\/wp\/v2\/pages"}],"about":[{"href":"https:\/\/travelshelper.com\/de\/wp-json\/wp\/v2\/types\/page"}],"author":[{"embeddable":true,"href":"https:\/\/travelshelper.com\/de\/wp-json\/wp\/v2\/users\/1"}],"replies":[{"embeddable":true,"href":"https:\/\/travelshelper.com\/de\/wp-json\/wp\/v2\/comments?post=12053"}],"version-history":[{"count":0,"href":"https:\/\/travelshelper.com\/de\/wp-json\/wp\/v2\/pages\/12053\/revisions"}],"up":[{"embeddable":true,"href":"https:\/\/travelshelper.com\/de\/wp-json\/wp\/v2\/pages\/11976"}],"wp:featuredmedia":[{"embeddable":true,"href":"https:\/\/travelshelper.com\/de\/wp-json\/wp\/v2\/media\/4521"}],"wp:attachment":[{"href":"https:\/\/travelshelper.com\/de\/wp-json\/wp\/v2\/media?parent=12053"}],"curies":[{"name":"wp","href":"https:\/\/api.w.org\/{rel}","templated":true}]}}