{"id":11951,"date":"2024-09-14T21:29:10","date_gmt":"2024-09-14T21:29:10","guid":{"rendered":"https:\/\/travelshelper.com\/staging\/?page_id=11951"},"modified":"2026-03-12T20:59:26","modified_gmt":"2026-03-12T20:59:26","slug":"klausenburg","status":"publish","type":"page","link":"https:\/\/travelshelper.com\/de\/destinations\/europe\/romania\/cluj\/","title":{"rendered":"Klausenburg"},"content":{"rendered":"<p>Cluj-Napoca, die zweitgr\u00f6\u00dfte Stadt Rum\u00e4niens, hat 286.598 Einwohner auf einer Fl\u00e4che von 179,52 km\u00b2. Sie liegt im Tal des Flusses Some\u0219ul Mic im Nordwesten Rum\u00e4niens und ist nahezu gleich weit von Bukarest (445 km), Budapest (461 km) und Belgrad (483 km) entfernt. Als Kreisstadt des Kreises Cluj und inoffizielle Hauptstadt des historischen Siebenb\u00fcrgen verbindet Cluj-Napoca sein mittelalterliches Erbe mit der Vitalit\u00e4t des 21. Jahrhunderts.<\/p>\n<p>Von seinen Urspr\u00fcngen als r\u00f6mische Siedlung bis zu seiner Rolle als Hauptstadt des Gro\u00dff\u00fcrstentums Siebenb\u00fcrgen vor dem \u00f6sterreichisch-ungarischen Ausgleich von 1867 wurde Cluj-Napoca von verschiedenen Regierungs- und Identit\u00e4tswechseln gepr\u00e4gt. Im Mittelalter war die St.-Michaels-Kirche am heutigen Unirii-Platz ein zentraler Bestandteil des st\u00e4dtischen Lebens. Ihr gotisches Kirchenschiff stammt aus dem sp\u00e4ten 14. Jahrhundert, w\u00e4hrend der im 19. Jahrhundert fertiggestellte neugotische Turm bis heute der h\u00f6chste Kirchturm Rum\u00e4niens ist. Auf demselben Platz steht das Reiterstandbild von Matthias Corvinus, das an den hier geborenen ungarischen K\u00f6nig erinnert und das mittelalterliche Erbe der Stadt mit ihrem modernen Stadtbild verbindet.<\/p>\n<p>Nach dem Ersten Weltkrieg f\u00fchrte die Integration der Stadt in Gro\u00dfrum\u00e4nien zu einem Wiederaufleben rum\u00e4nischer Kulturinstitutionen. Die monumentale orthodoxe Kathedrale, die 1933 am Avram-Iancu-Platz fertiggestellt wurde, bildete einen neuen Mittelpunkt f\u00fcr die rum\u00e4nische Gemeinde der Stadt und erg\u00e4nzte das fr\u00fchere Ungarische Nationaltheater. Unter dem Sozialismus erlebten die sp\u00e4ten 1960er Jahre eine rasante Industrialisierung und st\u00e4dtische Expansion, w\u00e4hrend die Dekade nach 1989 sowohl wirtschaftliche Herausforderungen als auch eine Phase des Bev\u00f6lkerungsr\u00fcckgangs mit sich brachte. Ein Niedergang in den 1990er Jahren unter der Stadtf\u00fchrung von Gheorghe Funar tr\u00fcbte kurzzeitig Cluj-Napocas internationales Ansehen, doch die ersten Jahrzehnte des 21. Jahrhunderts stellten seinen Ruf als eines der f\u00fchrenden akademischen, kulturellen und wirtschaftlichen Zentren Rum\u00e4niens wieder her.<\/p>\n<p>Geografisch erstreckt sich Cluj-Napoca \u00fcber eine \u00dcbergangslandschaft aus Bergen, Hochebenen und Ebenen. Im Westen erhebt sich das Apuseni-Gebirge; im Osten erstreckt sich die Some\u0219-Hochebene; im S\u00fcden breitet sich die Siebenb\u00fcrgische Tiefebene aus. Die Stadt breitet sich vom Zusammenfluss des Some\u0219ul Mic und seiner Nebenfl\u00fcsse \u2013 N\u0103d\u0103\u0219el, Pope\u0219ti, Chintenilor und andere \u2013 aus und erstreckt sich \u00fcber Nebent\u00e4ler, die ihr Wasser in den Canalul Morilor f\u00fchren, der den Stadtkern bildet. Die s\u00fcdlichen Bezirke liegen auf der oberen Terrasse des Feleac-H\u00fcgels, umgeben von 500\u2013700 m hohen Erhebungen; weiter n\u00f6rdlich rahmen die Cluj-H\u00fcgel die Skyline mit Gipfeln wie Lombului (684 m), Dealul Melcului (617 m) und Techint\u0103u (633 m) ein. In diesem Rahmen umfasst die Gemeindegrenze W\u00e4lder, Grasland und Uferkorridore und schafft so \u00f6kologische Korridore, die eine vielf\u00e4ltige Flora und Fauna beherbergen.<\/p>\n<p>Innerhalb der Stadtgrenzen bietet der Botanische Garten Cluj-Napoca einen lebendigen Katalog regionaler und exotischer Arten, w\u00e4hrend der im 19. Jahrhundert angelegte Central Park mit einem k\u00fcnstlichen See und seiner Insel im Zentrum eine st\u00e4dtische Oase der Ruhe bietet. Andere Gr\u00fcnfl\u00e4chen sind der Iuliu Ha\u021bieganu Park mit Sportanlagen, der Ha\u0219deu Park neben Studentenwohnheimen, der Opernpark hinter der rum\u00e4nischen Oper und der auf einem H\u00fcgel gelegene Cet\u0103\u021buia mit Panoramablick. Jenseits dieser kultivierten Anlagen liegen zwei botanische Reservate \u2013 F\u00e2na\u021bele Clujului und Valea Morii \u2013 wo seltene Pflanzen wie der Venusschuh und die einheimische Schwertlilie Zuflucht finden. Waldgebiete wie F\u0103get und Hoia beherbergen Populationen von Wildschweinen, Dachsen, F\u00fcchsen, Kaninchen und Eichh\u00f6rnchen. In diesem Wald befindet sich auch das Freilichtmuseum Romulus Vuia, dessen Ausstellungsst\u00fccke aus dem Jahr 1678 stammen und die Quelle anhaltender lokaler Legenden \u00fcber Begegnungen mit Au\u00dferirdischen und unterirdische Tunnel ist, die die alten Kirchen der Stadt miteinander verbinden.<\/p>\n<p>Am Stadtrand verflechten sich Landschaft und Kultur. Im S\u00fcdosten w\u00f6lben sich die Turda-Schluchten mit ihren steilen Kalksteinw\u00e4nden \u00fcber einem gewundenen Fluss; im Nordosten erinnert die Restaurierung des Schlosses B\u00e1nffy in Bon\u021bida an seine Pracht aus dem 18. Jahrhundert \u2013 einst das \u201eVersailles Transsilvaniens\u201c genannt. In den umliegenden D\u00f6rfern stehen das Schloss Wass-B\u00e1nffy in Gil\u0103u und ein weiterer Familiensitz in R\u0103scruci. In Nicula zieht das Kloster aus dem 18. Jahrhundert Pilger an, die die wundert\u00e4tige Madonna verehren, deren Ikone 1669 angeblich weinte; jedes Jahr am 15. August nehmen mehr als 150.000 Besucher am Fest zu Ehren Mari\u00e4 Himmelfahrt teil.<\/p>\n<p>Jahreszeitliche Rhythmen pr\u00e4gen sowohl das Leben als auch die Atmosph\u00e4re in Cluj-Napoca. Das feuchte Kontinentalklima sorgt f\u00fcr kalte Winter mit einer durchschnittlichen Schneedecke von etwa 65 Tagen zwischen Dezember und M\u00e4rz und warme Sommer mit Mittagstemperaturen von oft 35 \u00b0C. Sommernachmittage k\u00f6nnen pl\u00f6tzlichen, heftigen St\u00fcrmen weichen, w\u00e4hrend sich Fr\u00fchling und Herbst mit milden Schauern und klaren Abschnitten abwechseln. Eine 2014 ver\u00f6ffentlichte Studie bescheinigte Cluj-Napoca eine der besten Luftqualit\u00e4ten Europas, was auf die Lage im Flusstal, die umliegenden W\u00e4lder und die moderate st\u00e4dtische Dichte zur\u00fcckzuf\u00fchren ist.<\/p>\n<p>Demografisch gesehen sank die Einwohnerzahl der Gemeinde von 324.576 im Jahr 2011 auf 286.598 Einwohner bei der Volksz\u00e4hlung 2021. Der erweiterte Ballungsraum, der im Dezember 2008 unter der neuen Verwaltung eingerichtet wurde, umfasst rund 411.379 Einwohner; ein periurbaner G\u00fcrtel erh\u00f6ht diese Zahl auf \u00fcber 420.000. J\u00e4hrlich leben durchschnittlich mehr als 20.000 Studenten und vor\u00fcbergehende Bewohner in der Stadt, angezogen von der Konzentration der Hochschulen. Im Zentrum steht die Babe\u015f-Bolyai-Universit\u00e4t, Rum\u00e4niens gr\u00f6\u00dfte Universit\u00e4t, deren Fakult\u00e4ten und botanischer Garten Cluj-Napocas Rolle als intellektuelles Zentrum unterstreichen.<\/p>\n<p>Diese akademische Konzentration bildet die Grundlage f\u00fcr die kulturellen Institutionen der Stadt: Das Nationaltheater, das Ungarische Staatstheater, die Rum\u00e4nische Oper und die Transsilvanische Philharmonie bieten das ganze Jahr \u00fcber ein Programm mit Schauspiel, Ballett, Oper und Orchestermusik. Museen zeichnen die lokale Geschichte anhand von Arch\u00e4ologie, Ethnographie, Kunst, Pharmazie, Wasserwirtschaft und Naturwissenschaften nach und sind im Universit\u00e4tsmuseum, im Mineralogiemuseum und anderen auf dem Gel\u00e4nde der Babe\u015f-Bolyai-Universit\u00e4t untergebracht. Moderne Kultur findet Ausdruck beim Transilvania International Film Festival (TIFF), das 2001 ins Leben gerufen wurde und das erste seiner Art in Rum\u00e4nien war. Comedy Cluj, das Mozartfestival, Toamna Muzical\u0103 Clujean\u0103, der Opernball und das Interferences Theatre Festival bieten jeweils eine Reihe von Auff\u00fchrungen und Begegnungen. Zu den Musikfestivals z\u00e4hlen unter anderem S\u0103rb\u0103toarea Muzicii am 21. Juni, die Bierfestspiele von Splaiul Independen\u021bei, das Elektrofestival Delahoya (seit 1997), Electric Castle im Schloss B\u00e1nffy (mit \u00fcber 120.000 Besuchern im Jahr 2016) und Untold, das bei seiner zweiten Ausgabe rund 300.000 Besucher begr\u00fc\u00dfte.<\/p>\n<p>In wirtschaftlicher Hinsicht verf\u00fcgt Cluj-Napoca \u00fcber eine diversifizierte Basis. Lokale Marken wie Banca Transilvania, Terapia Ranbaxy, Farmec, Jolidon und die Ursus-Brauereien haben hier ihren Ursprung, w\u00e4hrend globale Konzerne \u2013 MOL, Aegon, Bosch, De&#039;Longhi, Emerson und andere \u2013 Fabriken und Niederlassungen in der Metropolregion betreiben. Die Stadt hat sich zur Technopolis Rum\u00e4niens entwickelt: InformationWeek identifizierte sie als Zentrum eines Gro\u00dfteils der Software- und IT-Aktivit\u00e4ten des Landes. Obwohl das Nokia-Werk nahe Cluj-Napoca 2011 seine Produktion einstellte, beherbergt das ehemalige Gel\u00e4nde heute die Ger\u00e4teproduktion von De&#039;Longhi. Die rum\u00e4nische Autobahn A3, die Transsilvanien-Autobahn, f\u00fchrt von Cluj-Vest in Richtung Bukarest und der Westgrenze, w\u00e4hrend die Nationalstra\u00dfen DN1, DN1C und DN1F lokale und regionale Zentren verbinden.<\/p>\n<p>Im Stadtzentrum floriert der Handel entlang der Eroilor Avenue sowie der Napoca- und Memorandumului-Stra\u00dfe \u2013 hier k\u00f6nnen die Spitzenmieten j\u00e4hrlich bis zu 720 Euro pro Quadratmeter erreichen \u2013, w\u00e4hrend gro\u00dfe Einkaufszentren wie VIVO! und Iulius Mall neben Hyperm\u00e4rkten und Baum\u00e4rkten die Peripherie pr\u00e4gen. Internationale Marken von H&amp;M und Zara bis Sephora und Nike sind neben rum\u00e4nischen Einzelh\u00e4ndlern vertreten und spiegeln die Verbrauchervielfalt in anderen Hauptst\u00e4dten wider.<\/p>\n<p>Die Verkehrsinfrastruktur umfasst Stra\u00dfen-, Schienen-, Luft- und \u00f6ffentliche Verkehrsnetze. Der internationale Flughafen Cluj-Napoca, neun Kilometer \u00f6stlich des Zentrums, ist Rum\u00e4niens zweitgr\u00f6\u00dfter Flughafen. Er fertigte 2015 \u00fcber 1,4 Millionen Passagiere ab und bietet Direktfl\u00fcge in alle Teile Europas. Der Hauptbahnhof, zwei Kilometer n\u00f6rdlich des Unirii-Platzes, liegt an den Linien 300 und 401 und bietet Verbindungen nach Bukarest, Oradea, Dej und dar\u00fcber hinaus. Die Nebenbahnh\u00f6fe Gara Mic\u0103 und Est bedienen den Regionalverkehr, w\u00e4hrend G\u00fcterz\u00fcge die Anlage Halta \u201eClujana\u201c nutzen. Innerhalb der Stadt betreibt das lokale Verkehrsunternehmen CTP ein 321 km langes Streckennetz: f\u00fcnf Stra\u00dfenbahnlinien, zw\u00f6lf Obuslinien und 51 Buslinien, erg\u00e4nzt durch private Verkehrsbetriebe in benachbarte St\u00e4dte. Vorschl\u00e4ge zur Modernisierung der Stra\u00dfenbahngleise umfassen eigene Wegerechte und m\u00f6gliche Tunnel; l\u00e4ngerfristige Pl\u00e4ne sehen eine Stadtbahnverbindung zwischen Gil\u0103u und Jucu vor. Seit 2018 werden Machbarkeitsstudien f\u00fcr ein U-Bahn-System durchgef\u00fchrt, und im Februar 2023 wurde der Auftrag f\u00fcr die Planung und den Bau der Linie I an ein Konsortium unter der Leitung von G\u00fclermak, Alstom Transport und Arcada vergeben, wobei ein Zeitrahmen von 96 Monaten vorgesehen ist.<\/p>\n<p>Stadtlandschaften verflechten Mittelalter und Moderne. Gotische B\u00f6gen der St.-Michaels-Kirche weichen eklektischen Fassaden an der Iuliu-Maniu-Stra\u00dfe, die an Haussmanns Paris erinnern, w\u00e4hrend der Justizpalast und das Ensemble am Avram-Iancu-Platz \u2013 bestehend aus dem Nationaltheater, dem Hauptsitz der Eisenbahngesellschaft, der Pr\u00e4fektur, dem Finanzpalast und dem Sitz der Metropole \u2013 den b\u00fcrgerlichen Ehrgeiz des Architekten Gyula Wagner aus dem sp\u00e4ten 19. Jahrhundert widerspiegeln. Der Botanische Garten, das Chios Casino im Central Park und die Statuen des Central Parks tragen zu einem ebenso disziplinierten wie gro\u00dfz\u00fcgigen Stadtgef\u00fcge bei. Sogar der 14 Hektar gro\u00dfe Friedhof in Hajongard beherbergt Skulpturen und die \u00dcberreste ber\u00fchmter Pers\u00f6nlichkeiten der Stadt.<\/p>\n<p>Cluj-Napoca ist eine Stadt der Kontinuit\u00e4t und des Wandels. Seine r\u00f6mischen, ungarischen und rum\u00e4nischen Kapitel haben architektonische und kulturelle Spuren hinterlassen; sein Fluss und seine H\u00fcgel pr\u00e4gen seine Gestalt, w\u00e4hrend seine Universit\u00e4ten, Theater und Festivals seinen Geist zum Ausdruck bringen. Als moderne Metropole navigiert sie zwischen Wachstum und Erbe, Innovation und Tradition. Die Wohlstandsindikatoren der Stadt \u2013 Einwohnerzahlen, Budgetsteigerungen von 990 Millionen Lei im Jahr 2008 auf 2,117 Milliarden Lei im Jahr 2021, internationale Titel wie Europ\u00e4ische Jugendhauptstadt (2015), Europ\u00e4ische Sportstadt (2018) und UNESCO-Filmstadt (2021) \u2013 zeugen von einem urbanen Ehrgeiz, der in einer geschichtstr\u00e4chtigen Vergangenheit verwurzelt und auf eine offene Zukunft ausgerichtet ist. In Cluj-Napoca findet der Betrachter nicht nur einen Katalog von Attributen, sondern ein lebendiges Geflecht von Orten: eine Stadt zwischen H\u00f6hen und Wasser, zwischen Epochen und Ideen, destilliert in dringlicher Spezifit\u00e4t und menschlichem Ma\u00dfstab.<\/p>","protected":false},"excerpt":{"rendered":"<p>Cluj-Napoca, im Norden Rum\u00e4niens gelegen, ist die zweitgr\u00f6\u00dfte Stadt des Landes und die Hauptstadt des Kreises Cluj. Eingebettet im Flusstal des Some\u0219ul Mic und mit einer Fl\u00e4che von 179,52 Quadratkilometern liegt diese dynamische Metropole mitten im Herzen Siebenb\u00fcrgens. Cluj-Napoca hatte im Jahr 2021 286.598 Einwohner; das Stadtgebiet umfasst 411.379 Personen, das Umland z\u00e4hlt rund 420.000 Menschen. Die Stadt liegt strategisch g\u00fcnstig in nahezu gleicher Entfernung zu den wichtigsten europ\u00e4ischen Hauptst\u00e4dten: 445 Kilometer von Bukarest, 461 Kilometer von Budapest und 483 Kilometer von Belgrad.<\/p>","protected":false},"author":1,"featured_media":3187,"parent":11908,"menu_order":0,"comment_status":"closed","ping_status":"closed","template":"elementor_theme","meta":{"_eb_attr":"","footnotes":""},"class_list":["post-11951","page","type-page","status-publish","has-post-thumbnail"],"_links":{"self":[{"href":"https:\/\/travelshelper.com\/de\/wp-json\/wp\/v2\/pages\/11951","targetHints":{"allow":["GET"]}}],"collection":[{"href":"https:\/\/travelshelper.com\/de\/wp-json\/wp\/v2\/pages"}],"about":[{"href":"https:\/\/travelshelper.com\/de\/wp-json\/wp\/v2\/types\/page"}],"author":[{"embeddable":true,"href":"https:\/\/travelshelper.com\/de\/wp-json\/wp\/v2\/users\/1"}],"replies":[{"embeddable":true,"href":"https:\/\/travelshelper.com\/de\/wp-json\/wp\/v2\/comments?post=11951"}],"version-history":[{"count":0,"href":"https:\/\/travelshelper.com\/de\/wp-json\/wp\/v2\/pages\/11951\/revisions"}],"up":[{"embeddable":true,"href":"https:\/\/travelshelper.com\/de\/wp-json\/wp\/v2\/pages\/11908"}],"wp:featuredmedia":[{"embeddable":true,"href":"https:\/\/travelshelper.com\/de\/wp-json\/wp\/v2\/media\/3187"}],"wp:attachment":[{"href":"https:\/\/travelshelper.com\/de\/wp-json\/wp\/v2\/media?parent=11951"}],"curies":[{"name":"wp","href":"https:\/\/api.w.org\/{rel}","templated":true}]}}