{"id":11908,"date":"2024-09-14T20:46:24","date_gmt":"2024-09-14T20:46:24","guid":{"rendered":"https:\/\/travelshelper.com\/staging\/?page_id=11908"},"modified":"2026-03-12T21:10:24","modified_gmt":"2026-03-12T21:10:24","slug":"rumanien","status":"publish","type":"page","link":"https:\/\/travelshelper.com\/de\/destinations\/europe\/romania\/","title":{"rendered":"Rum\u00e4nien"},"content":{"rendered":"<p>Rum\u00e4nien erstreckt sich \u00fcber eine Fl\u00e4che von 238.397 Quadratkilometern am Zusammenfluss von Mittel-, Ost- und S\u00fcdosteuropa, einem Gebiet, das vom Karpatenkamm durchzogen und vom Schwarzen Meer umsp\u00fclt wird. Mit seinen 19 Millionen Einwohnern ist es der Staat mit der sechstgr\u00f6\u00dften Bev\u00f6lkerungszahl der Europ\u00e4ischen Union.<\/p>\n<p>Sobald man rum\u00e4nisches Territorium betritt \u2013 sei es mit dem Zug aus Ungarn durch die Pannonische Tiefebene, mit dem Auto aus Bulgarien vorbei an den sanften s\u00fcdlichen Ausl\u00e4ufern der Walachei oder mit der F\u00e4hre in den gesch\u00e4ftigen Hafen von Constan\u0163a \u2013 wird deutlich, dass dieses Land durch seine Konturen gepr\u00e4gt ist. Der Karpatenbogen schneidet sich wie ein breiter Halbmond von der nordwestlichen Grenze nahe der Ukraine nach S\u00fcdwesten und wirft lange Schatten auf Hochebenen und T\u00e4ler. Hier, wo der Moldoveanu-Gipfel 2.544 Meter hoch ist, sorgt das kontinentale Klima f\u00fcr strenge Winter, gem\u00e4\u00dfigt warme Sommer und Niederschl\u00e4ge, die die h\u00f6chsten westlichen Gebirgsz\u00fcge j\u00e4hrlich mit mehr als 750 Millimetern Regen bedecken, w\u00e4hrend die Tiefebenen um Bukarest fast 570 Millimeter verzeichnen. Die Donau, Europas zweitl\u00e4ngster Fluss, flie\u00dft entlang der s\u00fcdlichen Grenze, bevor sie sich in das 5.800 Quadratkilometer gro\u00dfe Marschland des Donaudeltas ausbreitet \u2013 Europas gr\u00f6\u00dftes zusammenh\u00e4ngendes Feuchtgebiet und ein Biosph\u00e4renreservat mit bemerkenswerter Artenvielfalt.<\/p>\n<p>Die Besiedlung des heutigen Rum\u00e4niens reicht bis ins Altpal\u00e4olithikum zur\u00fcck, lange bevor r\u00f6mische Legionen an der Schwarzmeerk\u00fcste landeten. Jahrhundertelang beherrschte das Dakerreich das Karpatenbecken, bis die Feldz\u00fcge Kaiser Trajans im fr\u00fchen 2. Jahrhundert n. Chr. einen Romanisierungsprozess einleiteten, dessen sprachliches Echo in der rum\u00e4nischen Sprache nachwirkte. Es folgten Jahrtausende wechselnder Grenzen und B\u00fcndnisse. 1859 vereinigten sich die F\u00fcrstent\u00fcmer Moldau und Walachei unter Alexandru Ioan Cuza und bildeten den modernen rum\u00e4nischen Staat. Die Unabh\u00e4ngigkeit von der osmanischen Oberhoheit erfolgte 1877 und wurde durch den Berliner Vertrag best\u00e4tigt. Zwei Jahre sp\u00e4ter wurde Karl I. erster K\u00f6nig Rum\u00e4niens. Der Erste Weltkrieg erweiterte diese Gebiete: Siebenb\u00fcrgen, Banat, Bukowina und Bessarabien schlossen sich mit dem \u201eAlten Reich\u201c zu Gro\u00dfrum\u00e4nien zusammen, einem Staat, dessen n\u00f6rdliche, s\u00fcdliche und westliche Grenzen an Ungarn, Bulgarien und die sp\u00e4tere Sowjetunion grenzten. Unter dem Druck der Achsenm\u00e4chte im Jahr 1940 gingen Gebiete an Ungarn, Bulgarien und die Sowjetunion verloren. Ein Putsch im August 1944 schloss sich jedoch den Alliierten an und gab Nordsiebenb\u00fcrgen durch die Pariser Friedensvertr\u00e4ge zur\u00fcck. Unter sowjetischer Besatzung f\u00fchrte die Abdankung K\u00f6nig Michaels I. zur Gr\u00fcndung der sozialistischen Republik, die dem Warschauer Pakt beitrat. Diese zerfiel jedoch im Zuge der Revolution im Dezember 1989, als sich Rum\u00e4nien f\u00fcr liberale Demokratie und Marktwirtschaft entschied.<\/p>\n<p>Das heutige Rum\u00e4nien wird von der Weltbank als Volkswirtschaft mit hohem Einkommen und von Politikwissenschaftlern als Mittelmacht eingestuft. Die semipr\u00e4sidentielle Republik wird von einem Mehrparteiensystem regiert, das Exekutive und Legislative ausbalanciert, und die Mitgliedschaft in der Europ\u00e4ischen Union, der NATO und der Organisation f\u00fcr wirtschaftliche Zusammenarbeit und Entwicklung im Schwarzmeerraum unterstreicht ihr strategisches Gewicht. Im Jahr 2024 n\u00e4herte sich das BIP des Landes in Kaufkraftparit\u00e4t 894 Milliarden US-Dollar, was 47.203 US-Dollar pro Kopf entspricht. Diese Erinnerungen an ein Jahrzehnt, das von makro\u00f6konomischer Instabilit\u00e4t und unregelm\u00e4\u00dfigem Wachstum gepr\u00e4gt war, wichen seit 2000 einer robusten Expansionskurve. Rum\u00e4niens Aufstieg von einem Frontier Market zu einem sekund\u00e4ren Schwellenmarkt im FTSE Russell-Index im September 2020 spiegelte diese Entwicklung wider; die Bukarester B\u00f6rse weist nun eine Marktkapitalisierung von 74 Milliarden US-Dollar auf und setzt \u00fcber ihre 86 b\u00f6rsennotierten Unternehmen j\u00e4hrlich rund 7,2 Milliarden US-Dollar um. Zu den wichtigsten Exportg\u00fctern des Landes z\u00e4hlen die Automobilindustrie und damit verbundene Produkte. Sein Ruf als Technologiezentrum wurde durch die weltweit schnellsten durchschnittlichen Internetgeschwindigkeiten gefestigt.<\/p>\n<p>Die Verkehrsinfrastruktur spiegelt diese Dynamik wider. Rum\u00e4niens gesamtes Stra\u00dfennetz erstreckt sich \u00fcber 86.080 Kilometer, und das viertgr\u00f6\u00dfte Eisenbahnnetz Europas bietet mehr als 22.000 Kilometer Gleise. Nach einem R\u00fcckgang des Schienenverkehrs nach 1989 haben j\u00fcngste Investitionen und Teilprivatisierungen zu einer Wiederbelebung gef\u00fchrt. Fast 45 Prozent des G\u00fcter- und Personenverkehrs des Landes werden \u00fcber die Bahn transportiert. Innerhalb der Hauptstadt bef\u00f6rdert die Bukarester Metro \u2013 ein 1979 er\u00f6ffnetes, 80 Kilometer langes Netz unterirdischer Linien \u2013 werktags \u00fcber 720.000 Fahrg\u00e4ste. Der Flugverkehr wird von sechzehn internationalen Flugh\u00e4fen bedient, allen voran dem Henri Coand\u0103 International Airport in Otopeni, der 2017 mehr als 12,8 Millionen Passagiere abfertigte.<\/p>\n<p>Fast die H\u00e4lfte der rum\u00e4nischen Landesfl\u00e4che ist noch von Natur bedeckt. Sie ist in sechs terrestrische \u00d6koregionen unterteilt, von den balkanischen Mischw\u00e4ldern im S\u00fcdwesten bis zu den pontischen Steppen am Rande des Schwarzen Meeres. Etwa 10.000 Quadratkilometer \u2013 ungef\u00e4hr f\u00fcnf Prozent des Staatsgebiets \u2013 sind als dreizehn Nationalparks und drei Biosph\u00e4renreservate gesch\u00fctzt. Allein das Donaudelta beheimatet 1.688 Pflanzenarten und \u00fcber 300 Vogelarten, w\u00e4hrend fast 27 Prozent der rum\u00e4nischen W\u00e4lder unber\u00fchrt bleiben und zu den gr\u00f6\u00dften W\u00e4ldern dieser Art in Europa geh\u00f6ren. Die Fauna umfasst etwa 33.792 Arten \u2013 davon 707 Wirbeltiere \u2013 und beherbergt die H\u00e4lfte der europ\u00e4ischen Braunb\u00e4rpopulation au\u00dferhalb Russlands und ganze 20 Prozent der W\u00f6lfe. Im Rahmen von Naturschutzbem\u00fchungen wurden 23 Pflanzenarten als Naturdenkm\u00e4ler ausgewiesen und 39 als gef\u00e4hrdet dokumentiert.<\/p>\n<p>Rum\u00e4niens Regionen entfalten sich wie Geschichten f\u00fcr sich. Das Herz des Hochlandes Siebenb\u00fcrgens wird von den Transsilvanischen Alpen durchschnitten, wo mittelalterliche St\u00e4dte wie Sibiu und Sighi\u0219oara zwischen eichenbeschatteten Zitadellen thronen. Das Banat im Westen verbindet pannonische Ebenen mit Barockst\u00e4dten und ausgedehnten deutsch gepr\u00e4gten D\u00f6rfern, eingebettet in die bewaldeten H\u00e4nge der \u00f6stlichen H\u00fcgel. Oltenien im S\u00fcdwesten beherbergt alte H\u00f6hlenkl\u00f6ster und Thermalb\u00e4der in den Ausl\u00e4ufern der Karpaten, bevor es in eine halbtrockene, an eine Steppenw\u00fcste erinnernde Weite \u00fcbergeht. Die s\u00fcdliche Bukowina im Nordosten ist ber\u00fchmt f\u00fcr ihre bemalten Klosteranlagen, deren mit Fresken verzierte Au\u00dfenfassaden wie geheimnisvolle Ikonografien zwischen sanften H\u00fcgeln thronen. Maramure\u0219, die n\u00f6rdlichste Provinz, ist nach wie vor eine Hochburg der Holzkirchenkunst und der b\u00e4uerlichen Traditionen. Ihre h\u00fcgeligen Landschaften werden von langsam flie\u00dfenden B\u00e4chen durchzogen. Cri\u0219ana an der ungarischen Grenze hei\u00dft die meisten \u00dcberlandreisenden willkommen, die manchmal die St\u00e4dte im mitteleurop\u00e4ischen Stil und die R\u00fcckzugsorte im Apuseni-Gebirge \u00fcbersehen. Die n\u00f6rdliche Dobrudscha, die an das Schwarze Meer grenzt, vereint Ruinen griechischer und r\u00f6mischer Siedlungen mit Ferienorten wie Mamaia und den unber\u00fchrten Feuchtgebieten des Donaudeltas. Moldawiens kulturelle Vielfalt umfasst befestigte Kl\u00f6ster, Burgst\u00e4dte und sanfte, von Weinbergen durchzogene Ebenen. Schlie\u00dflich umfasst Muntenia Bukarest \u2013 wo Nicolae Ceau\u0219escus \u201eVolkshaus\u201c \u00fcber mittelalterlichen Vierteln thront \u2013 und das walachische Kernland mit Vlad \u021aepe\u0219s Ahnenfestungen und den Skigebieten des Prahova-Tals.<\/p>\n<p>Das st\u00e4dtische Leben in Rum\u00e4nien ist vielf\u00e4ltig. Bukarest, die gr\u00f6\u00dfte Metropole und das Finanzzentrum des Landes, verbindet die Boulevards der Belle \u00c9poque des 19. Jahrhunderts mit den kolossalen Bauwerken von Ceau\u0219escus sozialistischer Moderne. Cluj-Napoca, Heimat einer der gr\u00f6\u00dften Studentengemeinden Europas, strahlt mit seinen Universit\u00e4ten und aufstrebenden Technologieunternehmen jugendliche Energie aus. Timi\u0219oara, oft gelobt f\u00fcr sein multikulturelles Erbe und seine Jugendstilarchitektur, war die Wiege der Revolution von 1989. Ia\u0219i, einst Hauptstadt eines moldauischen F\u00fcrstentums, ist nach wie vor ein Zentrum der Literatur und Bildung; seine \u00f6ffentlichen Pl\u00e4tze sind ges\u00e4umt von Barockpal\u00e4sten. Constan\u0163a, am Ufer des Schwarzen Meeres gelegen, ist sowohl Handelshafen als auch Urlaubsziel. Bra\u0219ov, eingebettet unter den Karpatengipfeln, zieht Bergsteiger nach Poiana Bra\u0219ov und Geschichtsinteressierte zur nahegelegenen Zitadelle R\u00e2\u0219nov und zum sogenannten Dracula-Schloss in Bran. Kleinere Juwelen \u2013 Sibiu, Sighi\u0219oara, Alba Iulia und Bistri\u021ba \u2013 bieten erhaltene mittelalterliche Stadtkerne und ruhige Alleen, deren Kopfsteinpflaster an Jahrhunderte der Prozessionen und Pilgerfahrten erinnert.<\/p>\n<p>Der Tourismus hat sich zu einem wichtigen Wirtschaftsmotor entwickelt, macht rund f\u00fcnf Prozent des BIP aus und zieht im Jahr 2024 14 Millionen ausl\u00e4ndische Besucher an. Der Sommer an der Schwarzmeerk\u00fcste bleibt ein Anziehungspunkt, mit den Str\u00e4nden von Mamaia und der belebten Promenade von Constan\u0163a mit ihren Caf\u00e9s und Spas. Im Winter locken Skifahrer nach Sinaia, Predeal und Poiana Bra\u0219ov, w\u00e4hrend die bemalten Kirchen im Norden Moldawiens und die h\u00f6lzernen Heiligt\u00fcmer von Maramure\u0219 Kulturreisende anlocken. Der l\u00e4ndliche Tourismus floriert in D\u00f6rfern, die ihre traditionelle Folklore bewahren, von Brans N\u00e4he zu Draculas giftzungiger Legende \u00fcber die befestigten Kirchen Siebenb\u00fcrgens bis hin zum Fernwanderweg Via Transilvanica, der sich als Zeugnis f\u00fcr die Ideale des langsamen Reisens durch zehn Landkreise schl\u00e4ngelt. Investitionen in das Gastgewerbe \u2013 rund 400 Millionen Euro im Jahr 2005 \u2013 haben Hotels modernisiert, doch viele Pensionen bewahren ihre traditionelle Architektur und hausgemachte Sarmale (Kohlrouladen). Allein Schloss Bran zieht j\u00e4hrlich Hunderttausende Besucher an. Seine T\u00fcrme und engen Innenh\u00f6fe spiegeln sowohl mittelalterliche Verteidigungsanlagen als auch moderne Marketingma\u00dfnahmen wider. Das Donaudelta ist nach wie vor ein Zufluchtsort f\u00fcr Tierbeobachter, die in Holzbooten durch schilfbewachsene Kan\u00e4le gleiten und Pelikane und Rohrweihen ersp\u00e4hen.<\/p>\n<p>Rum\u00e4niens demografisches Mosaik ver\u00e4ndert sich. Die Volksz\u00e4hlung 2021 verzeichnete 19.053.815 Einwohner. Ethnische Rum\u00e4nen machen 89,33 Prozent aus, Ungarn 6,05 Prozent und Roma 3,44 Prozent \u2013 \u200b\u200bunabh\u00e4ngige Sch\u00e4tzungen gehen jedoch davon aus, dass der Roma-Anteil eher bei 8 Prozent liegt. In den Komitaten Harghita und Covasna stellen ungarische Gemeinden weiterhin die Mehrheit, und kleine Enklaven von Ukrainern, Deutschen, T\u00fcrken, Lipowanern, Aromunen, Tataren und Serben sind \u00fcber das Land verstreut. Die Migration nach dem EU-Beitritt und die niedrigen Geburtenraten haben einen allm\u00e4hlichen Bev\u00f6lkerungsr\u00fcckgang eingeleitet, w\u00e4hrend die st\u00e4dtischen Zentren durch Zuz\u00fcge aus dem Inland und ausl\u00e4ndische Auswanderer, die nach M\u00f6glichkeiten in der Technologie- und Automobilindustrie suchen, wachsen.<\/p>\n<p>Rum\u00e4niens kulturelles Erbe wurde durch elf UNESCO-Welterbest\u00e4tten \u2013 sechs Kultur- und f\u00fcnf Naturdenkm\u00e4ler \u2013 anerkannt, von den bemalten Kl\u00f6stern der Bukowina bis zum intakten Deltasystem des Donaudeltas. Diese Anerkennung unterstreicht ein zentrales Paradoxon: Rum\u00e4nien ist sowohl ein Land, in dem die Geschichte in jedem geschnitzten Holzportal und jeder patinierten Zinne sp\u00fcrbar ist, als auch eine Gesellschaft, die mit Glasfaserkabeln und Halbleiterfabriken ins 21. Jahrhundert katapultiert wird. Man kann eine von Sonnenblumen ges\u00e4umte Landstra\u00dfe unter einem blauen Himmelsgew\u00f6lbe \u00fcberqueren, im Morgengrauen einem Schafhirten begegnen und Stunden sp\u00e4ter in einen Hochgeschwindigkeitszug ins gl\u00e4serne Gesch\u00e4ftsviertel von Bukarest steigen.<\/p>\n<p>Die rum\u00e4nische Geschichte ist gepr\u00e4gt von Konvergenzen: Die lateinische Sprache bl\u00fcht inmitten slawischer, magyarischer und osmanischer Einfl\u00fcsse; barocke Pl\u00e4tze, die von Studenten und orthodoxen Pilgern gleicherma\u00dfen bev\u00f6lkert werden; bewaldete Berge, die Europas letzten gro\u00dfen Fleischfressern Schutz bieten, und T\u00e4ler voller Solarparks. Es ist ein Land, in dem die Spuren der Geschichte noch sichtbar sind \u2013 R\u00f6merstra\u00dfen unter modernen Autobahnen, mittelalterliche Zunfth\u00e4user neben eleganten Glasfassaden \u2013 und in dem Wirtschaftskennzahlen wie BIP und B\u00f6rsenwert mit der leisen Best\u00e4ndigkeit von Volksliedern und dem Zirpen der Zikaden in der Abendd\u00e4mmerung verglichen werden m\u00fcssen.<\/p>\n<p>In dieser Konvergenz liegt der anhaltende Reiz Rum\u00e4niens: ein Land, das zugleich alt und vielversprechend ist, dessen Identit\u00e4t von Geografie und Epoche gepr\u00e4gt ist, dessen Menschen als H\u00fcter eines Landes gelten, das immer wieder diejenigen \u00fcberrascht, die nur Vertrautes erwarten. Hier ist jede Reise eine Entdeckungsreise durch Zeit und Gel\u00e4nde, und jeder Stadtplatz eine Einladung, einer Zivilisation zuzuh\u00f6ren, die gelernt hat, Widerstandsf\u00e4higkeit und Erneuerung in Einklang zu bringen.<\/p>","protected":false},"excerpt":{"rendered":"<p>Rum\u00e4nien, strategisch g\u00fcnstig im Schnittpunkt Mittel-, Ost- und S\u00fcdosteuropas gelegen, z\u00e4hlte im Jahr 2023 rund 19 Millionen Einwohner. Fl\u00e4chenm\u00e4\u00dfig ist Rum\u00e4nien das zw\u00f6lftgr\u00f6\u00dfte Land Europas und das sechstbev\u00f6lkerungsreichste Mitglied der Europ\u00e4ischen Union. Es erstreckt sich \u00fcber 238.397 Quadratkilometer (92.046 Quadratmeilen) und zeichnet sich durch abwechslungsreiche Landschaften aus. Seine geografische Lage verleiht dem Land eine besondere Bedeutung: Es grenzt im Norden und Osten an die Ukraine, im Westen an Ungarn, im S\u00fcdwesten an Serbien, im S\u00fcden an Bulgarien und im Osten an Moldawien. \u00dcber die S\u00fcdk\u00fcste bietet es zudem Zugang zum Schwarzen Meer.<\/p>","protected":false},"author":1,"featured_media":4398,"parent":24078,"menu_order":0,"comment_status":"closed","ping_status":"closed","template":"elementor_theme","meta":{"_eb_attr":"","footnotes":""},"class_list":["post-11908","page","type-page","status-publish","has-post-thumbnail"],"_links":{"self":[{"href":"https:\/\/travelshelper.com\/de\/wp-json\/wp\/v2\/pages\/11908","targetHints":{"allow":["GET"]}}],"collection":[{"href":"https:\/\/travelshelper.com\/de\/wp-json\/wp\/v2\/pages"}],"about":[{"href":"https:\/\/travelshelper.com\/de\/wp-json\/wp\/v2\/types\/page"}],"author":[{"embeddable":true,"href":"https:\/\/travelshelper.com\/de\/wp-json\/wp\/v2\/users\/1"}],"replies":[{"embeddable":true,"href":"https:\/\/travelshelper.com\/de\/wp-json\/wp\/v2\/comments?post=11908"}],"version-history":[{"count":0,"href":"https:\/\/travelshelper.com\/de\/wp-json\/wp\/v2\/pages\/11908\/revisions"}],"up":[{"embeddable":true,"href":"https:\/\/travelshelper.com\/de\/wp-json\/wp\/v2\/pages\/24078"}],"wp:featuredmedia":[{"embeddable":true,"href":"https:\/\/travelshelper.com\/de\/wp-json\/wp\/v2\/media\/4398"}],"wp:attachment":[{"href":"https:\/\/travelshelper.com\/de\/wp-json\/wp\/v2\/media?parent=11908"}],"curies":[{"name":"wp","href":"https:\/\/api.w.org\/{rel}","templated":true}]}}