{"id":11747,"date":"2024-09-13T17:13:02","date_gmt":"2024-09-13T17:13:02","guid":{"rendered":"https:\/\/travelshelper.com\/staging\/?page_id=11747"},"modified":"2026-03-12T16:41:41","modified_gmt":"2026-03-12T16:41:41","slug":"sanremo","status":"publish","type":"page","link":"https:\/\/travelshelper.com\/de\/destinations\/europe\/italy\/sanremo\/","title":{"rendered":"Sanremo"},"content":{"rendered":"<p>Sanremo, auch San Remo genannt, ist eine bezaubernde K\u00fcstenstadt an der Mittelmeerk\u00fcste Liguriens in Norditalien. Die charmante Stadt mit 55.000 Einwohnern hat sich zu einem beliebten Touristenziel an der italienischen Riviera entwickelt. Sanremos lange Geschichte reicht bis in die R\u00f6merzeit zur\u00fcck und hat sich im Laufe der Jahre zu einem dynamischen Kulturzentrum mit zahlreichen Veranstaltungen entwickelt, die Menschen aus aller Welt anziehen.<\/p>\n<p>Das mediterrane Klima und die malerische K\u00fcste tragen ma\u00dfgeblich zu ihrer touristischen Attraktivit\u00e4t bei. Sanremo bietet eine exquisite Kombination aus nat\u00fcrlicher Sch\u00f6nheit, historischem Charme und modernem Komfort und ist damit ein idealer Ort f\u00fcr Touristen, die italienisches Dolce Vita erleben m\u00f6chten. Die t\u00fcrkisfarbenen Wellen des Mittelmeers streicheln sanft die K\u00fcste von Sanremo und bieten eine bezaubernde Kulisse f\u00fcr gem\u00fctliche Spazierg\u00e4nge entlang der Promenade oder ruhige Tage am Strand.<\/p>\n<p>Obwohl der Tourismus einen bedeutenden Wirtschaftszweig Sanremos darstellt, ist die Stadt auch f\u00fcr ihre hervorragende Landwirtschaft bekannt. Natives Oliven\u00f6l extra, ein hochgesch\u00e4tztes Produkt der Region, tr\u00e4gt die prestigetr\u00e4chtige gesch\u00fctzte Ursprungsbezeichnung (DOP). Diese gesch\u00fctzte Herkunftsbezeichnung garantiert, dass das in Sanremo und Umgebung produzierte Oliven\u00f6l strenge Qualit\u00e4tsanforderungen erf\u00fcllt und traditionelle Herstellungsverfahren bewahrt. Das goldgr\u00fcne \u00d6l ist ein Beispiel f\u00fcr das \u00fcppige Land und das g\u00fcnstige Klima der Region und ist daher ein fester Bestandteil der lokalen K\u00fcche und ein begehrtes Exportprodukt.<\/p>\n<p>Sanremos Auszeichnung als \u201eStadt der Blumen\u201c (la Citt\u00e0 dei Fiori) ist ein wesentlicher Aspekt ihrer Wirtschaft und ihres kulturellen Charakters. Die Stadt und ihre angrenzenden Regionen wie Arma di Taggia, Bordighera und Ospedaletti sind seit jeher f\u00fchrend im Blumenanbau f\u00fcr den Weltmarkt. Das gem\u00e4\u00dfigte Klima und die erfahrenen lokalen G\u00e4rtner beg\u00fcnstigen die ganzj\u00e4hrige Bl\u00fcte einer vielf\u00e4ltigen, lebendigen Flora. Die Blumenvielfalt steigert die landschaftliche Attraktivit\u00e4t der Stadt und f\u00f6rdert ein florierendes Gewerbe, das erheblich zur lokalen Wirtschaft beitr\u00e4gt.<\/p>\n<p>Das Engagement der Stadt f\u00fcr Kultur und Unterhaltung zeigt sich in den unz\u00e4hligen Veranstaltungsorten und Events. Das St\u00e4dtische Casino, ein architektonisches Meisterwerk aus dem Jahr 1905, ist ein Beispiel f\u00fcr Jugendstilarchitektur. Sein edles \u00c4u\u00dferes und die gro\u00dfz\u00fcgigen Innenr\u00e4ume lassen Besucher in eine vergangene Epoche der Eleganz und Kultiviertheit eintauchen. Neben seinen Spieltischen fungiert das Casino als kulturelles Zentrum und pr\u00e4sentiert j\u00e4hrlich eine Vielzahl von Veranstaltungen und Auff\u00fchrungen.<\/p>\n<p>Das Ariston Theater ist ein Muss f\u00fcr Liebhaber der darstellenden K\u00fcnste. Dieses renommierte Haus bietet j\u00e4hrlich ein beeindruckendes Programm mit Konzerten, Opern und Theaterauff\u00fchrungen. Das Theater ist eng mit dem Sanremo Music Festival verbunden, einem der renommiertesten Musikfestivals Italiens. J\u00e4hrlich vereint das Festival renommierte und aufstrebende K\u00fcnstler und pr\u00e4sentiert das Beste italienischer und internationaler Musik.<\/p>\n<p>Musikliebhaber werden das Sanremo Symphonieorchester, eines von nur zw\u00f6lf staatlich anerkannten Orchestern Italiens, zu sch\u00e4tzen wissen. Das Orchester gibt j\u00e4hrlich rund 120 Konzerte und bereichert die Kulturlandschaft der Stadt mit klassischer Pracht. Zahlreiche Konzerte finden im Opernhaus des Stadtcasinos statt und bieten eine ideale Verbindung von Musik und architektonischer Pracht.<\/p>\n<p>Sanremos Anziehungskraft geht \u00fcber seine kulturellen Leistungen hinaus und umfasst auch den Sport, insbesondere den Radsport. Die Stadt ist Zielort des Radklassikers Mailand-Sanremo, eines der weltweit angesehensten eint\u00e4gigen Profi-Radrennen. Dieses Rennen, bekannt als \u201eLa Primavera\u201c (Der Fr\u00fchling), zieht Spitzenradsportler und Radsportfans aus aller Welt an und unterstreicht Sanremos internationale Bedeutung.<\/p>\n<p>Die gute Erreichbarkeit ist ein entscheidender Faktor f\u00fcr Sanremos Attraktivit\u00e4t. Zahlreiche Transportalternativen verbinden Sanremo mit Gro\u00dfst\u00e4dten und angrenzenden L\u00e4ndern. Die Autobahn A10, passenderweise \u201eAutostrada dei Fiori\u201c genannt, verbindet Sanremo mit Genua und Ventimiglia, der Grenzstadt zu Frankreich. Diese malerische Stra\u00dfe mit ihren Hochstra\u00dfen und Viadukten bietet atemberaubende Panoramablicke auf die K\u00fcste. Nahe der franz\u00f6sischen Grenze geht die A10 nahtlos in die franz\u00f6sische Autobahn A8 \u00fcber und wird so zu einem Abschnitt der Europastra\u00dfe E80. Dies erm\u00f6glicht einen bequemen Transit zwischen Italien und Frankreich.<\/p>\n<p>F\u00fcr Reisende, die alternative Routen bevorzugen, bietet die SS1 (Aurelia Bis) eine mautfreie Abk\u00fcrzung zwischen Sanremo und Taggia. Die historische Via Aurelia, die einer alten R\u00f6merstra\u00dfe folgt, ist die wichtigste K\u00fcstenstra\u00dfe. Obwohl es in den Ortskernen zu Staus kommen kann, bietet die K\u00fcstenroute ein entspannteres Reiseerlebnis.<\/p>\n<p>Der \u00f6ffentliche Nahverkehr umfasst eine Obuslinie entlang der Via Aurelia, die Sanremo mit Taggia und Ventimiglia verbindet. Dieser Service bietet Einheimischen und Touristen eine einfache und umweltfreundliche M\u00f6glichkeit, die umliegenden Regionen zu erkunden.<\/p>\n<p>Sanremo verf\u00fcgt zwar nicht \u00fcber einen eigenen Flughafen, liegt aber nur 45 Minuten vom internationalen Flughafen C\u00f4te d&#039;Azur in Nizza, Frankreich, entfernt. Die N\u00e4he zu einem bedeutenden internationalen Zentrum steigert Sanremos Attraktivit\u00e4t als Touristenort erheblich.<\/p>\n<p>Die Eisenbahninfrastruktur der Stadt wurde in den letzten Jahren erheblich verbessert. Die alte K\u00fcstenbahnlinie, bekannt f\u00fcr ihren atemberaubenden Meerblick, wurde durch eine praktischere unterirdische Strecke ersetzt. Diese Verbesserung hat die Reisezeiten zu bedeutenden St\u00e4dten wie Imperia, Genua, Nizza, Mailand, Turin und Rom verk\u00fcrzt. Die Verlegung des Bahnhofs Sanremo neben dem Rathaus hat das Stadtbild der Stadt verbessert.<\/p>\n<p>Sanremo hat seine ehemalige Bahnstrecke erfolgreich in einen attraktiven Radweg und eine Fu\u00dfg\u00e4ngerzone umgewandelt \u2013 ein Beispiel f\u00fcr urbane Entwicklung. Die 24 Kilometer lange Strecke, die von Ospedaletti im Westen bis nach San Lorenzo al Mare im Osten reicht, bietet Einwohnern und Touristen eine einzigartige M\u00f6glichkeit, die K\u00fcste zu erkunden. Die umfunktionierte Bahnstrecke ist zu einer beliebten Attraktion geworden. Zahlreiche Fahrradverleihe entlang der Strecke und verschiedene Str\u00e4nde, die in beide Richtungen erreichbar sind, vereinen Fitness, Vergn\u00fcgen und Sch\u00f6nheit.<\/p>","protected":false},"excerpt":{"rendered":"<p>Sanremo, auch San Remo genannt, ist eine bezaubernde K\u00fcstenstadt an der Mittelmeerk\u00fcste Liguriens in Norditalien. Die charmante Stadt mit 55.000 Einwohnern hat sich zu einem beliebten Touristenziel an der italienischen Riviera entwickelt. Sanremos lange Geschichte reicht bis in die R\u00f6merzeit zur\u00fcck und hat sich im Laufe der Jahre zu einem dynamischen Kulturzentrum mit zahlreichen Veranstaltungen entwickelt, die Menschen aus aller Welt anziehen.<\/p>","protected":false},"author":1,"featured_media":11753,"parent":11663,"menu_order":0,"comment_status":"closed","ping_status":"closed","template":"elementor_theme","meta":{"_eb_attr":"","footnotes":""},"class_list":["post-11747","page","type-page","status-publish","has-post-thumbnail"],"_links":{"self":[{"href":"https:\/\/travelshelper.com\/de\/wp-json\/wp\/v2\/pages\/11747","targetHints":{"allow":["GET"]}}],"collection":[{"href":"https:\/\/travelshelper.com\/de\/wp-json\/wp\/v2\/pages"}],"about":[{"href":"https:\/\/travelshelper.com\/de\/wp-json\/wp\/v2\/types\/page"}],"author":[{"embeddable":true,"href":"https:\/\/travelshelper.com\/de\/wp-json\/wp\/v2\/users\/1"}],"replies":[{"embeddable":true,"href":"https:\/\/travelshelper.com\/de\/wp-json\/wp\/v2\/comments?post=11747"}],"version-history":[{"count":0,"href":"https:\/\/travelshelper.com\/de\/wp-json\/wp\/v2\/pages\/11747\/revisions"}],"up":[{"embeddable":true,"href":"https:\/\/travelshelper.com\/de\/wp-json\/wp\/v2\/pages\/11663"}],"wp:featuredmedia":[{"embeddable":true,"href":"https:\/\/travelshelper.com\/de\/wp-json\/wp\/v2\/media\/11753"}],"wp:attachment":[{"href":"https:\/\/travelshelper.com\/de\/wp-json\/wp\/v2\/media?parent=11747"}],"curies":[{"name":"wp","href":"https:\/\/api.w.org\/{rel}","templated":true}]}}