{"id":11657,"date":"2024-09-13T15:30:46","date_gmt":"2024-09-13T15:30:46","guid":{"rendered":"https:\/\/travelshelper.com\/staging\/?page_id=11657"},"modified":"2026-03-12T16:14:43","modified_gmt":"2026-03-12T16:14:43","slug":"cork","status":"publish","type":"page","link":"https:\/\/travelshelper.com\/de\/destinations\/europe\/ireland\/cork\/","title":{"rendered":"Kork"},"content":{"rendered":"<p>Cork, die \u201eRebellenstadt\u201c, ist Irlands zweitgr\u00f6\u00dfte Stadt mit 224.004 Einwohnern (Stand: Volksz\u00e4hlung 2022) und erstreckt sich \u00fcber rund 37 Quadratkilometer auf einer Insel, die von den beiden Kan\u00e4len des Flusses Lee gebildet wird. Die Stadt liegt im S\u00fcdwesten Irlands, ist Hauptstadt der Grafschaft Cork und verf\u00fcgt \u00fcber einen der gr\u00f6\u00dften nat\u00fcrlichen H\u00e4fen der Welt. Die Kais und Docks des Flusses flie\u00dfen ostw\u00e4rts in den Lough Mahon und den Hafen von Cork.<\/p>\n<p>Die im 6. Jahrhundert rund um ein von St. Fin Barre gegr\u00fcndete Kloster entstandene Siedlung, aus der sp\u00e4ter Cork entstand \u2013 auf Irisch Corcaigh, \u201eSumpf\u201c, genannt \u2013, verdankt ihre Urspr\u00fcnge dem fruchtbaren, schiffbaren Delta des Lee. Einfallende Wikinger erweiterten die Stadt um 915 n. Chr., und 1185 verlieh Prinz John Cork das Stadtrecht und erhob die Stadt unter der angevinischen Krone zur Stadt. Ein vollst\u00e4ndig ummauerter mittelalterlicher Kern wuchs auf der schmalen Insel zwischen den Kan\u00e4len des Lee heran, von denen einige sp\u00e4ter zugesch\u00fcttet wurden, um die heutige St. Patrick&#039;s Street, die South Mall und die Grand Parade zu bilden. Die verbliebenen Kan\u00e4le umschlie\u00dfen noch heute das Stadtzentrum, dessen pfeilf\u00f6rmiger Umriss von seiner Flussvergangenheit zeugt.<\/p>\n<p>Im 17. Jahrhundert florierte Cork durch den Seehandel, doch die zunehmende Schiffsgr\u00f6\u00dfe verlagerte die Hafenaktivit\u00e4ten flussabw\u00e4rts nach Cobh. Wohlhabende Vororte wie Sunday&#039;s Well und Montenotte entstanden auf den Anh\u00f6hen des Nordufers, w\u00e4hrend am S\u00fcdufer ein Universit\u00e4tscampus aus dem 19. Jahrhundert \u2013 das University College Cork \u2013 entstand. Die mittelalterlichen Stadtmauern sind nur noch in Fragmenten entlang der North und South Main Street erhalten, doch das Bewusstsein f\u00fcr das kulturelle Erbe lebt in Wahrzeichen wie der Red Abbey, dem einzigen mittelalterlichen Kirchenrest, und den Zwillingskathedralen St. Mary&#039;s (mit dem Bau der North Cathedral wurde 1808 begonnen, der Turm wurde in den 1860er Jahren hinzugef\u00fcgt) und Saint Fin Barre&#039;s (erbaut 1862\u20131879 auf \u00e4lteren Fundamenten nach den Entw\u00fcrfen von William Burges) fort.<\/p>\n<p>Corks politisches Temperament brachte der Stadt den Beinamen \u201eRebellenstadt\u201c ein, aufgrund ihrer Sympathien f\u00fcr die Yorkisten w\u00e4hrend der Rosenkriege und ihres sp\u00e4teren Widerstands gegen den Anglo-Irischen Vertrag im B\u00fcrgerkrieg, was in der lokalen Stra\u00dfenkunst und auf T-Shirts zu popul\u00e4ren Hinweisen auf eine \u201eechte Hauptstadt\u201c und die fiktive \u201eVolksrepublik Cork\u201c f\u00fchrte. Ihr unabh\u00e4ngiger Geist wird erg\u00e4nzt durch den Stolz auf ihre unverwechselbaren lokalen Essenstraditionen \u2013 Crubeens, Kutteln und Drisheen, die einst in Gastst\u00e4tten der Mitte des 20. Jahrhunderts wie denen von Katty Barry serviert wurden \u2013 und den jahrhundertealten English Market, dessen \u00fcberdachte St\u00e4nde mit Fisch, Fleisch, Obst und Gem\u00fcse und handwerklich hergestelltem K\u00e4se an Corks Identit\u00e4t als historischen Handelshafen erinnern. In j\u00fcngerer Zeit wurden Lagerh\u00e4user in den Docklands als Marina Market (Er\u00f6ffnung September 2020) und, in Ballintemple, als Black Market (September 2021) wiedergeboren, beides \u00fcberdachte Lebensmittelhallen, die lokale Anbieter mit Live-Events verbinden.<\/p>\n<p>Das ozeanische Klima der Stadt zeichnet sich durch milde Temperaturen, reichlich Niederschlag und die f\u00fcr Irlands K\u00f6ppen-Cfb-Klassifizierung typische Wechselhaftigkeit aus. Es herrscht Winterh\u00e4rtezone 9b; Frost oder Schnee sind im tiefliegenden Inselzentrum selten. Die Klimastation des Flughafens Cork, auf 153 m H\u00f6he, wenige Kilometer s\u00fcdlich des Inselkerns, verzeichnet durchschnittlich 1.239 mm Jahresniederschlag, 218 Regentage (\u00fcber 0,2 mm), davon 80 \u00fcber 5 mm, sowie 6,5 Tage Hagel und 9,5 Tage Schnee oder Graupel (nur zwei Tage Schneefall). Nebel bedeckt die Stadt an 97,8 Morgen pro Jahr, vorwiegend im Winter. Dennoch z\u00e4hlt Cork mit durchschnittlich \u00fcber vier Sonnenstunden pro Tag und nur 63,7 sonnenlosen Tagen, vor allem im Hochwinter, zu den sonnigsten St\u00e4dten Irlands. Gelegentliche \u00dcberschwemmungen entlang des Lee unterstreichen die enge Beziehung der Stadt zu ihren Wasserstra\u00dfen.<\/p>\n<p>Das kulturelle Leben in Cork pulsiert vor Kreativit\u00e4t. Die Cork School of Music und das Crawford College of Art and Design bilden zusammen mit den Theatereinrichtungen der UCC ein lebendiges Kunst-\u00d6kosystem. Die Corcadorca Theatre Company \u2013 einst Heimat von Cillian Murphy \u2013 teilt sich die R\u00e4umlichkeiten mit dem nationalen Institut f\u00fcr Choreographie und Tanz, dem intimen Triskel Arts Centre und seinem unabh\u00e4ngigen Kino, dem Tanzlokal Firkin Crane sowie der Ausbildung an der Cork Academy of Dramatic Art, dem Montfort College of Performing Arts und der Graffiti Theatre Company. J\u00e4hrliche Festivals \u2013 das Cork Jazz Festival, das Cork Film Festival und Live at the Marquee \u2013 ziehen ein internationales Publikum an, w\u00e4hrend das Everyman Palace Theatre und das Granary Theatre das ganze Jahr \u00fcber ein Repertoire bieten.<\/p>\n<p>Musikveranstaltungen bieten Platz f\u00fcr 50 bis 1000 Personen: das Cork Opera House, The Everyman, das Cork Arts Theatre, Cyprus Avenue, Dali, Triskel Christchurch, The Roundy und Coughlan&#039;s. Zu den einheimischen Talenten z\u00e4hlen das RT\u00c9 Vanbrugh Quartet, die Rockgr\u00f6\u00dfen John Spillane und Rory Gallagher, die bahnbrechenden Bands Five Go Down to the Sea?, Microdisney, The Frank and Walters, Sultans of Ping und Simple Kid sowie die Operns\u00e4nger Cara O&#039;Sullivan, Mary Hegarty, Brendan Collins und Sam McElroy. Literarische Kreise treffen sich rund um das Munster Literature Centre und das Triskel Arts Centre, ehren die aus Cork stammenden K\u00fcnstler Frank O&#039;Connor und Se\u00e1n \u00d3 Faol\u00e1in und f\u00f6rdern Stimmen wie Thomas McCarthy, Gerry Murphy und William Wall.<\/p>\n<p>Investitionen in die kulturelle Infrastruktur haben die Stadt ver\u00e4ndert: moderne Erweiterungen der Crawford Municipal Art Gallery, Renovierungen des Opernhauses zu Beginn des 21. Jahrhunderts, die 2004 er\u00f6ffnete Lewis Glucksman Gallery am UCC \u2013 nominiert f\u00fcr den britischen Stirling Prize \u2013 und die Fertigstellung des 60 Millionen Euro teuren Geb\u00e4udes der Musikschule im September 2007. Corks Wahl zur Kulturhauptstadt Europas 2005 und seine Aufnahme in die Best in Travel-Liste 2010 von Lonely Planet \u2013 gepriesen als \u201ekultiviert, lebendig und vielf\u00e4ltig\u201c \u2013 zeugen von seinem globalen Ansehen.<\/p>\n<p>Architektonisches Erbe schl\u00e4gt eine Br\u00fccke zwischen Epochen. Die St. Patrick&#039;s Street \u2013 einst der Kanal des Lee \u2013 schl\u00e4ngelt sich unter Arkaden und Fu\u00dfg\u00e4ngerzonen hindurch, ihr n\u00f6rdlicher Endpunkt wird durch eine Statue von Pater Mathew markiert. In der Oliver Plunkett Street steht das General Post Office mit seiner Kalksteinfassade, das auf dem Theatre Royal von 1760 errichtet wurde, das 1850 von Pablo Fanque als Amphitheater umgebaut wurde und 1877 zum heutigen GPO wurde. Die Grand Parade, eine baumges\u00e4umte Allee mit B\u00fcros und Finanzinstituten, bildet einen Kontrast zu den georgianischen Bankinnenr\u00e4umen der \u00e4lteren South Mall, zu der auch die B\u00f6rse der Allied Irish Bank aus den 1860er Jahren geh\u00f6rt. Die moderne Skyline wird von der County Hall \u2013 einst Irlands h\u00f6chstes Geb\u00e4ude, bis es vom nahe gelegenen Elysian \u00fcbertroffen wurde \u2013 und der skurrilen Bronzeskulptur \u201eCha and Miah\u201c gepr\u00e4gt. Auf der anderen Seite des Lee wurde das Our Lady\u2019s Psychiatric Hospital aus der viktorianischen Zeit als Wohnhaus Atkins Hall wiedergeboren.<\/p>\n<p>Der Turm der St. Anne&#039;s Kirche in Shandon dominiert die Nordseite und ist mit seiner Fassade aus rotem Sandstein und wei\u00dfem Kalkstein, gekr\u00f6nt von einer drei Meter hohen lachsfarbenen Wetterfahne, das Wahrzeichen der Stadt. Ganz in der N\u00e4he erinnert Skiddy&#039;s Almshouse an die Philanthropie des 18. Jahrhunderts. Das Rathaus von Cork, das in den 1930er Jahren als Zeichen der Vers\u00f6hnung mit der britischen Regierung nach dem \u201eBurning of Cork\u201c der Black and Tans im Jahr 1920 errichtet wurde, ersetzte das im Unabh\u00e4ngigkeitskrieg zerst\u00f6rte Rathaus. Die st\u00e4dtische Architektur setzt sich mit dem Gerichtsgeb\u00e4ude in der Washington Street und Elizabeth Fort fort, w\u00e4hrend kulturelle Sehensw\u00fcrdigkeiten wie die Christ Church (heute Triskel Arts Centre), die St. Mary&#039;s Dominican Church, die Uferstra\u00dfen der UCC, das ehemalige Frauengef\u00e4ngnis in Sunday&#039;s Well und der historische English Market aus dem Jahr 1786 (dessen Urspr\u00fcnge bis ins Jahr 1610 zur\u00fcckreichen) im \u00dcberfluss vorhanden sind.<\/p>\n<p>Gr\u00fcnfl\u00e4chen bereichern das Stadtleben: Westlich des Zentrums beherbergt der Fitzgerald&#039;s Park das Cork Public Museum; der Bishop Lucey Park bewahrt ein St\u00fcck mittelalterlicher Mauer; der Angelsee \u201eThe Lough\u201c und die Marina- und Atlantic Pond-Korridore am Rande von Blackrock laden Jogger, Ruderer und Radfahrer ein. Seit 2012 hat die Stadt Radwege und Fahrradst\u00e4nder in ihr Stra\u00dfenbild integriert, und 2014 startete An Rothar Nua ein \u00f6ffentliches Verleihsystem mit 330 Fahrr\u00e4dern an 31 Stationen.<\/p>\n<p>Die Brautradition in Cork besteht trotz der Schlie\u00dfung der Brauerei Beamish &amp; Crawford im Jahr 2009 fort. Der Betrieb wurde zu Murphy&#039;s in Lady&#039;s Well verlegt (wo mittlerweile auch Heineken im Inland gebraut wird). Die 1998 gegr\u00fcndete und sp\u00e4ter von Coors \u00fcbernommene Franciscan Well-Brauerei setzt die handwerkliche Produktion fort.<\/p>\n<p>Verkehrsverbindungen verbinden Cork mit Irland und dar\u00fcber hinaus. Der Flughafen Cork, der zweitgr\u00f6\u00dfte des Landes, liegt s\u00fcdlich der Stadt und bietet Fl\u00fcge zu \u00fcber 45 europ\u00e4ischen Zielen an. Die st\u00e4dtischen Buslinien \u00c9ireann (Linien 201\u2013226) verbinden das Zentrum mit Vororten, Einkaufszentren und Universit\u00e4tsgel\u00e4nden, w\u00e4hrend zwei Ringlinien Nord-S\u00fcd verkehren. Seit Januar 2019 bietet die Linie 220 Irlands ersten 24-Stunden-Bus an. Er verbindet Ballincollig und Carrigaline st\u00fcndlich zwischen 1:30 und 5:30 Uhr und verzeichnete im ersten Jahr ein Passagierwachstum von 70 Prozent. Im Oktober 2022 leitete die National Transport Authority \u00f6ffentliche Konsultationen zu BusConnects f\u00fcr Cork ein und schlug im Rahmen einer dritten Konsultationsrunde im November 2023 ein Dutzend Korridore, Busgates, erweiterte Busspuren und einen geplanten Umsteigepunkt am Cork University Hospital vor. Fernbusse fahren von Parnell Place nach Killarney, Waterford, Athlone, zum Flughafen Shannon, nach Limerick, Galway und Dublin, erg\u00e4nzt durch die privaten Betreiber Irish Citylink, Aircoach und Dublin Coach.<\/p>\n<p>Zu den maritimen Dienstleistungen geh\u00f6ren die Cross River Ferry zwischen Rushbrooke und Passage West, die den Pendlerverkehr unter dem Jack Lynch Tunnel erleichtert, und der Autoservice von Brittany Ferries von Ringaskiddy nach Roscoff, Frankreich, \u00fcber den Hafen von Cork, sechzehn Kilometer s\u00fcd\u00f6stlich des Zentrums. Stra\u00dfenverbesserungen ab den 1980er Jahren \u2013 Cork South Link, South Ring-Schnellstra\u00dfe, Jack Lynch Tunnel, Kinsale Road-\u00dcberf\u00fchrung (2006), N20-Umgehungsstra\u00dfen und der fu\u00dfg\u00e4ngerfreundliche Umbau der Patrick Street \u2013 verlaufen entlang der Autobahn M8 nach Dublin.<\/p>\n<p>Eisenbahnen pr\u00e4gten einst das Verkehrsnetz von Cork mit acht Bahnh\u00f6fen, die lokale und regionale Strecken anbinden. Heute ist der Bahnhof Kent der Knotenpunkt f\u00fcr die st\u00fcndlichen Abfahrten von Irish Rail nach Dublin und die InterCity-Verbindungen nach Killarney, Tralee, Limerick, Ennis und Galway. Little Island und Glounthaune bedienen Pendler aus den Vororten sowie die 2009 wiederer\u00f6ffnete Strecke Glounthaune\u2013Midleton. Historische Stra\u00dfenbahnen \u2013 1872 noch von Pferden gezogen und von 1898 bis 1931 elektrisch \u2013 sind modernen Gleisen gewichen.<\/p>\n<p>Die Bev\u00f6lkerung von Cork ist von 208.669 Einwohnern bei der Volksz\u00e4hlung 2016 auf 224.004 im Jahr 2022 gestiegen. Dies ist auf die Erweiterung des Stadtgebiets zur\u00fcckzuf\u00fchren, wodurch St\u00e4dte wie Blarney in die Stadtgrenzen einbezogen wurden. Die Metropolregion Cork z\u00e4hlt mittlerweile \u00fcber 300.000 Einwohner. Eine Vielzahl von Einwanderergemeinschaften bereichert das soziale Gef\u00fcge: Polen, Briten, Litauer, Franzosen, Deutsche, Inder, Nigerianer, Ungarn, Slowaken und Spanier tragen alle zum kosmopolitischen Charakter der Stadt bei. Der Frauenanteil ist geringf\u00fcgig h\u00f6her als der der M\u00e4nner, was den nationalen Trends entspricht, allerdings mit geringerem Abstand.<\/p>\n<p>Unter seinem Ruf als \u201eRebellenstadt\u201c bleibt Cork ein vielschichtiges urbanes Geflecht \u2013 zugleich mittelalterliches Kloster, Wikingerfestung, georgianischer Handelshafen und moderne europ\u00e4ische Kulturhauptstadt \u2013 dessen vom Fluss durchschnittener Inselkern und geschichtstr\u00e4chtige Kais weiterhin eine lebendige Stadt formen, die sich der Welt zuwendet, auch wenn sie gleichzeitig ihr Erbe mit ihrer starken Unabh\u00e4ngigkeit bewahrt.<\/p>","protected":false},"excerpt":{"rendered":"<p>Cork ist die zweitgr\u00f6\u00dfte Stadt Irlands und das Verwaltungszentrum der Grafschaft Cork mit 224.004 Einwohnern laut der Volksz\u00e4hlung von 2022. Diese dynamische Metropole in der Provinz Munster ist die drittgr\u00f6\u00dfte Stadt Irlands. Die markante Topographie der Stadt wird durch ihren Kern gepr\u00e4gt, der auf einer Insel liegt, die von zwei Kan\u00e4len des Flusses Lee gebildet wird. Diese Kan\u00e4le treffen am \u00f6stlichen Ende der Stadt zusammen, wo sich ein ausgedehntes Netz von Kais und Docks bis zum Lough Mahon und dem Cork Harbour erstreckt, der als einer der gr\u00f6\u00dften Naturh\u00e4fen der Welt gilt.<\/p>","protected":false},"author":1,"featured_media":3992,"parent":11622,"menu_order":0,"comment_status":"closed","ping_status":"closed","template":"elementor_theme","meta":{"_eb_attr":"","footnotes":""},"class_list":["post-11657","page","type-page","status-publish","has-post-thumbnail"],"_links":{"self":[{"href":"https:\/\/travelshelper.com\/de\/wp-json\/wp\/v2\/pages\/11657","targetHints":{"allow":["GET"]}}],"collection":[{"href":"https:\/\/travelshelper.com\/de\/wp-json\/wp\/v2\/pages"}],"about":[{"href":"https:\/\/travelshelper.com\/de\/wp-json\/wp\/v2\/types\/page"}],"author":[{"embeddable":true,"href":"https:\/\/travelshelper.com\/de\/wp-json\/wp\/v2\/users\/1"}],"replies":[{"embeddable":true,"href":"https:\/\/travelshelper.com\/de\/wp-json\/wp\/v2\/comments?post=11657"}],"version-history":[{"count":0,"href":"https:\/\/travelshelper.com\/de\/wp-json\/wp\/v2\/pages\/11657\/revisions"}],"up":[{"embeddable":true,"href":"https:\/\/travelshelper.com\/de\/wp-json\/wp\/v2\/pages\/11622"}],"wp:featuredmedia":[{"embeddable":true,"href":"https:\/\/travelshelper.com\/de\/wp-json\/wp\/v2\/media\/3992"}],"wp:attachment":[{"href":"https:\/\/travelshelper.com\/de\/wp-json\/wp\/v2\/media?parent=11657"}],"curies":[{"name":"wp","href":"https:\/\/api.w.org\/{rel}","templated":true}]}}