{"id":11647,"date":"2024-09-13T15:19:49","date_gmt":"2024-09-13T15:19:49","guid":{"rendered":"https:\/\/travelshelper.com\/staging\/?page_id=11647"},"modified":"2026-03-12T16:14:19","modified_gmt":"2026-03-12T16:14:19","slug":"dublin","status":"publish","type":"page","link":"https:\/\/travelshelper.com\/de\/destinations\/europe\/ireland\/dublin\/","title":{"rendered":"Dublin"},"content":{"rendered":"<p>Dublin ist die Hauptstadt und gr\u00f6\u00dfte Stadt Irlands und erstreckt sich \u00fcber rund 345 km\u00b2 an der Ostk\u00fcste des Landes an der M\u00fcndung des Flusses Liffey. Die Stadt liegt in der Provinz Leinster und grenzt im S\u00fcden an die niedrigen Dublin Mountains. Das Stadtgebiet hatte bei der Volksz\u00e4hlung 2022 592.713 Einwohner, w\u00e4hrend das gr\u00f6\u00dfere Stadtgebiet \u2013 Dublin und seine Vororte \u2013 1.263.219 Einwohner z\u00e4hlte. Die Grafschaft Dublin z\u00e4hlte insgesamt 1.501.500 Einwohner und best\u00e4tigte damit Dublins Status als bev\u00f6lkerungsreichste Stadt der irischen Insel.<\/p>\n<p>Dublins Urspr\u00fcnge gehen auf eine fr\u00fchg\u00e4lische Siedlung zur\u00fcck, die im 7. Jahrhundert oder fr\u00fcher gegr\u00fcndet wurde und strategisch g\u00fcnstig an der M\u00fcndung des Flusses Poddle in den Liffey lag. Diese Lage, erg\u00e4nzt durch den Zugang zu den kleinen B\u00e4chen Steine \u200b\u200b(oder Steyne), Camac und Bradogue, zog Wikinger an, die eine Handelsstadt gr\u00fcndeten und mit Erdwerken befestigten. Bis zur anglonormannischen Invasion im sp\u00e4ten 12. Jahrhundert hatte sich die Siedlung zum K\u00f6nigreich Dublin entwickelt und war Irlands wichtigstes urbanes Zentrum. In den folgenden Jahrhunderten dehnte sich die Stadt \u00fcber ihre mittelalterlichen Mauern hinaus aus. Im 17. und 18. Jahrhundert erlebte Dublin ein rasantes Wachstum, beg\u00fcnstigt durch seinen Status als Hafen und Verwaltungssitz. Nach den Acts of Union von 1800 wurde Dublin kurzzeitig die zweitgr\u00f6\u00dfte Stadt des Britischen Empire und die sechstgr\u00f6\u00dfte in Westeuropa. Nach der Unabh\u00e4ngigkeit des Irischen Freistaats 1922 \u2013 und der Umbenennung in Irland 1937 \u2013 wurde Dublin zur Hauptstadt ernannt. Zu Beginn des 21. Jahrhunderts erlangte die Stadt Anerkennung als globaler Knotenpunkt f\u00fcr Handel und Kultur und wurde vom Globalization and World Cities Research Network als \u201eAlpha-Minus\u201c-Stadt eingestuft.<\/p>\n<p>Die Morphologie der Stadt spiegelt ihre maritime Lage und ihr Flussnetz wider. Der Fluss Liffey teilt Dublin in Nord- und S\u00fcdseite. Sein Lauf biegt bei Leixlip von nord\u00f6stlicher zu ostw\u00e4rts ab, wenn er in die Bucht m\u00fcndet. Nebenfl\u00fcsse \u2013 die Tolka, die s\u00fcd\u00f6stlich in die Bucht m\u00fcndet, und der Dodder, der nord\u00f6stlich in Richtung Liffey flie\u00dft \u2013 ziehen zahlreiche Nebenfl\u00fcsse durch Vororte. Zwei Kan\u00e4le aus dem 19. Jahrhundert, der Grand im S\u00fcden und der Royal im Norden, umschlie\u00dfen die Innenstadt auf ihrem westlichen Weg, bevor sie in den Shannon m\u00fcnden. Jenseits der Wasserstra\u00dfen erstrecken sich im Norden und Westen flache landwirtschaftliche Fl\u00e4chen, w\u00e4hrend sich im S\u00fcden die Dublin Mountains bescheiden erheben und Teil der gr\u00f6\u00dferen Wicklow-Bergkette sind.<\/p>\n<p>Dublins Klima entspricht der maritimen gem\u00e4\u00dfigten Klassifizierung. Die Sommer sind mild, mit durchschnittlichen H\u00f6chsttemperaturen von 20,1 \u00b0C im Juli am Merrion Square, und die Winter k\u00fchl, mit durchschnittlichen Tiefsttemperaturen von 4,1 \u00b0C im Februar. Der st\u00e4dtische W\u00e4rmeinseleffekt macht die Sommern\u00e4chte deutlich w\u00e4rmer \u2013 die Tiefsttemperaturen im Juli liegen im Durchschnitt bei 13,5 \u00b0C, und die h\u00f6chste offizielle Temperatur von 33,1 \u00b0C wurde im Juli 2022 im Phoenix Park gemessen. Die Niederschl\u00e4ge konzentrieren sich auf Regen, mit einer j\u00e4hrlichen Gesamtmenge von etwa 683 mm in Ringsend nahe der S\u00fcdk\u00fcste \u2013 etwa halb so viel wie in Irlands westlichen Regionen. Zwischen November und M\u00e4rz gibt es gelegentlich Schneeschauer, Hagel ist jedoch h\u00e4ufiger. Die Atlantikwinde erreichen im Herbst ihren H\u00f6hepunkt, verlieren aber aufgrund der Ostlage Dublins im Vergleich zu westlichen Orten an St\u00e4rke. Die K\u00fcstengebiete erfreuen sich \u00fcber 1.600 Sonnenstunden im Jahr, die landeinw\u00e4rts abnehmend; Die Station des Flughafens Dublin war in einem einzigen Jahr (1959) 1.740 Stunden in Betrieb, im Jahr 1987 hingegen nur 1.240 Stunden. Ende des 20. Jahrhunderts f\u00fchrten Bedenken hinsichtlich der Luftverschmutzung 1990 zu einem Verbot bitumin\u00f6ser Brennstoffe, was zu einem messbaren R\u00fcckgang der kardiovaskul\u00e4ren und respiratorischen Mortalit\u00e4t f\u00fchrte.<\/p>\n<p>Das historische Herz Dublins liegt innerhalb des Rechtecks, das im Westen vom Royal Canal und Grand Canal, dem Bahnhof Heuston und Phoenix Park sowie im Osten vom International Financial Services Centre und den Docklands begrenzt wird. Die O&#039;Connell Street, die in Nord-S\u00fcd-Richtung \u00fcber den Liffey verl\u00e4uft, dient als wichtigster Boulevard, w\u00e4hrend Henry Street und Grafton Street die wichtigsten Einkaufsviertel am Nord- bzw. S\u00fcdufer bilden. Viktorianische Wohn- und Gesch\u00e4ftsh\u00e4user \u2013 wie die George&#039;s Street Arcade \u2013 pr\u00e4gen die s\u00fcdliche Innenstadt. Obwohl in der Stadtplanung nicht formell abgegrenzt, haben sich in der Tourismus- und Marketingsprache verschiedene \u201eViertel\u201c herausgebildet: mittelalterliche Mauern und Kirchenbezirke; georgianische Pl\u00e4tze und die Umgebung des Trinity College; die Docklands und der Technologiekorridor \u201eSilicon Docks\u201c sowie kulturelle Enklaven rund um Temple Bar und die Kreativwerkst\u00e4tten zwischen South William Street und George&#039;s Street.<\/p>\n<p>Die umliegenden Vororte erweitern den st\u00e4dtischen Bereich. Im Norden vereinen Blanchardstown, Finglas, Ballymun, Clontarf, Raheny, Malahide und Howth Wohn-, Gewerbe- und Hafengebiete. Zu den Bezirken im S\u00fcden z\u00e4hlen Tallaght, Sandyford, Templeogue, Drimnagh, Rathmines, D\u00fan Laoghaire und Dalkey, jeweils mit charakteristischen Wohnformen und Freizeitangeboten. Seit Ende der 2010er Jahre pr\u00e4gten mittelhohe und hochverdichtete Apartmentprojekte Teile von Sandyford, Ashtown und Tallaght neu und spiegelten den Bev\u00f6lkerungsdruck und die ver\u00e4nderten Planungspriorit\u00e4ten wider. Historisch gesehen symbolisierte der Liffey eine sozio\u00f6konomische Kluft: Gemeinden im S\u00fcden wurden oft als wohlhabender wahrgenommen, w\u00e4hrend die \u00f6stlichen K\u00fcstenvororte einen subtilen Kontrast zu den neueren Entwicklungen im Westen bildeten.<\/p>\n<p>Dublins Wahrzeichen umfassen mittelalterliche Befestigungsanlagen, \u00f6ffentliche Geb\u00e4ude aus dem 18. Jahrhundert und moderne Skulpturen. Dublin Castle, 1204 auf Gehei\u00df von K\u00f6nig Johann gegr\u00fcndet, ist ein typisches Beispiel normannischer Hofarchitektur ohne zentralen Bergfried, dessen Au\u00dfenmauern von Fl\u00fcssen und Gr\u00e4ben gest\u00fctzt werden. Die Alte Bibliothek des Trinity College beherbergt das Book of Kells, die illuminierte Evangelienhandschrift aus dem 8. Jahrhundert, die Gelehrte und Touristen gleicherma\u00dfen anzieht. In der O&#039;Connell Street steht das Monument of Light oder auch Spire of Dublin, eine 121,2 Meter hohe Edelstahls\u00e4ule, die 2003 als Zeichen der Ambitionen des 21. Jahrhunderts fertiggestellt wurde. Die Ha&#039;penny Bridge \u2013 ein eiserner Fu\u00dfweg, der sich \u00fcber den Liffey w\u00f6lbt \u2013 ist ein Sinnbild der Ingenieurskunst der Stadt im 19. Jahrhundert und z\u00e4hlt zu den meistfotografierten Motiven. Das kirchliche Erbe spiegelt sich in der Christ Church Cathedral und der St. Patrick&#039;s Cathedral wider. Stadtpracht im Leinster House, dem Custom House und \u00c1ras an Uachtar\u00e1in (der Pr\u00e4sidentenresidenz im Phoenix Park) pr\u00e4gt die Stadtsilhouette zus\u00e4tzlich. Die Molly-Malone-Statue, das Anna-Livia-Denkmal und die beiden Poolbeg-Schornsteine \u200b\u200bpr\u00e4gen die Stadtsilhouette.<\/p>\n<p>Gr\u00fcnfl\u00e4chen pr\u00e4gen Dublins Stadtbild. Im Zust\u00e4ndigkeitsbereich der Stadtverwaltung liegen \u00fcber 300 Parks und 66 Nebenfl\u00e4chen mit einer Gesamtfl\u00e4che von mehr als 1.500 Hektar. Der Phoenix Park mit seinem 707 Hektar gro\u00dfen Gehege und seiner Damwildherde z\u00e4hlt zu den gr\u00f6\u00dften ummauerten Parks Europas; er beherbergt Ashtown Castle, den Dubliner Zoo und die Residenz des US-Botschafters. St. Stephen\u2019s Green, angrenzend an die Grafton Street, fungiert als viktorianischer Kurgarten, der zum \u00f6ffentlichen Heiligtum umgebaut wurde. Saint Anne\u2019s Park \u2013 der zweitgr\u00f6\u00dfte Stadtpark \u2013 entstand als Teil des Guinness-Familienguts in Raheny und Clontarf, w\u00e4hrend Bull Island und sein f\u00fcnf Kilometer langer Dollymount Strand Erholungsm\u00f6glichkeiten an der K\u00fcste bieten. Diese Parks tragen zur Lebensqualit\u00e4t und zum \u00f6kologischen Gleichgewicht der Stadt bei.<\/p>\n<p>Dublins Expansion \u00fcber die alten Baronien Dublin City und Dublin hinaus k\u00fcndigte administrative Neuordnungen an. Im 19. und 20. Jahrhundert wurden die von den Grafschaften verwalteten Gebiete nach und nach in die Stadtverwaltung integriert. 1985 fielen einige Gebiete wieder unter die Zust\u00e4ndigkeit der Grafschaften, obwohl das Stadtgebiet weiter wuchs. Heute umfasst der Begriff \u201eGreater Dublin Area\u201c das traditionelle Stadtgebiet Dublin, die drei nachfolgenden Verwaltungsbezirke \u2013 D\u00fan Laoghaire-Rathdown, Fingal und South Dublin \u2013 sowie die angrenzenden Bezirke Kildare, Meath und Wicklow. Insgesamt bildeten sie einen Wirtschaftsraum, in dem 2017 rund 874.400 Menschen besch\u00e4ftigt waren, darunter 60 Prozent der irischen Arbeitskr\u00e4fte im Finanz-, IKT- und professionellen Sektor.<\/p>\n<p>Als nationaler Wirtschaftsmotor f\u00fchrte Dublin die Expansion des Celtic Tiger an. 2009 belegte die Stadt weltweit den vierten Platz nach Kaufkraft und den zehnten Platz nach pers\u00f6nlichem Einkommen. Mercer-Umfragen stufen sie unter den teureren St\u00e4dten Europas ein, obwohl die relative Position in den letzten zehn Jahren schwankte. Der Dienstleistungssektor dominiert mit dynamischen Clustern in den Bereichen Technologie, Finanzen und Kultur. Der Einzelhandel floriert im Zentrum \u2013 Arnotts und Brown Thomas bilden die Hauptgesch\u00e4ftsviertel der Grafton Street, w\u00e4hrend sich in der Henry Street mehrere Kaufh\u00e4user befinden \u2013 und in Vorstadtzentren wie dem Dundrum Town Centre, dem Blanchardstown Centre, The Square in Tallaght und Liffey Valley in Clondalkin. Traditionelle M\u00e4rkte haben sich gehalten: In der Moore Street, einem der \u00e4ltesten Handelsviertel, gibt es neben Bauernm\u00e4rkten und der gemeinschaftsorientierten Dublin Food Co-op in The Liberties.<\/p>\n<p>Dublins Vorrangstellung wird durch ein dichtes Verkehrsnetz unterstrichen. Stra\u00dfen verlaufen strahlenf\u00f6rmig vom Stadtkern aus und m\u00fcnden in die Autobahn M50, einen Halbring, der nationale Hauptverkehrsstra\u00dfen verbindet. Der West-Link-\u00dcbergang wurde 2008 mit der barrierefreien eFlow-Maut eingef\u00fchrt. Der 2006 er\u00f6ffnete Dublin Port Tunnel leitet Schwerlastverkehr zwischen dem Hafen und der M1. Verkehrsstaus bleiben eine Herausforderung \u2013 Dublin belegte 2016 den f\u00fcnfzehnten Platz unter den verkehrsreichsten St\u00e4dten weltweit. Busunternehmen betreiben im Rahmen von Dublin Bus und Go Ahead Ireland fast 200 Linien, wobei Echtzeit-Fahrgastinformationsanzeigen die Pendler anleiten. Die Leap Card vereinheitlicht die Fahrpreiszahlung f\u00fcr alle Verkehrsmittel. BusConnects, eine umfassende Neugestaltung des Verkehrsnetzes, sieht h\u00f6here Taktfrequenzen auf den Hauptstrecken und Ringverbindungen vor.<\/p>\n<p>Das Radfahren hat seit den 1990er Jahren stetig zugenommen. Unterst\u00fctzt wird dies durch die im Jahr 2012 \u00fcber 200 km langen Fahrspuren auf und abseits der Stra\u00dfe sowie das Selbstbedienungssystem Dublinbikes, das 2018 \u00fcber zwei Millionen Fahrten verzeichnete. Obwohl die Stadt in internationalen Fahrradfreundlichkeitsindizes von Platz 9 im Jahr 2011 auf au\u00dferhalb der Top 20 im Jahr 2017 zur\u00fcckfiel, investiert sie weiter in die Fahrradinfrastruktur. Das Schienennetz konzentriert sich auf die Bahnh\u00f6fe Heuston und Connolly und bedient Vorort- und \u00dcberlandlinien. Die elektrifizierte DART-Linie bedient 31 K\u00fcstenbahnh\u00f6fe. Das 2004 er\u00f6ffnete Stadtbahnnetz der Luas, das j\u00e4hrlich \u00fcber 34 Millionen Fahrg\u00e4ste bef\u00f6rdert, besteht aus der roten und der gr\u00fcnen Linie mit 67 Haltestellen und 44,5 km Gleisen. Die Verl\u00e4ngerung der gr\u00fcnen Linie wurde im Dezember 2017 er\u00f6ffnet. Eine k\u00fcnftige U-Bahn namens Metrolink soll die Nordseite, den Flughafen und das Stadtzentrum verbinden.<\/p>\n<p>Vom Dubliner Hafen aus gibt es Schiffsverbindungen nach Holyhead mit Anschluss an den Bahnverkehr nach London. F\u00e4hrterminals sind mit dem Stadtbus und der Luas erreichbar. Der Flughafen Dublin, Irlands verkehrsreichster und gemessen am Passagieraufkommen der elftgr\u00f6\u00dfte Flughafen der EU, liegt zehn Kilometer n\u00f6rdlich der Stadt in Fingal. Er beherbergt Drehkreuze von Aer Lingus, CityJet und Ryanair mit Kurz-, Mittel- und Langstreckenverbindungen nach Europa, Nordamerika und dar\u00fcber hinaus. Die Passagierzahlen stiegen von 24 Millionen im Jahr 2010 auf fast 33 Millionen im Jahr 2019, was einem Anstieg von fast 9,5 Millionen in sechs Jahren entspricht. Regionale Flugpl\u00e4tze, Hubschrauberbetreiber und das Milit\u00e4r nutzen die nahegelegenen Flugpl\u00e4tze Weston und Casement.<\/p>\n<p>Verwaltungstechnisch umfasst die Stadt Dublin die Postleitzahlbezirke Dublin 1\u2013Dublin 24, die mittlerweile in das nationale Eircode-System integriert sind und eine pr\u00e4zise Geolokalisierung anhand der Codes erm\u00f6glichen (z. B. D04 f\u00fcr Ballsbridge). Laut der Volksz\u00e4hlung von 2022 waren 62,9 Prozent der Einwohner der Stadt und ihrer Vororte in Dublin geboren, 26,6 Prozent stammten aus dem Ausland und 10,5 Prozent aus anderen irischen Grafschaften. Etwa die H\u00e4lfte der Bev\u00f6lkerung von Greater Dublin ist unter 25 Jahre alt, was ein pulsierendes Kulturleben erm\u00f6glicht. Das Nachtleben konzentriert sich um die Harcourt Street, Camden Street, Wexford Street und Leeson Street, wobei Temple Bar seine Doppelidentit\u00e4t als Kulturviertel und Anziehungspunkt f\u00fcr Besucherpartys bewahrt \u2013 was sowohl Bewunderung f\u00fcr seine Ateliers als auch Kritik an \u00fcberh\u00f6hten Preisen hervorruft.<\/p>\n<p>Dublins Mischung aus historischer Tiefe, \u00f6kologischer Vielfalt und komplexer Infrastruktur untermauert seine Rolle als politisches, wirtschaftliches und kulturelles Zentrum Irlands. Seine Fl\u00fcsse und Kan\u00e4le, Berge und Parks, Stra\u00dfen und Vororte pr\u00e4gen ein Stadtbild, das sich \u00fcber dreizehn Jahrhunderte entwickelt hat und dennoch in seiner einzigartigen Geografie und seinem Gemeinschaftsleben verankert ist.<\/p>","protected":false},"excerpt":{"rendered":"<p>Dublin, die Hauptstadt Irlands, ist eine dynamische Stadt an einer Bucht an der M\u00fcndung des Flusses Liffey in der Provinz Leinster. Laut der Volksz\u00e4hlung von 2022 hatte das Stadtgebiet 592.713 Einwohner, w\u00e4hrend Dublin City mit seinen Vororten 1.263.219 Einwohner z\u00e4hlte. Die weitere Region County Dublin hatte 1.501.500 Einwohner, womit Dublin die gr\u00f6\u00dfte Stadt Irlands ist. Diese pulsierende Metropole wird im S\u00fcden von den Dublin Mountains begrenzt, die Teil der malerischen Wicklow Mountains sind.<\/p>","protected":false},"author":1,"featured_media":4653,"parent":11622,"menu_order":0,"comment_status":"closed","ping_status":"closed","template":"elementor_theme","meta":{"_eb_attr":"","footnotes":""},"class_list":["post-11647","page","type-page","status-publish","has-post-thumbnail"],"_links":{"self":[{"href":"https:\/\/travelshelper.com\/de\/wp-json\/wp\/v2\/pages\/11647","targetHints":{"allow":["GET"]}}],"collection":[{"href":"https:\/\/travelshelper.com\/de\/wp-json\/wp\/v2\/pages"}],"about":[{"href":"https:\/\/travelshelper.com\/de\/wp-json\/wp\/v2\/types\/page"}],"author":[{"embeddable":true,"href":"https:\/\/travelshelper.com\/de\/wp-json\/wp\/v2\/users\/1"}],"replies":[{"embeddable":true,"href":"https:\/\/travelshelper.com\/de\/wp-json\/wp\/v2\/comments?post=11647"}],"version-history":[{"count":0,"href":"https:\/\/travelshelper.com\/de\/wp-json\/wp\/v2\/pages\/11647\/revisions"}],"up":[{"embeddable":true,"href":"https:\/\/travelshelper.com\/de\/wp-json\/wp\/v2\/pages\/11622"}],"wp:featuredmedia":[{"embeddable":true,"href":"https:\/\/travelshelper.com\/de\/wp-json\/wp\/v2\/media\/4653"}],"wp:attachment":[{"href":"https:\/\/travelshelper.com\/de\/wp-json\/wp\/v2\/media?parent=11647"}],"curies":[{"name":"wp","href":"https:\/\/api.w.org\/{rel}","templated":true}]}}