{"id":11638,"date":"2024-09-13T14:54:10","date_gmt":"2024-09-13T14:54:10","guid":{"rendered":"https:\/\/travelshelper.com\/staging\/?page_id=11638"},"modified":"2026-03-12T16:13:50","modified_gmt":"2026-03-12T16:13:50","slug":"galway","status":"publish","type":"page","link":"https:\/\/travelshelper.com\/de\/destinations\/europe\/ireland\/galway\/","title":{"rendered":"Galway"},"content":{"rendered":"<p>Galway ist eine kompakte Stadt mit einer Fl\u00e4che von 57,3 Quadratkilometern an der irischen Westk\u00fcste, wo der Fluss Corrib zwischen Lough Corrib und der Galway Bay flie\u00dft. Mit 85.910 Einwohnern (2022) ist sie das wichtigste urbane Zentrum von Connacht und die viertgr\u00f6\u00dfte Stadt der Republik Irland. Ihre Urspr\u00fcnge gehen auf eine Festung zur\u00fcck, die 1124 von Hochk\u00f6nig Tairrdelbach Ua Conchobair errichtet wurde, und ihre geschichtstr\u00e4chtigen Stra\u00dfen tragen noch heute die Spuren mittelalterlicher Mauern, Kaufmannsz\u00fcnfte und des Seehandels.<\/p>\n<p>Die fr\u00fchesten Kapitel Galways spielten sich rund um D\u00fan Gaillimhe ab, die \u201eFestung an der M\u00fcndung des Gaillimh\u201c, die 1124 auf Befehl von Tairrdelbach Ua Conchobair fertiggestellt wurde, dessen Flotte die Atlantikk\u00fcste patrouillierte. Kaum mehr als ein Jahrhundert sp\u00e4ter nahmen normannische Truppen unter Richard Mor de Burgh den Au\u00dfenposten bei ihrer Eroberung von Connacht in den 1230er Jahren ein. Die Burg und die sie umgebende Siedlung blieben jedoch nicht fest in normannischer Hand. Die Lords der Familie de Burgh \u00fcbernahmen nach und nach irische Br\u00e4uche, und im Sp\u00e4tmittelalter wurde die Stadt von einer Oligarchie aus vierzehn Kaufmannsfamilien gepr\u00e4gt, die als die St\u00e4mme von Galway bekannt waren. Im Dezember 1484 verlieh eine k\u00f6nigliche Charta den B\u00fcrgern der ummauerten Stadt den B\u00fcrgermeisterstatus und formalisierte damit die Verwaltung eines Hafens, der vom Handel mit Spanien und Frankreich florierte.<\/p>\n<p>Im 15. und 16. Jahrhundert florierte das mittelalterliche Galway durch den transatlantischen Handel mit Wolle, Wein, Salz und Fisch. Der Spanische Bogen oder Ceann an Bhalla, der w\u00e4hrend William Martins Amtszeit als B\u00fcrgermeister 1519\u20131520 errichtet wurde, ist noch immer eine einsame Erinnerung an die einstige Umfassungsmauer. Die Handelselite der Stadt \u2013 zw\u00f6lf Normannen und zwei G\u00e4len \u2013 pflegte ein vorsichtiges Verh\u00e4ltnis zu ihrem g\u00e4lischen Hinterland und brachte sogar eine Warnung \u00fcber dem Westtor an, in der sie um Schutz vor den \u201ewilden O\u2019Flahertys\u201c flehte. Eine ausschlie\u00dfende Verordnung aus dieser Zeit verbot es jedem O\u2019 oder Mac, ohne Genehmigung durch die Stra\u00dfen Galways zu stolzieren. Ungeachtet solcher Unterschiede war die kosmopolitische Hafenstadt Zeuge der R\u00e4nder von Christoph Kolumbus\u2019 Imago Mundi, wo er \u00fcber von Str\u00f6mungen an Land gesp\u00fclte Inuit staunte \u2013 eine Begegnung, die Galways Rolle in einer entstehenden globalen Meereslandschaft bezeugt.<\/p>\n<p>Das 17. Jahrhundert brachte turbulente B\u00fcndnisbeziehungen mit sich. Galway blieb w\u00e4hrend des g\u00e4lischen Wiederauflebens zun\u00e4chst der englischen Krone treu, verb\u00fcndete sich jedoch 1642 in den Kriegen der Drei K\u00f6nigreiche mit der katholischen Konf\u00f6deration von Kilkenny. Nach einer neunmonatigen Belagerung eroberten Cromwells Truppen 1652 die Stadt. Eine sp\u00e4tere Allianz mit den Jakobiten w\u00e4hrend des Wilhelminischen Krieges in den 1690er Jahren endete nach Aughrim rasch mit einer Niederlage, die viele St\u00e4mme enteignete. Danach d\u00fcmpelte Galway vor sich hin, bis im 18. Jahrhundert ein bescheidener Aufschwung unter dem protestantischen Aufstieg kaum mehr als kaufm\u00e4nnische Routine erm\u00f6glichte. Die Gro\u00dfe Hungersnot von 1845\u20131852 brachte zus\u00e4tzliche Not mit sich, da die Bev\u00f6lkerungszahl zur\u00fcckging und alte Handelsnetzwerke zusammenbrachen.<\/p>\n<p>Im 19. Jahrhundert belebte die Eisenbahn Galway neu. Die Er\u00f6ffnung der Midland Great Western Railway verband die Stadt 1851 direkt mit Dublin, und Abzweigungen in Athenry er\u00f6ffneten Verbindungen nach Ennis, Limerick und Sligo. Obwohl die Nebenstrecken nach Clifden und dar\u00fcber hinaus Mitte des 20. Jahrhunderts stillgelegt wurden, stellen die wiederbelebten Verbindungen auf dem Western Rail Corridor nun die Verbindungen nach Westen wieder her, wobei jede Strecke den Konturen des l\u00e4ndlichen Hinterlandes von Connacht folgt. Auch das Stra\u00dfennetz entwickelte sich weiter: Die Autobahnen M6 und M17 laufen heute um Galway herum zusammen, w\u00e4hrend die M18 und N63 die Stadt mit Limerick, Cork und dem Nordwesten verbinden. Pl\u00e4ne f\u00fcr eine Umgehungsstra\u00dfe und eine Ringstra\u00dfe warten noch auf ihre Umsetzung.<\/p>\n<p>Galway hat aufgrund seiner geographischen Lage eines der mildesten Klimazonen der Welt und wird durch den Nordatlantikstrom und den Golfstrom abgefedert. Die Temperaturen fallen selten unter den Gefrierpunkt oder \u00fcber 30 Grad Celsius; der Rekordh\u00f6chstwert liegt bei 31,7 \u00b0C (Juli 1921) und der Rekordtiefstwert bei -11,7 \u00b0C (Januar 1945). Die j\u00e4hrliche Niederschlagsmenge betr\u00e4gt durchschnittlich 1.156 mm und ist gleichm\u00e4\u00dfig \u00fcber die Jahreszeiten verteilt. Starke atlantische Tiefdruckgebiete k\u00f6nnen zwischen Sp\u00e4therbst und Fr\u00fchjahr jedoch schwere St\u00fcrme ausl\u00f6sen. Die Sommertage dauern von Sonnenaufgang um 5:07 Uhr bis Sonnenuntergang um 22:07 Uhr zur Sonnenwende, w\u00e4hrend die Wintersonnenwende von 8:49 Uhr bis 16:19 Uhr dauert.<\/p>\n<p>Das 20. Jahrhundert brachte einen kulturellen Aufschwung und eine demografische Dynamik mit sich. Laut der Volksz\u00e4hlung von 2006 waren fast 80 Prozent der Einwohner Galways Iren; ein Zustrom in den 2000er Jahren erh\u00f6hte den Anteil der Nicht-Iren bis 2018 auf rund 20 Prozent, haupts\u00e4chlich aus Polen, Lettland und Litauen, neben kleineren Gemeinschaften aus Afrika und Asien. Die Volksz\u00e4hlung von 2022 ergab, dass sich 64,3 Prozent als wei\u00dfe Iren, 12,98 Prozent als andere Wei\u00dfe, 4,7 Prozent als Asiaten\/Asiatische Iren, 2,8 Prozent als Schwarze\/Schwarze Iren und 2,7 Prozent als andere Ethnien identifizierten; 10,3 Prozent wurden nicht erfasst. Die 17.245 Familien der Stadt haben durchschnittlich 1,10 Kinder pro Familie, was unter dem nationalen Durchschnitt liegt, und die Universit\u00e4ts- und Technologiesektoren haben Galways Ruf als junges, kosmopolitisches Zentrum gefestigt.<\/p>\n<p>Im mittelalterlichen Stadtkern bildet der Eyre Square das Herzst\u00fcck der Stadt. Er wurde inoffiziell nach dem B\u00fcrgermeister des 19. Jahrhunderts benannt, der diese Gr\u00fcnfl\u00e4che gegen\u00fcber dem John F. Kennedy Park mit einer Spende schuf. Von hier aus erstreckt sich die William Street westw\u00e4rts und geht in die Shop Street, High Street und Quay Street \u00fcber. Alle Stra\u00dfen sind f\u00fcr Fu\u00dfg\u00e4nger markiert und f\u00fchren vorbei an Lynch&#039;s Castle, einem Stadthaus aus dem 15. Jahrhundert, in dem sich heute eine Bank befindet, und der St. Nicholas Collegiate Church, die 1320 gegr\u00fcndet wurde und noch immer regelm\u00e4\u00dfig genutzt wird. Ein kurzer Abstecher f\u00fchrt zum Claddagh Ring Museum in der Shop Street, das an das Design aus gefalteten H\u00e4nden, Herz und Krone erinnert, das zu Galways Symbol der Treue geworden ist.<\/p>\n<p>Jenseits der alten Mauern er\u00f6ffnet sich Galways modernes Panorama. Die Hall of the Red Earl, ein Fragment des de Burgo Rathauses, grenzt an die Druid Lane, wo der Civic Trust gef\u00fchrte Spazierg\u00e4nge anbietet. Der Spanish Arch beherbergt das Galway City Museum, dessen Galerien Arch\u00e4ologie, maritimes Erbe und k\u00fcnstlerisches Schaffen dokumentieren. Ein paar H\u00e4user weiter steht das Haus, in dem Nora Barnacle heranwuchs, bevor sie ihre schicksalshafte Verbindung mit James Joyce einging. S\u00fcdlich davon thront die Kathedrale Unserer Lieben Frau und des Heiligen Nikolaus, die 1965 an der Stelle eines alten Gef\u00e4ngnisses geweiht wurde, mit ihrer Renaissancekuppel und Konzerten auf einer restaurierten Orgel \u00fcber der Gaol Road.<\/p>\n<p>Entlang des Corrib \u00fcberbr\u00fccken vier Br\u00fccken \u2013 Quincentennial, Salmon Weir, William O&#039;Brien und Wolfe Tone \u2013 den schnellen Abstieg des Flusses zur Bucht. Der Eglinton-Kanal aus dem 19. Jahrhundert umgeht Stromschnellen, um M\u00fchlen anzutreiben, von denen einige von der Universit\u00e4t Galway zur Wasserkrafterzeugung umgebaut wurden. Flussaufw\u00e4rts schwimmen im Fr\u00fchsommer Lachse den Fluss hinauf; flussabw\u00e4rts legen Schiffe mit bis zu 10.000 Tonnen im Hafen an, dem zentralsten an Irlands Westk\u00fcste. F\u00e4hren legen zu den Aran-Inseln ab, deren Ruinen von D\u00fan Aonghasa felsige Landzungen kr\u00f6nen.<\/p>\n<p>Freizeitpromenaden s\u00e4umen die K\u00fcste jenseits des Claddagh. Die Salthill Promenade, die einst an einem zweist\u00f6ckigen Sprungturm endete, erstreckt sich Richtung Silverstrand, obwohl Pl\u00e4ne f\u00fcr eine Erweiterung noch nicht finanziert sind. Entlang von Seapoint liegt das Nationalaquarium, in dem einheimische Meerestiere \u2013 darunter Haie \u2013 neben Krabben und anderen Lebewesen des atlantischen Schelfs ausgestellt sind. Ein Damm vom Claddagh f\u00fchrt nach Mutton Island, dessen Leuchtturm als Kulisse f\u00fcr Hochzeitsfotos dient und, diskret, auch die Kl\u00e4ranlage der Stadt beherbergt.<\/p>\n<p>Galways kulturelle Ausstrahlung geht \u00fcber seine kompakte Gr\u00f6\u00dfe hinaus. Seit ihrer Ernennung zur Europ\u00e4ischen Gastronomieregion 2018 und als Mitausrichterin der Kulturhauptstadt Europas 2020 hat die Stadt ihre Rolle als Irlands kulturelles Herz bekr\u00e4ftigt. Sie ist stolz auf ihre Auszeichnung als UNESCO-Filmstadt, das j\u00e4hrliche Galway International Arts Festival, das Tulca Festival of Visual Arts jeden November sowie eine Vielzahl von Tanzgruppen, Film- und irischsprachigen Organisationen, Musikensembles, Theatergruppen und bildenden Kunstgruppen. Mehr als f\u00fcnfzig spezialisierte Veranstaltungsorte \u2013 von Konzerts\u00e4len bis zu Galerien \u2013 unterstreichen ihr Engagement f\u00fcr Kreativit\u00e4t.<\/p>\n<p>Das Wirtschaftsleben jenseits des Tourismus ist in den Bereichen professionelle Dienstleistungen, Fertigung und Hochtechnologie verankert. Fast die H\u00e4lfte der Erwerbst\u00e4tigen arbeitet im Handel und in freiberuflichen T\u00e4tigkeiten, 17 Prozent davon in der Fertigung, insbesondere in den Bereichen Medizintechnik, Elektronik und Software. Unternehmen wie Boston Scientific, Medtronic, EA Games, Cisco und SAP haben dort Niederlassungen. Auch der Spielwarenh\u00e4ndler Smyths hat seinen Hauptsitz in Galway. Im Jahr 2000 begr\u00fc\u00dfte die Stadt \u00fcber 2,1 Millionen Besucher und erwirtschaftete einen Umsatz von \u00fcber 400 Millionen Euro \u2013 ein Beleg f\u00fcr die anhaltende Anziehungskraft ihrer Stra\u00dfen und Festivals.<\/p>\n<p>Galways vielschichtige Geschichte \u2013 von der k\u00f6niglichen Festung zur normannischen Festung, von der Handelsrepublik zur modernen Universit\u00e4tsstadt \u2013 spiegelt sich in Stein und Geschichte wider. Das gem\u00e4\u00dfigte Klima, die maritime Umgebung und das Licht der Sonnenwende h\u00fcllen jede Stra\u00dfe in ein wechselndes Licht. In jeder Fliese des Buntglasfensters von St. Nicholas, jeder Welle, die an den Kai schwappt, und jeder Note eines Stra\u00dfenmusikers im Quartier Latin beobachtet Galway den langsamen Lauf der Zeit mit Ehrfurcht und Lebendigkeit. Hier ist die Vergangenheit stets pr\u00e4sent, doch die Stadt bewegt sich zielstrebig auf ein neues Kapitel zu.<\/p>","protected":false},"excerpt":{"rendered":"<p>Galway, eine dynamische Stadt an der irischen Westk\u00fcste, ist das bev\u00f6lkerungsreichste Ballungsgebiet der Provinz Connacht. Am Zusammenfluss des Flusses Corrib und der Galway Bay gelegen, z\u00e4hlt das Zentrum laut Volksz\u00e4hlung von 2022 85.910 Einwohner und ist damit die f\u00fcnftgr\u00f6\u00dfte Stadt Irlands und die viertgr\u00f6\u00dfte der Republik Irland. Die besondere Lage der Stadt zwischen Lough Corrib und der Galway Bay hat ihre Geschichte, Kultur und ihr Wirtschaftswachstum im Laufe der Zeit ma\u00dfgeblich beeinflusst.<\/p>","protected":false},"author":1,"featured_media":3310,"parent":11622,"menu_order":0,"comment_status":"closed","ping_status":"closed","template":"elementor_theme","meta":{"_eb_attr":"","footnotes":""},"class_list":["post-11638","page","type-page","status-publish","has-post-thumbnail"],"_links":{"self":[{"href":"https:\/\/travelshelper.com\/de\/wp-json\/wp\/v2\/pages\/11638","targetHints":{"allow":["GET"]}}],"collection":[{"href":"https:\/\/travelshelper.com\/de\/wp-json\/wp\/v2\/pages"}],"about":[{"href":"https:\/\/travelshelper.com\/de\/wp-json\/wp\/v2\/types\/page"}],"author":[{"embeddable":true,"href":"https:\/\/travelshelper.com\/de\/wp-json\/wp\/v2\/users\/1"}],"replies":[{"embeddable":true,"href":"https:\/\/travelshelper.com\/de\/wp-json\/wp\/v2\/comments?post=11638"}],"version-history":[{"count":0,"href":"https:\/\/travelshelper.com\/de\/wp-json\/wp\/v2\/pages\/11638\/revisions"}],"up":[{"embeddable":true,"href":"https:\/\/travelshelper.com\/de\/wp-json\/wp\/v2\/pages\/11622"}],"wp:featuredmedia":[{"embeddable":true,"href":"https:\/\/travelshelper.com\/de\/wp-json\/wp\/v2\/media\/3310"}],"wp:attachment":[{"href":"https:\/\/travelshelper.com\/de\/wp-json\/wp\/v2\/media?parent=11638"}],"curies":[{"name":"wp","href":"https:\/\/api.w.org\/{rel}","templated":true}]}}