{"id":11632,"date":"2024-09-13T14:46:44","date_gmt":"2024-09-13T14:46:44","guid":{"rendered":"https:\/\/travelshelper.com\/staging\/?page_id=11632"},"modified":"2026-03-12T16:14:01","modified_gmt":"2026-03-12T16:14:01","slug":"kilkenny","status":"publish","type":"page","link":"https:\/\/travelshelper.com\/de\/destinations\/europe\/ireland\/kilkenny\/","title":{"rendered":"Kilkenny"},"content":{"rendered":"<p>Kilkenny ist eine kompakte Stadt mit 27.184 Einwohnern (Volksz\u00e4hlung 2022) auf einer Fl\u00e4che von 3,74 Quadratkilometern in der Grafschaft Kilkenny im S\u00fcdosten Irlands in der Provinz Leinster. Sie liegt 60 Meter \u00fcber dem Meeresspiegel an beiden Ufern des Flusses Nore und ist 117 km von Dublin, 48 km von Waterford, 80 km von Wexford und 122 km von Limerick entfernt. Ihr mittelalterlicher Stadtkern, gepr\u00e4gt von kl\u00f6sterlichen und normannischen Einfl\u00fcssen, verbindet sich mit einem lebendigen Kulturleben, historischer Architektur und einem gem\u00e4\u00dfigten Meeresklima.<\/p>\n<p>Kilkennys Urspr\u00fcnge liegen in einer Kirchengr\u00fcndung des 6. Jahrhunderts, die dem Heiligen Cainnech geweiht war. Um sie herum sammelte sich die fr\u00fcheste Siedlung auf einem H\u00fcgel, der heute von der St.-Cainnech-Kathedrale und ihrem Rundturm aus dem 9. Jahrhundert dominiert wird. Die Stadt fiel 1170 an die normannischen Truppen unter Richard de Clare. Daraufhin begann William Marshall 1204 mit dem Bau einer Festung \u2013 sp\u00e4ter Kilkenny Castle \u2013 und vollendete sie 1213. Die Furt \u00fcber den Nore wich einer Reihe von Br\u00fccken; vier Hauptbr\u00fccken und zwei Fu\u00dfg\u00e4nger\u00fcberwege stellen heute die historische Verbindung der Stadt \u00fcber den Fluss sicher.<\/p>\n<p>Bereits 1207 besa\u00df die Stadt eine Charta und war im sp\u00e4ten 13. Jahrhundert ein Zentrum des normannisch-britischen Handels. Die Statuten von Kilkenny aus dem Jahr 1367 sollten die Treue zum englischen Recht sichern. 1609 verlieh Jakob I. Kilkenny eine k\u00f6nigliche Charta und erhob damit den Status einer Stadt. W\u00e4hrend des Irischen Aufstands von 1641 diente die Stadt als Sitz der Irisch-Katholischen Konf\u00f6deration, bis Oliver Cromwells Feldzug die Stadt 1649 unterwarf. Danach baute sich Kilkenny unter friedlichen Bedingungen wieder auf, seine Burg wurde zu einem prachtvollen Schloss umgebaut, und Brauereien, Textilunternehmen und Milchwirtschaft etablierten sich.<\/p>\n<p>Kilkenny Castle, der Sitz der Familie Butler, ist das markanteste mittelalterliche Bauwerk, das noch heute das Stadtbild pr\u00e4gt. Drei der vier urspr\u00fcnglichen Eckt\u00fcrme sind erhalten und erheben sich \u00fcber den \u00dcberresten eines mittelalterlichen Grabens. Die Mauern von Kilkenny, unterbrochen vom Talbot Tower und dem Black Freren Gate, markieren die Grenzen der normannischen Stadt. Die St. Canice\u2019s Cathedral, ein kreuzf\u00f6rmiger fr\u00fchgotischer Bau, erstreckt sich \u00fcber 75 Meter und ruht auf schwarzen Marmors\u00e4ulen. Der angrenzende Rundturm ist 30 Meter hoch und zeugt vom keltischen Ursprung der Stadt.<\/p>\n<p>Rothe House, ein elisabethanisches Kaufmannshaus aus dem Jahr 1594 in der Parliament Street, befindet sich auf einem der wenigen erhaltenen Burgage-Grundst\u00fccke Irlands und verf\u00fcgt \u00fcber einen restaurierten Kr\u00e4uter-, Gem\u00fcse- und Obstgarten aus dem 17. Jahrhundert. Die Dominikanerkirche Black Abbey (1225) und die St. Mary&#039;s Cathedral (r\u00f6misch-katholischer Sitz) veranschaulichen das kirchliche Erbe der Stadt. Tholsel, St. John&#039;s Priory, Shee Alms House und Grace&#039;s Castle erg\u00e4nzen das Panorama mittelalterlicher und nachmittelalterlicher Wohn- und Stadtarchitektur.<\/p>\n<p>Die lokale Verwaltung entwickelte sich aus einer 1231 gegr\u00fcndeten Stadtverwaltung, die bis zum 16. Jahrhundert von einem Herrscher und danach von einem B\u00fcrgermeister geleitet wurde. Mit dem Municipal Corporations (Ireland) Act von 1840 und den Local Government Acts von 1898 und 2001 wandelte sich der Rat von Kilkenny von einer Stadtverwaltung zu einem st\u00e4dtischen Bezirk und schlie\u00dflich zum Stadtrat. Am 1. Juni 2014 wurde der Stadtrat aufgel\u00f6st und mit dem Kilkenny County Council zusammengelegt. Die Bezeichnung \u201eStadt\u201c wurde durch den Local Government Reform Act 2014 beibehalten.<\/p>\n<p>Verwaltungstechnisch umfasst der Stadtbezirk Kilkenny City f\u00fcnf Wahlbezirke und w\u00e4hlt sieben der vierundzwanzig Mitglieder des County Council. In der nationalen Vertretung stellten Kilkenny City und Irishtown bis zu den Acts of Union 1800 jeweils zwei Abgeordnete in das irische Unterhaus. Ab 1801 entsandte die Stadt ein Mitglied nach Westminster, das sp\u00e4ter Teil von North Kilkenny wurde. Seit 1921 geh\u00f6rt das Gebiet zum Wahlkreis Carlow-Kilkenny D\u00e1il.<\/p>\n<p>Die Einwohnerzahl der Stadt, umgangssprachlich \u201eCats\u201c genannt, betrug bei der Volksz\u00e4hlung 2022 27.184. Im Jahr 2006 z\u00e4hlte Kilkenny Town Borough 8.661 Einwohner, weitere 13.518 im Umland \u2013 ein Anstieg von 7,0 Prozent gegen\u00fcber 2002. Das verf\u00fcgbare Haushaltseinkommen pro Person betrug 2005 18.032 Euro (Index 89,4). Die vorherrschende Sprache ist Englisch, daneben gibt es Irisch und eine wachsende Zahl von Einwanderersprachen. Der Katholizismus ist die vorherrschende Religion, daneben tragen die Church of Ireland, die Presbyterianer, die Methodisten, das Judentum und andere Traditionen zu einer vielf\u00e4ltigen religi\u00f6sen Landschaft bei.<\/p>\n<p>Kilkennys gem\u00e4\u00dfigtes ozeanisches Klima (K\u00f6ppen Cfb, Winterh\u00e4rtezone 9) zeichnet sich durch wechselhaftes Wetter mit wenigen Extremen aus. Gesch\u00fctzt durch die umliegenden H\u00fcgel mit \u00fcber 200 Metern H\u00f6he verzeichnet es einige der h\u00f6chsten Sommer- und niedrigsten Wintertemperaturen Irlands. Die Rekordlufttemperatur f\u00fcr Irland \u2013 33,3 \u00b0C \u2013 wurde am 26. Juni 1887 in Kilkenny Castle gemessen; an der modernen Beobachtungsstation nahe der Dunningstown Road erreichte die maximale Lufttemperatur am 29. Juni 1976 31,5 \u00b0C und die minimale -14,1 \u00b0C am 2. Januar 1979, mit einer Bodentemperatur von -18,1 \u00b0C am 12. Januar 1982. Im August 1995 gab es 274,9 Sonnenstunden, und am 18. Juni 1978 verzeichnete die Station 16,3 Stunden an einem Tag. Seit 1988 sind die Jahrestemperaturen durchschnittlich um 0,5 \u00b0C \u00fcber das Niveau des 20. Jahrhunderts gestiegen. Zu den Niederschlagsh\u00f6chstwerten z\u00e4hlen 66,4 mm an einem einzigen Tag am 17. Juli 1983; die Jahresgesamtmengen spiegeln eine feuchte Periode in den sp\u00e4ten 1950er und fr\u00fchen 1960er Jahren, ein sehr feuchtes Jahr 2002 und steigende Niederschl\u00e4ge seit 2005 wider. 2009 war das feuchteste Jahr seit Beginn der Aufzeichnungen im Jahr 1958.<\/p>\n<p>Die Stadtarchitektur spiegelt den lokal abgebauten schwarzen Kalkstein \u2013 \u201eKilkenny-Marmor\u201c \u2013 wider, der f\u00fcr seine wei\u00dfen Fossilieneinschl\u00fcsse bekannt ist. Dieses Material wurde f\u00fcr den Sockel des Grabes von Richard III. in der Kathedrale von Leicester verwendet. Brauereien, die seit dem sp\u00e4ten 17. Jahrhundert bestehen, sind noch immer aktiv, und der ehemalige Bischofspalast in der Church Lane beherbergt die B\u00fcros des Heritage Council.<\/p>\n<p>Kilkenny ist als Zentrum f\u00fcr Kunsthandwerk und Design bekannt. Die Old Woollen Mills, im 19. Jahrhundert an der Bleach Road er\u00f6ffnet, erstrecken sich \u00fcber 8.400 Quadratmeter und liegen \u00fcber 1,6 Kilometer am Flussufer. Ihr roter Backsteinkamin aus dem Jahr 1905 steht noch heute inmitten eines Hofes f\u00fcr Baumaterialien und Antiquit\u00e4ten. Das Watergate Theatre, \u00f6ffentliche G\u00e4rten wie der Castle Rose Garden, der Rothe House Garden, der Famine Memorial Garden und der Butler House Garden sowie eine Reihe von Museen \u2013 darunter die Butler Gallery in Evan&#039;s Home \u2013 verst\u00e4rken die kulturelle Attraktivit\u00e4t der Stadt.<\/p>\n<p>J\u00e4hrliche Festivals unterstreichen Kilkennys Status als kulturelles Zentrum. Das Kilkenny Arts Festival bietet jedes Jahr im August Tanz, Musik, Theater und bildende Kunst. Das Comedy-Festival \u201eCat Laughs\u201c, das mittlerweile jedes Jahr im Juni stattfindet, und das Kilkenny Roots Festival, bei dem Folk- und Roots-Musik im Mittelpunkt steht, ziehen nationales und internationales Publikum an.<\/p>\n<p>Zu den Sehensw\u00fcrdigkeiten der Stadt und ihrer Umgebung z\u00e4hlen Kilkenny Castle und seine G\u00e4rten, die St. Canice&#039;s Cathedral mit Turm, Rothe House mit Garten, Shee Alms House, das Kilkenny Courthouse, die St. Mary&#039;s Cathedral, The Tholsel, die Black Abbey, die St. John&#039;s Church, Butler House und das Slips-Viertel neben der St. Francis Abbey Brewery. Au\u00dferhalb der Stadtgrenze liegen Kells Priory, Jerpoint Abbey, Dunmore Caves, Woodstock Estate und Jenkinstown Park.<\/p>\n<p>Kilkennys Br\u00fccken zeugen von seiner sich entwickelnden Infrastruktur. Die Green&#039;s Bridge, die vor 1200 errichtet und nach der gro\u00dfen Flut von 1763 nach Entw\u00fcrfen von George Smith (1763\u20131767) unter William Colles wiederaufgebaut wurde, bewahrt ihren Charakter des 18. Jahrhunderts. Die John&#039;s Bridge, historisch Schauplatz derselben Flutkatastrophe, wurde 1910 von Mouchel &amp; Partners als rekordverd\u00e4chtige einfeldrige Stahlbetonkonstruktion im Hennebique-System fertiggestellt. Die 1984 mit integrierter Skulptur er\u00f6ffnete Ossory Bridge und die im Mai 2017 als Teil eines zentralen Zugangssystems eingeweihte St. Francis Bridge erweitern die Konnektivit\u00e4t. Fu\u00dfg\u00e4nger und Radfahrer kreuzen die Br\u00fccke \u00fcber die Lady Desart Bridge (Januar 2014) und die Ossory Pedestrian Bridge unter ihrem stra\u00dfenf\u00fchrenden Gegenst\u00fcck.<\/p>\n<p>Stra\u00dfenverbindungen verbinden Kilkenny mit dem nationalen Hauptnetz: die N10 mit der M9 (Dublin\u2013Waterford), die N77 mit der M7 (Portlaoise) und die N76 mit Clonmel. Der Schienenverkehr begann mit der Er\u00f6ffnung des Bahnhofs am 12. Mai 1848 und erstreckte sich bis Dublin (1850), Waterford (1854), Portlaoise (1876) und Castlecomer (1919). Nach der Schlie\u00dfung von Nebenstrecken im Jahr 1962 liegt der Bahnhof \u2013 1966 in McDonagh Station umbenannt \u2013 weiterhin an der Intercity-Strecke Dublin\u2013Waterford von Iarnr\u00f3d \u00c9ireann und bietet Anschluss nach Limerick Junction und Kildare. Flugverbindungen werden von den nahegelegenen Flugh\u00e4fen Dublin und Cork angeboten, die jeweils etwa 150 km entfernt sind. Der Flughafen Kilkenny dient dem Privatflugverkehr.<\/p>\n<p>Kilkennys Charakter entsteht durch die Kombination seiner mittelalterlichen Meile \u2013 die sich von der Burg bis zur Kathedrale erstreckt \u2013 mit modernen Kultureinrichtungen. Obwohl Kilkenny vor Jahrhunderten offiziell den Status einer Stadt hatte, ist es nach heutigem Recht verwaltungsm\u00e4\u00dfig Teil der Grafschaft. Doch die Pr\u00e4senz von Kathedralen, Mauern, einer Burg und einer geschichtstr\u00e4chtigen Vergangenheit verleiht Kilkenny eine ausgepr\u00e4gte Stadtidentit\u00e4t \u2013 ein Ort, an dem Geschichte und Gegenwart am Ufer des Flusses Nore zusammenleben.<\/p>","protected":false},"excerpt":{"rendered":"<p>Kilkenny in der irischen Grafschaft Kilkenny hat laut der Volksz\u00e4hlung von 2022 27.184 Einwohner und ist damit die dreizehntgr\u00f6\u00dfte Stadt des Landes. Die sch\u00f6ne Stadt im S\u00fcdosten von Leinster erstreckt sich zu beiden Seiten des Flusses Nore und bietet eine malerische Kulisse, die Reisende seit Generationen verzaubert. Der irische Name f\u00fcr Kilkenny, Cill Chainnigh, bedeutet \u201eKirche von Cainnech\u201c und weist auf das tiefgreifende kirchliche Erbe der Stadt hin, das bis ins fr\u00fche 6. Jahrhundert zur\u00fcckreicht.<\/p>","protected":false},"author":1,"featured_media":4047,"parent":11622,"menu_order":0,"comment_status":"closed","ping_status":"closed","template":"elementor_theme","meta":{"_eb_attr":"","footnotes":""},"class_list":["post-11632","page","type-page","status-publish","has-post-thumbnail"],"_links":{"self":[{"href":"https:\/\/travelshelper.com\/de\/wp-json\/wp\/v2\/pages\/11632","targetHints":{"allow":["GET"]}}],"collection":[{"href":"https:\/\/travelshelper.com\/de\/wp-json\/wp\/v2\/pages"}],"about":[{"href":"https:\/\/travelshelper.com\/de\/wp-json\/wp\/v2\/types\/page"}],"author":[{"embeddable":true,"href":"https:\/\/travelshelper.com\/de\/wp-json\/wp\/v2\/users\/1"}],"replies":[{"embeddable":true,"href":"https:\/\/travelshelper.com\/de\/wp-json\/wp\/v2\/comments?post=11632"}],"version-history":[{"count":0,"href":"https:\/\/travelshelper.com\/de\/wp-json\/wp\/v2\/pages\/11632\/revisions"}],"up":[{"embeddable":true,"href":"https:\/\/travelshelper.com\/de\/wp-json\/wp\/v2\/pages\/11622"}],"wp:featuredmedia":[{"embeddable":true,"href":"https:\/\/travelshelper.com\/de\/wp-json\/wp\/v2\/media\/4047"}],"wp:attachment":[{"href":"https:\/\/travelshelper.com\/de\/wp-json\/wp\/v2\/media?parent=11632"}],"curies":[{"name":"wp","href":"https:\/\/api.w.org\/{rel}","templated":true}]}}