{"id":11622,"date":"2024-09-13T14:30:05","date_gmt":"2024-09-13T14:30:05","guid":{"rendered":"https:\/\/travelshelper.com\/staging\/?page_id=11622"},"modified":"2026-03-12T16:14:57","modified_gmt":"2026-03-12T16:14:57","slug":"irland","status":"publish","type":"page","link":"https:\/\/travelshelper.com\/de\/destinations\/europe\/ireland\/","title":{"rendered":"Irland"},"content":{"rendered":"<p>Irland ist eine Insel mit etwas mehr als sieben Millionen Einwohnern und einer Fl\u00e4che von 84.421 Quadratkilometern am nordwestlichen Rand Europas. Von Gro\u00dfbritannien durch den Nordkanal, die Irische See und den St.-Georgs-Kanal getrennt, ist es die zweitgr\u00f6\u00dfte der Britischen Inseln, die drittgr\u00f6\u00dfte Europas und die zwanzigstgr\u00f6\u00dfte der Welt. Geopolitisch gesehen bilden f\u00fcnf Sechstel der Insel die souver\u00e4ne Republik Irland, w\u00e4hrend das verbleibende Sechstel Nordirland ist, das Teil des Vereinigten K\u00f6nigreichs ist.<\/p>\n<p>Irlands Landschaft ist gepr\u00e4gt von niedrigen Bergen, die einen Ring um eine zentrale Ebene bilden. Der Shannon \u2013 mit 360,5 Kilometern der l\u00e4ngste Fluss der Insel \u2013 schl\u00e4ngelt sich von seiner Quelle in der Grafschaft Cavan bis zu seiner M\u00fcndung nahe Limerick. Der h\u00f6chste Gipfel, der Carrauntoohil in der Grafschaft Kerry, erhebt sich 1.039 Meter \u00fcber dem Meeresspiegel. Ein mildes, ozeanisches Klima, gemildert durch feuchte Atlantikwinde, erh\u00e4lt \u00fcppige Graslandschaften, die dem Land seinen Spitznamen \u201eSmaragdinsel\u201c eingebracht haben. Die Winter sind auf Breitengraden zwischen 51\u00b0 und 56\u00b0 Nord milder als man erwarten w\u00fcrde, die Sommer bleiben jedoch k\u00fchler als auf dem europ\u00e4ischen Festland. Regen und Bew\u00f6lkung \u00fcberwiegen, wobei die westlichen Regionen die Hauptlast von Atlantikst\u00fcrmen sowie gelegentlichem Schneefall, Hagel und Blitzen tragen, w\u00e4hrend der Osten tendenziell geringere Niederschl\u00e4ge verzeichnet.<\/p>\n<p>Beweise f\u00fcr menschliche Besiedlung reichen \u00fcber neun Jahrtausende zur\u00fcck. Im ersten Jahrhundert n. Chr. hatte sich eine g\u00e4lische Gesellschaftsordnung herausgebildet, die in zahlreiche Kleink\u00f6nigreiche unter Provinzk\u00f6nigen gegliedert war, die um die Vorherrschaft und den Titel des Hochk\u00f6nigs von Tara wetteiferten. Das Christentum pr\u00e4gte die Region im f\u00fcnften Jahrhundert nachhaltig, als Missionare wie der heilige Patrick Klostersiedlungen gr\u00fcndeten, die zu Zentren des Lernens, der Kunst und des kulturellen Austauschs wurden. Diese fr\u00fchchristlichen St\u00e4tten \u2013 Einsiedlerzellen oder \u201eCills\u201c, oft mit Ortsnamen gekennzeichnet, die mit \u201eKil\u201c beginnen \u2013 entwickelten sich in der normannischen Zeit zu prachtvolleren Anlagen und sind bis heute als eindrucksvolle Ruinen in Glendalough, Clonmacnoise und am Rock of Cashel erhalten.<\/p>\n<p>Im sp\u00e4ten 8. Jahrhundert begannen die Wikinger\u00fcberf\u00e4lle, die sich zu Siedlungen und Handel entwickelten und in der Schlacht von Clontarf am 23. April 1014 gipfelten, in der Hochk\u00f6nig Brian Boru die nordische Macht endg\u00fcltig beendete. Die Ankunft der Anglonormannen im 12. Jahrhundert f\u00fchrte zu zeitweiligen englischen Souver\u00e4nit\u00e4tsanspr\u00fcchen, die sich erst mit der R\u00fcckeroberung durch die Tudors im 16. und 17. Jahrhundert verfestigten. Plantagenprojekte und Landenteignungen f\u00fchrten zum Aufstieg der Protestanten, der in den Strafgesetzen der 1690er Jahre festgeschrieben wurde, um die katholische Mehrheit und protestantische Dissidenten zu unterwerfen. Die Acts of Union von 1801 gliederten Irland in das Vereinigte K\u00f6nigreich ein, ein Status, der bis ins 20. Jahrhundert bestehen blieb.<\/p>\n<p>Das 19. Jahrhundert war gepr\u00e4gt von dramatischen demografischen Umbr\u00fcchen. Ein Bev\u00f6lkerungsboom seit der Renaissance wurde durch die Hungersnot von 1740\/41 kurzzeitig unterbrochen, der fast zwei F\u00fcnftel der Bev\u00f6lkerung zum Opfer fielen. Auf die Erholung folgte die Gro\u00dfe Hungersnot der 1840er Jahre, die etwa eine Million Todesopfer forderte und ebenso viele zur Auswanderung veranlasste. Im darauffolgenden Jahrhundert schrumpfte Irlands Bev\u00f6lkerung um mehr als die H\u00e4lfte und wich damit deutlich vom Wachstum in ganz Europa ab.<\/p>\n<p>Nationalistische Begeisterung und bewaffneter Widerstand gipfelten zu Beginn des 20. Jahrhunderts in einem Unabh\u00e4ngigkeitskrieg (1919\u20131921), der Teilung Irlands und der Gr\u00fcndung des Irischen Freistaats. In den folgenden Jahrzehnten erlangte der Freistaat zunehmende Autonomie, bis er mit dem Republic of Ireland Act (1948) den vollen republikanischen Status erhielt. In Nordirland f\u00fchrten konfessionelle Spannungen seit Ende der 1960er Jahre zu langwierigen Konflikten; erst nach dem Karfreitagsabkommen von 1998 kehrte Frieden ein. 1973 traten beide L\u00e4nder der Europ\u00e4ischen Wirtschaftsgemeinschaft bei, doch das Vereinigte K\u00f6nigreich (und damit Nordirland) verlie\u00df die Europ\u00e4ische Union 2020 nach einem Referendum von 2016. Nordirland behielt danach eine einzigartige Stellung und nahm am EU-Binnenmarkt f\u00fcr Waren teil \u2013 ein Kompromiss, der den Friedensprozess aufrechterhalten und die offene Grenze auf der Insel bewahren sollte.<\/p>\n<p>Irlands kulturelles Erbe wirkt weit \u00fcber die Landesgrenzen hinaus. Die einheimische g\u00e4lische Kultur lebt weiter in den regionalen Fu\u00dfball- und Hurlingspielen der Gaelic Athletic Association, irischen Musikveranstaltungen in Pubs und dem Fortbestand der irischen Sprache \u2013 heute eine Minderheitensprache, einst jedoch die Umgangssprache der Insel und Medium einer reichen Literatur, die das Alt-, Mittel- und Fr\u00fchneuirische umfasst. Irlands Beitr\u00e4ge zur Weltliteratur, insbesondere in der englischen Sprache, sind in ihrer Dichte un\u00fcbertroffen \u2013 von mittelalterlichen Sagen und Annalen bis hin zu modernen Romanautoren, Dichtern und Dramatikern.<\/p>\n<p>K\u00fcnstlerische Traditionen manifestieren sich am deutlichsten in den komplexen keltischen Knotenmustern, die einst illuminierte Handschriften und Steinschnitzereien schm\u00fcckten und heute als Symbol der keltischen Identit\u00e4t in Schmuck und grafischen Motiven allgegenw\u00e4rtig sind. Auch die Pub-Kultur ist zu einem internationalen Sinnbild irischer Geselligkeit geworden: Orte, an denen sich Geschichtenerz\u00e4hler treffen, Gespr\u00e4che flie\u00dfen und traditionelle Musik vom warmen Holz widerhallt.<\/p>\n<p>Die Topografie der Insel eignet sich hervorragend f\u00fcr vielf\u00e4ltige Outdoor-Aktivit\u00e4ten. Die dem Atlantik zugewandte Westk\u00fcste bietet ber\u00fchmte Surfstr\u00e4nde \u2013 darunter Bundoran, Lahinch und Donegal Bay \u2013, wo die Winterwellen Europ\u00e4er zu Meisterschaftswettbewerben anlocken. Taucher erkunden das klare Wasser voller Meereslebewesen rund um die Wracks vor Malin Head und der Grafschaft Cork. Angler jagen Lachse im Shannon und Forellen in \u00fcber 14.000 Kilometern Fl\u00fcssen und 7.000 Kilometern K\u00fcste. Auch das Angeln auf dem Meer und im Meer ist an kartierten und ausgeschilderten Str\u00e4nden ein beliebtes Hobby.<\/p>\n<p>Das kulinarische Erbe spiegelt die Sozialgeschichte wider. Die mittelalterliche Viehzucht, bei der Rinder als Ma\u00dfstab f\u00fcr Wohlstand galten, f\u00f6rderte Milchprodukte gegen\u00fcber Rindfleisch; gesalzener Speck (\u201eRashers\u201c), Butter und Blutwurst sind seit langem Grundnahrungsmittel. Die Einf\u00fchrung der Kartoffel im 16. Jahrhundert revolutionierte die Ern\u00e4hrung. Mitte des 19. Jahrhunderts wurde sie fast zum alleinigen Nahrungsmittel und inspirierte legend\u00e4re Gerichte wie Eintopf, Speck und Kohl, Boxty und Colcannon. Die zeitgen\u00f6ssische \u201eNeue Irische K\u00fcche\u201c baut auf diesem Fundament auf \u2013 frisches Gem\u00fcse, Schalentiere, handwerklich hergestellter K\u00e4se und Brot \u2013 und bewahrt gleichzeitig die zentrale Rolle der Kartoffel; der \u201eDublin Lawyer\u201c mit Hummer und Whiskey veranschaulicht die Verschmelzung von Tradition und Innovation.<\/p>\n<p>Spirituosen und Biere bilden eine weitere Dimension nationaler Identit\u00e4t. Die Old Bushmills Distillery in der Grafschaft Antrim produzierte einst 90 Prozent der weltweiten Whiskeyproduktion; sp\u00e4tere R\u00fcckg\u00e4nge w\u00e4hrend der amerikanischen Prohibition und Handelskonflikte zwischen den Kriegen lie\u00dfen den Marktanteil irischen Whiskeys bis Mitte des 20. Jahrhunderts auf zwei Prozent schrumpfen. Ein Wiederaufleben seit Ende der 1990er Jahre hat die internationale Bedeutung irischen Whiskeys wiederhergestellt, wobei sich die destillierten Sorten durch leichteren Rauch und ausgewogene S\u00fc\u00dfe auszeichnen. Whiskey ist die Grundlage f\u00fcr Sahnelik\u00f6re wie Baileys und den weltber\u00fchmten \u201eIrish Coffee\u201c. Ebenso symboltr\u00e4chtig sind Stout \u2013 insbesondere Guinness \u2013 und Apfelwein sowie ein einheimisches Erfrischungsgetr\u00e4nk, die rote Limonade.<\/p>\n<p>Wirtschaftliche Kennzahlen verdeutlichen starke Kontraste. Im Jahr 2021 belief sich das nominale BIP der Republik Irland auf 423,5 Milliarden Euro, die Pro-Kopf-Produktion auf 84.049,9 Millionen Euro; die Bruttowertsch\u00f6pfung Nordirlands betrug 52 Milliarden Pfund, was 27.154 Pfund pro Person entspricht. Trotz unterschiedlicher W\u00e4hrungen und statistischer Methoden vertieft sich die wirtschaftliche Integration der Insel weiter, was Forderungen nach einer \u201egesamtirischen Wirtschaft\u201c ausl\u00f6st, um Gr\u00f6\u00dfe und Wettbewerbsf\u00e4higkeit zu steigern.<\/p>\n<p>Irlands reiche Vielfalt an Kulturerbest\u00e4tten zieht Millionen von Besuchern an. Zwei Orte besitzen den Status eines UNESCO-Weltkulturerbes: der neolithische Palast- und Grabkomplex von Br\u00fa na B\u00f3inne und die Basalts\u00e4ulen des Giant&#039;s Causeway. Der Burren, die Ceide Fields und Mount Stewart warten auf die offizielle Aufnahme in die UNESCO-Welterbeliste. Zu den beliebtesten Attraktionen z\u00e4hlen Bunratty Castle, die Cliffs of Moher, Blarney Castle \u2013 wo Besucher die sagenumwobene Gabe der Beredsamkeit suchen \u2013 sowie Klosterruinen in Glendalough und Clonmacnoise. Dublin, die Hauptstadt und wichtigster Einreisepunkt, lockt mit dem Book of Kells im Trinity College und dem Guinness Storehouse, w\u00e4hrend der raue Westen \u2013 Killarney, Connemara und die Aran-Inseln \u2013 Panoramalandschaften und kulturelles Eintauchen bietet. Herrschaftliche H\u00e4user und Schl\u00f6sser im palladianischen, neoklassizistischen und neugotischen Stil wie Bantry House, Castle Ward und Ashford Castle bieten sowohl architektonische Einblicke als auch luxuri\u00f6se Gastfreundschaft.<\/p>\n<p>Das urbane Leben entfaltet sich in St\u00e4dten, die von Geschichte und modernen Annehmlichkeiten gepr\u00e4gt sind. Dublin pulsiert vor kosmopolitischer Energie; Cork, um 600 n. Chr. von St. Finbarre am Fluss Lee gegr\u00fcndet, ist f\u00fcr seine Meeresfr\u00fcchte und Festivals bekannt. Galway verbindet lebendige Kunst mit dem Zugang zur faszinierenden Sch\u00f6nheit Connemaras. Kilkenny verspr\u00fcht mittelalterlichen Charme; Letterkenny dient als Tor zur wilden K\u00fcste Donegals. Limericks georgianischer Stadtplan und die d\u00fcstere Festung erinnern an die wikingisch-angels\u00e4chsische Vergangenheit, w\u00e4hrend Sligo \u2013 geliebt von W.B. Yeats \u2013 an lyrische Landschaften erinnert. Waterford, die \u00e4lteste Stadt der Insel, tr\u00e4gt wikingische Fundamente und georgianische Fassaden.<\/p>\n<p>Lokale Br\u00e4uche pr\u00e4gen das Besuchererlebnis nach wie vor: das herzliche \u201eWie geht es Ihnen?\u201c auf der Landstra\u00dfe; das h\u00f6fliche \u201eEs war nichts\u201c als Dank; ein flexibler Umgang mit der Zeit, der durch P\u00fcnktlichkeit bei offiziellen Terminen ausgeglichen wird; und das vorsichtige Vermeiden heikler Themen \u2013 Konfessionsgeschichte, politische Spaltungen, Kirchenskandale \u2013, sofern man nicht \u00fcber ein ausgepr\u00e4gtes Feingef\u00fchl verf\u00fcgt. Die County-Spiele der Gaelic Athletic Association bieten authentisches Engagement, wobei Tickets f\u00fcr das Finale im Croke Park hei\u00df begehrt sind. Rennbahnen in jeder Grafschaft feiern die nationale Leidenschaft f\u00fcr Pferderennen und Gest\u00fctszucht. Golfpl\u00e4tze \u2013 von Adare, dem zuk\u00fcnftigen Ryder-Cup-Gastgeber, bis Royal Portrush \u2013 sind Ankerpl\u00e4tze f\u00fcr wiederbelebte Schlosshotels.<\/p>\n<p>Eine unterschwellige Neugier auf die Vorfahren treibt viele in Irlands Archive und Kirchenb\u00fccher, um ihre Vorfahren durch Jahrhunderte der Migration und der Umbr\u00fcche zu verfolgen. Die genealogische Forschung profitiert, obwohl sie durch L\u00fccken und Verluste behindert wird, von den Digitalisierungsbem\u00fchungen, insbesondere in der Grafschaft Clare.<\/p>\n<p>Irlands Landschaften und Gemeinden vereinen Tradition und Moderne, lokale W\u00e4rme und weltoffene Dynamik. Poesie und Prosa, Musik und Tanz, schroffe Berge und sanfte Ebenen, stoische Geschichte und anhaltende Widerstandsf\u00e4higkeit vereinen sich auf einer Insel, die zum Nachdenken und Feiern einl\u00e4dt.<\/p>\n<p>In einem Land, in dem Vergangenheit und Gegenwart in Stein und Geschichte verschmelzen, entdeckt jeder Reisende eine Facette der einzigartigen irischen Identit\u00e4t \u2013 eine Identit\u00e4t, die gepr\u00e4gt ist von Geologie und Genealogie, von Invasion und Unabh\u00e4ngigkeit, von Glauben und Festen. Der wahre Schatz der Insel liegt jedoch im Ungreifbaren: der Willkommensgru\u00df an der Schwelle, das gemeinsame Lachen bei einem Bier, die stille Andacht vor einem Steinkreis im Morgengrauen. Irland existiert nicht nur als Ort auf der Landkarte, sondern als Einladung, die Verbindungen zwischen Land, Erbe und Fantasie zu entdecken.<\/p>","protected":false},"excerpt":{"rendered":"<p>Irland ist eine Inselrepublik im Nordatlantik vor der Nordwestk\u00fcste des europ\u00e4ischen Festlands und z\u00e4hlte im Jahr 2022 rund 7 Millionen Einwohner. Die Insel, die drittgr\u00f6\u00dfte Europas und die zwanzigstgr\u00f6\u00dfte weltweit, ist geopolitisch aufgeteilt zwischen der Republik Irland, die etwa f\u00fcnf Sechstel des Territoriums einnimmt, und Nordirland, einem Teil des Vereinigten K\u00f6nigreichs. Die Republik Irland hat 5,1 Millionen Einwohner, Nordirland 1,9 Millionen. Damit ist Irland nach Gro\u00dfbritannien die zweitbev\u00f6lkerungsreichste Insel Europas.<\/p>","protected":false},"author":1,"featured_media":4036,"parent":24078,"menu_order":0,"comment_status":"closed","ping_status":"closed","template":"elementor_theme","meta":{"_eb_attr":"","footnotes":""},"class_list":["post-11622","page","type-page","status-publish","has-post-thumbnail"],"_links":{"self":[{"href":"https:\/\/travelshelper.com\/de\/wp-json\/wp\/v2\/pages\/11622","targetHints":{"allow":["GET"]}}],"collection":[{"href":"https:\/\/travelshelper.com\/de\/wp-json\/wp\/v2\/pages"}],"about":[{"href":"https:\/\/travelshelper.com\/de\/wp-json\/wp\/v2\/types\/page"}],"author":[{"embeddable":true,"href":"https:\/\/travelshelper.com\/de\/wp-json\/wp\/v2\/users\/1"}],"replies":[{"embeddable":true,"href":"https:\/\/travelshelper.com\/de\/wp-json\/wp\/v2\/comments?post=11622"}],"version-history":[{"count":0,"href":"https:\/\/travelshelper.com\/de\/wp-json\/wp\/v2\/pages\/11622\/revisions"}],"up":[{"embeddable":true,"href":"https:\/\/travelshelper.com\/de\/wp-json\/wp\/v2\/pages\/24078"}],"wp:featuredmedia":[{"embeddable":true,"href":"https:\/\/travelshelper.com\/de\/wp-json\/wp\/v2\/media\/4036"}],"wp:attachment":[{"href":"https:\/\/travelshelper.com\/de\/wp-json\/wp\/v2\/media?parent=11622"}],"curies":[{"name":"wp","href":"https:\/\/api.w.org\/{rel}","templated":true}]}}