{"id":11520,"date":"2024-09-13T01:07:08","date_gmt":"2024-09-13T01:07:08","guid":{"rendered":"https:\/\/travelshelper.com\/staging\/?page_id=11520"},"modified":"2026-03-12T18:25:02","modified_gmt":"2026-03-12T18:25:02","slug":"luxemburg","status":"publish","type":"page","link":"https:\/\/travelshelper.com\/de\/destinations\/europe\/luxembourg\/","title":{"rendered":"Luxemburg"},"content":{"rendered":"<p>Das Gro\u00dfherzogtum Luxemburg erstreckt sich \u00fcber 2.586 Quadratkilometer im Herzen Westeuropas und z\u00e4hlte im Jahr 2025 681.973 Einwohner. Eingebettet zwischen Belgien im Westen und Norden, Deutschland im Osten und Frankreich im S\u00fcden vereint dieses souver\u00e4ne Gro\u00dfherzogtum kompakte Ausma\u00dfe mit \u00fcberragender Bedeutung. Seine Hauptstadt, Luxemburg-Stadt, liegt eingebettet in dramatische Flusst\u00e4ler und ist einer der wichtigsten Sitze der Europ\u00e4ischen Union. Hier befindet sich unter anderem der Gerichtshof der Europ\u00e4ischen Union. Auf \u00fcberschaubarem Raum vereint Luxemburg jahrhundertealte Geschichte, kulturelle Einfl\u00fcsse seiner Nachbarn und eine Wirtschaft, die gemessen an der Kaufkraft stets zu den wohlhabendsten der Welt z\u00e4hlt.<\/p>\n<p>Die Geschichte Luxemburgs beginnt im Hochmittelalter, als die Grafschaft Luxemburg im 11. Jahrhundert unter der \u00c4gide des Heiligen R\u00f6mischen Reiches entstand. Der Aufstieg seiner Herrscher gipfelte in der Erhebung Heinrichs VII. zum Kaiser im fr\u00fchen 14. Jahrhundert und setzte damit einen Pr\u00e4zedenzfall f\u00fcr dynastischen Einfluss, der \u00fcber die Grenzen Luxemburgs hinausreichte. Im 15. Jahrhundert kam es zur Herrschaft der Habsburger, und nach der franz\u00f6sischen Annexion im 18. Jahrhundert erlebte das Gebiet drei aufeinanderfolgende Teilungen, die sein Territorium immer weiter zerrissen. Der Wiener Kongress stellte 1815 Luxemburgs Souver\u00e4nit\u00e4t wieder her, doch erst nach der Luxemburgkrise von 1867 \u2013 als die europ\u00e4ischen M\u00e4chte am Rande eines Konflikts \u00fcber sein Schicksal standen \u2013 wurde die vollst\u00e4ndige Unabh\u00e4ngigkeit garantiert und die Festungsstadt zerst\u00f6rt.<\/p>\n<p>Die Topographie teilt das Gro\u00dfherzogtum in zwei gegens\u00e4tzliche Bereiche. Das n\u00f6rdliche Drittel, \u00c9islek oder \u00d6sling genannt, ist mit seinen sanften H\u00fcgeln und bewaldeten Hochebenen Teil der Ardennen. Hier dr\u00e4ngen sich D\u00f6rfer entlang enger T\u00e4ler, und die h\u00f6chsten Erhebungen \u2013 Kneiff mit 560 Metern und Buurgplaatz mit 559 Metern \u2013 erheben sich gerade so weit, dass sie einen sch\u00f6nen Ausblick bieten, aber nicht isolieren. Im Gegensatz dazu sind die s\u00fcdlichen zwei Drittel, das Guttland, von sanfterem Gel\u00e4nde gepr\u00e4gt und beherbergen den Gro\u00dfteil der Bev\u00f6lkerung. Das Sandsteinplateau, das die Stadt Luxemburg umgibt, geht nach Osten in die zerkl\u00fcfteten W\u00e4lder der \u201eKleinen Schweiz\u201c \u00fcber, w\u00e4hrend sich das Moseltal im S\u00fcdosten in Weinberge entfaltet. Das Rote Land, einst das pulsierende Herz der Stahlindustrie, beherbergt noch immer viele der gr\u00f6\u00dferen St\u00e4dte des Landes.<\/p>\n<p>Diese abwechslungsreiche Landschaft wird von Fl\u00fcssen durchzogen, die sowohl Grenze als auch Identit\u00e4t pr\u00e4gen. Mosel, Sauer und Our markieren die \u00f6stliche Grenze zu Deutschland; ihre T\u00e4ler bilden Handels- und Kulturwege. Im Landesinneren formen Nebenfl\u00fcsse wie Alzette, Attert, Clerve und Wiltz T\u00e4ler, die einst feudale Herrschaftsgebiete definierten und heute St\u00e4dte durch Stra\u00dfen und Schienen verbinden. Die mittleren T\u00e4ler der Sauer und Attert dienen zudem als nat\u00fcrliche Grenze zwischen dem bewaldeten Norden und dem bev\u00f6lkerungsreicheren S\u00fcden, wo fruchtbare B\u00f6den Besiedlung und Industrie f\u00f6rderten.<\/p>\n<p>Luxemburgs mehrsprachiger Charakter spiegelt seine Lage zwischen dem romanischen und dem germanischen Europa wider. Luxemburgisch \u2013 ein moselfr\u00e4nkischer Dialekt des Hochdeutschen \u2013 dient als Nationalsprache und Symbol der lokalen Identit\u00e4t, w\u00e4hrend Franz\u00f6sisch die alleinige Rolle in der Gesetzgebung einnimmt und sich Franz\u00f6sisch und Deutsch Verwaltungsaufgaben teilen. Dieses Sprachentrio pr\u00e4gt den Alltag: Eltern unterhalten sich auf dem Markt auf Luxemburgisch, Beamte schreiben Gesetze auf Franz\u00f6sisch nach, und die Regionalpresse wechselt zwischen deutschen Schlagzeilen und franz\u00f6sischen Bildunterschriften. Das Ergebnis ist eine kontinuierliche Kommunikation, die Jahrhunderte wechselnder Souver\u00e4nit\u00e4ten und Allianzen widerspiegelt.<\/p>\n<p>Wirtschaftlich trotzt das Gro\u00dfherzogtum seiner Gr\u00f6\u00dfe. Mit hohem Einkommen, diversifizierter Struktur und weltoffener Ausrichtung z\u00e4hlt es pro Kopf zu den wohlhabendsten L\u00e4ndern der Welt. Starke Finanzdienstleistungen, eine lange Stahltradition, die sich zu Hochtechnologie entwickelt hat, und zahlreiche europ\u00e4ische Institutionen sichern moderates Wachstum und niedrige Inflation. Luxemburg investiert zudem stark in Innovation: Seine Position im Global Innovation Index, seine Lebensqualit\u00e4t und seine Indikatoren f\u00fcr die menschliche Entwicklung belegen regelm\u00e4\u00dfig Spitzenpl\u00e4tze sowohl unter den EU-Mitgliedstaaten als auch unter den OECD-L\u00e4ndern. Die Arbeitslosigkeit ist traditionell niedrig geblieben, obwohl das Land den Ersch\u00fctterungen globaler Konjunkturabschw\u00fcnge kaum entkommen ist.<\/p>\n<p>Der Verkehr spiegelt Luxemburgs Engagement f\u00fcr Konnektivit\u00e4t und b\u00fcrgerliches Wohlergehen wider. Das Stra\u00dfennetz durchzieht das ganze Land und verbindet die Hauptstadt in wenigen Stunden mit Br\u00fcssel, Paris und Frankfurt. Seit Dezember 2017 erg\u00e4nzt die Wiedereinf\u00fchrung einer Stra\u00dfenbahnlinie das dichte Busnetz und die CFL, deren Linien jeden Winkel des Gro\u00dfherzogtums und dar\u00fcber hinaus erreichen. Im Rahmen einer bahnbrechenden Reform am 29. Februar 2020 war Luxemburg das erste Land, das sein gesamtes \u00f6ffentliches Verkehrssystem kostenlos zug\u00e4nglich machte. Einwohner und Besucher k\u00f6nnen nun ohne Ticketschranken mit Bus, Bahn oder Stra\u00dfenbahn die Stadt erkunden.<\/p>\n<p>Dieses Gef\u00fchl der Offenheit erstreckt sich auch auf die Hauptstadt des Landes. Die Altstadt von Luxemburg, hoch oben auf den Klippen am Zusammenfluss von Alzette- und Petrusstal, ist gepr\u00e4gt von einem Gef\u00fchl der Geschichte. In den Fels gehauene Befestigungsanlagen \u00fcberstanden Jahrhunderte milit\u00e4rischer Auseinandersetzungen und bilden heute ein verzweigtes Netz aus Kasematten und Toren unterhalb des Bockfelsens. Ein Spaziergang auf dem Chemin de la Corniche, oft als \u201esch\u00f6nster Balkon Europas\u201c bezeichnet, bietet einen Panoramablick auf die Unterstadt, wo die Abtei Neum\u00fcnster als kulturelles Zentrum zu neuem Leben erwacht ist. In der N\u00e4he erheben sich die gotischen T\u00fcrme der Kathedrale Notre-Dame, w\u00e4hrend der Gro\u00dfherzogliche Palast mit seiner schlichten Fassade und der zeremoniellen Wache ein Zeugnis des weltweit einzigen verbliebenen souver\u00e4nen Gro\u00dfherzogtums ist.<\/p>\n<p>Jenseits der Hauptstadt verk\u00f6rpern die St\u00e4dte Luxemburgs ruhigere Rhythmen und einzigartigen Charme. Echternach, im 7. Jahrhundert rund um eine Benediktinerabtei gegr\u00fcndet, beherbergt noch heute die Basilika, in der der Heilige Willibrord ruht. Die j\u00e4hrliche Pfingstprozession, ein jahrhundertealter Brauch mit Tanz und Pilgerfahrt durch enge Gassen, weckt sowohl Glauben als auch gemeinschaftliches Ged\u00e4chtnis. Vianden, am nord\u00f6stlichen Rand, umrahmt eine hoch aufragende mittelalterliche Burg \u00fcber der Our. Die in ihrer Pracht des 19. Jahrhunderts restaurierte Festung erinnert an die Romane von Victor Hugo, der in der N\u00e4he logierte und in ihren W\u00e4llen eine Muse f\u00fcr seine romantische Fantasie fand. Im S\u00fcden schl\u00e4ngelt sich die Moselweinstra\u00dfe durch D\u00f6rfer wie Remich, wo sich schiefergedeckte H\u00e4user am Flussufer dr\u00e4ngen und Rieslingreben die H\u00e4nge s\u00e4umen.<\/p>\n<p>Das kulturelle Leben Luxemburgs geht \u00fcber Architektur und Landschaft hinaus. Die Museen der Hauptstadt reichen vom Nationalmuseum f\u00fcr Geschichte und Kunst mit seinen r\u00f6mischen Mosaiken und Kunstsammlungen bis zum Mus\u00e9e Grand-Duque Jean d\u2019Art Moderne (MU DAM), dessen Glas- und Betongalerien das Petrusstal \u00fcberblicken. In Diekirch dokumentiert das Nationale Museum f\u00fcr Milit\u00e4rgeschichte die Ardennenoffensive anhand von Modellen und m\u00fcndlichen \u00dcberlieferungen und bewahrt so die Erinnerung an die Opfer, die das 20. Jahrhundert pr\u00e4gten. Auch Volkstraditionen leben in l\u00e4ndlichen Festen und Blaskapellenkonzerten fort und erinnern an eine Zeit, in der Landwirtschaft und l\u00e4ndliches Handwerk vorherrschten.<\/p>\n<p>Auch die kulinarischen Traditionen spiegeln diese Einfl\u00fcsse wider. Deftige Volksgerichte spiegeln das l\u00e4ndliche Erbe wider: Judd Mat Gaardebounen, ger\u00e4ucherter Schweinenacken mit Saubohnen, ist nach wie vor das inoffizielle Nationalgericht, w\u00e4hrend Gromperekichelcher \u2013 knusprig frittierte Kartoffelpuffer \u2013 auf M\u00e4rkten und Festen angeboten werden. Franz\u00f6sische Bistros servieren gro\u00dfz\u00fcgige Portionen Coq au Riesling, und das Erbe der portugiesischen und italienischen Einwanderung zeigt sich in Past\u00e9is de Nata und d\u00fcnnen Pizzen neben luxemburgischen Bieren wie Diekirch und Bofferding. Die Wei\u00dfweine des Moseltals \u2013 Riesling, Auxerrois, Pinot Gris und Elbling \u2013 begleiten die herbstlichen Weinlesefeste, bei denen in den D\u00f6rfern die beliebten Weinmessen stattfinden.<\/p>\n<p>Obwohl der Tourismus eine Rolle spielt, bleibt das Gro\u00dfherzogtum sich selbst treu: ein kleines Land mit Bedeutung. Die Entscheidung, die Fahrpreise im \u00f6ffentlichen Nahverkehr abzuschaffen, spiegelt wider, dass nicht Besucherzahlen, sondern der Zugang der B\u00fcrgerinnen und B\u00fcrger im Vordergrund stehen. Das Engagement f\u00fcr Mehrsprachigkeit unterstreicht den Glauben an Dialog statt Monolog. Und die Erhaltung der Befestigungsanlagen und alten Stadtviertel zeugt von der Erkenntnis, dass Kulturerbe kein kommerzieller Wert ist, sondern ein lebendiger Dialog zwischen Vergangenheit und Gegenwart.<\/p>\n<p>\u00dcber Jahrhunderte wechselnder Dynastien und sich verschiebender Grenzen hat Luxemburg eine Identit\u00e4t entwickelt, die seine Gr\u00f6\u00dfe \u00fcbersteigt. Es ist weder Belgien noch Frankreich noch Deutschland, sondern ein eigenst\u00e4ndiges Reich, gepr\u00e4gt von allen dreien. Es ist ein Gro\u00dfherzogtum, eine parlamentarische Demokratie, ein Finanzzentrum, ein gr\u00fcnes Netz aus W\u00e4ldern und Weinbergen, ein Knotenpunkt der Sprachen und Ideen. F\u00fcr Reisende, die mehr als nur Sightseeing suchen \u2013 ein tieferes Gef\u00fchl f\u00fcr einen Ort \u2013 bietet Luxemburg sowohl Intimit\u00e4t als auch Weite: intim wie eine von der Mittagssonne erw\u00e4rmte Dorfstra\u00dfe, weit wie eine Idee von Europa selbst, tief in der Geschichte verwurzelt und offen f\u00fcr die Zukunft.<\/p>\n<p>Auf einem Kontinent, der von Gr\u00f6\u00dfe und Superlativen gepr\u00e4gt ist, behauptet Luxemburg seine Bedeutung durch Ausgewogenheit und Koh\u00e4renz. Es zeigt, dass Reichtum ebenso im menschlichen Ma\u00dfstab wie in der Weite liegen kann: in abgeschiedenen Abteien und hoch aufragenden Viadukten, in gefl\u00fcsterten Dialekten und dem Rumpeln von Hochgeschwindigkeitsz\u00fcgen, in Miniaturschl\u00f6ssern vor einem weiten Himmel. Hier ist ein Land, in dem Grenzen nicht trennend, sondern verflechtend zusammenlaufen, wo Kultur nicht auf Slogans reduziert wird, sondern im Rhythmus der Sprache und im Geschmack eines lokalen Weins lebt. Auf seine ruhige Art l\u00e4dt Luxemburg zum Nachdenken dar\u00fcber ein, was Einheit bedeuten kann \u2013 und wie ein kleines Gemeinwesen, das sich selbst kennt, die Welt erleuchten kann.<\/p>","protected":false},"excerpt":{"rendered":"<p>Luxemburg, offiziell Gro\u00dfherzogtum Luxemburg, ist ein kleiner, aber bedeutender Staat im Herzen Westeuropas. Trotz seiner geringen Gr\u00f6\u00dfe spielt dieser Binnenstaat eine zentrale Rolle in europ\u00e4ischen Angelegenheiten und zeichnet sich durch eine einzigartige Mischung kultureller Einfl\u00fcsse, wirtschaftlichen Wohlstands und politischer Bedeutung aus. Luxemburg liegt am Schnittpunkt Westeuropas und grenzt an drei L\u00e4nder: Belgien im Westen und Norden, Deutschland im Osten und Frankreich im S\u00fcden. Diese strategische Lage hat Luxemburgs Geschichte, Kultur und sprachliche Vielfalt im Laufe der Jahre gepr\u00e4gt.<\/p>","protected":false},"author":1,"featured_media":3095,"parent":24078,"menu_order":0,"comment_status":"closed","ping_status":"closed","template":"elementor_theme","meta":{"_eb_attr":"","footnotes":""},"class_list":["post-11520","page","type-page","status-publish","has-post-thumbnail"],"_links":{"self":[{"href":"https:\/\/travelshelper.com\/de\/wp-json\/wp\/v2\/pages\/11520","targetHints":{"allow":["GET"]}}],"collection":[{"href":"https:\/\/travelshelper.com\/de\/wp-json\/wp\/v2\/pages"}],"about":[{"href":"https:\/\/travelshelper.com\/de\/wp-json\/wp\/v2\/types\/page"}],"author":[{"embeddable":true,"href":"https:\/\/travelshelper.com\/de\/wp-json\/wp\/v2\/users\/1"}],"replies":[{"embeddable":true,"href":"https:\/\/travelshelper.com\/de\/wp-json\/wp\/v2\/comments?post=11520"}],"version-history":[{"count":0,"href":"https:\/\/travelshelper.com\/de\/wp-json\/wp\/v2\/pages\/11520\/revisions"}],"up":[{"embeddable":true,"href":"https:\/\/travelshelper.com\/de\/wp-json\/wp\/v2\/pages\/24078"}],"wp:featuredmedia":[{"embeddable":true,"href":"https:\/\/travelshelper.com\/de\/wp-json\/wp\/v2\/media\/3095"}],"wp:attachment":[{"href":"https:\/\/travelshelper.com\/de\/wp-json\/wp\/v2\/media?parent=11520"}],"curies":[{"name":"wp","href":"https:\/\/api.w.org\/{rel}","templated":true}]}}