{"id":11481,"date":"2024-09-13T00:27:22","date_gmt":"2024-09-13T00:27:22","guid":{"rendered":"https:\/\/travelshelper.com\/staging\/?page_id=11481"},"modified":"2026-03-12T18:33:09","modified_gmt":"2026-03-12T18:33:09","slug":"monaco","status":"publish","type":"page","link":"https:\/\/travelshelper.com\/de\/destinations\/europe\/monaco\/","title":{"rendered":"Monaco"},"content":{"rendered":"<p>Monaco, ein souver\u00e4ner Stadtstaat an der franz\u00f6sischen Riviera, umfasst 2,08 km\u00b2 felsiges Vorgebirge und neu gewonnenes Land. Anfang 2025 z\u00e4hlte Monaco 38.400 Einwohner, darunter weniger als 10.000 Monegassen; der Rest stammt aus Frankreich, Italien, Gro\u00dfbritannien und anderen L\u00e4ndern. An drei Seiten von Frankreich umschlossen und zum Mittelmeer hin ge\u00f6ffnet, verbindet dieser Kleinstaat jahrhundertealte dynastische Herrschaft mit modernem Luxus und z\u00e4hlt damit zu den bev\u00f6lkerungsreichsten und wohlhabendsten Gebieten der Welt.<\/p>\n<p>Schon beim ersten Blick auf Monacos kompakte Skyline ist der Kontrast zwischen mittelalterlichen Befestigungsanlagen und modernen Hochh\u00e4usern unverkennbar. Im Herzen der Altstadt, umgangssprachlich Le Rocher genannt, erhebt sich der Felsen von Monaco steil aus dem Meer. Hier schl\u00e4ngeln sich schmale, gepflasterte Gassen zwischen hellen Steinh\u00e4usern hindurch zum F\u00fcrstenpalast, dessen Fassade aus dem 17. Jahrhundert stammt. Jeden Nachmittag, lange bevor die Sonne am Horizont versinkt, marschiert eine kleine Abteilung uniformierter Soldaten majest\u00e4tisch entlang der Palastmauern \u2013 eine rituelle Erinnerung an die halbkonstitutionelle Monarchie des F\u00fcrstentums unter F\u00fcrst Albert II.<\/p>\n<p>Unten herrscht im alten Hafen von La Condamine ein ganz anderes Treiben. Yachten jeder L\u00e4nge liegen im Port Hercule vor Anker, ihre gl\u00e4nzenden R\u00fcmpfe spiegeln sich im sanft unter der mediterranen Sonne pl\u00e4tschernden Wasser. Fischer legen im Morgengrauen ab, um dem einzigen nat\u00fcrlichen Gewerbe der Region nachzugehen, w\u00e4hrend Marktst\u00e4nde auf dem Place d&#039;Armes Produkte aus der nahegelegenen Provence und Ligurien anbieten. Mit seiner Mischung aus frischem Gem\u00fcse, provenzalischen Kr\u00e4utern und italienischen Oliven offenbart der Markt eine kulinarische Identit\u00e4t, die von Monacos einzigartiger Lage am Schnittpunkt zweier gro\u00dfer Traditionen gepr\u00e4gt ist.<\/p>\n<p>Die Ausdehnung nach Westen auf den ehemaligen Meeresboden hat Fontvieille hervorgebracht, ein Viertel mit breiten Esplanaden, Leichtindustrie und gr\u00fcnen Promenaden. Hier s\u00e4umen B\u00e4ume die Alleen, die zum Hafen von Fontvieille f\u00fchren, wo kleinere Schiffe den Kai teilen. Historische Gedenktafeln erinnern an die erste Landgewinnung der Familie Grimaldi in den 1970er Jahren. Im Nordwesten erhebt sich der Jardin Exotique auf einer alten Kalksteinklippe. Sein Gew\u00e4chshauseingang \u00f6ffnet sich zu seltenen Sukkulenten und Kakteen, deren Formen die zerkl\u00fcftete Fassade des Vorgebirges widerspiegeln.<\/p>\n<p>Der 1999 teilweise unterirdisch errichtete Bahnhof Monaco Monte-Carlo verbindet das F\u00fcrstentum mit dem franz\u00f6sischen Schienennetz. Hochgeschwindigkeitsz\u00fcge (TGV) verbinden Paris, w\u00e4hrend Regionalz\u00fcge Nizza, Cannes und weitere St\u00e4dte anfahren. Oberirdisch erstreckt sich das Stra\u00dfennetz des F\u00fcrstentums nur \u00fcber 77 Kilometer, doch ein Netz aus Rolltreppen und Aufz\u00fcgen macht selbst die steilsten Anstiege zu Fu\u00df bew\u00e4ltigbar. Monaco ist keineswegs eine Stadt, die das Gehen vermeidet, sondern w\u00fcrdigt seine Topografie und l\u00e4dt Fu\u00dfg\u00e4nger zu Aussichtspunkten am Klippenrand oder zu einer Rast in einem der vielen Themeng\u00e4rten ein.<\/p>\n<p>Kein Bericht \u00fcber Monaco darf das Casino von Monte Carlo auslassen, ein Geb\u00e4ude im Glanz der Belle \u00c9poque, das 1879 von Charles Garnier fertiggestellt wurde. Seine bunte Keramik, die verzierten Balkone und die T\u00fcrmchend\u00e4cher zeugen von einer architektonischen Fantasie, einer bewussten Kreation von Luxus und Genuss. M\u00e4nner in dunklen Anz\u00fcgen und Krawatten steigen jeden Abend die breiten Marmortreppen hinauf und gelangen unter Buntglasd\u00e4chern zu den Spielr\u00e4umen, in denen unter freskenbemalten Decken Baccarat und Roulette gespielt werden. Obwohl f\u00fcr Einwohner keine Einkommenssteuer anf\u00e4llt, bilden die Gewinne des Casinos seit langem die Finanzgrundlage des F\u00fcrstentums und finanzieren \u00f6ffentliche Dienstleistungen, die denen deutlich gr\u00f6\u00dferer Staaten \u00e4hneln.<\/p>\n<p>Monacos Klima ist gepr\u00e4gt von seiner maritimen Lage. Die Sommer sind warm, aber durch die Meeresbrise gemildert, und die Temperaturen \u00fcbersteigen selten 30 \u00b0C. Die N\u00e4chte bleiben mild, die sanfte W\u00e4rme des Mittelmeers h\u00e4lt bis in die fr\u00fchen Morgenstunden an. Auch die Winter trotzen dem Breitengrad: Frost und Schnee treten etwa einmal pro Jahrzehnt auf. Am 27. Februar 2018 bedeckte ein seltener Schneefall sowohl Monaco-Ville als auch Monte Carlo mit Schnee und hinterlie\u00df nur eine d\u00fcnne, fl\u00fcchtige Schneedecke auf den D\u00e4chern der Pal\u00e4ste und den T\u00fcrmen der Casinos.<\/p>\n<p>Solche gem\u00e4\u00dfigten Bedingungen lockten schon lange Besucher an, die dem raueren Klima entfliehen wollten. Im sp\u00e4ten 19. Jahrhundert verwandelten der Bau einer Eisenbahnverbindung nach Paris und die Er\u00f6ffnung des Casinos das F\u00fcrstentum in ein Reiseziel f\u00fcr die europ\u00e4ische Elite. Heute ist Monaco nach wie vor ein Magnet f\u00fcr Segler, Spieler und Sonnenanbeter, hat sich aber auch wirtschaftlich diversifiziert. Banken und Verm\u00f6gensverwaltungen florieren neben kleinen, hochwertigen Herstellern \u2013 Kosmetik, Pr\u00e4zisionsinstrumente und umweltschonende Technologieunternehmen. Ein Niedrigsteuersystem ermutigt Unternehmen, regionale Hauptsitze in Monaco zu unterhalten, w\u00e4hrend die Zahl der Pendler aus dem benachbarten Frankreich und Italien die der einheimischen Arbeitskr\u00e4fte \u00fcbersteigt.<\/p>\n<p>Politisch ist Monaco eine halbkonstitutionelle Monarchie. F\u00fcrst Albert II. verf\u00fcgt \u00fcber erhebliche Autorit\u00e4t, insbesondere in der Au\u00dfenpolitik und bei der Ernennung des Regierungschefs. Franz\u00f6sische Richter sind in der Justiz t\u00e4tig, und die Verteidigung liegt bei Frankreich, obwohl Monaco zwei kleine Milit\u00e4reinheiten unterh\u00e4lt. Seit der Eroberung des Felsens durch das Haus Grimaldi im Jahr 1297 pr\u00e4gt die dynastische Kontinuit\u00e4t die Identit\u00e4t des F\u00fcrstentums. Die Souver\u00e4nit\u00e4t wurde in Vertr\u00e4gen wie dem von 1861 festgeschrieben und 1993 durch die Mitgliedschaft bei den Vereinten Nationen bekr\u00e4ftigt.<\/p>\n<p>Das kulturelle Leben in Monaco geht \u00fcber Casinos und Grand-Prix-Fanfare hinaus. Das Ozeanographische Museum am Rande des Rocher beherbergt eine ber\u00fchmte Sammlung von Meeresexemplaren, Modellen von Forschungsschiffen und interaktive Ausstellungen, die die bahnbrechenden ozeanographischen Expeditionen von F\u00fcrst Albert I. dokumentieren. In der N\u00e4he befinden sich die Marine Environment Laboratories der Internationalen Atomenergie-Organisation (IAEO), die einzige UN-Einrichtung, die sich der Meeresforschung widmet. Im Schatten des Palastes kuratieren Galerien wie die Villa Sauber Ausstellungen zeitgen\u00f6ssischer Kunst, w\u00e4hrend das Neue Nationalmuseum von Monaco die Schnittstelle von Tradition und Moderne in Villen der Belle \u00c9poque erforscht.<\/p>\n<p>Automobilfans treffen sich j\u00e4hrlich in Monte Carlo zum Formel-1-Grand-Prix. Dieses Spektakel Ende Mai verwandelt \u00f6ffentliche Stra\u00dfen in die anspruchsvollste Rennstrecke des Motorsports. Enge Kurven, H\u00f6henunterschiede und ein Tunnelabschnitt stellen das K\u00f6nnen der Fahrer auf 3,34 km Stadtstra\u00dfen auf die Probe. Zwei Wochen zuvor in geraden Jahren feiert der Historic Grand Prix historische Rennwagen; in den anderen Jahren l\u00e4utet der elektrische Formel-E-Monaco-ePrix die Zukunft des Motorsports ein. Das Internationale Zirkusfestival im Januar und die Monaco Yacht Show im September runden den Veranstaltungskalender ab und ziehen K\u00fcnstler und Besucher aus aller Welt an.<\/p>\n<p>Die Gastronomie spiegelt Monacos kosmopolitisches Flair wider. Michelin-Sternek\u00fcchen finden sich neben gem\u00fctlichen Caf\u00e9s, die Pizza, Salate und regionale Spezialit\u00e4ten anbieten. Das Le Louis XV mit seinen drei Sternen ist der Inbegriff der Haute Cuisine, w\u00e4hrend das Caf\u00e9 de Paris \u2013 1868 neben dem Casino er\u00f6ffnet \u2013 die Tradition der Grand-Caf\u00e9-Kultur fortf\u00fchrt. In den Gassen abseits der Uferpromenade bieten lokale Bistros Gerichte wie provenzalische Fischsuppe und ligurische Pasta zu moderateren Preisen an, serviert im Freien unter Glyzinien.<\/p>\n<p>Monacos Stadtteile haben sich durch politische Reformen und kreatives Engineering weiterentwickelt. Traditionell unterteilt in Monaco-Ville, Monte Carlo, La Condamine und Fontvieille, umfasst das F\u00fcrstentum heute neun Verwaltungsbezirke. Le Portier, ein sechs Hektar gro\u00dfes, dem Meer abgerungenes Viertel, wurde im Dezember 2024 er\u00f6ffnet und erweitert Wohn- und Gewerbefl\u00e4chen bis ins t\u00fcrkisfarbene Mittelmeer. Die Pl\u00e4ne f\u00fcr eine weitere Expansion spiegeln den anhaltenden Dialog zwischen der Erhaltung des kulturellen Erbes und den Anforderungen des modernen Lebens wider.<\/p>\n<p>Trotz seiner geringen Gr\u00f6\u00dfe bietet Monaco zahlreiche Gr\u00fcnfl\u00e4chen. Der Rosengarten Princesse Grace, der 1984 zum Gedenken an die verstorbene Prinzessin angelegt wurde, schm\u00fcckt seine Terrassen mit \u00fcber 4.000 Bl\u00fcten. Der Japanische Garten, eingerahmt von Bambushainen und Steinlaternen, bietet einen Ort der stillen Meditation in der N\u00e4he des Casino-Platzes. Auf der h\u00f6chsten Erhebung der Stadt offenbart die Grotte des Exotischen Gartens \u00fcber Jahrtausende geformte Stalaktiten und Stalagmiten, w\u00e4hrend die Saint-Martin-G\u00e4rten schattige Wege mit Blick auf den Hafen bieten.<\/p>\n<p>Der Transport innerhalb Monacos verbindet moderne Effizienz mit den Einschr\u00e4nkungen des Gel\u00e4ndes. Ein einheitliches Busnetz, betrieben von CAM, verbindet 143 Haltestellen auf f\u00fcnf Routen, w\u00e4hrend Nachtbusse bis 4:00 Uhr verkehren. Eine Fu\u00dfg\u00e4ngerf\u00e4hre \u00fcberquert den Port Hercule alle zwanzig Minuten, und ein kostenloses Rolltreppensystem bringt Fu\u00dfg\u00e4nger von tiefer gelegenen Vierteln in h\u00f6her gelegene Viertel. Private Fahrzeuge sind bei Einheimischen und Besuchern gleicherma\u00dfen wenig beliebt, da sie aufgrund von Parkplatzmangel und engen Stra\u00dfen eher l\u00e4stig als praktisch sind. Stattdessen laden E-Bikes, Roller und Fu\u00dfg\u00e4ngerwege dazu ein, die Stadt zu Fu\u00df oder im Rahmen gemeinsamer Mobilit\u00e4tsprogramme zu erkunden.<\/p>\n<p>Die Immobilienpreise z\u00e4hlen zu den h\u00f6chsten weltweit und liegen oft \u00fcber 100.000 Euro pro Quadratmeter. Eine Wohnung im Penthouse des Odeon Towers erzielte 2016 einen Wert von 335 Millionen US-Dollar, was sowohl Platzknappheit als auch das Prestige des F\u00fcrstentums widerspiegelt. Mehr als drei\u00dfig Prozent der Einwohner sind Million\u00e4re, und Monaco weist die weltweit h\u00f6chste Pro-Kopf-Dichte an Milliard\u00e4ren auf. Doch hinter der Fassade des Reichtums stehen Stadtplaner und Umweltsch\u00fctzer gleicherma\u00dfen vor Herausforderungen der Nachhaltigkeit, vom Energieverbrauch bis zum Meeresschutz.<\/p>\n<p>Bildung und Gesundheitswesen profitieren von den Einnahmen aus Tourismus und Finanzwesen. Internationale Schulen orientieren sich an britischen, amerikanischen oder franz\u00f6sisch-monegassischen Lehrpl\u00e4nen, w\u00e4hrend das \u00f6ffentliche Schulsystem Unterricht in Franz\u00f6sisch, Monegassisch und anderen Sprachen anbietet. Ein 24-Stunden-Krankenhaus am Boulevard du Jardin Exotique versorgt Einwohner und ausl\u00e4ndisches Personal und verf\u00fcgt \u00fcber Fachabteilungen f\u00fcr Kardiologie, Onkologie und Notfallmedizin. Die durchschnittliche Lebenserwartung in Monaco liegt bei fast 90 Jahren und geh\u00f6rt damit zu den h\u00f6chsten weltweit. Dies ist auf die Kombination aus mediterraner Ern\u00e4hrung, umfassenden \u00f6ffentlichen Dienstleistungen und \u00fcppigen Gr\u00fcnfl\u00e4chen zur\u00fcckzuf\u00fchren.<\/p>\n<p>Religion und Tradition spielen im b\u00fcrgerlichen Leben eine wichtige Rolle. Die 1875 geweihte Kathedrale Notre-Dame-Immacul\u00e9e beherbergt die Gr\u00e4ber ehemaliger Prinzen und Prinzessin Gracia Patricia. Jedes Jahr im Januar legt die Braut des F\u00fcrsten ihren Brautstrau\u00df in der Kapelle Sainte-D\u00e9vote nieder, deren Schutzpatronin einen Schrein an einer Stra\u00dfenecke ehrt. Am 27. Januar feiern die Monegassen das Fest der Heiligen D\u00e9vote mit einer kleinen Bootsprozession, bei der das Emblem der Heiligen auf dem Meer in Flammen gesetzt wird.<\/p>\n<p>Der Handel floriert in \u00fcber das gesamte Gebiet verteilten Zentren. Der Golden Circle \u2013 eingerahmt von der Avenue Monte Carlo und den All\u00e9es Lumi\u00e8res \u2013 beherbergt Flagship-Stores von Herm\u00e8s, Dior, Gucci und anderen Luxusmarken. In der N\u00e4he bieten der Condamine-Markt und die Fu\u00dfg\u00e4ngerzone Rue Princess Caroline ein Kontrapunkt mit Kunsthandwerk, frischen Produkten und Alltagswaren. Das Einkaufszentrum Fontvieille mit einem Carrefour-Supermarkt bietet Annehmlichkeiten f\u00fcr den Alltag, w\u00e4hrend das Viertel Carr\u00e9 d&#039;Or Liebhaber von hochwertigem Schmuck und Couture anspricht.<\/p>\n<p>Wer eine Pause vom Alltagsstress sucht, findet an Monacos K\u00fcste zahlreiche Str\u00e4nde und felsige Buchten. Larvotto, der Hauptstrand des F\u00fcrstentums, l\u00e4dt mit palmenges\u00e4umten Kais und pastellfarbenen Fassaden zum Baden ein. Pl\u00e4ne f\u00fcr neue Promenaden und Fu\u00dfg\u00e4ngerbr\u00fccken sollen den Zugang zum Meer verbessern und Monacos jahrhundertealte Beziehung zum Mittelmeer st\u00e4rken.<\/p>\n<p>In den letzten Jahren hat Monaco den Umweltschutz zu einem Leitprinzip gemacht. Die Korallenrestaurierungsprojekte des Ozeanographischen Museums und die Initiativen der F\u00fcrst-Albert-II.-Stiftung zum Meeresschutz unterstreichen das Engagement f\u00fcr ein \u00f6kologisches Gleichgewicht. Solarmodule schm\u00fccken mittlerweile \u00f6ffentliche Geb\u00e4ude, und Ladestationen f\u00fcr Elektrofahrzeuge sind in Tiefgaragen verteilt. Stadtentwicklungsinitiativen streben die Integration von Gr\u00fcnd\u00e4chern und wasserdurchl\u00e4ssigen Oberfl\u00e4chen an, um die Auswirkungen dichter Bebauung auf den Regenwasserabfluss und die st\u00e4dtische W\u00e4rme zu mildern.<\/p>\n<p>Doch Monacos Anziehungskraft beruht nicht nur auf seiner baulichen Umgebung oder seinem wirtschaftlichen Status, sondern auch auf den menschlichen Geschichten, die mit seinen Steinen und dem Meer verwoben sind. Kunsthandwerker, deren Wurzeln bis in die Werkst\u00e4tten der Belle \u00c9poque zur\u00fcckreichen, fertigen in engen Ateliers noch immer ma\u00dfgeschneiderten Schmuck. Fischer und Caf\u00e9besitzer tauschen im provenzalischen Dialekt Weihnachtsgr\u00fc\u00dfe aus. Ingenieure und Natursch\u00fctzer arbeiten gemeinsam an Projekten, die das F\u00fcrstentum um mehrere Hektar erweitern und gleichzeitig die Klarheit des K\u00fcstenwassers bewahren.<\/p>\n<p>Die Dualit\u00e4t Monacos \u2013 alter Fels und moderne Skyline, F\u00fcrstentum und Spielplatz \u2013 ist in jeder Stra\u00dfe und an jedem Ufer sp\u00fcrbar. Besucher, die sich jenseits des Glanzes der Superyachten und High-Stakes-Tische bewegen, entdecken einen Ort, der von Geografie und Dynastie, Ehrgeiz und Zur\u00fcckhaltung gepr\u00e4gt ist. Hier, wo der Kalksteingrund die Spuren der jurassischen Meere tr\u00e4gt und die heutige Landgewinnung den Horizont neu formt, entfaltet sich die Geschichte Monacos nicht als Klischee des Luxus, sondern als Zeugnis menschlichen Einfallsreichtums, der innerhalb der Grenzen eines winzigen St\u00fccks souver\u00e4nen Landes umgesetzt wurde.<\/p>\n<p>Monaco ist ein lebendiges Paradoxon: Fl\u00e4chenm\u00e4\u00dfig der kleinste unabh\u00e4ngige Staat der Welt, aber dennoch reich an kultureller Vielfalt; ein Paradies f\u00fcr Wohlhabende, das sich zugleich des gemeinsamen Erbes bewusst ist; ein glamour\u00f6ses Reiseziel, das sich dennoch der stillen Bewahrung seiner nat\u00fcrlichen und historischen Sch\u00e4tze verpflichtet f\u00fchlt. Auf jedem sonnenbeschienenen Platz, unter jedem barocken Gesims und jedem modernistischen Turm bekr\u00e4ftigt das F\u00fcrstentum seine einzigartige Identit\u00e4t auf einer Fl\u00e4che, die nicht gr\u00f6\u00dfer ist als der Central Park \u2013 und regt damit zum Nachdenken dar\u00fcber an, wie ein kleines Gemeinwesen im Herzen des Mittelmeers Kontinuit\u00e4t und Wandel, Tradition und Innovation verk\u00f6rpern kann.<\/p>","protected":false},"excerpt":{"rendered":"<p>Monaco, a sovereign city-state on the French Riviera, encompasses 2.08 km\u00b2 of rocky promontory and reclaimed land. As of early 2025, its 38,400 inhabitants include fewer than 10,000 Mon\u00e9gasque nationals, with the remainder drawn from France, Italy, the United Kingdom and beyond.<\/p>","protected":false},"author":1,"featured_media":3559,"parent":24078,"menu_order":0,"comment_status":"closed","ping_status":"closed","template":"elementor_theme","meta":{"_eb_attr":"","footnotes":""},"class_list":["post-11481","page","type-page","status-publish","has-post-thumbnail"],"_links":{"self":[{"href":"https:\/\/travelshelper.com\/de\/wp-json\/wp\/v2\/pages\/11481","targetHints":{"allow":["GET"]}}],"collection":[{"href":"https:\/\/travelshelper.com\/de\/wp-json\/wp\/v2\/pages"}],"about":[{"href":"https:\/\/travelshelper.com\/de\/wp-json\/wp\/v2\/types\/page"}],"author":[{"embeddable":true,"href":"https:\/\/travelshelper.com\/de\/wp-json\/wp\/v2\/users\/1"}],"replies":[{"embeddable":true,"href":"https:\/\/travelshelper.com\/de\/wp-json\/wp\/v2\/comments?post=11481"}],"version-history":[{"count":0,"href":"https:\/\/travelshelper.com\/de\/wp-json\/wp\/v2\/pages\/11481\/revisions"}],"up":[{"embeddable":true,"href":"https:\/\/travelshelper.com\/de\/wp-json\/wp\/v2\/pages\/24078"}],"wp:featuredmedia":[{"embeddable":true,"href":"https:\/\/travelshelper.com\/de\/wp-json\/wp\/v2\/media\/3559"}],"wp:attachment":[{"href":"https:\/\/travelshelper.com\/de\/wp-json\/wp\/v2\/media?parent=11481"}],"curies":[{"name":"wp","href":"https:\/\/api.w.org\/{rel}","templated":true}]}}