{"id":11462,"date":"2024-09-12T23:32:50","date_gmt":"2024-09-12T23:32:50","guid":{"rendered":"https:\/\/travelshelper.com\/staging\/?page_id=11462"},"modified":"2026-03-12T18:21:10","modified_gmt":"2026-03-12T18:21:10","slug":"moldawien","status":"publish","type":"page","link":"https:\/\/travelshelper.com\/de\/destinations\/europe\/moldova\/","title":{"rendered":"Moldawien"},"content":{"rendered":"<p>Die Republik Moldau ist ein Binnenstaat in Osteuropa mit einer Fl\u00e4che von 33.483 Quadratkilometern und rund 2,42 Millionen Einwohnern. Sie liegt im nord\u00f6stlichen Teil des Balkan-Schwarzmeer-Beckens und grenzt im Westen an Rum\u00e4nien und im Norden, Osten und S\u00fcden an die Ukraine. Chi\u0219in\u0103u, die Hauptstadt und gr\u00f6\u00dfte Metropole des Landes, ist das politische, kulturelle und wirtschaftliche Zentrum des Landes.<\/p>\n<p>Moldawiens erste urkundliche Identit\u00e4t entstand Mitte des 14. Jahrhunderts als Teil des F\u00fcrstentums Moldau, einem Lehen des Osmanischen Reiches. Fast f\u00fcnf Jahrhunderte lang bewahrte das F\u00fcrstentum trotz wechselnder Oberherren eine ausgepr\u00e4gte Volkskultur. 1812 trat die Osmanische Pforte die Provinz Bessarabien, die dem Gro\u00dfteil des heutigen Moldawiens entspricht, an das Russische Reich ab. S\u00fcdliche Teile Bessarabiens schlossen sich 1856 wieder den F\u00fcrstent\u00fcmern Moldau und Walachei an, fielen aber nach dem Berliner Kongress 1878 wieder unter russische Herrschaft. Diese Schwankungen hinterlie\u00dfen Spuren in Verwaltungsstrukturen, Sprachgebrauch und Landbesitzsystemen.<\/p>\n<p>Die Unruhen von 1917 in Sankt Petersburg wirkten sich auf ganz Bessarabien aus. Dort erkl\u00e4rten lokale Versammlungen erstmals ihre Autonomie innerhalb der schw\u00e4chelnden Russischen Republik. Im Februar 1918 wurde die Unabh\u00e4ngigkeit erkl\u00e4rt, und kurz darauf schloss sich die Region durch einen Beschluss des lokalen Parlaments Rum\u00e4nien an. Diese Verbindung hielt bis 1940 an, als der Molotow-Ribbentrop-Pakt Bukarest zwang, Bessarabien und die Nordbukowina an die Sowjetunion abzutreten. Die sowjetischen Beh\u00f6rden gr\u00fcndeten die Moldauische Sozialistische Sowjetrepublik und vereinigte Teile des ehemaligen Gouvernements Bessarabien mit Gebieten der Ukrainischen SSR.<\/p>\n<p>Nach dem Zerfall der Sowjetunion erkl\u00e4rte die Moldauische SSR am 27. August 1991 ihre Souver\u00e4nit\u00e4t und nahm den Namen Republik Moldau an. Fast zeitgleich erlangte Transnistrien \u2013 ein schmaler Oststreifen entlang des Dnjestr \u2013 seine eigene De-facto-Verwaltung, ein Status, der bis heute international nicht anerkannt wird. Die Verfassung der Republik von 1994 f\u00fchrte einen parlamentarischen Rahmen ein, der die Exekutivgewalt einem Premierminister \u00fcbertrug und das Pr\u00e4sidentenamt lediglich repr\u00e4sentativen Zwecken vorbehalten blieb. Neuere Amtsinhaber haben jedoch dessen \u00f6ffentliche Pr\u00e4senz gest\u00e4rkt.<\/p>\n<p>Unter Pr\u00e4sidentin Maia Sandu, die Ende 2020 mit einem Programm juristischer Integrit\u00e4t und westlicher Orientierung gew\u00e4hlt wurde, hat Moldawien in den letzten zehn Jahren seine Bem\u00fchungen um eine Mitgliedschaft in der Europ\u00e4ischen Union beschleunigt. Der Kandidatenstatus wurde dem Land im Juni 2022 verliehen, und die formellen Beitrittsverhandlungen begannen am 13. Dezember 2023. Sandu deutete zudem eine m\u00f6gliche Neubewertung der verfassungsm\u00e4\u00dfigen milit\u00e4rischen Neutralit\u00e4t zugunsten einer engeren Angleichung an kollektive Sicherheitsvereinbarungen an, verurteilte jedoch gleichzeitig den russischen Einmarsch in die benachbarte Ukraine scharf.<\/p>\n<p>Geografisch erstreckt sich Moldawien \u00fcber sanfte H\u00fcgel, breite Flusst\u00e4ler und eine bescheidene Ebene im S\u00fcden, den Bugeac. Die h\u00f6chste Erhebung liegt auf 430 Metern auf dem B\u0103l\u0103ne\u0219ti-H\u00fcgel, der zur moldauischen Hochebene geh\u00f6rt, die sich bis in die Ukraine und Rum\u00e4nien erstreckt. Zu den Unterregionen geh\u00f6ren die bewaldeten Codri-Massive in Zentralmoldawien, die Dnister-Berge im Nordosten und die Pruth-Tiefebene entlang der Westgrenze. Schwarzerdeb\u00f6den, die zu den fruchtbarsten der Welt z\u00e4hlen, bedecken etwa drei Viertel des Territoriums und f\u00f6rdern eine lange landwirtschaftliche Tradition, die sich besonders f\u00fcr den Weinbau eignet. Ein schmaler Korridor bei Giurgiule\u0219ti, der 1999 von der Ukraine erworben wurde, gew\u00e4hrt Moldawien eine 450 Meter breite Front an der Donau und damit indirekten Zugang zum Schwarzen Meer.<\/p>\n<p>Das Klima ist gem\u00e4\u00dfigt kontinental, gemildert durch die N\u00e4he zum Schwarzen Meer. Die Sommer dauern f\u00fcnf Monate und erreichen Durchschnittstemperaturen um 20 \u00b0C. Die Winter bleiben k\u00fchl, aber selten extrem und erreichen im Januar durchschnittlich \u20134 \u00b0C. Die j\u00e4hrlichen Niederschlagsmengen variieren zwischen etwa 600 mm im Norden und 400 mm im S\u00fcden und konzentrieren sich auf das sp\u00e4te Fr\u00fchjahr und den fr\u00fchen Herbst. Starke Regenf\u00e4lle f\u00fchren zu lokaler Erosion, anhaltende D\u00fcrreperioden k\u00f6nnen den landwirtschaftlichen Zyklus unterbrechen. Zu den historischen Extremwerten z\u00e4hlen 41,5 \u00b0C am 21. Juli 2007 in Camenca und \u201335,5 \u00b0C am 20. Januar 1963 in Br\u0103tu\u0219eni.<\/p>\n<p>Moldawiens Wirtschaft zeichnet sich durch eine bescheidene Pro-Kopf-Produktion aus und liegt im europ\u00e4ischen Vergleich auf Platz zwei. Der Dienstleistungssektor dominiert, w\u00e4hrend die Landwirtschaft weiterhin eine tragende S\u00e4ule der l\u00e4ndlichen Lebensgrundlagen darstellt. Das Wirtschaftswachstum seit Anfang der 1990er Jahre wurde durch Bev\u00f6lkerungsr\u00fcckgang, starke Abwanderung und die j\u00fcngsten Energiekrisen aufgrund regionaler Konflikte gebremst. Die soziale Absicherung bleibt von entscheidender Bedeutung, da ein erheblicher Teil der Bev\u00f6lkerung von staatlichen Renten oder gezielten Unterst\u00fctzungsleistungen lebt. Bem\u00fchungen zur Diversifizierung der Handelspartnerschaften haben einen Gro\u00dfteil des Weinexportmarktes von Russland in die Europ\u00e4ische Union verlagert. Im Jahr 2021 erreichten \u00fcber 120 Millionen Liter Wein die EU-Mitgliedstaaten, verglichen mit 8,6 Millionen Litern, die nach Russland verkauft wurden.<\/p>\n<p>Demografisch gesehen hatte Moldawien im Januar 2024 sch\u00e4tzungsweise 2.423.300 Einwohner. Stadtbewohner machen 43,4 Prozent der Bev\u00f6lkerung aus, etwa ein Drittel lebt im Gro\u00dfraum Chi\u0219in\u0103u. B\u0103l\u021bi, oft als \u201eHauptstadt des Nordens\u201c bezeichnet, ist die zweitgr\u00f6\u00dfte Gemeinde mit \u00fcber 100.000 Einwohnern am Ufer des Flusses R\u0103ut. Tiraspol mit knapp 150.000 Einwohnern bildet das administrative Zentrum der nicht anerkannten Region Transnistrien. Comrat ist das Zentrum Gagausiens, einer autonomen Enklave im S\u00fcden.<\/p>\n<p>Die durchschnittliche Lebenserwartung betr\u00e4gt 71,5 Jahre \u2013 67,2 Jahre f\u00fcr M\u00e4nner und 75,7 Jahre f\u00fcr Frauen \u2013 bei einem Geschlechterverh\u00e4ltnis von etwa 100 Frauen zu 90 M\u00e4nnern. Der Bildungsstand von Frauen im erwerbsf\u00e4higen Alter ist h\u00f6her als der von M\u00e4nnern, dennoch besteht weiterhin ein Lohngef\u00e4lle von 13,6 Prozent. Die Landessprache ist Rum\u00e4nisch, seit 2023 offiziell anerkannt, obwohl Russisch vor allem in st\u00e4dtischen und \u00f6stlichen Gebieten weit verbreitet ist. Gagausisch, eine Turksprache, ist in Teilen der gleichnamigen autonomen Region vorherrschend. Der Englischunterricht wurde seit den 1990er Jahren ausgebaut, doch au\u00dferhalb der Hauptstadt sind flie\u00dfende Sprachkenntnisse f\u00fcr l\u00e4ngere Gespr\u00e4che nach wie vor selten.<\/p>\n<p>Das kulturelle Leben in Moldawien ist gepr\u00e4gt von einem reichen kirchlichen Erbe und einer best\u00e4ndigen Weinbautradition. \u00dcber 700 Kirchen und \u00fcber 50 Kl\u00f6ster pr\u00e4gen das Land. Darunter ist der in Kalkstein am linken Ufer des R\u0103ut gehauene H\u00f6hlenklosterkomplex von Alt-Orhei, der noch heute f\u00fcr Gottesdienste genutzt wird und ein Sinnbild mittelalterlicher orthodoxer Fr\u00f6mmigkeit darstellt. Seine Kapellen an den Klippen und die angrenzende arch\u00e4ologische St\u00e4tte weisen Spuren von Besiedlung aus dem 12. Jahrhundert auf. Das Kloster C\u0103priana, eingebettet in Eichenhaine etwa 40 Kilometer n\u00f6rdlich von Chi\u0219in\u0103u, ist nach wie vor einer der meistbesuchten spirituellen R\u00fcckzugsorte des Landes.<\/p>\n<p>Moldawiens Weinkeller z\u00e4hlen zu den umfangreichsten der Welt. Mile\u0219tii Mici, seit 2005 im Guinnessbuch der Rekorde eingetragen, umfasst \u00fcber 200 Kilometer unterirdische Galerien \u2013 davon 55 Kilometer in Betrieb \u2013 mit \u00fcber zwei Millionen Flaschen. Cricova, ein ausgedehntes Netzwerk ehemaliger Kalksteinbr\u00fcche, pr\u00e4sentiert seine Weine nach Herkunft und Jahr in den Galerieg\u00e4ngen, w\u00e4hrend Castel Mimi die Schlossarchitektur des 19. Jahrhunderts wieder aufleben l\u00e4sst und Sammlung, Museum und Gastfreundschaft pr\u00e4sentiert. Familien in abgelegenen Weilern unterhalten oft private Weinberge und geben ihr traditionelles Weinbauwissen an die n\u00e4chste Generation weiter. Jedes Jahr im Oktober \u00f6ffnet der Nationale Weintag den \u00f6ffentlichen Zugang zu Weing\u00fctern im ganzen Land, wobei Besucher per Shuttlebus zwischen den Kellern hin- und hergefahren werden.<\/p>\n<p>Der Tourismus, der im Vergleich zu westeurop\u00e4ischen L\u00e4ndern noch in den Kinderschuhen steckt, verzeichnete im ersten Quartal 2022 einen Zuwachs auf 36.100 Ank\u00fcnfte von Nicht-Einwohnern und \u00fcbertraf damit die Zahlen vor der Pandemie. Die Attraktionen konzentrieren sich auf Kulturdenkm\u00e4ler, l\u00e4ndliche Kulturerlebnisse und die Weinstra\u00dfe, sind aber au\u00dferhalb von Chi\u0219in\u0103u noch wenig bekannt. Die Bem\u00fchungen zur F\u00f6rderung des Sektors unter dem Banner von Moldova Travel heben die gro\u00dfz\u00fcgigen, sonnenreichen Jahreszeiten des Landes \u2013 rund 300 Sonnentage im Jahr \u2013, die wettbewerbsf\u00e4higen Kosten und das Mosaik kultureller Einfl\u00fcsse an der Schnittstelle rum\u00e4nischer, slawischer und gagausischer Traditionen hervor.<\/p>\n<p>Der internationale Flughafen Chi\u0219in\u0103u ist ein zentraler Bestandteil der internationalen Verkehrsanbindung und bietet regelm\u00e4\u00dfige Verbindungen zu wichtigen europ\u00e4ischen Flugh\u00e4fen wie Amsterdam Schiphol, Paris Charles de Gaulle, London Stansted, Rom Fiumicino, Istanbul und Tel Aviv. Nachtz\u00fcge verbinden Chi\u0219in\u0103u mit Bukarest, Kiew und Odessa, w\u00e4hrend direkte Verbindungen nach Moskau weiterhin ausgesetzt sind. Die Einreise \u00fcber Rum\u00e4nien ist kosteng\u00fcnstig: T\u00e4gliche Nachtz\u00fcge zwischen Chi\u0219in\u0103u und Bukarest ben\u00f6tigen etwa 12 Stunden. Busverbindungen decken die meisten rum\u00e4nischen und ukrainischen St\u00e4dte ab. Die Durchreise durch Transnistrien kann jedoch zus\u00e4tzliche Grenzformalit\u00e4ten und gelegentliche Zahlungsaufforderungen nach sich ziehen.<\/p>\n<p>Innerhalb Moldawiens wird der Verkehr von einem insgesamt rund 12.730 Kilometer langen Autobahnnetz, davon fast 11.000 Kilometer asphaltiert, und 1.138 Kilometern Eisenbahnstrecke dominiert. Minibusse, sogenannte Rutiere, verkehren informell zwischen St\u00e4dten und D\u00f6rfern und bieten flexible Fahrpl\u00e4ne zu moderaten Preisen. In Chi\u0219in\u0103u sorgen staatliche Trolleybusse und ein begrenztes Busnetz f\u00fcr die st\u00e4dtische Mobilit\u00e4t, wobei private Marschrutki nach wie vor das am weitesten verbreitete \u00f6ffentliche Verkehrsmittel sind. Der Donauterminal in Giurgiule\u0219ti empf\u00e4ngt kleine Frachtschiffe und verbindet Moldawien \u00fcber das Schwarze Meer mit der globalen Schifffahrt.<\/p>\n<p>Besucher Moldawiens erleben eine K\u00fcche, die von Einfachheit und lokalen Produkten gepr\u00e4gt ist. Die M\u00e4rkte in Chi\u0219in\u0103u sind \u00fcbervoll mit frischem Obst, Gem\u00fcse, K\u00e4se und Wurstwaren. Kleine Lokale in der Nachbarschaft servieren M\u0103m\u0103lig\u0103 (Maisbrei), Br\u00e2nz\u0103 (Wei\u00dfk\u00e4se) und Zeama (H\u00fchnersuppe) sowie russische und ukrainische Spezialit\u00e4ten. Trinkgeld ist weder \u00fcblich noch wird es erwartet. Die Unterkunftsm\u00f6glichkeiten reichen von einfachen Hotels, die in Euro oder Dollar abgerechnet werden, bis zu einigen wenigen neu entstehenden Hostels in der Hauptstadt. Unterk\u00fcnfte aus der Sowjetzeit in Provinzst\u00e4dten k\u00f6nnen f\u00fcr minimale Ausstattung h\u00f6here Preise als erwartet verlangen.<\/p>\n<p>Mit ihrer komplexen Geschichte, Kultur und Politik ist die Republik Moldau ein Musterbeispiel an Widerstandsf\u00e4higkeit. Ein Jahrhundert wechselnder Souver\u00e4nit\u00e4ten, wirtschaftlicher Neuausrichtungen und regionaler Umbr\u00fcche hat eine Gesellschaft hervorgebracht, die von Z\u00e4higkeit und Einfallsreichtum gepr\u00e4gt ist. Der fruchtbare Boden und das Klima des Landes f\u00f6rdern landwirtschaftlichen \u00dcberfluss, w\u00e4hrend die best\u00e4ndigen Weintraditionen und heiligen St\u00e4tten ein tiefes Identit\u00e4tsgef\u00fchl vermitteln. Heute, w\u00e4hrend sich das Land in der europ\u00e4ischen Integration und den globalen Neuausrichtungen bewegt, bietet Moldau dem aufmerksamen Besucher ein Terrain subtiler Wunder, menschlicher W\u00e4rme und saisonaler Rhythmen, die noch lange nach der Abreise nachhallen.<\/p>","protected":false},"excerpt":{"rendered":"<p>Moldawien, offiziell Republik Moldau, ist ein kompakter Binnenstaat in Osteuropa am nord\u00f6stlichen Rand des Balkans. Das Land, gepr\u00e4gt von seiner reichen Geschichte und vielf\u00e4ltigen kulturellen Einfl\u00fcssen, erstreckt sich \u00fcber eine Gesamtfl\u00e4che von 33.483 Quadratkilometern und beherbergte im Januar 2024 rund 2,42 Millionen Einwohner. Moldawien liegt zwischen zwei gr\u00f6\u00dferen Nachbarl\u00e4ndern: Rum\u00e4nien im Westen und der Ukraine im Norden, Osten und S\u00fcden. Die Ostgrenze des Landes bildet der Fluss Dnjestr, dahinter liegt der nicht anerkannte abtr\u00fcnnige Staat Transnistrien, eine Region, die seit der Unabh\u00e4ngigkeit Moldawiens ein Brennpunkt politischer Spannungen ist.<\/p>","protected":false},"author":1,"featured_media":2745,"parent":24078,"menu_order":0,"comment_status":"closed","ping_status":"closed","template":"elementor_theme","meta":{"_eb_attr":"","footnotes":""},"class_list":["post-11462","page","type-page","status-publish","has-post-thumbnail"],"_links":{"self":[{"href":"https:\/\/travelshelper.com\/de\/wp-json\/wp\/v2\/pages\/11462","targetHints":{"allow":["GET"]}}],"collection":[{"href":"https:\/\/travelshelper.com\/de\/wp-json\/wp\/v2\/pages"}],"about":[{"href":"https:\/\/travelshelper.com\/de\/wp-json\/wp\/v2\/types\/page"}],"author":[{"embeddable":true,"href":"https:\/\/travelshelper.com\/de\/wp-json\/wp\/v2\/users\/1"}],"replies":[{"embeddable":true,"href":"https:\/\/travelshelper.com\/de\/wp-json\/wp\/v2\/comments?post=11462"}],"version-history":[{"count":0,"href":"https:\/\/travelshelper.com\/de\/wp-json\/wp\/v2\/pages\/11462\/revisions"}],"up":[{"embeddable":true,"href":"https:\/\/travelshelper.com\/de\/wp-json\/wp\/v2\/pages\/24078"}],"wp:featuredmedia":[{"embeddable":true,"href":"https:\/\/travelshelper.com\/de\/wp-json\/wp\/v2\/media\/2745"}],"wp:attachment":[{"href":"https:\/\/travelshelper.com\/de\/wp-json\/wp\/v2\/media?parent=11462"}],"curies":[{"name":"wp","href":"https:\/\/api.w.org\/{rel}","templated":true}]}}