{"id":11404,"date":"2024-09-12T22:08:35","date_gmt":"2024-09-12T22:08:35","guid":{"rendered":"https:\/\/travelshelper.com\/staging\/?page_id=11404"},"modified":"2026-03-12T15:56:36","modified_gmt":"2026-03-12T15:56:36","slug":"ungarn","status":"publish","type":"page","link":"https:\/\/travelshelper.com\/de\/destinations\/europe\/hungary\/","title":{"rendered":"Ungarn"},"content":{"rendered":"<p>Ungarn ist eine Binnenrepublik mit rund 9,6 Millionen Einwohnern und einer Fl\u00e4che von rund 93.000 Quadratkilometern im Herzen des Karpatenbeckens. Sie grenzt an sieben L\u00e4nder \u2013 die Slowakei, die Ukraine, Rum\u00e4nien, Serbien, Kroatien, Slowenien und \u00d6sterreich \u2013 und wird von den Fl\u00fcssen Donau und Thei\u00df durchzogen. Von der Gr\u00fcndung des Magyarenf\u00fcrstentums unter \u00c1rp\u00e1d im sp\u00e4ten 9. Jahrhundert bis hin zu seiner modernen parlamentarischen Demokratie und dem Beitritt zur Europ\u00e4ischen Union im Jahr 2004 war Ungarns Entwicklung gepr\u00e4gt von aufeinanderfolgenden Siedlungswellen, imperialer Herrschaft und nationaler Wiedergeburt.<\/p>\n<p>Ungarns Landschaft ist \u00fcberwiegend Tiefland. Seine Konturen werden durch den rhythmischen Anstieg des h\u00fcgeligen Transdanubiens im Westen und der weiten Gro\u00dfen Tiefebene (Alf\u00f6ld) im Osten bestimmt. Transdanubien erstreckt sich von der \u00f6sterreichischen Grenze \u00fcber die h\u00fcgeligen Ausl\u00e4ufer der Ostalpen (Alpokalja), das Transdanubische Gebirge sowie die Mecsek- und Vill\u00e1ny-Gebirgsz\u00fcge und erreicht seinen H\u00f6hepunkt am \u00cdrott-k\u0151 (882 m). Jenseits der Thei\u00df wird die weite Ebene im Norden von den Ausl\u00e4ufern der Karpaten unterbrochen, gekr\u00f6nt vom K\u00e9kes (1.014 m), dem Gipfel Ungarns. Der Plattensee \u2013 Mitteleuropas gr\u00f6\u00dfter S\u00fc\u00dfwassersee \u2013 und die Thermalquellen von H\u00e9v\u00edz zeugen von der geologischen Vielfalt der Region. Das Klima ist gem\u00e4\u00dfigt kontinental, mit einer durchschnittlichen Jahrestemperatur von etwa 9,7 \u00b0C und einem durchschnittlichen Niederschlag von 600 mm, wodurch ein reiches Mosaik pannonischer Mischw\u00e4lder in der Zirkumborealregion des borealen K\u00f6nigreichs erhalten bleibt.<\/p>\n<p>Zu den fr\u00fchesten bekannten Bewohnern des Beckens geh\u00f6rten Kelten, R\u00f6mer, Hunnen, Germanen, Awaren und Slawen. Magyareneinf\u00e4lle unter \u00c1lmos und \u00c1rp\u00e1d im sp\u00e4ten 9. Jahrhundert festigten das Becken zu einem F\u00fcrstentum, das durch die Kr\u00f6nung Stephans I. zum K\u00f6nig im Jahr 1000 n. Chr. und die Etablierung christlicher Institutionen, die bis ins mittelalterliche K\u00f6nigreich Ungarn Bestand hatten, konsolidiert wurde. Im Sp\u00e4tmittelalter hatte sich das K\u00f6nigreich zu einer mitteleurop\u00e4ischen Macht entwickelt, deren Einfluss sich bis auf den Balkan und dar\u00fcber hinaus erstreckte. Die osmanische Eroberung, die mit der Niederlage bei Moh\u00e1cs 1526 und dem Fall von Buda 1541 eingeleitet wurde, spaltete das Reich in das von Habsburg regierte K\u00f6nigliche Ungarn, osmanisch regierte Provinzen und das halbautonome F\u00fcrstentum Siebenb\u00fcrgen. Der Vertrag von Karlowitz aus dem Jahr 1699 beendete die osmanische Herrschaft im Becken und vereinte bis zum 18. Jahrhundert die meisten Gebiete unter der Hegemonie der Habsburger.<\/p>\n<p>Aufst\u00e4nde des 17. und 18. Jahrhunderts \u2013 allen voran R\u00e1k\u00f3czis Unabh\u00e4ngigkeitskrieg (1703\u20131711) \u2013 gipfelten im \u00d6sterreichisch-Ungarischen Ausgleich von 1867 und begr\u00fcndeten eine Doppelmonarchie, deren industrielle und kulturelle Bl\u00fcte die Jahrhundertwende pr\u00e4gte. Der Zerfall \u00d6sterreich-Ungarns nach dem Ersten Weltkrieg und der Vertrag von Trianon von 1920 verkleinerten das K\u00f6nigreich um 71 Prozent seiner historischen Landfl\u00e4che und f\u00fchrten zu tiefgreifenden demografischen und wirtschaftlichen Verwerfungen. In der Zwischenkriegszeit strebte die konservative Regierung von Regent Mikl\u00f3s Horthy nach Stabilit\u00e4t inmitten des territorialen Irredentismus. Ungarns Anschluss an die Achsenm\u00e4chte im Zweiten Weltkrieg l\u00f6ste Verw\u00fcstung und Besatzung aus, gefolgt von der sowjetisch unterst\u00fctzten Gr\u00fcndung der Ungarischen Volksrepublik. Der Aufstand von 1956, obwohl niedergeschlagen, k\u00fcndigte eine allm\u00e4hliche Liberalisierung an. Der friedliche \u00dcbergang von 1989 bis 1990 f\u00fchrte zur Entstehung einer demokratischen parlamentarischen Republik und gipfelte in der Mitgliedschaft in der Europ\u00e4ischen Union im Jahr 2004 und dem Beitritt zum Schengen-Raum im Jahr 2007.<\/p>\n<p>Die heutige Wirtschaft gilt als Hocheinkommenswirtschaft und wird durch eine allgemeine Gesundheitsversorgung und geb\u00fchrenfreie Sekundarschulbildung gest\u00fctzt. Der Dienstleistungssektor macht \u00fcber 60 Prozent der Besch\u00e4ftigung aus, w\u00e4hrend Industrie und Landwirtschaft 30 bzw. 7 Prozent ausmachen, was eine postindustrielle Arbeitsstruktur widerspiegelt. Der ungarische Forint ist nach wie vor die Landesw\u00e4hrung, w\u00e4hrend die wirtschaftliche Komplexit\u00e4t weltweit an neunter Stelle steht. Die Infrastruktur ist umfangreich: Ein modernes Autobahnnetz verbindet Budapest mit den wichtigsten St\u00e4dten; die Budapester Metro \u2013 aus dem Jahr 1896 \u2013 ist nach wie vor das zweit\u00e4lteste U-Bahn-System der Welt; und Eisenbahnknotenpunkte wie Szolnok und Miskolc gew\u00e4hrleisten die nationale und grenz\u00fcberschreitende Konnektivit\u00e4t. Ab M\u00e4rz 2024 wird die kostenlose Bahnfahrt auf B\u00fcrger unter 14 Jahren und Personen ab 65 Jahren ausgeweitet.<\/p>\n<p>Ungarn ist administrativ in neunzehn Komitate und die Hauptstadt Budapest gegliedert, die unabh\u00e4ngig ist. Diese zwanzig Einheiten bilden NUTS-3-Regionen, die wiederum in 174 Bezirke unterteilt sind und 3.152 Gemeinden, 346 St\u00e4dte (darunter dreiundzwanzig \u201est\u00e4dtische Komitate\u201c) und 2.806 D\u00f6rfer umfassen. Der Urbanisierungsgrad liegt bei \u00fcber siebzig Prozent, wobei ein Viertel der Einwohner im Gro\u00dfraum Budapest lebt. Budapest selbst \u2013 an beiden Ufern der Donau gelegen \u2013 genie\u00dft eine kulturelle und wirtschaftliche Vorrangstellung. Sein Ring aus klassischen Boulevards und Denkm\u00e4lern zeugt vom Erbe des Barock, des Historismus und des Jugendstils.<\/p>\n<p>Ungarisch, ein Mitglied der uralischen Sprachfamilie au\u00dferhalb des indoeurop\u00e4ischen Mainstreams, wird von 99 Prozent der Bev\u00f6lkerung als Muttersprache gesprochen. Englisch und Deutsch sind die wichtigsten Fremdsprachen, w\u00e4hrend Armenisch, Bulgarisch, Kroatisch, Deutsch, Griechisch, Rum\u00e4nisch, Romani, Rusinisch, Serbisch, Slowakisch, Slowenisch und Ukrainisch zu den anerkannten Minderheitensprachen z\u00e4hlen. Ethnisch gesehen machen Magyaren \u00fcber 90 Prozent der Bev\u00f6lkerung aus. Romani, Slowaken und andere Gemeinschaften tragen zu einem historisch vielf\u00e4ltigen sozialen Gef\u00fcge bei, was auch durch die \u00fcber zwei Millionen ethnischen Ungarn belegt wird, die au\u00dferhalb der heutigen Grenzen leben.<\/p>\n<p>Das Christentum pr\u00e4gte die ungarische Identit\u00e4t seit jeher. K\u00f6nig Stephan I. nahm im Jahr 1000 n. Chr. das westliche Christentum an und weihte den Katholizismus zur Staatsreligion. Der Erzbischof von Esztergom wurde F\u00fcrstprimas. In den folgenden Jahrhunderten gewannen lutherische und calvinistische Traditionen an Bedeutung, insbesondere in den \u00f6stlichen Regionen der Gro\u00dfen Tiefebene. Heute ist Ungarn weitgehend s\u00e4kular gepr\u00e4gt; weniger als 20 Prozent der Bev\u00f6lkerung besuchen regelm\u00e4\u00dfig den Gottesdienst.<\/p>\n<p>Das architektonische Erbe reicht von mittelalterlichen Befestigungsanlagen und Renaissancemeistern bis hin zu den Innovationen der Jahrhundertwende von \u00d6d\u00f6n Lechner, dessen Synthese asiatischer und nationaler Motive einen eigenst\u00e4ndigen ungarischen Jugendstil begr\u00fcndete. Seine Nachfolger, darunter K\u00e1roly K\u00f3s, Dezs\u0151 Zrumeczky und B\u00e9la Lajta, adaptierten ausl\u00e4ndische Str\u00f6mungen \u2013 Wiener Sezession, belgischen und franz\u00f6sischen Jugendstil, deutschen Jugendstil sowie englische und finnische Einfl\u00fcsse \u2013 in ein eigenwilliges Vokabular, das sich in \u00f6ffentlichen Geb\u00e4uden und Kunstgewerbemuseen widerspiegelt. Die Budapester Innenstadt ist gr\u00f6\u00dftenteils ein Jahrhundert alt, ihre hohen Fassaden tragen Skulpturen aus vergangenen Epochen.<\/p>\n<p>Die ungarische K\u00fcche ist gepr\u00e4gt von Paprika \u2013 eingef\u00fchrt im 16. Jahrhundert \u2013 und dicker Sauerrahm (Tejf\u00f6l), die kr\u00e4ftige Aromen mildern. Guly\u00e1s, in seinen Suppen- oder Eintopfvarianten, ist der Inbegriff des ungarischen Wohlf\u00fchlessens, w\u00e4hrend Paprikah\u00e4hnchen, P\u00f6rk\u00f6lt, Hal\u00e1szl\u00e9 und edle Foie-gras-Zubereitungen von regionalen und klassenspezifischen Unterschieden zeugen. Geb\u00e4ck wie Dobostorte, Strudel, Gundelpfannkuchen und Pflaumenkn\u00f6del pr\u00e4gen den kulinarischen Kalender, und die Caf\u00e9kultur bl\u00fcht in Cukr\u00e1szd\u00e1k (Konditoreien) und Eszpressz\u00f3k (Kaffeeh\u00e4usern). Traditionelle Gasth\u00e4user \u2013 Cs\u00e1rd\u00e1k \u2013 und Weinstuben \u2013 Boroz\u00f3k \u2013 bewahren die l\u00e4ndliche Geselligkeit, w\u00e4hrend st\u00e4dtische Bistros und Selbstbedienungsb\u00fcf\u00e9k modernen Anspr\u00fcchen gerecht werden.<\/p>\n<p>Der historisch florierende Tourismus zog 2019 24,5 Millionen internationale Besucher an, die von UNESCO-Welterbest\u00e4tten wie den Donauufern und dem Budaer Burgviertel in Budapest, der tausendj\u00e4hrigen Benediktinerabtei Pannonhalma, dem Hortob\u00e1gy-Nationalpark mit seiner riesigen Puszta, den H\u00f6hlen von Aggtelek, der fr\u00fchchristlichen Nekropole von P\u00e9cs sowie den Weinregionen Tokaj und Vill\u00e1ny angezogen wurden. Der Plattensee ist nach wie vor Mitteleuropas bedeutendster Binnenkurort, erg\u00e4nzt durch Thermalkurorte wie H\u00e9v\u00edz, Hajd\u00faszoboszl\u00f3 und Hark\u00e1ny. Saisonale und kulturelle Ph\u00e4nomene \u2013 vom Auftauchen der Eintagsfliege (tiszavir\u00e1gz\u00e1s) Mitte Juni entlang der Thei\u00df bis zum Bus\u00f3j\u00e1r\u00e1s-Karneval im Februar in Moh\u00e1cs \u2013 unterstreichen Ungarns anhaltendes Zusammenspiel von Natur, Ritual und Gemeinschaft.<\/p>\n<p>Ungarn ist Mitglied zahlreicher internationaler Organisationen, darunter die Vereinten Nationen, die NATO, die Weltgesundheitsorganisation, die Welthandelsorganisation, die Weltbank, die Asiatische Infrastrukturinvestitionsbank, der Europarat und die Visegr\u00e1d-Gruppe. Dies unterstreicht seine strategische Rolle in europ\u00e4ischen Angelegenheiten. Innerhalb der Europ\u00e4ischen Union balanciert Ungarn nationale Vorrechte mit kollektiver Regierungsf\u00fchrung und verhandelt finanzpolitische Rahmenbedingungen und Infrastrukturprojekte, die seine wirtschaftliche Modernisierung unterst\u00fctzen.<\/p>\n<p>Der Weg dieses Landes \u2013 vom Schmelztiegel fr\u00fchmittelalterlicher Staatskunst \u00fcber den Zerfall des Osmanischen Reichs, den habsburgischen Dualismus, die Umw\u00e4lzungen des 20. Jahrhunderts und den Pluralismus nach 1989 \u2013 hat eine kulturelle Widerstandsf\u00e4higkeit gepr\u00e4gt, die sich in Sprache, Kunst, Architektur und sozialen Institutionen widerspiegelt. Das heutige Ungarn bewegt sich zwischen Tradition und Innovation, und seine St\u00e4dte und Ebenen zeugen beredt von jahrhundertelanger Kontinuit\u00e4t inmitten des Wandels. Es bleibt vor allem ein Gebiet, in dem Geologie, Geschichte und menschliches Handeln zusammenflie\u00dfen und eine ausgepr\u00e4gte europ\u00e4ische Identit\u00e4t pr\u00e4gen.<\/p>","protected":false},"excerpt":{"rendered":"<p>Ungarn, ein Binnenstaat in Mitteleuropa, verf\u00fcgt \u00fcber ein reiches historisches und kulturelles Erbe. Es liegt im Zentrum des Karpatenbeckens, erstreckt sich \u00fcber 93.030 Quadratkilometer und grenzt an zahlreiche Nachbarstaaten. Im Norden liegt die Slowakei, im Nordosten die Ukraine. Im Osten und S\u00fcdosten grenzt Rum\u00e4nien an Ungarn, im S\u00fcden an Serbien. Die s\u00fcdwestliche Grenze grenzt an Kroatien und Slowenien, im Westen an \u00d6sterreich.<\/p>","protected":false},"author":1,"featured_media":3550,"parent":24078,"menu_order":0,"comment_status":"closed","ping_status":"closed","template":"elementor_theme","meta":{"_eb_attr":"","footnotes":""},"class_list":["post-11404","page","type-page","status-publish","has-post-thumbnail"],"_links":{"self":[{"href":"https:\/\/travelshelper.com\/de\/wp-json\/wp\/v2\/pages\/11404","targetHints":{"allow":["GET"]}}],"collection":[{"href":"https:\/\/travelshelper.com\/de\/wp-json\/wp\/v2\/pages"}],"about":[{"href":"https:\/\/travelshelper.com\/de\/wp-json\/wp\/v2\/types\/page"}],"author":[{"embeddable":true,"href":"https:\/\/travelshelper.com\/de\/wp-json\/wp\/v2\/users\/1"}],"replies":[{"embeddable":true,"href":"https:\/\/travelshelper.com\/de\/wp-json\/wp\/v2\/comments?post=11404"}],"version-history":[{"count":0,"href":"https:\/\/travelshelper.com\/de\/wp-json\/wp\/v2\/pages\/11404\/revisions"}],"up":[{"embeddable":true,"href":"https:\/\/travelshelper.com\/de\/wp-json\/wp\/v2\/pages\/24078"}],"wp:featuredmedia":[{"embeddable":true,"href":"https:\/\/travelshelper.com\/de\/wp-json\/wp\/v2\/media\/3550"}],"wp:attachment":[{"href":"https:\/\/travelshelper.com\/de\/wp-json\/wp\/v2\/media?parent=11404"}],"curies":[{"name":"wp","href":"https:\/\/api.w.org\/{rel}","templated":true}]}}