{"id":10220,"date":"2024-09-09T21:31:18","date_gmt":"2024-09-09T21:31:18","guid":{"rendered":"https:\/\/travelshelper.com\/staging\/?page_id=10220"},"modified":"2026-03-13T21:26:57","modified_gmt":"2026-03-13T21:26:57","slug":"alice-springs","status":"publish","type":"page","link":"https:\/\/travelshelper.com\/de\/destinations\/australia-and-oceania\/australia\/alice-springs\/","title":{"rendered":"Alice Springs"},"content":{"rendered":"<p>Alice Springs ist eine Kleinstadt im Herzen Australiens. Die Einwohnerzahl betr\u00e4gt nur rund 34.000 (30.628 im Jahr 2021, 33.990 im Jahr 2024). Etwa ein F\u00fcnftel der Bewohner bezeichnet sich als Aborigines oder Torres-Strait-Insulaner. Die Wirtschaft der Stadt spiegelt ihre Rolle als regionales Zentrum wider: Die Regierung des Northern Territory ist der gr\u00f6\u00dfte Arbeitgeber (rund 8 % der Arbeitspl\u00e4tze), und im Bildungs- und Gesundheitswesen sind jeweils rund 7 % der Erwerbst\u00e4tigen besch\u00e4ftigt. Auch der Tourismus ist bedeutend (rund 4 % der Arbeitspl\u00e4tze), da Alice Springs die wichtigsten Dienstleistungen f\u00fcr Besucher des Red Centre anbietet. Insgesamt ist die Wirtschaft Alice Springs dienstleistungsorientiert: Einzelhandel, Gastgewerbe und \u00f6ffentliche Verwaltung dominieren. Trotz ihrer abgelegenen Lage verf\u00fcgt Alice Springs \u00fcber moderne Annehmlichkeiten: Sie liegt auf einer H\u00f6he von etwa 545 m, sodass die Sommer zwar extrem hei\u00df sind (bis zu 45 \u00b0C), die N\u00e4chte jedoch merklich abk\u00fchlen k\u00f6nnen und im Winter Frost keine Seltenheit ist. Die Bev\u00f6lkerungszahl steigt bei bestimmten Ereignissen leicht an, Alice bleibt jedoch zu jeder Zeit eine ruhige Outback-Stadt.<\/p>\n<p>Alice Springs liegt fast in der geografischen Mitte Australiens. Es liegt im Northern Territory am meist trockenen Todd River, einem Nebenfluss des Finke (auch Lhere Mparnte genannt). Die Stadt ist von Darwin und Adelaide etwa gleich weit entfernt (ca. 1500 km). Sie liegt auf einer H\u00f6he von etwa 578 m in einer von uralten H\u00fcgeln umgebenen Ebene. Im Westen und Osten erheben sich die MacDonnell Ranges, eine Reihe ockerroter H\u00fcgel, die die Landschaft einrahmen. Einer der ber\u00fchmtesten Aussichtspunkte der Stadt ist der Anzac Hill, der sich \u00fcber dem Zentrum erhebt. Das Klima ist w\u00fcstenartig: Die Winter sind mild bis k\u00fchl (die Nachttemperaturen k\u00f6nnen nahe dem Gefrierpunkt liegen), w\u00e4hrend die Sommer sehr hei\u00df sind (Tagestemperaturen \u00fcber 40 \u00b0C sind \u00fcblich). Niederschlag ist selten (h\u00f6chstens ein paar hundert Millimeter pro Jahr) und f\u00e4llt meist in Sommergewittern. Die umliegende Landschaft \u2013 die klassische rote W\u00fcste Zentralaustraliens \u2013 ist \u00fcbers\u00e4t mit Spinifexgras, Eukalyptusb\u00e4umen, ockerfarbenen Klippen und kurzlebigen Wasserl\u00f6chern. Der Himmel ist weit und klar: Alice Springs hat durchschnittlich \u00fcber 300 Sonnentage im Jahr, was auch den Nachthimmel spektakul\u00e4r macht.<\/p>\n<p>Lange vor der europ\u00e4ischen Besiedlung war das Gebiet um Alice Springs (in der lokalen Arrernte-Sprache Mparntwe genannt) Zehntausende von Jahren Heimat der Aborigines. Im sp\u00e4ten 19. Jahrhundert, nachdem Entdecker das Landesinnere kartografiert hatten, wurde die Overland Telegraph Line gebaut (Fertigstellung 1872). Alice Springs wuchs um eine der Verst\u00e4rkerstationen dieser Linie herum, die Nachrichten zwischen Adelaide und Darwin weiterleitete. Die Station befand sich in der N\u00e4he einer permanenten Quelle (daher der Name \u201eAlice Springs\u201c, benannt von Charles Todd nach seiner Frau). Die Siedlung hie\u00df urspr\u00fcnglich \u201eStuart\u201c, benannt nach dem Entdecker John McDouall Stuart, wurde aber 1933 offiziell in Alice Springs umbenannt. Die Eisenbahn erreichte Alice Springs 1929, verband sie mit Adelaide und brachte neues Wachstum. W\u00e4hrend des Zweiten Weltkriegs war Alice Springs ein wichtiger St\u00fctzpunkt (der Eisenbahnknotenpunkt und die Lager dienten den nach Norden ziehenden Truppen). Nach dem Krieg kehrte Ruhe ein, die Infrastruktur wurde allm\u00e4hlich ausgebaut und touristische Dienstleistungen etabliert. Wichtige Daten sind die Er\u00f6ffnung der Telegrammstation im Jahr 1872, die Staatlichkeit des Northern Territory im Jahr 1911 sowie die Er\u00f6ffnung der Stra\u00dfe (Stuart Highway) und der Eisenbahnverbindung, die die Verbindungen endg\u00fcltig herstellten. Heute sind die Urspr\u00fcnge von Alice in ihren historischen Geb\u00e4uden sichtbar, und ihre Geschichte wird im Old Telegraph Station Historical Reserve gew\u00fcrdigt.<\/p>\n<p>Alice Springs f\u00fchlt sich an wie die Seele des Outbacks. Hier vermischen sich die Kulturen der Aborigines und der Europ\u00e4er. Fast jeder spricht Englisch, aber etwa 21 % der Einwohner der Township Alice Springs bezeichnen sich als Aborigines oder Torres-Strait-Insulaner, haupts\u00e4chlich vom Volk der Arrernte. Die Kunst und Musik der Aborigines ist prominent: Lokale Galerien zeigen oft farbenfrohe Punktmalereien und geschnitzte Artefakte. Das Leben ist entspannt; die Leute begr\u00fc\u00dfen sich mit einem Nicken oder H\u00e4ndedruck, und eine Zigarette am Stra\u00dfenrand oder eine Tasse Tee in einem Caf\u00e9 kann leicht zu einem l\u00e4ngeren Gespr\u00e4ch werden. Das trockene W\u00fcstenklima l\u00e4dt zum Leben im Freien ein \u2013 abends k\u00f6nnen sich Familien am Lagerfeuer unter dem Sternenhimmel treffen. Die Stadt ist Gastgeber einiger der eigenwilligsten Festivals Australiens. Jeden Juli findet der Camel Cup statt, bei dem Kamele auf einer Rennbahn um die Wette rennen. Im August findet im Flussbett des Todd Mall die j\u00e4hrliche Henley-on-Todd-Regatta statt, bei der \u201eBoote\u201c auf R\u00e4dern durch das trockene Flussbett man\u00f6vriert werden. Andere Veranstaltungen (wie das Parrtjima-Lichterfest und ein Beanie-Festival) feiern sowohl indigene Kunst als auch Grenzlandkitsch. Diese Feste, obwohl verspielt, spiegeln den lokalen Geist wider: gemeinschaftsorientiert, kreativ und widerstandsf\u00e4hig. Im Alltag arbeiten Einheimische vielleicht in Warnwesten auf Baustellen oder mit Cowboyh\u00fcten in der Viehzucht. Servicepersonal lernt oft aus H\u00f6flichkeit ein paar Arrernte-W\u00f6rter. Alice bietet kleinst\u00e4dtische Gastfreundschaft \u2013 irgendwann kennt jeder jeden mit Namen \u2013 gepaart mit einem gesunden Ma\u00df an Individualismus und Unabh\u00e4ngigkeit. Gelegentlich h\u00f6rt man den einzigartigen lokalen Slang (\u201earvo\u201c f\u00fcr Nachmittag, \u201eno dramas\u201c f\u00fcr kein Problem) und die gutm\u00fctigen Neckereien (Kameradschaft), die typisch f\u00fcr die australische informelle Kultur sind.<\/p>\n<p>Alice Springs bietet eine Mischung aus kulturellen Attraktionen und wilder Landschaft. Der Alice Springs Desert Park ist ein absolutes Muss. Dieser preisgekr\u00f6nte Park erstreckt sich \u00fcber 1.300 Hektar W\u00fcstenlandschaft und pr\u00e4sentiert einheimische Pflanzen, nachtaktive Tiere und die Kultur der Aborigines. Besucher k\u00f6nnen durch nachgebildete W\u00fcstenlandschaften wandern, K\u00e4ngurus und Emus aus n\u00e4chster N\u00e4he beobachten und t\u00e4glich eine Greifvogelshow mit frei fliegenden V\u00f6geln besuchen. In der N\u00e4he befindet sich die historische Telegraphenstation Old Alice Springs, der urspr\u00fcngliche Standort einer Sendeanlage aus dem Jahr 1872, die die Geschichte des fr\u00fchen Lebens im Outback erz\u00e4hlt. Der Anzac Hill (\u00fcber die Stra\u00dfe erreichbar) bietet einen herrlichen Ausblick auf den Sonnenuntergang \u00fcber der Stadt und den umliegenden Gebirgsketten.<\/p>\n<p>Au\u00dferhalb der Stadt lockt die Natur. Die West MacDonnell Ranges liegen westlich von Alice Springs, eine Reihe schroffer H\u00fcgel und enger Schluchten, die bei Sonnenaufgang rot leuchten. Ein Besuch von Simpsons Gap oder Standley Chasm bietet das Erlebnis, zwischen hoch aufragenden Felsw\u00e4nden zu wandern, die permanente Wasserl\u00f6cher beherbergen. Weiter westlich bieten Ormiston Gorge und Glen Helen Gorge k\u00fchle T\u00fcmpel in trockenem Gel\u00e4nde. Im Osten pr\u00e4sentieren die Emily und Jessie Gaps hoch aufragende Klippen mit Felsmalereien der Aborigines. Schon die Abgeschiedenheit selbst ist eine Attraktion: Schon eine Fahrt auf dem Stuart Highway n\u00f6rdlich oder s\u00fcdlich von Alice Springs bietet endlose Horizonte und (bei richtigem Timing) den Anblick von K\u00e4ngurus im Morgengrauen. Auch Touren au\u00dferhalb der Stadt zu ber\u00fchmten Sehensw\u00fcrdigkeiten wie Uluru-Kata Tjuta und Kings Canyon starten von Alice Springs aus und machen die Stadt zum beliebten Ausgangspunkt f\u00fcr die Erkundung der Wunder des Red Centre. Nachts offenbart der weite, lichtverschmutzungsfreie Himmel des Outbacks die Milchstra\u00dfe in spektakul\u00e4rer Klarheit \u2013 eine Erinnerung an die uralten Kulturen, die diese Sternbilder erstmals interpretierten.<\/p>\n<p>Alice Springs ist am besten per Flugzeug oder Auto zu erreichen. Der Flughafen Alice Springs (ASP) bietet regelm\u00e4\u00dfige Fl\u00fcge von und nach Darwin, Adelaide und manchmal auch Sydney oder Melbourne. Der Stuart Highway f\u00fchrt von Norden nach Darwin und von S\u00fcden nach Adelaide; diese Fahrten dauern viele Stunden (oder Tage). In der Stadt angekommen, ist alles recht kompakt: Die meisten Besucher nutzen Mietwagen oder Reisebusse. Es gibt zwar ein kleines lokales Busnetz, aber ein Auto ist empfehlenswert. Die ber\u00fchmten Kamele der Stadt werden noch immer haupts\u00e4chlich f\u00fcr Touristenfahrten und nicht f\u00fcr den Transport genutzt.<\/p>\n<p>Die lokalen Gepflogenheiten sind unkompliziert. Die W\u00e4hrung ist der Australische Dollar, und Englisch ist allgemein verbreitet. Es gilt die \u00fcbliche australische Etikette: Die Leute sind im Allgemeinen informell, aber h\u00f6flich \u2013 man nennt sich mit Vornamen (oder \u201eSir\/Ma&#039;am\u201c im Gesch\u00e4ft) und tauscht sich freundlich aus. Die Sicherheitsvorschriften sind gut, aber denken Sie daran, dass Sie sich in der W\u00fcste befinden: Nehmen Sie immer Wasser mit, vermeiden Sie es, in der Mittagshitze allein zu wandern, und fahren Sie vorsichtig (in der D\u00e4mmerung k\u00f6nnen Wildtiere auf den Outback-Stra\u00dfen auftauchen). Sonnenschutz (Hut, Sonnencreme) und ausreichend Trinkwasser sind unerl\u00e4sslich, da der UV-Index das ganze Jahr \u00fcber hoch ist. Respekt vor der Kultur der Aborigines ist wichtig (viele traditionelle Eigent\u00fcmer leben noch immer in und um Alice Springs). Wenn Sie indigene St\u00e4tten besuchen, folgen Sie den lokalen Richtlinien. Insgesamt bietet Alice Springs Besuchern mit der richtigen Vorbereitung und Abenteuerlust ein unvergessliches Tor zum dramatischen Landesinneren Australiens.<\/p>","protected":false},"excerpt":{"rendered":"<p>Alice Springs, in der Sprache des Ost-Arrernte auch Mparntwe genannt, liegt im Northern Territory Australiens und ist eine faszinierende Stadt voller kultureller Sch\u00e4tze. Nach Darwin und Palmerston, strategisch g\u00fcnstig gelegen, fast gleich weit von Adelaide und Darwin entfernt, ist sie die drittgr\u00f6\u00dfte Siedlung der Region. Der Landvermesser William Whitfield Mills widmete diese ungew\u00f6hnliche Stadt Alice, Lady Todd, der Frau des Telegrafenpioniers Sir Charles Todd.<\/p>","protected":false},"author":1,"featured_media":3256,"parent":9806,"menu_order":0,"comment_status":"closed","ping_status":"closed","template":"elementor_theme","meta":{"_eb_attr":"","footnotes":""},"class_list":["post-10220","page","type-page","status-publish","has-post-thumbnail"],"_links":{"self":[{"href":"https:\/\/travelshelper.com\/de\/wp-json\/wp\/v2\/pages\/10220","targetHints":{"allow":["GET"]}}],"collection":[{"href":"https:\/\/travelshelper.com\/de\/wp-json\/wp\/v2\/pages"}],"about":[{"href":"https:\/\/travelshelper.com\/de\/wp-json\/wp\/v2\/types\/page"}],"author":[{"embeddable":true,"href":"https:\/\/travelshelper.com\/de\/wp-json\/wp\/v2\/users\/1"}],"replies":[{"embeddable":true,"href":"https:\/\/travelshelper.com\/de\/wp-json\/wp\/v2\/comments?post=10220"}],"version-history":[{"count":0,"href":"https:\/\/travelshelper.com\/de\/wp-json\/wp\/v2\/pages\/10220\/revisions"}],"up":[{"embeddable":true,"href":"https:\/\/travelshelper.com\/de\/wp-json\/wp\/v2\/pages\/9806"}],"wp:featuredmedia":[{"embeddable":true,"href":"https:\/\/travelshelper.com\/de\/wp-json\/wp\/v2\/media\/3256"}],"wp:attachment":[{"href":"https:\/\/travelshelper.com\/de\/wp-json\/wp\/v2\/media?parent=10220"}],"curies":[{"name":"wp","href":"https:\/\/api.w.org\/{rel}","templated":true}]}}