{"id":10166,"date":"2024-09-09T20:39:46","date_gmt":"2024-09-09T20:39:46","guid":{"rendered":"https:\/\/travelshelper.com\/staging\/?page_id=10166"},"modified":"2026-03-13T21:26:11","modified_gmt":"2026-03-13T21:26:11","slug":"byron-bay","status":"publish","type":"page","link":"https:\/\/travelshelper.com\/de\/destinations\/australia-and-oceania\/australia\/byron-bay\/","title":{"rendered":"Byron Bay"},"content":{"rendered":"<p>Der Leuchtturm Cape Byron thront auf einer Landzunge an der Spitze der australischen Ostk\u00fcste, in der N\u00e4he von Byron Bay. Dieser Strandort hat einen ganz eigenen Charakter: entspannt, k\u00fcnstlerisch und malerisch. Byron Bay liegt im \u00e4u\u00dfersten Nordosten von New South Wales, auf dem Land der Bundjalung-Aborigines. Es befindet sich etwa 772 km n\u00f6rdlich von Sydney und 165 km s\u00fcdlich von Brisbane. Die Landzunge (Cape Byron) ist der \u00f6stlichste Punkt des australischen Festlands. Trotz seiner geringen st\u00e4ndigen Bev\u00f6lkerung (knapp \u00fcber 6.300 Menschen im Jahr 2021) verdankt Byron seinen Ruhm seinen Str\u00e4nden, seiner Surfkultur und seinem alternativen Flair. In den 1960er-Jahren war es einst eine Surfer- und Hippie-Enklave und dieses Erbe lebt bis heute in der starken Betonung von Natur, Yoga und Gemeinschaft fort. Die lokale Wirtschaft wird von Tourismus, Wellness, Caf\u00e9s und der Kreativbranche angetrieben. Dank seines subtropischen Klimas genie\u00dft Byron warme Sommer und milde Winter und sein \u00fcppiges Hinterland ist genauso verlockend wie das Meer. Die Identit\u00e4t der Stadt ist gepr\u00e4gt von einer Mischung aus Boh\u00e8me-Atmosph\u00e4re und gehobener Atmosph\u00e4re und zieht K\u00fcnstler, Rucksacktouristen und wohlhabende Urlauber gleicherma\u00dfen an.<\/p>\n<p>Byron Bay ist eine kleine Gemeinde. Laut der Volksz\u00e4hlung von 2021 hatte die Stadt etwa 6.330 Einwohner. Der gr\u00f6\u00dfere Byron Shire (zu dem auch nahegelegene St\u00e4dte und landwirtschaftliche Betriebe im Hinterland geh\u00f6ren) hat mehr Einwohner, doch Byron selbst liegt unter 10.000. Die Wirtschaft konzentriert sich auf Tourismus und Lifestyle-Dienstleistungen: Bunte M\u00e4rkte, Bio-Caf\u00e9s und Veranstalter sind weit verbreitet. Byron vermittelt eher den Charakter eines Dorfes als einer Stadt \u2013 die Stra\u00dfen sind von Palmen und Surfbrettern durchsetzt. Viele Besucher reisen mit dem Auto oder Bus an (der n\u00e4chstgelegene gr\u00f6\u00dfere Flughafen der Region ist der Gold Coast Airport, etwa 45 Minuten n\u00f6rdlich, oder der Ballina Byron Gateway Airport, 20 Minuten s\u00fcdwestlich). Die Stadt liegt auf einer angenehmen H\u00f6he von nur wenigen Dutzend Metern \u00fcber dem Meeresspiegel, ist aber im Landesinneren von sanften H\u00fcgeln und Regenwald umgeben. Im Jahr 2024 wird Byron oft als einer der teuersten Immobilienm\u00e4rkte Australiens bezeichnet, was seine Attraktivit\u00e4t als K\u00fcstenparadies widerspiegelt.<\/p>\n<p>Byron Bay liegt an der Nordk\u00fcste von New South Wales, direkt an der Grenze zu Queensland. Es ist umgeben von mehreren Str\u00e4nden rund um Cape Byron. Main Beach grenzt an das Gesch\u00e4ftszentrum; Wategos und Tallows sind nahegelegene wundersch\u00f6ne Surfstr\u00e4nde. Lighthouse Beach umschlie\u00dft die Landzunge. Vor der K\u00fcste liegt Julian Rocks, ein Meeresschutzgebiet mit reichem Meeresleben. Das Hinterland im Westen ist gr\u00fcner subtropischer Regenwald (ein Teil des Nightcap-Nationalparks). Nur wenige Dutzend Kilometer landeinw\u00e4rts erheben sich die bis zu 1.100 m hohen MacPherson Ranges. Das Klima in Byron Bay ist warm-gem\u00e4\u00dfigt bis subtropisch: Die Sommertemperaturen \u00fcber 30 \u00b0C sind hoch, die Luftfeuchtigkeit hoch, w\u00e4hrend die Winter mild sind (selten unter 10 \u00b0C). Es regnet das ganze Jahr \u00fcber, der Niederschlag ist jedoch im Sp\u00e4tsommer am h\u00f6chsten (die Region kann von Tiefdruckgebieten an der Ostk\u00fcste und selten von Wirbelst\u00fcrmen betroffen sein). Die Meeresbrisen sorgen normalerweise f\u00fcr eine angenehme Temperatur an den Str\u00e4nden. Der Leuchtturm von Cape Byron (erbaut 1901) markiert die \u00f6stlichste Spitze und bietet einen Blick auf den Pazifik. Bei klarem Wetter kann man im Winter wandernde Wale oder die sich nach Norden und S\u00fcden zur\u00fcckziehende K\u00fcste beobachten. Die Landschaft von Byron Bay, die K\u00fcste und Regenwald vereint, hat die Stadt zu einem Vorbild f\u00fcr umweltbewussten Tourismus gemacht.<\/p>\n<p>Lange vor der Ankunft der Europ\u00e4er wurde das Gebiet von den Arakwal und Minjungbal des Bundjalung-Stammes bewohnt. Sie nannten das Gebiet Cavvanbah (\u201eTreffpunkt\u201c). Kapit\u00e4n James Cook kam 1770 vorbei und benannte das Kap nach dem britischen Marinekapit\u00e4n John Byron, doch die Besiedlung lie\u00df auf sich warten. In den 1840er Jahren schlugen die Europ\u00e4er erstmals Zedernholz und bauten 1886 eine Anlegestelle f\u00fcr die Schifffahrt. Es folgten Milchwirtschaft und Zuckerrohranbau. Der ber\u00fchmte Leuchtturm von Cape Byron wurde 1901 erbaut und 1989 automatisiert und diente als wichtige Orientierungshilfe f\u00fcr die K\u00fcstenschifffahrt. Die 1960er und 1970er Jahre brachten eine andere Welle: Surfer und dann Hippies, angezogen von den Wellen und dem alternativen Lebensstil, verwandelten Byron in einen Hotspot der Gegenkultur. Veranstaltungen wie das Aquarius Music Festival (1973 im nahegelegenen Nimbin) festigten seinen Ruf als Zufluchtsort der Boh\u00e8me. Seit den 1980er Jahren boomt der Tourismus. Byron wurde modernisiert, behielt aber seine kreative Seite. Heute verbindet es den Charme einer Strandstadt mit einer Vergangenheit, die sowohl in Industrie als auch in Idealismus verwurzelt ist.<\/p>\n<p>Byron Bay hat einen bekannten entspannten und vielseitigen Charakter. Die Bev\u00f6lkerung ist eine Mischung aus Einheimischen, die schon lange hier sind, K\u00fcnstlern und Zugezogenen aus der Stadt. Australisches Englisch wird von allen gesprochen, aber Slang und Surfer-Ausdr\u00fccke sind weit verbreitet. Man h\u00f6rt Leute \u00fcber \u201eSunrise Surf\u201c und \u201eLoch\u201c reden (Loch ist der lokale Slang f\u00fcr Spirituosenladen) oder sich locker mit \u201eHow ya going, mate?\u201c begr\u00fc\u00dfen. Die Stadt hat eine starke Wellness- und Kreativszene: Yogastudios, Klangheiler und Kunstgalerien s\u00e4umen die Stra\u00dfen. In vielen Caf\u00e9s und Bars gibt es allabendlich Stra\u00dfenmusik und Live-Auftritte. Die Kleidung ist leger: Flip-Flops und Boardshorts sind im Restaurant genauso akzeptabel wie ein Sommerkleid. Byron hat auch eine gehobene Seite \u2013 Designerl\u00e4den und Bio-Restaurants \u2013, was seine Beliebtheit bei Touristen widerspiegelt, aber diese ist nie protzig.<\/p>\n<p>Festivals und M\u00e4rkte unterstreichen den Geist der Stadt. Das Bluesfest, das jedes Jahr zu Ostern im nahegelegenen Tyagarah stattfindet, zieht Zehntausende Musikliebhaber aus der ganzen Welt an. Das Splendour in the Grass Festival (Mittwinter) bringt Fans alternativer Musik und Kunst ins Hinterland gleich au\u00dferhalb von Byron. Auf w\u00f6chentlichen Gemeindem\u00e4rkten werden Kunsthandwerk, Kristalle und lokale Lebensmittel verkauft. Die Surfkultur dominiert: Surfer jeden Alters treffen sich im Morgen- und Abendgrauen an den Str\u00e4nden The Pass und Wategos. Die Tierwelt wird gro\u00dfgeschrieben: Es ist \u00fcblich, K\u00e4ngurus oder Loris in der Stadt zu sehen. Kurz gesagt, Byron Bay f\u00fchlt sich fast wie ein K\u00fcstendorf an, das von internationalen Einfl\u00fcssen durchdrungen ist \u2013 ein Ort, an dem sich die Kultur der australischen Aborigines, globale Boh\u00e8me-Str\u00f6mungen und Strandkultur vermischen. Besucher bemerken die Freundlichkeit: Ladenbesitzer und Baristas begr\u00fc\u00dfen Fremde oft herzlich und es ist ganz selbstverst\u00e4ndlich, etwas zu teilen (ein Surfbrett oder einen Teller Essen). Trotz der Touristen behalten die Einheimischen meist eine Stadtmentalit\u00e4t: Wenn der letzte Bus nach Hause nachts f\u00e4hrt, lassen sich die Leute lieber von einem Fremden mitnehmen, als zu einem Taxi zu greifen.<\/p>\n<p>Byron Bay besticht durch seine nat\u00fcrliche Sch\u00f6nheit und die entspannte Atmosph\u00e4re. Der Leuchtturm von Cape Byron selbst ist ein Highlight \u2013 ein 4 km langer Waldspaziergang von der Stadt hinauf zum Leuchtturm bietet einen Panoramablick auf Str\u00e4nde und Meer. Von der Plattform des Leuchtturms aus kann man nach Osten auf den Sonnenaufgang \u00fcber dem Pazifik blicken \u2013 bekanntlich der erste Sonnenaufgang auf dem australischen Festland. Die Str\u00e4nde der Stadt sind Hauptattraktionen: Main Beach (mit wei\u00dfem Sand und K\u00fcstenpark), Wategos (eine kleine Sandbucht zum Schwimmen) und Tallows (ein Surfspot und Vogelschutzgebiet). Viele Besucher buchen eine Walbeobachtungstour oder mieten Kajaks zum Schnorcheln an den Julian Rocks (k\u00fcstennahen Riffen).<\/p>\n<p>Neben den Str\u00e4nden bietet das Hinterland von Byron Bay eine reiche Landschaft: Die Minyon Falls im Nightcap-Nationalpark bieten M\u00f6glichkeiten zum Schwimmen im Dschungel und die nahegelegenen Regenw\u00e4lder sind \u00fcbers\u00e4t mit Wasserf\u00e4llen und Aussichtspunkten. K\u00fcnstlerateliers und G\u00e4rten (wie Crystal Castle) tragen zur Attraktivit\u00e4t bei. Die Unterk\u00fcnfte vor Ort reichen von rustikalen Strandh\u00fctten bis hin zu Luxusresorts, aber selbst Letztere bewahren ihre nat\u00fcrliche Landschaftsgestaltung und ihr umweltfreundliches Design. Der t\u00e4gliche Sonnenaufgang am Strand ist f\u00fcr viele ein Muss und wird oft von Yoga- und Meditationsbegeisterten besucht. F\u00fcr geselliges Beisammensein bietet der Boulevard Market (jeden ersten Sonntag im Monat) lokales Kunsthandwerk und lokale Lebensmittel. Insgesamt drehen sich die \u201eMust-dos\u201c von Byron um Natur und Entspannung: die Walwanderung beobachten (Mai\u2013Oktober), eine Surfstunde im The Pass nehmen und in der D\u00e4mmerung durch die belebten Stra\u00dfen der Stadt schlendern.<\/p>\n<p>Byron Bay ist per Auto oder Flugzeug erreichbar. Der n\u00e4chstgelegene gr\u00f6\u00dfere Flughafen ist der Gold Coast Airport (OOL), etwa 45 Autominuten n\u00f6rdlich (direkt hinter der Grenze zu Queensland). Byron verf\u00fcgt au\u00dferdem \u00fcber einen eigenen kleinen Flughafen (Ballina Byron Gateway Airport, BNK), etwa 20 km s\u00fcdlich, mit Fl\u00fcgen von Sydney, Melbourne und Melbourne. Der Pacific Highway verbindet Byron mit Brisbane (165 km n\u00f6rdlich) und Sydney (ca. 800 km s\u00fcdlich). T\u00e4glich verkehren Fernbusse in beide Richtungen, oder man kann ein Auto mieten.<\/p>\n<p>Die Stadt selbst ist sehr kompakt. Die meisten Sehensw\u00fcrdigkeiten (Str\u00e4nde, Gesch\u00e4fte) sind vom Zentrum Byrons aus zu Fu\u00df oder mit dem Fahrrad erreichbar. Ein lokaler Minibus (BYRON\u2022AT\u2022BUS) f\u00e4hrt durch die Stadt und zum Strand von Belongil. Taxis und Mitfahrdienste sind verf\u00fcgbar, jedoch nur eingeschr\u00e4nkt. Um die weitere Umgebung (wie das Hinterland oder die umliegenden Str\u00e4nde) zu erkunden, ist ein Auto hilfreich. Es herrscht Linksverkehr, und auf Landstra\u00dfen sollte ein gewisser Abstand eingehalten werden (Wildtiere wie K\u00e4ngurus k\u00f6nnen auf Stra\u00dfen auftauchen).<\/p>\n<p>Das australische gesetzliche Zahlungsmittel ist der Australische Dollar. Kreditkarten werden weitgehend akzeptiert. In abgelegenen Gebieten sollten Sie jedoch Bargeld mitf\u00fchren. Der Wechselkurs in Byron kann einen kleinen Aufschlag haben. Wie immer in Australien sollten Sie einen Hut und Sonnencreme mitnehmen \u2013 der UV-Index ist in Byrons Sommersonne hoch. Achten Sie beim Schwimmen auf die Flaggen der Rettungsschwimmer an bewachten Str\u00e4nden (an manchen Str\u00e4nden gibt es gef\u00e4hrliche Str\u00f6mungen, wenn Sie vom Hauptstrand abweichen). Im Sommer k\u00f6nnen Quallen (auch \u201eStinger\u201c genannt) auftauchen; achten Sie auf Warnungen vor Quallen. Englisch wird \u00fcberall gesprochen; Sie h\u00f6ren vielleicht lokale Ausdr\u00fccke wie \u201ereckon\u201c (was \u201eannehmen\u201c bedeutet) oder australischen Slang, aber das Standardenglisch wird verstanden.<\/p>\n<p>Die Einheimischen in Byron sind sehr entspannt, aber h\u00f6flich. Die Surf-Etikette (nicht auf eine Welle platzen) wird gro\u00dfgeschrieben. Die Kleidung ist leger \u2013 Strandkleidung ist auf der Hauptstra\u00dfe erlaubt. Wiederverwendbare Taschen oder Flaschen sind willkommen, da Byron eine ausgepr\u00e4gte Recyclingkultur hat. In Restaurants wird kein Trinkgeld erwartet (Servicepersonal verdient fair) \u2013 die Rechnung aufzurunden oder Kleingeld zu hinterlassen, ist eine bescheidene Geste der H\u00f6flichkeit. Parkpl\u00e4tze in der Stadt k\u00f6nnen w\u00e4hrend der Sto\u00dfzeiten knapp sein, daher empfiehlt es sich, zu Fu\u00df zu gehen oder mit dem Fahrrad zu fahren. Denken Sie daran, dass Byron Bay auf heiligem Land der Aborigines liegt \u2013 halten Sie Ausschau nach kulturellen St\u00e4tten (wie dem Arakwal-Aborigine-Symbol in der Stadt) und behandeln Sie sie respektvoll. Mit seinem gem\u00e4chlichen Tempo und den freundlichen Einheimischen f\u00fchlt sich ein Besuch in Byron Bay im Allgemeinen entspannt an; ein herzliches L\u00e4cheln und gute Manieren reichen aus, um sich schnell einzuleben.<\/p>","protected":false},"excerpt":{"rendered":"<p>Byron Bay, in der Minjungbal-Sprache Cavvanbah genannt, liegt im \u00e4u\u00dfersten Nordosten von New South Wales, Australien, und ist ein charmantes K\u00fcstenst\u00e4dtchen. Eingebettet in die Region Bundjalung ist diese kleine Stadt ein Zufluchtsort f\u00fcr Menschen, die einen entspannten Lebensstil, kulturelle Vielfalt und Natursch\u00f6nheit suchen. Byron Bay, 772 Kilometer n\u00f6rdlich von Sydney und 165 Kilometer s\u00fcdlich von Brisbane gelegen, bietet einige der atemberaubendsten K\u00fcstenlandschaften Australiens. Die N\u00e4he zu Cape Byron, dem \u00f6stlichsten Punkt des australischen Festlands, unterstreicht seinen Reiz durch atemberaubende Ausblicke und eine besondere geografische Bedeutung.<\/p>","protected":false},"author":1,"featured_media":2790,"parent":9806,"menu_order":0,"comment_status":"closed","ping_status":"closed","template":"elementor_theme","meta":{"_eb_attr":"","footnotes":""},"class_list":["post-10166","page","type-page","status-publish","has-post-thumbnail"],"_links":{"self":[{"href":"https:\/\/travelshelper.com\/de\/wp-json\/wp\/v2\/pages\/10166","targetHints":{"allow":["GET"]}}],"collection":[{"href":"https:\/\/travelshelper.com\/de\/wp-json\/wp\/v2\/pages"}],"about":[{"href":"https:\/\/travelshelper.com\/de\/wp-json\/wp\/v2\/types\/page"}],"author":[{"embeddable":true,"href":"https:\/\/travelshelper.com\/de\/wp-json\/wp\/v2\/users\/1"}],"replies":[{"embeddable":true,"href":"https:\/\/travelshelper.com\/de\/wp-json\/wp\/v2\/comments?post=10166"}],"version-history":[{"count":0,"href":"https:\/\/travelshelper.com\/de\/wp-json\/wp\/v2\/pages\/10166\/revisions"}],"up":[{"embeddable":true,"href":"https:\/\/travelshelper.com\/de\/wp-json\/wp\/v2\/pages\/9806"}],"wp:featuredmedia":[{"embeddable":true,"href":"https:\/\/travelshelper.com\/de\/wp-json\/wp\/v2\/media\/2790"}],"wp:attachment":[{"href":"https:\/\/travelshelper.com\/de\/wp-json\/wp\/v2\/media?parent=10166"}],"curies":[{"name":"wp","href":"https:\/\/api.w.org\/{rel}","templated":true}]}}