{"id":9957,"date":"2024-09-09T13:05:58","date_gmt":"2024-09-09T13:05:58","guid":{"rendered":"https:\/\/travelshelper.com\/staging\/?page_id=9957"},"modified":"2026-03-13T21:36:20","modified_gmt":"2026-03-13T21:36:20","slug":"thredbo","status":"publish","type":"page","link":"https:\/\/travelshelper.com\/da\/destinations\/australia-and-oceania\/australia\/thredbo\/","title":{"rendered":"Thredbo"},"content":{"rendered":"<p>Thredbo Alpine Village ligger i Kosciuszko Nationalpark og er Australiens h\u00f8jest beliggende ferieby. Den ligger i en skovkl\u00e6dt dal i Ramshead Range, cirka 500 km syd for Sydney. Landsbyens centrum er et g\u00e5gadecenter i alpestil omkranset af butikker, hytter og v\u00e6rtshuse \u2013 en bevidst kontrast til det mere spredte Perisher. Trods sin st\u00f8rrelse (kun omkring 477 faste beboere) kan Thredbo huse tusindvis af bes\u00f8gende: feriestedet har cirka 4.150 sengepladser til g\u00e6ster. P\u00e5 en fuld vinterweekend summer Thredbos baner af skil\u00f8bere, og lifterne k\u00f8rer non-stop og betjener 14 af dem, inklusive en otte-personers gondol, der n\u00e5r op til 1.989 m p\u00e5 toppen (den <em>Topstation<\/em>Bem\u00e6rkelsesv\u00e6rdigt nok er Thredbo&#039;s Village Run den l\u00e6ngste sammenh\u00e6ngende alpinl\u00f8jpe i Australien (ca. 5 km fra Karel&#039;s T-Bar til landsbykanten).<\/p>\n<p>Thredbo har omkring 480 hektar skiterr\u00e6n \u2013 mindre end Perisher, men det kompenserer for det i form af faldh\u00f8jde og liftkvalitet. Dens top er 2.037 m, base 1.365 m, hvilket giver den en af \u200b\u200bde h\u00f8jeste skibaser i NSW. Vintersport dominerer \u00f8konomien: Thredbo tiltr\u00e6kker omkring 700.000 vinterbes\u00f8gende hvert \u00e5r, tiltrukket af dens terr\u00e6nparker, pukkelpister og pr\u00e6parerede pister. Om sommeren forts\u00e6tter Thredbo med at trives: omkring 300.000 bes\u00f8gende kommer for at vandre, mountainbike og lave festivaler, hvilket g\u00f8r det til et af Australiens eneste alpine resorts, der kan benyttes hele s\u00e6sonen. Liftsystemet (1 gondol, 3 h\u00f8jhastigheds-quads, 5 t-barer og andre lifter) er topmoderne, og landsbyens tjenester \u2013 fra skiskoler til restauranter \u2013 er \u00e5bne \u00e5ret rundt.<\/p>\n<p>Thredbo ligger i det yderste syd\u00f8stlige hj\u00f8rne af New South Wales, h\u00f8jt oppe i de australske alper. Det er tilg\u00e6ngeligt via Alpine Way-vejen, der snor sig gennem Cooma og Jindabyne mod vest og forbinder til Sydney eller Canberra. Landsbyen ligger ved foden af \u200b\u200bCrackenback-floden (Thredbo), omgivet af h\u00f8je snekl\u00e6dte bjergtoppe og tinder som Mount Kosciuszko. Om vinteren er landskabet indbegrebet af alpint: sned\u00e6kkede tr\u00e6er, frisk bjergluft og en flod fyldt med isflager. Somrene er k\u00f8lige og gr\u00f8nne, med vilde blomster, der d\u00e6kker engene. Thredbo ligger inden for 15 minutters k\u00f8rsel fra Perisher, men har sin egen s\u00e6rlige karakter (busforbindelse forbinder de to).<\/p>\n<p>Klimaet er alpint-maritimt. Vintrene bringer konstant sne fra juni til september, med et gennemsnitligt \u00e5rligt snefald p\u00e5 omkring 2.040 mm. Sommerdagene er milde (med en temperatur p\u00e5 omkring 20 \u00b0C), og n\u00e6tterne kan v\u00e6re k\u00f8lige. Fordi dalen er smal, kan storme hurtigt indhylle Thredbo, hvilket g\u00f8r vejrudsigter vigtige.<\/p>\n<p>Den moderne landsby Thredbo begyndte som en vision under Snowy Mountains Hydro Scheme-\u00e6raen. I 1957 fik et konsortium, der havde arbejdet p\u00e5 Snowy Scheme, lejem\u00e5let til at udvikle Thredbo. Legenden siger, at navnet &#034;Thredbo&#034; stammer fra et aboriginalt udtryk for en lokal flodkrydsning, selvom detaljerne er sparsomme. De f\u00f8rste skilifte \u00e5bnede i begyndelsen af \u200b\u200b1980&#039;erne, og en stolelift f\u00f8rte snart skil\u00f8bere til de h\u00f8je tinder. I 1987 var Thredbo Villages kernefaciliteter blevet k\u00f8bt af Amalgamated Holdings Ltd.<\/p>\n<p>Thredbos resortprofil blev internationalt h\u00e6vet, da det var v\u00e6rt for FIS Alpine Ski World Cup-l\u00f8bet i 1989 (det f\u00f8rste p\u00e5 den sydlige halvkugle). I 1997 udvidede Thredbos Riverview-stolelift og andre opgraderinger terr\u00e6net, og i 1999 \u00e5bnede landsbyen den f\u00f8rste gondol i Australien. Med tiden antog Thredbo mere en europ\u00e6isk alpin charme: hoteller og spisesteder med tr\u00e6balkoner, europ\u00e6iske kokke og endda en biergarten til afterskiing.<\/p>\n<p>I mods\u00e6tning til Perisher, der stammer fra flere skisportssteder, var Thredbo planlagt fra starten som en integreret by. I dag er dens historie synlig p\u00e5 plaketter, der mindes de tidlige &#034;Ski Troops&#034; og i den gamle Riverview T-Bar (som stadig langsomt transporterer begyndere). Byen har bevaret et strejf af sin arv fra 1950&#039;erne i gadenavne (f.eks. Tin Can Ski Bar, bygget i 1969 af projektarbejdere) og et lille museum med projektmemorabilia. I 2000&#039;erne overgik bes\u00f8gstallene alle tidligere kv\u00e6gavleres antal; nogle hytter tilh\u00f8rende de tidlige kv\u00e6gavlere st\u00e5r stadig forladte i vildmarken uden for skiomr\u00e5det.<\/p>\n<p>Thredbos kultur blander afslappet australsk venlighed med et strejf af international skiby-stemning. Om vinteren er landsbyen livlig, men ikke hektisk: lifterne er travle om morgenen, og om eftermiddagen summer caf\u00e9erne af snak med flere accenter. Travle vagter i caf\u00e9erne og skibutikkerne giver plads til hyggelige vinteraftener i hytterne. Mangfoldigheden af \u200b\u200bbes\u00f8gende \u2013 indenlandske familier, europ\u00e6iske skil\u00e6rere, australske backpackere \u2013 skaber en multikulturel social scene p\u00e5 fortovene og i bryggerierne. Mange medarbejdere har l\u00e6rt svenske eller tyske s\u00e6tninger blot fra afslappet snak med g\u00e6sterne. Alle her taler selvf\u00f8lgelig engelsk, men det er ikke us\u00e6dvanligt at vide, hvordan man siger &#034;schuss&#034; eller &#034;Guten Morgen&#034;.<\/p>\n<p>Lokale begivenheder farver livet i Thredbo. Hver vinter oplever vi Lighting of the Village (nedt\u00e6llingen til ferien i starten af \u200b\u200bjuli) med fyrv\u00e6rkeri. Den lange weekend i oktober er ber\u00f8mt for Thredbo Blues Festival, en langvarig udend\u00f8rs musikfestival, der tiltr\u00e6kker jazz- og bluesfans. Om sommeren er der mountainbikel\u00f8b og guidede ture med vilde blomster. Mellem begivenhederne er f\u00e6llesskabs\u00e5nden st\u00e6rk: det siges, at hvis nogen forsvinder i landsbyen (f.eks. glemmer at komme tilbage fra en aften i baren), bliver de normalt fundet dybt sovende p\u00e5 en ekstra madras i en vens v\u00e6relse. Folk hilser p\u00e5 fremmede med et smil eller nik; for\u00e6ldre kender alles fornavn, og en &#034;australsk&#034; karnevalsagtig lounge (Tin Can Ski Bar) er v\u00e6rt for spontan allsang.<\/p>\n<p>Samlet set er atmosf\u00e6ren varm og rustik. Butikker og skihytter opfordrer til afslappet, udend\u00f8rs p\u00e5kl\u00e6dning (t\u00e6nk kraftig strik og snest\u00f8vler). Efter en dag p\u00e5 pisterne er det almindeligt at se solbr\u00e6ndte ansigter ved middagen pakket ind i schnitzel eller stegt lam med en europ\u00e6isk eller tasmansk Pinot noir i h\u00e5nden. B\u00f8rnene vender tilbage hver aften for at spise f\u00e6llesspisning i hytterne, strikke isdesserter og snakke livligt om dagens puddersne. Der er en f\u00f8lelse af et selvst\u00e6ndigt f\u00e6llesskab her \u2013 i mods\u00e6tning til en storby st\u00f8der man p\u00e5 de samme ansigter rundt omkring i byen \u2013 hvilket giver Thredbo en naboskabelig atmosf\u00e6re.<\/p>\n<p>Skil\u00f8b er naturligvis Thredbos st\u00f8rste attraktion. Bjergets pister sp\u00e6nder fra brede, cruising-l\u00f8jper for begyndere ved Friday Flat til stejle nedk\u00f8rsler som Minaret og Pigs Head for eksperter. Perisher Range T-Bar forbinder til disse pister. Off-piste er ting som alpin vandretur om sommeren attraktioner: Bes\u00f8gende kan g\u00e5 fra Thredbo Village til toppen af \u200b\u200bKosciuszko (ca. 18 km tur\/retur) gennem subalpine v\u00e5domr\u00e5der og kampestensmarker. En anden sommerforn\u00f8jelse er at tage stoleliften \u2013 Kosciuszko Express-liftene er \u00e5bne om sommeren for sightseeing og mountainbiking ned ad bakke.<\/p>\n<p>For en mere rolig udflugt kan man tage en tur i stoleliften til restauranten Eagles Nest (spisesalen midt p\u00e5 bjerget) med panoramaudsigt over sned\u00e6kkede tinder med en latte i h\u00e5nden. Naturelskere kan fiske efter \u00f8rred i den \u00f8vre del af Thredbo-floden eller holde \u00f8je med vilde brumbies (vilde heste), der gr\u00e6sser p\u00e5 de h\u00f8je sletter. Om vinteren kan ikke-skil\u00f8bere nyde k\u00e6lkning og sneleg i baseomr\u00e5det.<\/p>\n<p>Selve landsbyen er ogs\u00e5 en attraktion. Hovedgaden er fyldt med tr\u00e6hytter og restauranter \u2013 fra Alpine Hotel (med livemusik i weekenderne) til moderne spisesteder, der serverer international mad (thailandsk, italiensk, moderne australsk). Thredbos afterski-natteliv er, omend mindre end Perishers, charmerende. Om weekenden kan livebands spille i Alpine Bar eller t\u00e6nde pejsen p\u00e5 Schuss Bar til hyggelige f\u00e6llessange. Indend\u00f8rs har Thredbo Leisure Centre en pool og et fitnesscenter til afslapning.<\/p>\n<p>Et unikt tr\u00e6k ved Thredbo er gondolturen, der er en attraktion i sig selv. Den k\u00f8rer \u00e5ret rundt og g\u00e5r lige under toppen, hvorfra der er en vidtstrakt udsigt over bjergene til fjerne k\u00e6der. P\u00e5 en klar dag kan man se til Kosciuszko og videre \u2013 et panorama af s\u00f8ens refleksioner og snefelter.<\/p>\n<p>Naturen er bogstaveligt talt lige uden for d\u00f8ren: k\u00e6nguruer hopper af og til gennem landsbyen, selv om vinteren, og om for\u00e5ret sprudler dalene af alpine vilde blomster. Enhver beboer er hurtigt fortrolig med eukalyptustr\u00e6erne, der bliver ildr\u00f8de om efter\u00e5ret. For den bes\u00f8gende er en halvdagsvandring til Lake Crackenback eller Mt. Kosciuszko fra Thredbo Falls en af \u200b\u200bde mest givende oplevelser \u2013 b\u00e5de for udsigten og f\u00f8lelsen af \u200b\u200buber\u00f8rt vildmark.<\/p>\n<p>Thredbo n\u00e5s kun ad vej. De bedste lufthavne er Canberra (ca. 1,5-2 timer v\u00e6k via Cooma) og Sydney (ca. 5-6 timer). Fra Canberra tager man Monaro Highway til Cooma, derefter Alpine Way \u00f8stp\u00e5 til Thredbo. Vejen g\u00e5r gennem alpint terr\u00e6n \u2013 snek\u00e6der er p\u00e5kr\u00e6vet om vinteren. Busser k\u00f8rer fra Canberra og Sydney til Cooma eller Jindabyne; fra Jindabyne forts\u00e6tter nogle med mindre shuttlebusser til Thredbo (selvom mange rejsende blot lejer en bil eller 4WD for nemheds skyld).<\/p>\n<p>I mods\u00e6tning til Perisher er Thredbos bykerne kompakt og fodg\u00e6ngervenlig. N\u00e5r man er i landsbyen, g\u00e5r eller st\u00e5r de fleste g\u00e6ster p\u00e5 ski til deres destinationer (gondolen og hovedliftene er for enden af \u200b\u200blandsbyen). Resortets shuttlebusser k\u00f8rer i sl\u00f8jfer rundt i Thredbo Village for dem, der bor i udkanten af \u200b\u200blandsbyen. Der er parkering i n\u00e6rheden af \u200b\u200blandsbyen, men om vinteren er det ofte hurtigere at parkere udenfor og tage shuttlebussen (overfyldte parkeringspladser er ved Friday Flat og Bullocks Flat). K\u00f8rsel i Thredbo uden for landsbyens kerne er minimal; skisportssteder har begr\u00e6nset adgang til vejene.<\/p>\n<p>De s\u00e6dvanlige australske regler g\u00e6lder: valutaen er AUD, sproget er engelsk, drikkepenge er valgfri. Klimaet er koldere, s\u00e5 bes\u00f8gende b\u00f8r medbringe passende lag t\u00f8j. Mobild\u00e6kningen i Thredbo er bedre end i Perisher (der er mobilmaster i landsbyen), men netv\u00e6rkets styrke kan falde oppe p\u00e5 bjerget. Thredbos h\u00f8jde kan ramme nogle f\u00f8rstegangsbes\u00f8gende med let svimmelhed \u2013 som en sikkerhedsforanstaltning b\u00f8r du undg\u00e5 alkohol den f\u00f8rste dag og holde dig hydreret.<\/p>\n<p>Mad og andre faciliteter er let tilg\u00e6ngelige i byen: supermarkeder s\u00e6lger dagligvarer, og skibutikker udlejer udstyr og snek\u00e6der. Der er en lille l\u00e6geklinik i landsbyen for mindre skader. Ved alvorlige skader er der god adgang til ambulancer (vejene er hovedveje op til landsbyen). De fleste bes\u00f8gende pakker solcreme, og til b\u00f8rn varmt vandt\u00e6t t\u00f8j. Det er muligt at m\u00f8de dyreliv (som wombats, der krydser vejen i skumringen), s\u00e5 v\u00e6r forsigtig, n\u00e5r du k\u00f8rer i svagt lys.<\/p>\n<p>Thredbos personale og de lokale er afslappede og hj\u00e6lpsomme. En almindelig lokal hilsen er blot et venligt &#034;hej&#034; eller &#034;p\u00e5 gensyn&#034;. For en respektfuld hilsen kan bes\u00f8gende l\u00e6re et par Noongar-ord, selvom dette sj\u00e6ldent forventes her (Noongar-kulturarvsture fokuserer mere p\u00e5 Perth). P\u00e5 restauranter og barer betyder barservice, at du ofte bestiller ved disken og b\u00e6rer drinks til dit bord. Det er h\u00f8fligt at h\u00e6lde en drink op til andre ved delte borde.<\/p>\n<p>V\u00e6r endelig opm\u00e6rksom p\u00e5 \u00e5rstiderne: Thredbo fungerer forskelligt om vinteren og sommeren. Vinteren (juni-sep) er h\u00f8js\u00e6sonen for skil\u00f8b; de fleste virksomheder har \u00e5bent dagligt. Om sommeren lukker nogle skiudlejningsfirmaer (selvom mountainbikeudlejning erstatter dem). Snek\u00e6der er lovpligtige for 2WD-biler, der k\u00f8rer ind i nationalparken om vinteren, ligesom i Perisher. I byen afspejler tempoet \u00e5rstiden \u2013 livligt og overfyldt i juli, stille og gr\u00f8nt i januar.<\/p>\n<p>Thredbos blanding af bekvemmelighed (en \u00e6gte landsby) og vildmark (den omkringliggende nationalpark) betyder, at rejsende b\u00e5de b\u00f8r slappe af og v\u00e6re opm\u00e6rksomme. Resortet betragtes som sikkert, med skipatruljer og politi, der patruljerer regelm\u00e6ssigt. Samlet set finder man Thredbo im\u00f8dekommende og jordn\u00e6rt: et hyggeligt alpint samfund i den anden ende af vejen, der byder g\u00e6sterne velkommen med varm kaffe og bjergluft under den australske sol.<\/p>\n<table>\n<thead>\n<tr>\n<th>Kategori<\/th>\n<th>Detaljer<\/th>\n<\/tr>\n<\/thead>\n<tbody>\n<tr>\n<td>Beliggenhed<\/td>\n<td>Thredbo, New South Wales, Australien<\/td>\n<\/tr>\n<tr>\n<td>Feriestedets h\u00f8jde<\/td>\n<td>1.365 meter (4.478 fod)<\/td>\n<\/tr>\n<tr>\n<td>Ski s\u00e6son<\/td>\n<td>Juni til oktober<\/td>\n<\/tr>\n<tr>\n<td>Skipas priser<\/td>\n<td>Varierer efter s\u00e6son og varighed<\/td>\n<\/tr>\n<tr>\n<td>\u00c5bningstider<\/td>\n<td>Typisk kl. 8:30 til 16:30<\/td>\n<\/tr>\n<tr>\n<td>Antal pister<\/td>\n<td>53<\/td>\n<\/tr>\n<tr>\n<td>Samlet pistl\u00e6ngde<\/td>\n<td>Cirka 50 km<\/td>\n<\/tr>\n<tr>\n<td>L\u00e6ngste l\u00f8b<\/td>\n<td>5,9 km (Karels T-bar til Friday Flat)<\/td>\n<\/tr>\n<tr>\n<td>Lette pister<\/td>\n<td>16%<\/td>\n<\/tr>\n<tr>\n<td>Moderate skr\u00e5ninger<\/td>\n<td>67%<\/td>\n<\/tr>\n<tr>\n<td>Avancerede pister<\/td>\n<td>17%<\/td>\n<\/tr>\n<tr>\n<td>Retning af skr\u00e5ninger<\/td>\n<td>Nord, \u00d8st<\/td>\n<\/tr>\n<tr>\n<td>Natskil\u00f8b<\/td>\n<td>Tilg\u00e6ngelig p\u00e5 udvalgte dage<\/td>\n<\/tr>\n<tr>\n<td>Snefremstilling<\/td>\n<td>Omfattende d\u00e6kning<\/td>\n<\/tr>\n<tr>\n<td>Samlede l\u00f8ft<\/td>\n<td>14<\/td>\n<\/tr>\n<tr>\n<td>Kapacitet op ad bakke<\/td>\n<td>17.000 skil\u00f8bere i timen<\/td>\n<\/tr>\n<tr>\n<td>H\u00f8jeste l\u00f8ft<\/td>\n<td>2.037 meter (6.683 fod)<\/td>\n<\/tr>\n<tr>\n<td>Gondoler\/sv\u00e6vebaner<\/td>\n<td>1<\/td>\n<\/tr>\n<tr>\n<td>Stolelifte<\/td>\n<td>8<\/td>\n<\/tr>\n<tr>\n<td>Tr\u00e6kl\u00f8fter<\/td>\n<td>5<\/td>\n<\/tr>\n<tr>\n<td>Sneparker<\/td>\n<td>Ja<\/td>\n<\/tr>\n<tr>\n<td>Skiudlejning<\/td>\n<td>Tilg\u00e6ngelig<\/td>\n<\/tr>\n<tr>\n<td>Afterski<\/td>\n<td>Forskellige barer og restauranter<\/td>\n<\/tr>\n<\/tbody>\n<\/table>\n<article>\n<\/article>","protected":false},"excerpt":{"rendered":"<p>Thredbo er en malerisk landsby med et ber\u00f8mt skisportssted beliggende i Snowy Mountains i New South Wales, Australien. Den n\u00e5s via Alpine Way fra Cooma, Berridale og Jindabyne og ligger cirka 500 kilometer syd for Sydney. Ved foden af \u200b\u200bRamshead-bjergk\u00e6den ligger landsbyen i Thredbo River-dalen \u2013 ogs\u00e5 kendt som Crackenback River. Dette sted g\u00f8r Thredbo til en vigtig vinter- og sommerdestination med fantastisk natursk\u00f8nhed.<\/p>","protected":false},"author":1,"featured_media":3673,"parent":9806,"menu_order":0,"comment_status":"closed","ping_status":"closed","template":"elementor_theme","meta":{"_eb_attr":"","footnotes":""},"class_list":["post-9957","page","type-page","status-publish","has-post-thumbnail"],"_links":{"self":[{"href":"https:\/\/travelshelper.com\/da\/wp-json\/wp\/v2\/pages\/9957","targetHints":{"allow":["GET"]}}],"collection":[{"href":"https:\/\/travelshelper.com\/da\/wp-json\/wp\/v2\/pages"}],"about":[{"href":"https:\/\/travelshelper.com\/da\/wp-json\/wp\/v2\/types\/page"}],"author":[{"embeddable":true,"href":"https:\/\/travelshelper.com\/da\/wp-json\/wp\/v2\/users\/1"}],"replies":[{"embeddable":true,"href":"https:\/\/travelshelper.com\/da\/wp-json\/wp\/v2\/comments?post=9957"}],"version-history":[{"count":0,"href":"https:\/\/travelshelper.com\/da\/wp-json\/wp\/v2\/pages\/9957\/revisions"}],"up":[{"embeddable":true,"href":"https:\/\/travelshelper.com\/da\/wp-json\/wp\/v2\/pages\/9806"}],"wp:featuredmedia":[{"embeddable":true,"href":"https:\/\/travelshelper.com\/da\/wp-json\/wp\/v2\/media\/3673"}],"wp:attachment":[{"href":"https:\/\/travelshelper.com\/da\/wp-json\/wp\/v2\/media?parent=9957"}],"curies":[{"name":"wp","href":"https:\/\/api.w.org\/{rel}","templated":true}]}}