{"id":9831,"date":"2024-09-09T09:48:01","date_gmt":"2024-09-09T09:48:01","guid":{"rendered":"https:\/\/travelshelper.com\/staging\/?page_id=9831"},"modified":"2026-03-13T21:41:29","modified_gmt":"2026-03-13T21:41:29","slug":"perth","status":"publish","type":"page","link":"https:\/\/travelshelper.com\/da\/destinations\/australia-and-oceania\/australia\/perth\/","title":{"rendered":"Perth"},"content":{"rendered":"<p>Perth, hovedstaden i det vestlige Australien, ligger n\u00e6r udmundingen af \u200b\u200bSwan River p\u00e5 Australiens vestkyst. Byen er solblegede boulevarder og duftende eukalyptushaver og str\u00e6kker sig langs Det Indiske Ocean med et tropisk klima med varme somre og milde vintre. Greater Perth er hjemsted for over 2,3 millioner mennesker i 2023, hvilket g\u00f8r den til Australiens fjerdest\u00f8rste metropol. Den kaldes ofte verdens mest isolerede storby \u2013 over 2.000 km fra enhver st\u00f8rre by \u2013 hvilket giver Perth et unikt, lidt langsommere tempo. Skyskrabere i det centrale forretningsdistrikt rejser sig brat fra den gr\u00f8nne Swan Coastal Plain, st\u00f8ttet af den gamle Darling Scarp mod \u00f8st. Brede strande (som den ber\u00f8mte Cottesloe Beach) og den rolige Swan River definerer landskabet; Kings Park (en enorm botanisk have i den indre by) byder p\u00e5 enorme buskomr\u00e5der lige op ad bykernen. Perth er ren og luftig, og dens lyskvalitet er str\u00e5lende under n\u00e6sten konstant solskin.<\/p>\n<p>I dag overstiger Perths storbybefolkning 2,3 millioner, hvilket afspejler en st\u00e6rk v\u00e6kst fra migration og en blomstrende \u00f8konomi. Byen er meget multikulturel: omkring 45 % af indbyggerne er f\u00f8dt i udlandet, med betydelige samfund fra England, Indien, Kina, New Zealand og andre steder. Perths \u00f8konomi er domineret af minedrift og ressourcer (Western Australia leverer en stor andel af landets mineral- og LNG-eksport) og af professionelle tjenester. Hovedkvarterer for mineselskaber, shipping, finans, teknologi og uddannelse pryder byens skyline. Perth rangerer regelm\u00e6ssigt blandt verdens mest &#034;beboelige&#034; byer og er klassificeret som en Alpha global city, delvist takket v\u00e6re dens h\u00f8je BNP pr. indbygger. Turisme er ogs\u00e5 n\u00f8glen: bes\u00f8gende str\u00f8mmer til for at nyde flodbredden, strandene og ving\u00e5rdene ved den n\u00e6rliggende Margaret River samt byens attraktioner.<\/p>\n<p>Selve byen er relativt spredt (omkring 6.418 km\u00b2 i samlet areal) med et veludviklet offentligt transportsystem. Dens officielle historie g\u00e5r tilbage til 1829, da kaptajn James Stirling grundlagde Swan River-kolonien her, men Perths sande oprindelse str\u00e6kker sig gennem titusindvis af \u00e5rs Noongar-aboriginernes bes\u00e6ttelse af dette land. I dag er byen opdelt i 30 lokale forvaltningsomr\u00e5der med over 350 forst\u00e6der. Perths \u00f8konomi er nogenlunde afbalanceret mellem ressourcer og tjenester; statens BNP var omkring 260 milliarder australske dollars i 2019 (17,5 % af Australiens BNP). De vigtigste industrier omfatter jernmalm, guld, aluminiumoxid og energi samt fremstilling, finans og turisme.<\/p>\n<p>Perth ligger p\u00e5 Australiens vestlige kant med udsigt til Det Indiske Ocean. Mod \u00f8st ligger de b\u00f8lgende h\u00f8jder i Darling Range (Jarrah- og Marri-skovene). Den bredere sydvestlige region af WA er kendt for sit busklandskab og sine ving\u00e5rde; mod nord ligger en vidtstrakt, t\u00f8r savanne. Kystbeliggenheden modererer Perths klima: somrene kan v\u00e6re varme (dage op til 35-40 \u00b0C), men havbrise k\u00f8ler ofte eftermiddagene ned. Vinterens minimumstemperaturer falder til omkring 8-10 \u00b0C i gennemsnit. Regn har tendens til at falde om vinteren og for\u00e5ret (\u00e5rlig nedb\u00f8r ca. 731 mm). Swan River \u2013 ofte set fra Perths Kings Park \u2013 snor sig gennem byen, f\u00f8r den udvider sig til en havn i Fremantle. Fremantle, lige ned ad floden, har bevaret en historisk havnef\u00f8lelse med bygninger fra det 19. \u00e5rhundrede og et livligt marked. L\u00e6ngere inde i landet viger klimaet hurtigt for hvedemarker, vinmarker og busk.<\/p>\n<p>Perths adskillelse fra andre store byer giver byen en f\u00f8lelse af gr\u00e6nselandskab. Byen ligger 3.845 km fra Sydney, 4.238 km fra Brisbane og endnu l\u00e6ngere fra Europa eller Asien over land. Alligevel ligger den omtrent p\u00e5 samme breddegrad som Casablanca i Marokko, hvilket giver lange sommerdage. Trods sin afstand f\u00f8les Perth udadvendt; havnen h\u00e5ndterer stor international handel, og byen har direkte flyvninger til destinationer i hele Asien, Mellem\u00f8sten og endda Afrika.<\/p>\n<p>Perths historie blander oprindelig arv og kolonial virksomhed. Omr\u00e5det ligger p\u00e5 Whadjuk Noongar-folkets forf\u00e6dres jord, der kaldte det Boorloo. Europ\u00e6iske bos\u00e6ttere ankom i 1829, anf\u00f8rt af kaptajn Stirling, og grundlagde Swan River-kolonien. De f\u00f8rste \u00e5r var magre, hvor bos\u00e6ttere var afh\u00e6ngige af landbrug og straffefangerarbejde (fra 1850 og fremefter) for at bygge byen. Perth blev officielt udr\u00e5bt til by i 1856, og dens formuer forbedredes dramatisk med guldfund i slutningen af \u200b\u200bdet 19. \u00e5rhundrede i det vestlige Australien \u2013 denne guldfeber drev hurtig v\u00e6kst i befolkning og velstand.<\/p>\n<p>I det 20. \u00e5rhundrede moderniserede Perth sig st\u00f8t. Store ingeni\u00f8rprojekter som d\u00e6mninger og kunstvanding \u00e5bnede op for landbrugsomr\u00e5der, mens migranter fra Storbritannien og Europa i midten af \u200b\u200b\u00e5rhundredet tilf\u00f8rte byen nye kulturer. Efterkrigstidens Perth forblev noget isoleret indtil 1960&#039;erne og 70&#039;erne, hvor mineralboom (f.eks. jernmalm i Pilbara) transformerede \u00f8konomien. I de seneste \u00e5rtier er Perth modnet til en globalt forbundet by. Den var v\u00e6rt for internationale begivenheder som OL i sejlads i 2000 og FIFA World Cup-finalen for kvinder i 2023. Alligevel har mange historiske kvarterer overlevet \u2013 Albany Highway og Guildford Road afspejler tidlige bos\u00e6ttelsesm\u00f8nstre, mens Fremantles havneomr\u00e5de bevarer murv\u00e6rk fra straffefangetiden. I dag mindes plaketter og sm\u00e5 museer Noongars arv, tidlig udforskning (Cooks landgang i Botany Bay og Phillips rejse n\u00e5ede hertil) og byens gradvise udvidelse langs Swan.<\/p>\n<p>Perth-indbyggere nyder en livsstil defineret af udend\u00f8rsaktiviteter, kultur og ro. Livets tempo beskrives ofte som mere afslappet end i \u00f8stlige hovedst\u00e6der; man h\u00f8rer sj\u00e6ldent om myldretidens folkem\u00e6ngder, der lammer byen. De lokale er venlige og uformelle. N\u00e5r man g\u00e5r ind p\u00e5 en caf\u00e9, er det normalt at hilse p\u00e5 baristaen med et &#034;Hello&#034; eller &#034;G&#039;day&#034; og sp\u00f8rge om weekendens surfoplevelser. Kaffekulturen er st\u00e6rk \u2013 Perth-indbyggere tager deres flat whites og avocado p\u00e5 toast alvorligt. Sport forener ogs\u00e5 byen med ivrig st\u00f8tte til Australian Rules Football (AFL-hold som West Coast Eagles og Fremantle Dockers er en del af den daglige samtale).<\/p>\n<p>Engelsk er hverdagssproget, men Perth er flersproget. Mange familier taler kantonesisk, malayalam, italiensk eller oprindelige sprog derhjemme. Aboriginal kultur fejres med stolthed; for eksempel byder den \u00e5rlige Perth Festival (sensommer) ofte p\u00e5 begivenheder, der fremh\u00e6ver Noongar-historier og kunst. Everlasting Kings Park Festival i september tiltr\u00e6kker folkem\u00e6ngder med udstillinger og ture, der viser WAs unikke vilde blomster. Andre steder afspejler Midsumma Festival og Pride March Perths LGBT-milj\u00f8, mens Sculpture by the Sea-udstillingen p\u00e5 Cottesloe Beach (hver januar) forvandler kysten til et udend\u00f8rs galleri. \u00c5ret rundt er der f\u00e6llesskabsarrangementer omkring Elizabeth Quay og Yagan Square, fra landmandsmarkeder til nyt\u00e5rsfyrv\u00e6rkeri, der understreger en f\u00e6lles og festlig \u00e5nd.<\/p>\n<p>Kunst og natteliv findes i n\u00e6rheden af \u200b\u200bNorthbridge og Mount Lawley, hvor gadekunstens gyder f\u00f8rer til musiksteder og h\u00e5ndbryggerier. I mods\u00e6tning hertil er forst\u00e6derne stille: aftenerne kan slutte med en grillfest i baghaven eller en sv\u00f8mmetur i sandet ved solnedgang. Gamle og nye traditioner sameksisterer: man kan se en Fremantle FC A-League fodboldkamp p\u00e5 tv og derefter g\u00e5 udenfor for at h\u00f8re didgeridoo-musik p\u00e5 en lokal festival. I Perths bymidte funkler glasskyskrabere over historiske sandsten (f.eks. Perth Mint, Town Hall), mens parkomr\u00e5der som Kings Park inviterer til kontemplation over det gamle landskab. Alt i alt f\u00f8les Perths kultur eklektisk og afslappet \u2013 kosmopolitisk, men alligevel med en distinkt vestaustralsk g\u00e6stfrihed.<\/p>\n<p>Bes\u00f8gende i Perth finder et v\u00e6ld af sev\u00e6rdigheder, man bare skal se. Kings Park og Botanisk Have er en evig favorit \u2013 en af \u200b\u200bverdens st\u00f8rste parker i bymidten. Dens tr\u00e6toppede gangstier og udstillinger af vilde blomster tilbyder panoramaudsigt over byens skyline og floden. Lige nedenfor ligger Perths forstrand (South Perth foreshore eller Matilda Bay), hvor bes\u00f8gende kan dyppe t\u00e6erne i Swan River eller picnic under de indf\u00f8dte gummitr\u00e6er. Cottesloe Beach med sit orange kalkstensrev og mole ligger en kort k\u00f8retur fra byen og er kendt for sv\u00f8mning og solnedgange.<\/p>\n<p>Blandt byens vartegn er Bell Tower (et skulpturelt klokket\u00e5rn til Perths historiske klokker) og historiske bygninger som Art Gallery of WA og WA Museum (Boola Bardip). Foodies nyder Fremantles Fishermen&#039;s Co-op fiskemarkeder og den verdensber\u00f8mte Fremantle Prison-rundvisning (p\u00e5 UNESCOs verdensarvsliste). N\u00e6rliggende ving\u00e5rde og h\u00e5ndbryggerier er ogs\u00e5 tiltr\u00e6kkende. Perth Cultural Centre er v\u00e6rt for teatre, gallerier og den \u00e5rlige Fringe World-festival. Perths kystlandskab forts\u00e6tter med Rottnest Island (kan n\u00e5s med f\u00e6rge), et offshore-paradis ber\u00f8mt for quokkaer og snorkling.<\/p>\n<p>Eventyrlystne kan surfe p\u00e5 Scarborough Beach, ro kajak p\u00e5 Swan River eller klatre op i det n\u00e6sten 100 m h\u00f8je King&#039;s Park DNA Tower for at nyde udsigten over bystrukturen. Om vinteren er et unikt syn den sj\u00e6ldne ankomst af sydlige hvaler i West Virginias farvande. For en r\u00f8rende oplevelse af de indf\u00f8dte er et bes\u00f8g p\u00e5 Nyungar Njookenbooroo Dreaming Trail i Kings Park eller Art Gallery of WAs samling af aboriginsk kunst berigende.<\/p>\n<p>Kort sagt tilbyder Perth en blanding af urbane og naturlige attraktioner. Uanset om man slentrer under Perths middagsregnbue (isfugl) eller jogger ved floden ved solopgang, bruger byen sit solbeskinnede klima og havn til at skabe en udend\u00f8rslivsstil i verdensklasse. Dens st\u00f8rste attraktioner er ikke kun sev\u00e6rdigheder, men ogs\u00e5 f\u00e6llesomr\u00e5der \u2013 parker, strande, museer og festivaler, hvor den lokale karakter kommer til live.<\/p>\n<p>Perths hovedlufthavn er Perth Lufthavn (Kingsford Smith International), der har gode forbindelser globalt og indenrigs. Fly fra Asien, Europa og de \u00f8stlige stater ankommer dagligt. Fra lufthavnen til bymidten k\u00f8rer der ofte tog (Airport Line) ind til bymidten (ca. 40 minutter til Perth CBD). Store motorveje forbinder ogs\u00e5 Perth med andre regioner i West Virginia (f.eks. Mitchell Freeway nordp\u00e5 til strandforst\u00e6derne eller Great Eastern Highway mod \u00f8rkenen).<\/p>\n<p>Inden for byen d\u00e6kker et moderne tog- og busnetv\u00e6rk de fleste omr\u00e5der. Det lille netv\u00e6rk af bymidter er g\u00e5venligt, is\u00e6r omkring Elizabeth Quay, CBD og Northbridge. F\u00e6rger krydser floden (til South Perth og Fremantle), og en gratis CAT-busrute k\u00f8rer i sl\u00f8jfer i de centrale omr\u00e5der. K\u00f8rsel er ligetil i venstre side, selvom forstadsomr\u00e5det kan f\u00f8re til lange afstande. Trafikken er generelt lettere end i Australiens \u00f8stlige byer, undtagen p\u00e5 overbelastede korridorer i myldretiden. Bilister b\u00f8r v\u00e6re opm\u00e6rksomme p\u00e5 Perths mange rundk\u00f8rsler og den lejlighedsvise k\u00e6nguru ved daggry eller skumring uden for byen.<\/p>\n<p>Perthers b\u00e6rer australske dollars (AUD) som alle andre steder i Australien. Engelsk er tilstr\u00e6kkeligt, men et par Noongar-ord som f.eks. <em>boodjar<\/em> (jord) eller <em>kadaver<\/em> (hvid kakadue) viser lokal arv. Etikette er h\u00f8flig og uformel: man vinker typisk til bilister, siger &#034;hej&#034; til butiksejere og venter ved fodg\u00e6ngerfelter p\u00e5, at trafikken holder op. Drikkepenge forventes ikke, selvom sm\u00e5penge for god service p\u00e5 restauranter eller hoteller v\u00e6rds\u00e6ttes. Solen er intens \u00e5ret rundt; brede hatte og solcreme med SPF 50 anbefales, selv p\u00e5 overskyede dage. Sikkerhedsm\u00e6ssigt er Perth meget sikker \u2013 kriminalitetsraten er lav for en by af dens st\u00f8rrelse \u2013 men man b\u00f8r stadig bruge sin sunde fornuft, n\u00e5r man medbringer ejendele i folkem\u00e6ngder eller g\u00e5r ture sent om aftenen i rolige omr\u00e5der. Som med det meste af Australien er dyrelivet mindre en fare i selve byen (dog hold \u00f8je med slanger og edderkopper omkring buskkanten).<\/p>\n<p>Perth er v\u00e6rt for adskillige helligdage, der fejres i hele staten (f.eks. Western Australia Day i juni). P\u00e5 disse dage lukker eller \u00e5bner mange virksomheder senere, is\u00e6r mindre butikker. Australierne er kendt for deres beskedenhed: t\u00f8jnormerne er afslappet p\u00e5 stranden om sommeren (badet\u00f8j om dagen), men smart afslappet andre steder (intet behov for frakker og slips, medmindre man bes\u00f8ger luksussteder). Solcreme og hydrering er afg\u00f8rende i Perths t\u00f8rre varme; s\u00f8g skygge omkring middag om sommeren. Endelig, da man bor i en tidligere britisk koloni, er aboriginal kultur formelt anerkendt: ved begivenheder kan man h\u00f8re Welcome to Country-taler, og bes\u00f8gende b\u00f8r respektere hellige steder (fotografering er ofte forbudt der).<\/p>\n<p>Alt i alt er Perth en lettilg\u00e6ngelig by. Ved ankomsten er akklimatiseringen s\u00e5 simpel som at v\u00e6nne sig til byen for en slentretur langs floden eller en sv\u00f8mmetur ved kysten. Atmosf\u00e6ren er venlig, og de lokale er normalt ivrige efter at dele tips om skjulte bugter eller yndlingscaf\u00e9er. Med sin blanding af moderne lethed og naturlig sk\u00f8nhed tilbyder Perth rejsende b\u00e5de rytmen i en pulserende by og roen ved havet og busklandet lige uden for d\u00f8ren.<\/p>","protected":false},"excerpt":{"rendered":"<p>Perth, kaldet Boorloo p\u00e5 nyungar-sproget, er hovedstaden i Western Australia og den fjerdemest befolkede by i landet. Greater Perth, med en befolkning p\u00e5 mere end 2,3 millioner i 2023, er en dynamisk metropol med historisk, kulturel og \u00f8konomisk betydning. Beliggende i Western Australias South West Land Division, str\u00e6kker Perths storbyregion sig over Swan Coastal Plain, omgivet mod \u00f8st af Darling Scarp og mod vest af Det Indiske Ocean. Fra sin begyndelse som en britisk koloni ved Swan River til sin nuv\u00e6rende status som et pulserende storbycentrum, har Perths v\u00e6kst og udvikling v\u00e6ret formet af denne us\u00e6dvanlige topografi.<\/p>","protected":false},"author":1,"featured_media":4621,"parent":9806,"menu_order":0,"comment_status":"closed","ping_status":"closed","template":"elementor_theme","meta":{"_eb_attr":"","footnotes":""},"class_list":["post-9831","page","type-page","status-publish","has-post-thumbnail"],"_links":{"self":[{"href":"https:\/\/travelshelper.com\/da\/wp-json\/wp\/v2\/pages\/9831","targetHints":{"allow":["GET"]}}],"collection":[{"href":"https:\/\/travelshelper.com\/da\/wp-json\/wp\/v2\/pages"}],"about":[{"href":"https:\/\/travelshelper.com\/da\/wp-json\/wp\/v2\/types\/page"}],"author":[{"embeddable":true,"href":"https:\/\/travelshelper.com\/da\/wp-json\/wp\/v2\/users\/1"}],"replies":[{"embeddable":true,"href":"https:\/\/travelshelper.com\/da\/wp-json\/wp\/v2\/comments?post=9831"}],"version-history":[{"count":0,"href":"https:\/\/travelshelper.com\/da\/wp-json\/wp\/v2\/pages\/9831\/revisions"}],"up":[{"embeddable":true,"href":"https:\/\/travelshelper.com\/da\/wp-json\/wp\/v2\/pages\/9806"}],"wp:featuredmedia":[{"embeddable":true,"href":"https:\/\/travelshelper.com\/da\/wp-json\/wp\/v2\/media\/4621"}],"wp:attachment":[{"href":"https:\/\/travelshelper.com\/da\/wp-json\/wp\/v2\/media?parent=9831"}],"curies":[{"name":"wp","href":"https:\/\/api.w.org\/{rel}","templated":true}]}}