{"id":9800,"date":"2024-09-08T23:47:48","date_gmt":"2024-09-08T23:47:48","guid":{"rendered":"https:\/\/travelshelper.com\/staging\/?page_id=9800"},"modified":"2026-03-13T22:57:40","modified_gmt":"2026-03-13T22:57:40","slug":"suva","status":"publish","type":"page","link":"https:\/\/travelshelper.com\/da\/destinations\/australia-and-oceania\/fiji\/suva\/","title":{"rendered":"Suva"},"content":{"rendered":"<p>Suva er b\u00e5de hovedstaden og den st\u00f8rste by p\u00e5 Fiji. Den fungerer som det centrale knudepunkt i landets st\u00f8rste storbyregion og fungerer som dens prim\u00e6re havn. Suva, der ligger p\u00e5 den syd\u00f8stlige kyst af Viti Levu, Fijis st\u00f8rste \u00f8, ligger i Rewa-provinsen i den centrale division. Denne by repr\u00e6senterer en kombination af historisk betydning og moderne vitalitet, hvilket etablerer den som et afg\u00f8rende sted i det sydlige Stillehav.<\/p>\n<p>Suvas udn\u00e6vnelse til hovedstad i Fiji begyndte i 1877 efter at byen blev flyttet fra Levuka, som var den vigtigste europ\u00e6iske koloniale bos\u00e6ttelse p\u00e5 den tid. Levukas geografiske begr\u00e6nsninger, beliggende mellem stejle bjerge og havet, gjorde ekspansion upraktisk. I 1882 blev administrationen officielt overf\u00f8rt til Suva, hvilket indledte byens rolle som centrum for regeringsf\u00f8relse og udvikling i Fiji.<\/p>\n<p>If\u00f8lge folket\u00e6llingen i 2017 var Suvas befolkning registreret til 93.970. Storbyregionen havde, sammen med dens autonome forst\u00e6der, en befolkning p\u00e5 185.913. Bybefolkningen, n\u00e5r den aggregeres med de tilst\u00f8dende byer Lami, Nasinu og Nausori, n\u00e5r op p\u00e5 cirka 330.000, hvilket tegner sig for over en tredjedel af Fijis samlede befolkning. Det bym\u00e6ssige kompleks kendt som Suva-Nausori-korridoren understreger Suvas betydning som et centralt knudepunkt inden for Fijis bym\u00e6ssige rammer.<\/p>\n<p>Suva fungerer som b\u00e5de det politiske centrum og den \u00f8konomiske og kulturelle hovedstad i Fiji. Byen fungerer som den prim\u00e6re placering af regionale hovedkvarterer for adskillige internationale virksomheder, agenturer og diplomatiske missioner. Byen er kendt for sit pulserende kunst- og performancelandskab og vinder anerkendelse som modehovedstaden i det sydlige Stillehav. Historiske steder, der fremh\u00e6ver Suvas koloniale arv, s\u00e5som Suva City Carnegie Library og regeringskomplekset, forbedrer byens kulturelle milj\u00f8.<\/p>\n<p>Suva ligger p\u00e5 en bakket halv\u00f8, der omkranser en havn, og st\u00f8der op til Laucala-bugten og Suva Havn. Bjergene mod nord og vest opfanger de syd\u00f8stlige passatvinde, hvilket resulterer i et konstant fugtigt klima \u00e5ret rundt. Trods at v\u00e6re t\u00e6t p\u00e5 havet, har Suvas kystlinje mangrovevegetation, med Pacific Harbour som den n\u00e6rmeste strand. Den karakteristiske geografiske kontekst forst\u00e6rker Suvas appel og identitet.<\/p>\n<p>Suva er kendetegnet ved en mangfoldig kulturel sammens\u00e6tning, overvejende best\u00e5ende af indf\u00f8dte fijianere og indo-fijianere. Byen er hjemsted for en r\u00e6kke etniske minoriteter, s\u00e5som rotumanere, lauanere, europ\u00e6ere og kinesere. Den sproglige mangfoldighed i Suva er tydelig, med engelsk, fijiansk og fijiansk hindi som de dominerende sprog, der tales.<\/p>\n<p>Byen fungerer som et vigtigt uddannelsescenter og huser University of the South Pacific (USP) som hovedcampus. Denne institution tiltr\u00e6kker studerende fra forskellige Stillehavsregioner og forbedrer dermed Suvas kulturelle mangfoldighed. Fiji Museum, der ligger i Thurston Gardens, giver et overblik over Fijis omfattende historie og kultur og indeholder den st\u00f8rste samling af fijianske artefakter globalt.<\/p>\n<p>Fremkomsten af \u200b\u200bmoderne shoppingcentre som Suva Central Shopping Mall og TappooCity, der giver byen en moderne \u00e6stetik, karakteriserer Suvas bylandskab som v\u00e6rende i en kontinuerlig udviklingsfase. Integrationen af \u200b\u200bdisse udviklinger med traditionelle shoppingomr\u00e5der som Cumming Street skaber en sammenstilling af historiske og moderne elementer, hvilket bidrager til Suvas status som et dynamisk og sofistikeret bycentrum.<\/p>","protected":false},"excerpt":{"rendered":"<p>Suva er b\u00e5de hovedstaden og den st\u00f8rste by p\u00e5 Fiji. Den fungerer som det centrale knudepunkt i landets st\u00f8rste storbyregion og fungerer som dens prim\u00e6re havn. Suva, der ligger p\u00e5 den syd\u00f8stlige kyst af Viti Levu, Fijis st\u00f8rste \u00f8, ligger i Rewa-provinsen i den centrale division. Denne by repr\u00e6senterer en kombination af historisk betydning og moderne vitalitet, hvilket etablerer den som et afg\u00f8rende sted i det sydlige Stillehav.<\/p>","protected":false},"author":1,"featured_media":3855,"parent":9785,"menu_order":0,"comment_status":"closed","ping_status":"closed","template":"elementor_theme","meta":{"_eb_attr":"","footnotes":""},"class_list":["post-9800","page","type-page","status-publish","has-post-thumbnail"],"_links":{"self":[{"href":"https:\/\/travelshelper.com\/da\/wp-json\/wp\/v2\/pages\/9800","targetHints":{"allow":["GET"]}}],"collection":[{"href":"https:\/\/travelshelper.com\/da\/wp-json\/wp\/v2\/pages"}],"about":[{"href":"https:\/\/travelshelper.com\/da\/wp-json\/wp\/v2\/types\/page"}],"author":[{"embeddable":true,"href":"https:\/\/travelshelper.com\/da\/wp-json\/wp\/v2\/users\/1"}],"replies":[{"embeddable":true,"href":"https:\/\/travelshelper.com\/da\/wp-json\/wp\/v2\/comments?post=9800"}],"version-history":[{"count":0,"href":"https:\/\/travelshelper.com\/da\/wp-json\/wp\/v2\/pages\/9800\/revisions"}],"up":[{"embeddable":true,"href":"https:\/\/travelshelper.com\/da\/wp-json\/wp\/v2\/pages\/9785"}],"wp:featuredmedia":[{"embeddable":true,"href":"https:\/\/travelshelper.com\/da\/wp-json\/wp\/v2\/media\/3855"}],"wp:attachment":[{"href":"https:\/\/travelshelper.com\/da\/wp-json\/wp\/v2\/media?parent=9800"}],"curies":[{"name":"wp","href":"https:\/\/api.w.org\/{rel}","templated":true}]}}