{"id":9779,"date":"2024-09-08T23:26:08","date_gmt":"2024-09-08T23:26:08","guid":{"rendered":"https:\/\/travelshelper.com\/staging\/?page_id=9779"},"modified":"2026-03-13T23:07:55","modified_gmt":"2026-03-13T23:07:55","slug":"honiara","status":"publish","type":"page","link":"https:\/\/travelshelper.com\/da\/destinations\/australia-and-oceania\/solomon-islands\/honiara\/","title":{"rendered":"Honiara"},"content":{"rendered":"<p>Honiara, Salomon\u00f8ernes travle hovedstad, ligger p\u00e5 Guadalcanals nordlige bred. Salomon\u00f8ernes hovedby, Honiara, er kendt for sin rige fortid og varierede kultur. Befolkningen er lige nu 92.344. Denne energiske by er et mylder af aktivitet med en unik blanding af historisk v\u00e6rdi og moderne ekspansion.<\/p>\n<p>Honiara er strategisk placeret langs Kukum-motorvejen og er let at n\u00e5 med fly og b\u00e5d. Vigtige b\u00e5de indenlandske og internationale transportknudepunkter, der muligg\u00f8r str\u00f8mmen af \u200b\u200bmennesker og produkter, omfatter Honiara International Airport og Point Cruz Seaport. Byen, der blev etableret som hovedstadsterritorium i 1983, kan prale af et storbyomr\u00e5de p\u00e5 22 kvadratkilometer. Nu er Honiara hovedstad i Guadalcanal-provinsen og har provinsens autonomi.<\/p>\n<p>Store historiske begivenheder \u2013 is\u00e6r Anden Verdenskrig \u2013 har uopretteligt formet Honiaras historie. Under Guadalcanal-kampagnen, is\u00e6r slaget ved Henderson Field i 1942, var byens \u00f8stlige flyveplads et vigtigt sted. Amerikanske og japanske tropper deltog i denne kamp, \u200b\u200bhvor f\u00f8rstn\u00e6vnte vandt. Som et vendepunkt, der i sidste ende resulterede i allieret triumf, var denne sejr afg\u00f8rende i krigens Stillehavsomr\u00e5de.<\/p>\n<p>Efter krigen \u00e6ndrede Honiaras rolle sig, da byen i 1952 blev det nye administrative s\u00e6de for det britiske protektorat for Salomon\u00f8erne. Opf\u00f8relsen af \u200b\u200badskillige regeringsbygninger understregede dette skift og fremskyndede befolkningstilv\u00e6ksten og den kommunale udvikling.<\/p>\n<p>Honiara har st\u00e5et over for mange udfordringer trods sin ekspansion, herunder politisk uro og etnisk vold. Begyndelsen af \u200b\u200b2000&#039;erne og slutningen af \u200b\u200b1990&#039;erne var noget turbulent. Malaita Eagle Force (MEF) og Isatabu Freedom Movement (IFM), der skiftevis repr\u00e6senterede de etniske malaitanere og Guadalcanal-beboerne, deltog i d\u00f8dbringende kampe efter et kupfors\u00f8g i juni 2000. Selvom en fredspagt blev indg\u00e5et i oktober 2000, br\u00f8d volden ud igen i marts 2002, hvor to newzealandske diplomater samt mange andre blev dr\u00e6bt.<\/p>\n<p>Situationen var blevet meget v\u00e6rre i juli 2003; derfor bad Salomon\u00f8ernes regering den regionale bistandsmission til Salomon\u00f8erne (RAMSI) om at hj\u00e6lpe med at genoprette freden. Denne mission, som omfattede en r\u00e6kke Stillehavslande og Australien som missionsleder, var afg\u00f8rende for at genoprette den regionale stabilitet.<\/p>\n<p>Efter Snyder Rinis udn\u00e6vnelse til premierminister oplevede Honiara endnu en periode med omv\u00e6ltninger i 2006. Der udbr\u00f8d opt\u00f8jer, som \u00f8delagde dele af Chinatown og gjorde omkring 1.000 kinesiske indbyggere hjeml\u00f8se. Turisme er en vigtig sektor for byen og \u00f8erne; derfor havde disse begivenheder en stor indflydelse p\u00e5 den.<\/p>\n<p>De fleste af Salomon\u00f8ernes regeringsbygninger og institutioner ligger i Honiara. Det nationale parlament, Solomon Islands College of Higher Education og University of the South Pacifics campus p\u00e5 Solomon\u00f8erne ligger alle i byen. Vigtige kulturelle og kommercielle attraktioner er ogs\u00e5 nationalmuseet og det travle Honiara-marked.<\/p>\n<p>\u00d8st-Honiara, Central-Honiara og Vest-Honiara er tre parlamentariske valgkredse. Honiara har tre parlamentariske valgkredse: Blandt seks i nationen med v\u00e6lgere p\u00e5 mere end 10.000 mennesker afspejler disse pladser byens politiske betydning.<\/p>\n<p>Selvom mange andre religioner er repr\u00e6senteret, er Honiaras religi\u00f8se milj\u00f8 i bund og grund kristent. Blandt andet huser byen hovedkvarteret for det romersk-katolske \u00e6rkebisped\u00f8mme Honiara, South Seas Evangelical Church, United Church, Church of the Province of Melanesia (Anglican) og Seventh-Day Adventist Church. Denne mangfoldighed afspejler Salomon\u00f8ernes bredere kulturelle struktur, som kombinerer moderne og traditionelle aspekter.<\/p>","protected":false},"excerpt":{"rendered":"<p>Honiara, Salomon\u00f8ernes travle hovedstad, ligger p\u00e5 Guadalcanals nordlige bred. Salomon\u00f8ernes hovedby, Honiara, er kendt for sin rige fortid og varierede kultur. Befolkningen er lige nu 92.344. Denne energiske by er et mylder af aktivitet med en unik blanding af historisk v\u00e6rdi og moderne ekspansion.<\/p>","protected":false},"author":1,"featured_media":3238,"parent":9773,"menu_order":0,"comment_status":"closed","ping_status":"closed","template":"elementor_theme","meta":{"_eb_attr":"","footnotes":""},"class_list":["post-9779","page","type-page","status-publish","has-post-thumbnail"],"_links":{"self":[{"href":"https:\/\/travelshelper.com\/da\/wp-json\/wp\/v2\/pages\/9779","targetHints":{"allow":["GET"]}}],"collection":[{"href":"https:\/\/travelshelper.com\/da\/wp-json\/wp\/v2\/pages"}],"about":[{"href":"https:\/\/travelshelper.com\/da\/wp-json\/wp\/v2\/types\/page"}],"author":[{"embeddable":true,"href":"https:\/\/travelshelper.com\/da\/wp-json\/wp\/v2\/users\/1"}],"replies":[{"embeddable":true,"href":"https:\/\/travelshelper.com\/da\/wp-json\/wp\/v2\/comments?post=9779"}],"version-history":[{"count":0,"href":"https:\/\/travelshelper.com\/da\/wp-json\/wp\/v2\/pages\/9779\/revisions"}],"up":[{"embeddable":true,"href":"https:\/\/travelshelper.com\/da\/wp-json\/wp\/v2\/pages\/9773"}],"wp:featuredmedia":[{"embeddable":true,"href":"https:\/\/travelshelper.com\/da\/wp-json\/wp\/v2\/media\/3238"}],"wp:attachment":[{"href":"https:\/\/travelshelper.com\/da\/wp-json\/wp\/v2\/media?parent=9779"}],"curies":[{"name":"wp","href":"https:\/\/api.w.org\/{rel}","templated":true}]}}