{"id":9773,"date":"2024-09-08T23:18:28","date_gmt":"2024-09-08T23:18:28","guid":{"rendered":"https:\/\/travelshelper.com\/staging\/?page_id=9773"},"modified":"2026-03-13T23:08:16","modified_gmt":"2026-03-13T23:08:16","slug":"salomonoerne","status":"publish","type":"page","link":"https:\/\/travelshelper.com\/da\/destinations\/australia-and-oceania\/solomon-islands\/","title":{"rendered":"Salomon\u00f8erne"},"content":{"rendered":"<p>Salomon\u00f8erne, undertiden kendt som Salomon\u00f8erne, er et smukt land beliggende i hjertet af Melanesien, en del af den st\u00f8rre region i Oceanien nord\u00f8st for Australien. Denne \u00f8gruppe best\u00e5r af 21 store \u00f8er med mere end 100 kvadratkilometer hver og omfatter Guadalcanal, Malaita, Makira og Santa Isabel. Udover disse enorme landmasser er Salomon\u00f8erne omgivet af omkring 900 mindre \u00f8er, hvilket skaber et rigt og komplekst tapet af land og hav. Fra Papua Ny Guinea mod vest, Australien mod sydvest, Ny Kaledonien og Vanuatu mod syd\u00f8st, Fiji, Wallis og Futuna og Tuvalu mod \u00f8st, er Salomon\u00f8erne geografisk t\u00e6t p\u00e5 mange andre nationer. Nauru og Mikronesiens Forenede Stater mod nord.<\/p>\n<p>Med et samlet overfladeareal p\u00e5 28.896 kvadratkilometer (11.157 kvadratmiles) havde Salomon\u00f8erne en befolkning p\u00e5 734.887 pr. midten af \u200b\u200b2023. Honiara, hovedstaden, ligger p\u00e5 den st\u00f8rste \u00f8, Guadalcanal, og er landets politiske og \u00f8konomiske centrum. Navnet &#034;Salomon\u00f8erne&#034; beskriver hele Salomon\u00f8ernes \u00f8gruppe, som omfatter den autonome region Bougainville, der i \u00f8jeblikket er en del af Papua Ny Guinea, men eksklusive Santa Cruz-\u00f8erne.<\/p>\n<p>Mellem 30.000 og 28.800 f.Kr. begyndte mennesker at bo p\u00e5 disse \u00f8er; mange migrationsb\u00f8lger var med til at skabe den genetiske blanding, der definerer den oprindelige befolkning i dag. Blandt disse f\u00f8rste immigranter var Lapita-folket, kendt for deres unikke keramik- og sejlf\u00e6rdigheder, som var med til at definere \u00f8ernes kulturelle scene.<\/p>\n<p>Den spanske opdagelsesrejsende \u00c1lvaro de Menda\u00f1a ankom til Salomon\u00f8erne som den f\u00f8rste europ\u00e6ere i 1568. Menda\u00f1a n\u00e6vnte ikke \u00f8ernes navne; andre, der skrev om hans opdagelse, kom til at omtale dem som &#034;Salomon\u00f8erne&#034;. Menda\u00f1a tog igen til \u00f8erne i 1595, hvorefter en anden spansk ekspedition, ledet af den portugisiske navigat\u00f8r Pedro Fernandes de Queir\u00f3s, ankom i 1606.<\/p>\n<p>\u00d8erne havde en meget tydelig strategisk relevans under Anden Verdenskrig. Kampagnen p\u00e5 Salomon\u00f8erne, der strakte sig fra 1942 til 1945, var et afg\u00f8rende s\u00e6t af kampe mellem de allierede styrker - prim\u00e6rt fra USA og det britiske imperium - og det japanske imperium. Is\u00e6r slaget om Guadalcanal var et vendepunkt i Stillehavsomr\u00e5det, da h\u00e5rde kampe understregede \u00f8ernes vitale betydning i krigen.<\/p>\n<p>De sydlige Salomon\u00f8er blev et britisk protektorat i juni 1893 under kaptajn Herbert Gibson fra HMS Curacoa. Kolonitiden begyndte her og strakte sig indtil midten af \u200b\u200bdet tyvende \u00e5rhundrede. Da den britiske regering n\u00e6rmede sig selvstyre, \u00e6ndrede den sit officielle navn fra &#034;British Solomon Islands Protectorate&#034; til &#034;The Salomon Islands&#034; i 1975. Denne proces kulminerede i 1976, da \u00f8erne opn\u00e5ede selvstyre; den efterf\u00f8lgende endelige uafh\u00e6ngighed kom i 1978. Efter uafh\u00e6ngigheden antog nationen navnet &#034;Salomon\u00f8erne&#034;, droppede den bestemte artikel og blev kendt som et konstitutionelt monarki.<\/p>\n<p>Salomon\u00f8erne anerkender i dag Karl III som deres konge; kongen portr\u00e6tteres lokalt af en generalguvern\u00f8r, der er valgt efter premierministerens anbefaling. Samtidig med at denne politiske ramme giver \u00f8erne deres egen nationale identitet, anerkender den deres historiske b\u00e5nd til den britiske krone. Med udgangspunkt i deres rige historie, varierede kulturer og vigtige placering i Stillehavet st\u00e5r Salomon\u00f8erne stadig over for moderne udfordringer og muligheder.<\/p>","protected":false},"excerpt":{"rendered":"<p>Salomon\u00f8erne, undertiden kendt som Salomon\u00f8erne, er et smukt land beliggende i hjertet af Melanesien, en del af den st\u00f8rre region i Oceanien nord\u00f8st for Australien. Denne \u00f8gruppe best\u00e5r af 21 store \u00f8er med mere end 100 kvadratkilometer hver og omfatter Guadalcanal, Malaita, Makira og Santa Isabel. Udover disse enorme landmasser er Salomon\u00f8erne omgivet af omkring 900 mindre \u00f8er, hvilket skaber et rigt og komplekst tapet af land og hav. Fra Papua Ny Guinea mod vest, Australien mod sydvest, Ny Kaledonien og Vanuatu mod syd\u00f8st, Fiji, Wallis og Futuna og Tuvalu mod \u00f8st, er Salomon\u00f8erne geografisk t\u00e6t p\u00e5 mange andre nationer. Nauru og Mikronesiens Forenede Stater mod nord.<\/p>","protected":false},"author":1,"featured_media":2859,"parent":24105,"menu_order":0,"comment_status":"closed","ping_status":"closed","template":"elementor_theme","meta":{"_eb_attr":"","footnotes":""},"class_list":["post-9773","page","type-page","status-publish","has-post-thumbnail"],"_links":{"self":[{"href":"https:\/\/travelshelper.com\/da\/wp-json\/wp\/v2\/pages\/9773","targetHints":{"allow":["GET"]}}],"collection":[{"href":"https:\/\/travelshelper.com\/da\/wp-json\/wp\/v2\/pages"}],"about":[{"href":"https:\/\/travelshelper.com\/da\/wp-json\/wp\/v2\/types\/page"}],"author":[{"embeddable":true,"href":"https:\/\/travelshelper.com\/da\/wp-json\/wp\/v2\/users\/1"}],"replies":[{"embeddable":true,"href":"https:\/\/travelshelper.com\/da\/wp-json\/wp\/v2\/comments?post=9773"}],"version-history":[{"count":0,"href":"https:\/\/travelshelper.com\/da\/wp-json\/wp\/v2\/pages\/9773\/revisions"}],"up":[{"embeddable":true,"href":"https:\/\/travelshelper.com\/da\/wp-json\/wp\/v2\/pages\/24105"}],"wp:featuredmedia":[{"embeddable":true,"href":"https:\/\/travelshelper.com\/da\/wp-json\/wp\/v2\/media\/2859"}],"wp:attachment":[{"href":"https:\/\/travelshelper.com\/da\/wp-json\/wp\/v2\/media?parent=9773"}],"curies":[{"name":"wp","href":"https:\/\/api.w.org\/{rel}","templated":true}]}}