{"id":9749,"date":"2024-09-08T22:45:39","date_gmt":"2024-09-08T22:45:39","guid":{"rendered":"https:\/\/travelshelper.com\/staging\/?page_id=9749"},"modified":"2026-03-13T23:13:07","modified_gmt":"2026-03-13T23:13:07","slug":"wellington","status":"publish","type":"page","link":"https:\/\/travelshelper.com\/da\/destinations\/australia-and-oceania\/new-zealand\/wellington\/","title":{"rendered":"Wellington"},"content":{"rendered":"<p>Wellington, New Zealands livlige hovedstad, er et sted, hvor fantastiske landskaber og urban elegance smelter sammen. Wellington, som ligger i den sydvestlige kant af Nord\u00f8en, er godt placeret mellem den barske Remutaka-bjergk\u00e6de og den store Cook Strait. Den tredjest\u00f8rste by i New Zealand er det administrative centrum for Wellington-regionen og den sydligste hovedstad i en suver\u00e6n stat p\u00e5 verdensplan. Wellington er med sin milde kysttemperatur kendt som den mest bl\u00e6sende by i verden; denne kvalitet definerer dens egen appel og livsstil.<\/p>\n<p>Maori-kulturen er ret st\u00e6rkt forankret i Wellingtons fortid. Maori-mundtlig historie fort\u00e6ller, at den store eventyrer Kupe rejste gennem omr\u00e5det omkring det tiende \u00e5rhundrede. Maori-iwi bosatte sig f\u00f8rst i omr\u00e5det; Rangit\u0101ne og Mua\u016bpoko blandt andre. Men musketkrigene i begyndelsen af \u200b\u200bdet 19. \u00e5rhundrede for\u00e5rsagede store forstyrrelser, der resulterede i, at nordlige iwi som Te \u0100ti Awa dominerede. Den varierede kulturelle scene, der definerer Wellington nu, udsprang af denne rige historiske billedtapet.<\/p>\n<p>Wellingtons moderne form, der blev designet af kaptajn William Mein Smith, den f\u00f8rste landm\u00e5ler for Edward Wakefields New Zealand Company, begyndte at tage form i 1840. Hans vision inkluderer en r\u00e6kke sammenh\u00e6ngende gitterdesigns, der spreder sig ned ad lavlandet og de nedre bakkeskr\u00e5ninger. Wellingtons bykerne har i dag en befolkning p\u00e5 omkring 215.200; i mellemtiden har den st\u00f8rre storbyregion - som omfatter Lower Hutt, Porirua og Upper Hutt - en befolkning p\u00e5 over 440.900 pr. juni 2023. Wellington har v\u00e6ret hovedstad i New Zealand siden 1865; hans position er ikke defineret ved lov, men snarere ved konvention. Byen er New Zealands politiske hjerte, da den er v\u00e6rt for h\u00f8jesteret, New Zealands regering og parlament samt de fleste af de offentlige tjenester.<\/p>\n<p>\u00d8konomisk set er Wellington en servicebaseret metropol med en st\u00e6rk koncentration af finans, virksomhedsservice, regering og filmbranchen. Den betragtes som centrum for New Zealands film- og specialeffektsektorer og er ogs\u00e5 i stigende grad identificeret som centrum for informationsteknologi og innovation. To offentlige forskningsuniversiteter bidrager yderligere til dens position som en vidensdrevet metropol. Wellington International Airport, den tredje travleste lufthavn i landet, betjener Wellington, som ogs\u00e5 er en betydelig havneby, der muligg\u00f8r b\u00e5de indenlandsk og international skibsfart. Tog- og buslinjer, der n\u00e5r K\u0101piti-kysten og Wairarapa, samt b\u00e5de, der forbinder byen med Syd\u00f8en, udg\u00f8r dens omfattende transportsystem.<\/p>\n<p>Wellington, der ofte betragtes som New Zealands kulturelle centrum, kan prale af en levende og varieret scene, der har haft indflydelse p\u00e5 hele Oceanien. Byen er rangeret som nummer fire p\u00e5 Global Livability Ranking i 2021 og er regelm\u00e6ssigt blandt de mest beboelige byer i verden, lige s\u00e5 godt som Tokyo. Deutsche Bank placerede Wellington som nummer et p\u00e5 verdensplan i 2017 og 2018 for b\u00e5de beboelighed og ikke-forureningsm\u00e6ssig komfort. Kulturelle knudepunkter som Cuba Street og Newtown er hyldet for deres kreative opfindsomhed, historiske karakter og energiske madscene. Wellington, der er rangeret som nummer 35 p\u00e5 verdensplan af Global Financial Centres Index i 2021, var et af de f\u00f8rende finanscentre i Asien-Stillehavsomr\u00e5det. Fra en blomstrende maori-koloni til en kolonial udpost og endelig en australasisk hovedstad har byen gennemg\u00e5et en fantastisk kreativ genf\u00f8dsel.<\/p>\n<p>Med omkring 1,3 milliarder NZ$ \u00e5rligt og 9% af Wellingtons samlede fuldtids\u00e6kvivalente besk\u00e6ftigelse tilskrevet turisme, er sektoren ret vigtig for byens \u00f8konomi. Med 3,6 millioner \u00e5rlige bes\u00f8g er byen en elsket rejsedestination for newzeal\u00e6ndere. Internationale g\u00e6ster, der prim\u00e6rt kommer fra Australien, str\u00f8mmer til Wellington og tilbringer millioner af overnatninger og dollars i byen. Wellington er blevet en betydelig rejsedestination, i h\u00f8j grad takket v\u00e6re opf\u00f8relsen af \u200b\u200bTe Papa-museet. Wellington Tourism markedsf\u00f8rer byen positivt som den &#039;sejeste lille hovedstad i verden&#039;, og i l\u00f8bet af de sidste ti \u00e5r er antallet af kommercielle g\u00e6stenat steget betydeligt.<\/p>\n<p>Blandt Wellingtons popul\u00e6re turistattraktioner er Wellington Museum, Wellington Zoo, Zealandia og den genkendelige Wellington Cable Car. Med en markant stigning i bes\u00e6tnings- og passagerrejser i de senere \u00e5r boomer krydstogtturismeindustrien. Wellingtons lille st\u00f8rrelse, kulturelle attraktioner, prisvindende spisesteder og t\u00e6tte n\u00e6rhed til offentlige kontorer g\u00f8r det til et perfekt sted for konferencerejser, hvilket styrker den lokale \u00f8konomi \u00e5rligt.<\/p>","protected":false},"excerpt":{"rendered":"<p>Wellington, New Zealands livlige hovedstad, er et sted, hvor fantastiske landskaber og urban elegance smelter sammen. Wellington, som ligger i den sydvestlige kant af Nord\u00f8en, er godt placeret mellem den barske Remutaka-bjergk\u00e6de og den store Cook Strait. Den tredjest\u00f8rste by i New Zealand er det administrative centrum for Wellington-regionen og den sydligste hovedstad i en suver\u00e6n stat p\u00e5 verdensplan. Wellington er med sin milde kysttemperatur kendt som den mest bl\u00e6sende by i verden; denne kvalitet definerer dens egen appel og livsstil.<\/p>","protected":false},"author":1,"featured_media":2787,"parent":9692,"menu_order":0,"comment_status":"closed","ping_status":"closed","template":"elementor_theme","meta":{"_eb_attr":"","footnotes":""},"class_list":["post-9749","page","type-page","status-publish","has-post-thumbnail"],"_links":{"self":[{"href":"https:\/\/travelshelper.com\/da\/wp-json\/wp\/v2\/pages\/9749","targetHints":{"allow":["GET"]}}],"collection":[{"href":"https:\/\/travelshelper.com\/da\/wp-json\/wp\/v2\/pages"}],"about":[{"href":"https:\/\/travelshelper.com\/da\/wp-json\/wp\/v2\/types\/page"}],"author":[{"embeddable":true,"href":"https:\/\/travelshelper.com\/da\/wp-json\/wp\/v2\/users\/1"}],"replies":[{"embeddable":true,"href":"https:\/\/travelshelper.com\/da\/wp-json\/wp\/v2\/comments?post=9749"}],"version-history":[{"count":0,"href":"https:\/\/travelshelper.com\/da\/wp-json\/wp\/v2\/pages\/9749\/revisions"}],"up":[{"embeddable":true,"href":"https:\/\/travelshelper.com\/da\/wp-json\/wp\/v2\/pages\/9692"}],"wp:featuredmedia":[{"embeddable":true,"href":"https:\/\/travelshelper.com\/da\/wp-json\/wp\/v2\/media\/2787"}],"wp:attachment":[{"href":"https:\/\/travelshelper.com\/da\/wp-json\/wp\/v2\/media?parent=9749"}],"curies":[{"name":"wp","href":"https:\/\/api.w.org\/{rel}","templated":true}]}}