{"id":9692,"date":"2024-09-08T21:38:41","date_gmt":"2024-09-08T21:38:41","guid":{"rendered":"https:\/\/travelshelper.com\/staging\/?page_id=9692"},"modified":"2026-03-13T23:02:05","modified_gmt":"2026-03-13T23:02:05","slug":"new-zealand","status":"publish","type":"page","link":"https:\/\/travelshelper.com\/da\/destinations\/australia-and-oceania\/new-zealand\/","title":{"rendered":"New Zealand"},"content":{"rendered":"<p>New Zealand, omtalt p\u00e5 maori som Aotearoa, er en sp\u00e6ndende \u00f8nation beliggende i det sydvestlige Stillehav. Den er ber\u00f8mt for sine betagende landskaber og sin dybe kulturelle arv. New Zealand, der best\u00e5r af to prim\u00e6re landomr\u00e5der - Nord\u00f8en (Te Ika-a-M\u0101ui) og Syd\u00f8en (Te Waipounamu) - og mere end 700 mindre \u00f8er, er den sjettest\u00f8rste \u00f8nation m\u00e5lt p\u00e5 areal. Beliggende \u00f8st for Australien p\u00e5 den anden side af Tasmanhavet og syd for Ny Kaledonien, Fiji og Tonga, har den et varieret landskab pr\u00e6get af fremtr\u00e6dende bjergtoppe, is\u00e6r de imponerende Sydalper. Denne karakteristiske geografi skyldes hovedsageligt tektonisk h\u00e6vning og vulkansk aktivitet, der har formet terr\u00e6net over millioner af \u00e5r.<\/p>\n<p>New Zealands hovedstad er Wellington, selvom Auckland er den mest folkerige by. Disse storbyomr\u00e5der er livlige centre for kultur og handel, der repr\u00e6senterer nationens dynamiske og voksende identitet. Trods sin nuv\u00e6rende status var New Zealand den sidste st\u00f8rre landmasse, der blev beboet af mennesker. Fra 1280 til 1350 begyndte polynesiske navigat\u00f8rer at bos\u00e6tte sig p\u00e5 \u00f8erne og dyrkede i sidste ende den unikke maori-kultur, der fortsat er et v\u00e6sentligt aspekt af New Zealands identitet i dag.<\/p>\n<p>Den europ\u00e6iske opdagelse af New Zealand begyndte med den hollandske eventyrer Abel Tasman i 1642, som var den f\u00f8rste europ\u00e6er til at observere og dokumentere \u00f8erne. Det var f\u00f8rst i 1769, at kaptajn James Cook, en britisk opdagelsesrejsende, ankom til og kortlagde New Zealand, hvilket muliggjorde efterf\u00f8lgende kontakter og en endelig kolonisering. Waitangi-traktaten, underskrevet i 1840 mellem delegerede fra Storbritannien og maori-h\u00f8vdinge, repr\u00e6senterede et afg\u00f8rende \u00f8jeblik i New Zealands historie. Denne traktat etablerede grundlaget for britisk suver\u00e6nitet og oprettelsen af \u200b\u200bNew Zealands kronkoloni i 1841. Efterf\u00f8lgende var \u00e6raen pr\u00e6get af tvister mellem den koloniale administration og maori-stammer, hvilket f\u00f8rte til fremmedg\u00f8relse og tilegnelse af betydeligt maori-territorium.<\/p>\n<p>New Zealands udvikling mod uafh\u00e6ngighed var gradvis. Landet opn\u00e5ede dominion-status i 1907 og opn\u00e5ede fuldst\u00e6ndig formel uafh\u00e6ngighed i 1947, samtidig med at det bevarede den britiske monark som statsoverhoved. I \u00f8jeblikket er New Zealand et dynamisk og kosmopolitisk land med en befolkning p\u00e5 omkring 5,25 millioner individer. Den overvejende befolkning er af europ\u00e6isk arv, hvor den indf\u00f8dte maori udg\u00f8r den st\u00f8rste minoritetsgruppe, efterfulgt af asiatiske og pasifika-minoriteter. Det diversificerede demografiske landskab ses i New Zealands kultur, som overvejende stammer fra maori-skikke og tidlige britiske bos\u00e6ttere, sammen med nutidige p\u00e5virkninger fra \u00f8get indvandring.<\/p>\n<p>Nationen anerkender tre officielle sprog: engelsk, maori og newzealandsk tegnsprog, hvor engelsk er det dominerende sprog. New Zealand har som en avanceret nation v\u00e6ret f\u00f8rende inden for social udvikling. Det var den f\u00f8rste nation, der indf\u00f8rte en mindstel\u00f8n og gav kvinder stemmeret. Landet opn\u00e5r konsekvent h\u00f8je placeringer i globale vurderinger af livskvalitet og menneskerettigheder og er anerkendt for at have et af de laveste niveauer af opfattet korruption p\u00e5 verdensplan. Ikke desto mindre forts\u00e6tter det med at k\u00e6mpe med strukturelle forskelle, is\u00e6r mellem sin maori- og europ\u00e6iske demografi.<\/p>\n<p>I 1980&#039;erne oplevede New Zealand betydelige \u00f8konomiske forandringer, hvor landet gik fra en protektionistisk \u00f8konomi til en liberaliseret frihandels\u00f8konomi. Servicesektoren dominerer den nationale \u00f8konomi, efterfulgt af industrisektoren og landbruget. International turisme fungerer som en vigtig kilde til indt\u00e6gter. New Zealand deltager aktivt i adskillige internationale organisationer, s\u00e5som FN, Commonwealth of Nations, ANZUS og Asia-Pacific Economic Cooperation. Landet har st\u00e6rke forbindelser med USA, Storbritannien og andre Stillehavsnationer, hvilket omfatter en karakteristisk &#034;Trans-Tasman&#034;-identitet, som deles med Australien.<\/p>\n<p>New Zealand fungerer inden for et parlamentarisk system, der er karakteriseret af en etkammerlovgivende forsamling. Administrationen ledes af premierminister Christopher Luxon. Nationens suver\u00e6ne er kong Charles III, lokalt repr\u00e6senteret af generalguvern\u00f8r Cindy Kiro. New Zealand er opdelt i 11 regionale r\u00e5d og 67 territoriale myndigheder for lokal styring. New Zealands territorium omfatter ikke kun de vigtigste \u00f8er, men ogs\u00e5 Tokelau, Cook\u00f8erne, Niue og Ross-afh\u00e6ngigheden i Antarktis.<\/p>","protected":false},"excerpt":{"rendered":"<p>New Zealand, omtalt p\u00e5 maori som Aotearoa, er en sp\u00e6ndende \u00f8nation beliggende i det sydvestlige Stillehav. Den er ber\u00f8mt for sine betagende landskaber og sin dybe kulturelle arv. New Zealand, der best\u00e5r af to prim\u00e6re landomr\u00e5der - Nord\u00f8en (Te Ika-a-M\u0101ui) og Syd\u00f8en (Te Waipounamu) - og mere end 700 mindre \u00f8er, er den sjettest\u00f8rste \u00f8nation m\u00e5lt p\u00e5 areal. Beliggende \u00f8st for Australien p\u00e5 den anden side af Tasmanhavet og syd for Ny Kaledonien, Fiji og Tonga, har den et varieret landskab pr\u00e6get af fremtr\u00e6dende bjergtoppe, is\u00e6r de imponerende Sydalper. Denne karakteristiske geografi skyldes hovedsageligt tektonisk h\u00e6vning og vulkansk aktivitet, der har formet terr\u00e6net over millioner af \u00e5r.<\/p>","protected":false},"author":1,"featured_media":4203,"parent":24105,"menu_order":0,"comment_status":"closed","ping_status":"closed","template":"elementor_theme","meta":{"_eb_attr":"","footnotes":""},"class_list":["post-9692","page","type-page","status-publish","has-post-thumbnail"],"_links":{"self":[{"href":"https:\/\/travelshelper.com\/da\/wp-json\/wp\/v2\/pages\/9692","targetHints":{"allow":["GET"]}}],"collection":[{"href":"https:\/\/travelshelper.com\/da\/wp-json\/wp\/v2\/pages"}],"about":[{"href":"https:\/\/travelshelper.com\/da\/wp-json\/wp\/v2\/types\/page"}],"author":[{"embeddable":true,"href":"https:\/\/travelshelper.com\/da\/wp-json\/wp\/v2\/users\/1"}],"replies":[{"embeddable":true,"href":"https:\/\/travelshelper.com\/da\/wp-json\/wp\/v2\/comments?post=9692"}],"version-history":[{"count":0,"href":"https:\/\/travelshelper.com\/da\/wp-json\/wp\/v2\/pages\/9692\/revisions"}],"up":[{"embeddable":true,"href":"https:\/\/travelshelper.com\/da\/wp-json\/wp\/v2\/pages\/24105"}],"wp:featuredmedia":[{"embeddable":true,"href":"https:\/\/travelshelper.com\/da\/wp-json\/wp\/v2\/media\/4203"}],"wp:attachment":[{"href":"https:\/\/travelshelper.com\/da\/wp-json\/wp\/v2\/media?parent=9692"}],"curies":[{"name":"wp","href":"https:\/\/api.w.org\/{rel}","templated":true}]}}