{"id":9670,"date":"2024-09-08T21:08:00","date_gmt":"2024-09-08T21:08:00","guid":{"rendered":"https:\/\/travelshelper.com\/staging\/?page_id=9670"},"modified":"2026-03-13T23:09:41","modified_gmt":"2026-03-13T23:09:41","slug":"port-moresby","status":"publish","type":"page","link":"https:\/\/travelshelper.com\/da\/destinations\/australia-and-oceania\/papua-new-guinea\/port-moresby\/","title":{"rendered":"Port Moresby"},"content":{"rendered":"<p>Port Moresby, ogs\u00e5 kendt som Pot Mosbi, er den dynamiske hovedstad og st\u00f8rste metropol i Papua Ny Guinea. Kun overg\u00e5et af Jayapura uden for de mere industrialiserede omr\u00e5der i Australien og New Zealand, er denne by, undertiden kaldet Pom-metropolen, et betydeligt storbyomr\u00e5de i det sydvestlige Stillehav. Port Moresby er strategisk placeret p\u00e5 den sydvestlige kyst af Papua-halv\u00f8en, som er en del af Ny Guinea.<\/p>\n<p>Fra anden halvdel af det nittende \u00e5rhundrede har byen udviklet sig som et handelscenter. Under Anden Verdenskrig blev dens strategiske beliggenhed et fokuspunkt for kejserlige japanske styrker, der prim\u00e6rt havde som m\u00e5l at angribe den mellem 1942 og 1943. Japanerne havde til hensigt at bruge den som mellemstation og flybase for at afbryde Australiens forbindelser til Amerika og Syd\u00f8stasien. Motu-Koitabu-folket, der har boet i Port Moresby i \u00e5rtusinder, bidrager til byens historiske betydning. Byen opdagede stedet i 1873 for at mindes sin far, admiral Sir Fairfax Moresby, og blev opkaldt efter den britiske fl\u00e5dekaptajn John Moresby.<\/p>\n<p>Ved folket\u00e6llingen i 2011 havde Port Moresby 364.145 indbyggere; uofficielle estimater tyder p\u00e5 en stigning til 383.000 i 2020. Port Moresby, selvom den ligger t\u00e6t p\u00e5 Centralprovinsen, har uafh\u00e6ngig jurisdiktion og etablerede National Capital District. Motu Koita-forsamlingen, der repr\u00e6senterer Motu- og Koitabu-folket, traditionelle jordbesiddere, garanterer, at den lokale forvaltning h\u00f8rer deres synspunkter.<\/p>\n<p>Port Moresbys tropiske savanne resulterer i stort set konstante temperaturer \u00e5ret rundt. Med 898,8 millimeter gennemsnitlig \u00e5rlig nedb\u00f8r har byen den laveste i Ny Guinea. Den t\u00f8rre s\u00e6son l\u00f8ber modsat den v\u00e5de s\u00e6son, som l\u00f8ber fra december til maj. Dette klimam\u00f8nster er p\u00e5virket af de syd\u00f8stlige passatvinde og de omkringliggende h\u00f8je bjerge, som ogs\u00e5 er med til at s\u00e6nke temperaturerne betydeligt i hele den t\u00f8rre s\u00e6son.<\/p>\n<p>For de fleste af Port Moresbys transportbehov d\u00e6kkes behovene af busser og privatdrevne taxaer. Det d\u00e5rlige nationale vejsystem g\u00f8r fly afg\u00f8rende for at forbinde byen med resten af \u200b\u200bnationen. Jacksons International Airport er den st\u00f8rste i Papua Ny Guinea og et vigtigt centrum for b\u00e5de indenrigs- og udenrigsrejser. For at understrege dens strategiske relevans er lufthavnen ogs\u00e5 v\u00e6rt for Papua Ny Guineas forsvarsstyrkes luftvinge.<\/p>\n<p>To tredjedele af Papua Nya Guineas eksportindt\u00e6gter kommer fra landets rige naturressourcer. Trods denne overflod har underudvikling historisk set gjort det muligt for udenlandske organisationer at profitere af disse ressourcer. Et vendepunkt indtraf, da USA etablerede et olieselskab i 2004, hvilket \u00f8gede Papua Nya Guineas eksportindt\u00e6gtspotentiale betydeligt. Mens Singapore, Japan og Kina har hjulpet Papua Nya Guineas med at v\u00e6kste landets forretning, har Australien v\u00e6ret en stor allieret og ydet betydelig bistand.<\/p>\n<p>Med nye boliger, kontort\u00e5rne, indk\u00f8bscentre og erhvervsbygninger, der \u00e6ndrer byens skyline, har Port Moresby gennemg\u00e5et en bem\u00e6rkelsesv\u00e6rdig byv\u00e6kst. Moderne kommercielle centre, restauranter og ejerlejligheder har revitaliseret omr\u00e5det ved flodbredden. Is\u00e6r i forbindelse med South Pacific Games i 2015 og FIFA U20-VM for kvinder i 2016 har byen opgraderet sine sportsfaciliteter betydeligt. Organiseringen af \u200b\u200bAPEC-topm\u00f8det i 2018 tiltrak mange verdensledere og fremskyndede udviklingen ved at bringe Port Moresby i centrum for global opm\u00e6rksomhed.<\/p>","protected":false},"excerpt":{"rendered":"<p>Port Moresby, ogs\u00e5 kendt som Pot Mosbi, er den dynamiske hovedstad og st\u00f8rste metropol i Papua Ny Guinea. Kun overg\u00e5et af Jayapura uden for de mere industrialiserede omr\u00e5der i Australien og New Zealand, er denne by, undertiden kaldet Pom-metropolen, et betydeligt storbyomr\u00e5de i det sydvestlige Stillehav. Port Moresby er strategisk placeret p\u00e5 den sydvestlige kyst af Papua-halv\u00f8en, som er en del af Ny Guinea.<\/p>","protected":false},"author":1,"featured_media":2725,"parent":9661,"menu_order":0,"comment_status":"closed","ping_status":"closed","template":"elementor_theme","meta":{"_eb_attr":"","footnotes":""},"class_list":["post-9670","page","type-page","status-publish","has-post-thumbnail"],"_links":{"self":[{"href":"https:\/\/travelshelper.com\/da\/wp-json\/wp\/v2\/pages\/9670","targetHints":{"allow":["GET"]}}],"collection":[{"href":"https:\/\/travelshelper.com\/da\/wp-json\/wp\/v2\/pages"}],"about":[{"href":"https:\/\/travelshelper.com\/da\/wp-json\/wp\/v2\/types\/page"}],"author":[{"embeddable":true,"href":"https:\/\/travelshelper.com\/da\/wp-json\/wp\/v2\/users\/1"}],"replies":[{"embeddable":true,"href":"https:\/\/travelshelper.com\/da\/wp-json\/wp\/v2\/comments?post=9670"}],"version-history":[{"count":0,"href":"https:\/\/travelshelper.com\/da\/wp-json\/wp\/v2\/pages\/9670\/revisions"}],"up":[{"embeddable":true,"href":"https:\/\/travelshelper.com\/da\/wp-json\/wp\/v2\/pages\/9661"}],"wp:featuredmedia":[{"embeddable":true,"href":"https:\/\/travelshelper.com\/da\/wp-json\/wp\/v2\/media\/2725"}],"wp:attachment":[{"href":"https:\/\/travelshelper.com\/da\/wp-json\/wp\/v2\/media?parent=9670"}],"curies":[{"name":"wp","href":"https:\/\/api.w.org\/{rel}","templated":true}]}}