{"id":9661,"date":"2024-09-08T21:01:07","date_gmt":"2024-09-08T21:01:07","guid":{"rendered":"https:\/\/travelshelper.com\/staging\/?page_id=9661"},"modified":"2026-03-13T23:10:04","modified_gmt":"2026-03-13T23:10:04","slug":"papua-ny-guinea","status":"publish","type":"page","link":"https:\/\/travelshelper.com\/da\/destinations\/australia-and-oceania\/papua-new-guinea\/","title":{"rendered":"Papua Ny Guinea"},"content":{"rendered":"<p>Papua Ny Guinea, ogs\u00e5 kendt som Den Uafh\u00e6ngige Stat Papua Ny Guinea, er en sp\u00e6ndende nation beliggende i Oceanien. Sammen med den \u00f8stlige halvdel af \u00f8en Ny Guinea omfatter den adskillige ud for kysten af \u200b\u200bMelanesien, et omr\u00e5de i det sydvestlige Stillehav nord for Australien. Papua Ny Guineas strategiske beliggenhed placerer den i n\u00e6rheden af \u200b\u200bflere vigtige naboer: Australien mod syd, Salomon\u00f8erne mod \u00f8st og Indonesien mod vest. Port Moresby p\u00e5 sydkysten er nationens hovedstad og centrum for dens politik og erhvervsliv.<\/p>\n<p>Papua Ny Guinea er verdens tredjest\u00f8rste \u00f8nation og har et areal p\u00e5 462.840 kvadratkilometer. Fra mangrover og kyststrande til stejle bakker og dybe regnskove definerer mange omgivelser dette enorme omr\u00e5de. Udover at pr\u00e6sentere et fantastisk landskab er landets topografi afg\u00f8rende for dets biologiske mangfoldighed s\u00e5vel som dets kulturelle mangfoldighed.<\/p>\n<p>Vigtige verdensbegivenheder og kolonial indflydelse har formet Papua Papuas historie som land. I 1880&#039;erne adskilte Tysk Ny Guinea i nord og det britiske territorium Papua i syd landet. Efter F\u00f8rste Verdenskrig kom hele territoriet under australsk kontrol, efter at territoriet Ny Guinea blev etableret som en Folkeforbundsmission fra den tyske koloni. Nationen, der var en vigtig slagmark, oplevede voldsomme kampe, der p\u00e5virkede dens samtidige historie under Ny Guinea-kampagnen under Anden Verdenskrig.<\/p>\n<p>Efter at have opn\u00e5et uafh\u00e6ngighed i 1975 blev Papua Ny Guinea et Commonwealth-land under Elizabeth II. Denne holdning forblev indtil hendes d\u00f8d i 2022, hvor Karl III efterfulgte hende. P\u00e5 grund af sin koloniale fortid viser landets politiske system og udenrigspolitik dets vilje til at v\u00e6re en vigtig deltager i regionale og globale begivenheder.<\/p>\n<p>Et af Papua Ny Guineas mest bem\u00e6rkelsesv\u00e6rdige tr\u00e6k er dets sproglige mangfoldighed. Med 840 kendte sprog, inklusive engelsk, er dette land det mest sprogligt diversificerede i verden. Denne sproglige mangfoldighed er et bevis p\u00e5 b\u00e5de landets kulturelle mangfoldighed og dets oprindelige befolknings udholdenhed. Selvom der er mangfoldighed, er Papua Ny Guinea stadig i bund og grund en landlig nation; knap 13,25% af befolkningen boede i byer i 2019. At bo i traditionelle landsbyer hj\u00e6lper st\u00f8rstedelen af \u200b\u200bbefolkningen med at bevare traditionelle livsstile, der er afg\u00f8rende for deres sociale struktur og identitet.<\/p>\n<p>Med hensyn til befolkningstal kan Papua Ny Guinea prale af det st\u00f8rste antal indbyggere af alle Stillehavs\u00f8nationer. Prognoser for december 2022 viser, at befolkningen kan v\u00e6re t\u00e6ttere p\u00e5 17 millioner end regeringens tidligere estimat p\u00e5 9,4 millioner. Denne forskel understreger, hvor udfordrende det er at t\u00e6lle en nation med en s\u00e5 varieret og kompleks topografi. Ressourceforvaltning og udvikling er i h\u00f8j grad p\u00e5virket af den m\u00e5de, landets befolkning vokser og spreder sig p\u00e5.<\/p>\n<p>Papua Ny Guineas store dyrebestand er en anden velkendt egenskab. Nogle estimater placerer landets varierede \u00f8kosystemer som hjemsted for mange uopdagede plante- og dyrearter, hvilket g\u00f8r det til et attraktivt sted for biologiske studier og bevaringsprogrammer. Denne naturlige rigdom er b\u00e5de en fordel og et problem, da den kr\u00e6ver omhyggelig forvaltning for at forene \u00f8kologisk bevarelse med \u00f8konomisk v\u00e6kst.<\/p>\n<p>Den Internationale Valutafond vurderer Papua Ny Guineas \u00f8konomi som v\u00e6rende under udvikling. Omkring fyrre procent af befolkningen arbejder som subsistenslandbrug, prim\u00e6rt uden for det monet\u00e6re system. Papua Ny Guineas forfatning anerkender og forsvarer specifikt denne traditionelle livsstil og understreger v\u00e6rdien af \u200b\u200btraditionelle landsbyer og samfund som funktionelle sociale enheder. Denne forfatningsm\u00e6ssige anerkendelse understreger betydningen af \u200b\u200boprindelige sociale strukturer i altid at definere nationens identitet og styreform.<\/p>\n<p>P\u00e5 verdensscenen deltager Papua Ny Guinea aktivt i adskillige regionale og internationale organisationer. Oprindeligt var det observat\u00f8rland siden 1976, men har ans\u00f8gt om fuldt medlemskab af Sammenslutningen af \u200b\u200bSyd\u00f8stasiatiske Nationer (ASEAN). Blandt de fuldgyldige medlemmer, der er anerkendt af Stillehavsf\u00e6llesskabet, Stillehavs\u00f8ernes Forum, Commonwealth of Nations og FN, er disse b\u00e5nd viser, hvor engageret Papua Ny Guinea er i regionalt samarbejde, og hvor meget landet \u00f8nsker at p\u00e5virke verdensanliggender.<\/p>","protected":false},"excerpt":{"rendered":"<p>Papua Ny Guinea, ogs\u00e5 kendt som Den Uafh\u00e6ngige Stat Papua Ny Guinea, er en sp\u00e6ndende nation beliggende i Oceanien. Sammen med den \u00f8stlige halvdel af \u00f8en Ny Guinea omfatter den adskillige ud for kysten af \u200b\u200bMelanesien, et omr\u00e5de i det sydvestlige Stillehav nord for Australien. Papua Ny Guineas strategiske beliggenhed placerer den i n\u00e6rheden af \u200b\u200bflere vigtige naboer: Australien mod syd, Salomon\u00f8erne mod \u00f8st og Indonesien mod vest. Port Moresby p\u00e5 sydkysten er nationens hovedstad og centrum for dens politik og erhvervsliv.<\/p>","protected":false},"author":1,"featured_media":3890,"parent":24105,"menu_order":0,"comment_status":"closed","ping_status":"closed","template":"elementor_theme","meta":{"_eb_attr":"","footnotes":""},"class_list":["post-9661","page","type-page","status-publish","has-post-thumbnail"],"_links":{"self":[{"href":"https:\/\/travelshelper.com\/da\/wp-json\/wp\/v2\/pages\/9661","targetHints":{"allow":["GET"]}}],"collection":[{"href":"https:\/\/travelshelper.com\/da\/wp-json\/wp\/v2\/pages"}],"about":[{"href":"https:\/\/travelshelper.com\/da\/wp-json\/wp\/v2\/types\/page"}],"author":[{"embeddable":true,"href":"https:\/\/travelshelper.com\/da\/wp-json\/wp\/v2\/users\/1"}],"replies":[{"embeddable":true,"href":"https:\/\/travelshelper.com\/da\/wp-json\/wp\/v2\/comments?post=9661"}],"version-history":[{"count":0,"href":"https:\/\/travelshelper.com\/da\/wp-json\/wp\/v2\/pages\/9661\/revisions"}],"up":[{"embeddable":true,"href":"https:\/\/travelshelper.com\/da\/wp-json\/wp\/v2\/pages\/24105"}],"wp:featuredmedia":[{"embeddable":true,"href":"https:\/\/travelshelper.com\/da\/wp-json\/wp\/v2\/media\/3890"}],"wp:attachment":[{"href":"https:\/\/travelshelper.com\/da\/wp-json\/wp\/v2\/media?parent=9661"}],"curies":[{"name":"wp","href":"https:\/\/api.w.org\/{rel}","templated":true}]}}