{"id":9641,"date":"2024-09-08T20:35:23","date_gmt":"2024-09-08T20:35:23","guid":{"rendered":"https:\/\/travelshelper.com\/staging\/?page_id=9641"},"modified":"2026-03-13T23:10:46","modified_gmt":"2026-03-13T23:10:46","slug":"palau","status":"publish","type":"page","link":"https:\/\/travelshelper.com\/da\/destinations\/australia-and-oceania\/palau\/","title":{"rendered":"Palau"},"content":{"rendered":"<p>Palau, officielt kendt som Republikken Palau, er en betagende \u00f8nation beliggende i Mikronesiens underregion i Oceanien, beliggende i det vestlige Stillehav. Denne fortryllende republik best\u00e5r af omkring 340 \u00f8er og skaber en fantastisk \u00f8gruppe, der str\u00e6kker sig over den vestlige k\u00e6de af Caroline\u00f8erne med omr\u00e5der af Mikronesiens Forenede Stater. Selvom Palau er lille, er det et land fyldt med naturlig sk\u00f8nhed, historie og kultur.<\/p>\n<p>Med sine 466 kvadratkilometer er Palau verdens fjerdemindste nation. Selvom \u00f8erne er sm\u00e5 i landmasse, har de varieret landskab, der sp\u00e6nder fra uber\u00f8rte strande til frodige tropiske skove og livlige koralrev. Koror, der deler samme navn, er den mest befolkede \u00f8 og ligger i forhold til den st\u00f8rste by i landet. Inden for Melekeok-staten ligger hovedstaden, Ngerulmud, p\u00e5 den st\u00f8rste \u00f8, Babeldaob. Palaus strategiske placering placerer det t\u00e6t p\u00e5 adskillige internationale maritime gr\u00e6nser; det deler dem med Mikronesiens Forenede Stater mod \u00f8st, Indonesien mod syd og Filippinerne mod nordvest.<\/p>\n<p>Palaus topografi er lige s\u00e5 rig og varieret som dens historie. \u00d8erne, der oprindeligt blev koloniseret af immigranter fra Syd\u00f8stasien for cirka 3.000 \u00e5r siden, har Palaus karakteristiske kulturelle tapet sin oprindelse i dette tidlige samfund. Takket v\u00e6re den b\u00f8hmiske mission\u00e6r Paul Kleins arbejde, der nedskrev \u00f8erne baseret p\u00e5 historier fra skibbrudne palauanere, der n\u00e5ede den filippinske kyst p\u00e5 Samar, dukkede de f\u00f8rst op p\u00e5 et europ\u00e6isk kort.<\/p>\n<p>Palau sluttede sig til de spanske Ostindier i 1885 og indledte dermed europ\u00e6isk indflydelse. Men under den tysk-spanske traktat k\u00f8bte Tyskland \u00f8erne fra Spanien efter sit nederlag i den spansk-amerikanske krig i 1898. De blev i hele denne periode givet under Tysk Ny Guinea. Under Folkeforbundets Sydhavsmandat overgik \u00f8erne til japansk styre efter F\u00f8rste Verdenskrig.<\/p>\n<p>Med h\u00e5rde kampe mellem amerikanske og japanske styrker som en del af kampagnen p\u00e5 Marianerne og Palau\u00f8erne, bragte Anden Verdenskrig alvorlige konflikter til Palau. Palau sluttede sig til det USA-styrede Trustterritorium Stillehavs\u00f8erne i 1947 under Anden Verdenskrig. Palau valgte imod at tilslutte sig Mikronesiens Forenede Stater i en folkeafstemning i 1978 og opn\u00e5ede derfor fuld suver\u00e6nitet i 1994 under en Compact of Free Association med USA, et markant skift mod selvbestemmelse.<\/p>\n<p>Palau fungerer i dag som en pr\u00e6sidentiel republik i fri association med USA. Denne forbindelse garanterer, at USA s\u00f8rger for forsvar, penge og adgang til sociale ydelser, hvilket skaber et stabilt politisk milj\u00f8. Palau National Congress, der har to kamre, har den lovgivende myndighed og er derfor ret vigtig i udformningen af \u200b\u200blandets politikker.<\/p>\n<p>\u00d8konomisk set er Palau hovedsageligt afh\u00e6ngig af fiskeri, subsistenslandbrug og turisme. \u00d8ernes betagende naturlige sk\u00f8nhed - inklusive dykkersteder i verdensklasse - tiltr\u00e6kker turister fra hele verden. Som et udtryk for v\u00e6rdien af \u200b\u200bglobale alliancer i opretholdelsen af \u200b\u200bPalaus \u00f8konomi kommer en betydelig del af landets bruttonationalprodukt (BNP) fra udenlandsk bistand. Den officielle valuta er den amerikanske dollar, hvilket styrker forbindelserne til den amerikanske \u00f8konomi.<\/p>\n<p>Mikronesiske, melanesiske, asiatiske og vestlige elementer findes i overflod i Palaus kultur. Etniske palauanere - som har blandet mikronesisk, melanesisk og austronesisk afstamning - udg\u00f8r st\u00f8rstedelen af \u200b\u200bbefolkningen. Nationens sprogscene afspejler ligeledes denne mangfoldighed af kulturer. Officielt omfatter engelsk og palauansk, en del af den austronesiske sprogfamilie, ogs\u00e5 japansk, sonsorolesisk og tobiansk, der er anerkendt som regionale sprog, hvilket fremh\u00e6ver nationens kosmopolitiske karakter.<\/p>","protected":false},"excerpt":{"rendered":"<p>Palau, officielt kendt som Republikken Palau, er en betagende \u00f8nation beliggende i Mikronesiens underregion i Oceanien, beliggende i det vestlige Stillehav. Denne fortryllende republik best\u00e5r af omkring 340 \u00f8er og skaber en fantastisk \u00f8gruppe, der str\u00e6kker sig over den vestlige k\u00e6de af Caroline\u00f8erne med omr\u00e5der af Mikronesiens Forenede Stater. Selvom Palau er lille, er det et land fyldt med naturlig sk\u00f8nhed, historie og kultur.<\/p>","protected":false},"author":1,"featured_media":3589,"parent":24105,"menu_order":0,"comment_status":"closed","ping_status":"closed","template":"elementor_theme","meta":{"_eb_attr":"","footnotes":""},"class_list":["post-9641","page","type-page","status-publish","has-post-thumbnail"],"_links":{"self":[{"href":"https:\/\/travelshelper.com\/da\/wp-json\/wp\/v2\/pages\/9641","targetHints":{"allow":["GET"]}}],"collection":[{"href":"https:\/\/travelshelper.com\/da\/wp-json\/wp\/v2\/pages"}],"about":[{"href":"https:\/\/travelshelper.com\/da\/wp-json\/wp\/v2\/types\/page"}],"author":[{"embeddable":true,"href":"https:\/\/travelshelper.com\/da\/wp-json\/wp\/v2\/users\/1"}],"replies":[{"embeddable":true,"href":"https:\/\/travelshelper.com\/da\/wp-json\/wp\/v2\/comments?post=9641"}],"version-history":[{"count":0,"href":"https:\/\/travelshelper.com\/da\/wp-json\/wp\/v2\/pages\/9641\/revisions"}],"up":[{"embeddable":true,"href":"https:\/\/travelshelper.com\/da\/wp-json\/wp\/v2\/pages\/24105"}],"wp:featuredmedia":[{"embeddable":true,"href":"https:\/\/travelshelper.com\/da\/wp-json\/wp\/v2\/media\/3589"}],"wp:attachment":[{"href":"https:\/\/travelshelper.com\/da\/wp-json\/wp\/v2\/media?parent=9641"}],"curies":[{"name":"wp","href":"https:\/\/api.w.org\/{rel}","templated":true}]}}