{"id":9611,"date":"2024-09-08T19:59:37","date_gmt":"2024-09-08T19:59:37","guid":{"rendered":"https:\/\/travelshelper.com\/staging\/?page_id=9611"},"modified":"2026-03-13T22:56:56","modified_gmt":"2026-03-13T22:56:56","slug":"marshalloerne","status":"publish","type":"page","link":"https:\/\/travelshelper.com\/da\/destinations\/australia-and-oceania\/marshall-islands\/","title":{"rendered":"Marshall\u00f8erne"},"content":{"rendered":"<p>Marshall\u00f8erne, p\u00e5 marshallesisk omtalt som \u1e42aje\u1e37, officielt kendt som Republikken Marshall\u00f8erne (Aolep\u0101n Aor\u014dkin \u1e42aje\u1e37), er en suver\u00e6n \u00f8-nation beliggende i Mikronesien-regionen i det nordvestlige Stillehav. Marshall\u00f8erne ligger vest for den internationale datolinje og nord for \u00e6kvator og er en s\u00e6rpr\u00e6get nation med en rig historie og unikke geografiske karakteristika. Nationen best\u00e5r af 29 koralatoller og fem \u00f8er, der er opdelt i to \u00f8k\u00e6der: Ratak i \u00f8st og Ralik i vest. Det er v\u00e6rd at bem\u00e6rke, at 97,87 % af landets territorium best\u00e5r af vand, hvilket g\u00f8r den til den suver\u00e6ne stat med det h\u00f8jeste forhold mellem vand og land.<\/p>\n<p>Marshall\u00f8erne har maritime gr\u00e6nser med flere territorier og nationer: Wake Island mod nord, Kiribati mod syd\u00f8st, Nauru mod syd og Mikronesiens Forenede Stater mod vest. Majuro, hovedstaden og den st\u00f8rste by, huser omkring halvtreds procent af landets befolkning og fungerer som det politiske og \u00f8konomiske centrum.<\/p>\n<p>Marshall\u00f8ernes historie er fundamentalt forankret i den austronesiske migration, der ankom til \u00f8erne s\u00e5 tidligt som i det 2. \u00e5rtusinde f.Kr. De f\u00f8rste immigranter introducerede syd\u00f8stasiatiske afgr\u00f8der s\u00e5som kokosn\u00f8dder, enorm sumptaro og br\u00f8dfrugt, samt tamfjerkr\u00e6, hvilket gjorde \u00f8erne permanent beboelige. Adskillige spanske ekspeditioner n\u00e5ede \u00f8erne i midten af \u200b\u200bdet 16. \u00e5rhundrede; spanske galeoner navigerede dog generelt ad Stillehavsruten l\u00e6ngere nordp\u00e5 og omgik dermed Marshall\u00f8erne.<\/p>\n<p>\u00d8erne blev navngivet til \u00e6re for den britiske kaptajn John Marshall, der foretog en udforskning af omr\u00e5det i 1788. I 1850&#039;erne begyndte amerikanske protestantiske mission\u00e6rer og vestlige kommercielle interesser deres ankomst, hvilket markerede begyndelsen p\u00e5 betydelig udenlandsk indflydelse. I 1870&#039;erne og 1880&#039;erne dominerede tyske koprahandlere \u00f8konomien, hvilket resulterede i det tyske imperiums annektering af Marshall\u00f8erne som et protektorat i 1885. Under F\u00f8rste Verdenskrig invaderede det japanske imperium \u00f8erne, som efterf\u00f8lgende blev en del af det japanske Sydhavsmandat efter krigen. Efter Anden Verdenskrig overtog USA myndigheden og styrede \u00f8erne som en del af Trust Territory of the Pacific Islands. Fra 1946 til 1958 udf\u00f8rte USA 67 atompr\u00f8vespr\u00e6ngninger ved Bikini Atoll og Enewetak Atoll, hvilket resulterede i en dybtg\u00e5ende indvirkning p\u00e5 \u00f8erne.<\/p>\n<p>Bestr\u00e6belserne p\u00e5 selvstyre begyndte med oprettelsen af \u200b\u200bMikronesiens Kongres i 1965, der havde til form\u00e5l at styrke Stillehavs\u00f8ernes autonomi. I maj 1979 anerkendte USA Marshall\u00f8ernes forfatning og dens pr\u00e6sident, Amata Kabua, og gav dermed nationen uafh\u00e6ngighed. Fuld suver\u00e6nitet blev opn\u00e5et under Compact of Free Association med USA, som tilb\u00f8d forsvar, \u00f8konomisk st\u00f8tte og adgang til amerikanske institutioner s\u00e5som Federal Communications Commission og United States Postal Service. Marshall\u00f8erne har v\u00e6ret medlem af Stillehavsf\u00e6llesskabet siden 1983 og blev medlem af FN i 1991.<\/p>\n<p>Marshall\u00f8ernes \u00f8konomi er overvejende serviceorienteret, suppleret af fiskeri og landbrug, hvor betydelig \u00f8konomisk bistand fra USA udg\u00f8r en betydelig del af landets BNP. Den \u00f8konomiske bistand, der ydes af Compact of Free Association, som oprindeligt skulle afsluttes i 2023, er blevet forl\u00e6nget med yderligere 20 \u00e5r. Nationen bruger den amerikanske dollar som valuta og erkl\u00e6rede i 2018 intentioner om at implementere en ny kryptovaluta som lovlig valuta.<\/p>\n<p>Befolkningen p\u00e5 Marshall\u00f8erne best\u00e5r prim\u00e6rt af personer af marshallisk arv, sammen med mindre immigrantgrupper fra USA, Kina, Filippinerne og andre Stillehavs\u00f8er. Marshallisk og engelsk er de officielle sprog og repr\u00e6senterer nationens kulturelle arv og historiske forbindelser. Religion er en integreret del af kulturen, hvor n\u00e6sten hele befolkningen tilslutter sig en eller anden form for trossystem. De dominerende tilh\u00f8rsforhold er United Church of Christ \u2013 Congregational in the Marshall Islands eller Assemblies of God.<\/p>","protected":false},"excerpt":{"rendered":"<p>Marshall\u00f8erne, p\u00e5 marshallesisk omtalt som \u1e42aje\u1e37, officielt kendt som Republikken Marshall\u00f8erne (Aolep\u0101n Aor\u014dkin \u1e42aje\u1e37), er en suver\u00e6n \u00f8-nation beliggende i Mikronesien-regionen i det nordvestlige Stillehav. Marshall\u00f8erne ligger vest for den internationale datolinje og nord for \u00e6kvator og er en s\u00e6rpr\u00e6get nation med en rig historie og unikke geografiske karakteristika. Nationen best\u00e5r af 29 koralatoller og fem \u00f8er, der er opdelt i to \u00f8k\u00e6der: Ratak i \u00f8st og Ralik i vest. Det er v\u00e6rd at bem\u00e6rke, at 97,87 % af landets territorium best\u00e5r af vand, hvilket g\u00f8r den til den suver\u00e6ne stat med det h\u00f8jeste forhold mellem vand og land.<\/p>","protected":false},"author":1,"featured_media":3354,"parent":24105,"menu_order":0,"comment_status":"closed","ping_status":"closed","template":"elementor_theme","meta":{"_eb_attr":"","footnotes":""},"class_list":["post-9611","page","type-page","status-publish","has-post-thumbnail"],"_links":{"self":[{"href":"https:\/\/travelshelper.com\/da\/wp-json\/wp\/v2\/pages\/9611","targetHints":{"allow":["GET"]}}],"collection":[{"href":"https:\/\/travelshelper.com\/da\/wp-json\/wp\/v2\/pages"}],"about":[{"href":"https:\/\/travelshelper.com\/da\/wp-json\/wp\/v2\/types\/page"}],"author":[{"embeddable":true,"href":"https:\/\/travelshelper.com\/da\/wp-json\/wp\/v2\/users\/1"}],"replies":[{"embeddable":true,"href":"https:\/\/travelshelper.com\/da\/wp-json\/wp\/v2\/comments?post=9611"}],"version-history":[{"count":0,"href":"https:\/\/travelshelper.com\/da\/wp-json\/wp\/v2\/pages\/9611\/revisions"}],"up":[{"embeddable":true,"href":"https:\/\/travelshelper.com\/da\/wp-json\/wp\/v2\/pages\/24105"}],"wp:featuredmedia":[{"embeddable":true,"href":"https:\/\/travelshelper.com\/da\/wp-json\/wp\/v2\/media\/3354"}],"wp:attachment":[{"href":"https:\/\/travelshelper.com\/da\/wp-json\/wp\/v2\/media?parent=9611"}],"curies":[{"name":"wp","href":"https:\/\/api.w.org\/{rel}","templated":true}]}}