{"id":9583,"date":"2024-09-08T19:33:00","date_gmt":"2024-09-08T19:33:00","guid":{"rendered":"https:\/\/travelshelper.com\/staging\/?page_id=9583"},"modified":"2026-03-13T23:17:37","modified_gmt":"2026-03-13T23:17:37","slug":"vanuatu","status":"publish","type":"page","link":"https:\/\/travelshelper.com\/da\/destinations\/australia-and-oceania\/vanuatu\/","title":{"rendered":"Vanuatu"},"content":{"rendered":"<p>Vanuatu, officielt kaldet Republikken Vanuatu, er en sp\u00e6ndende \u00f8nation beliggende i den centrale region af Melanesien i det sydlige Stillehav. Denne \u00f8gruppe, der er kendt for sin vulkanske begyndelse, ligger 1.750 kilometer \u00f8st for det nordlige Australien, 540 kilometer nord\u00f8st for Ny Kaledonien, \u00f8st for Ny Guinea, syd\u00f8st for Salomon\u00f8erne og vest for Fiji. Vanuatus unikke geografiske beliggenhed har f\u00f8rt til en konvergens af kulturelle p\u00e5virkninger, hvilket har defineret den som et fremtr\u00e6dende Stillehavsland.<\/p>\n<p>Vanuatus historie er t\u00e6t forbundet med det melanesiske folk, der f\u00f8rst bosatte sig p\u00e5 \u00f8erne for tusinder af \u00e5r siden. Tidlige immigranter bragte sofistikerede kulturelle skikke og sprog med sig, der har varet ved i tidernes morgen. Den f\u00f8rste europ\u00e6iske kontakt med Vanuatu kom i 1606, da en spansk ekspedition satte kursen mod den st\u00f8rste \u00f8, Esp\u00edritu Santo, under ledelse af den portugisiske navigat\u00f8r Fernandes de Queir\u00f3s. Inspireret af \u00f8ens tiltr\u00e6kningskraft og muligheder gjorde Queir\u00f3s krav p\u00e5 Spaniens suver\u00e6nitet over \u00f8gruppen som en del af de koloniale spanske Ostindien og udpegede dermed La Austrialia del Esp\u00edritu Santo. Selvom det ville tage \u00e5rhundreder, f\u00f8r betydelige koloniale aktiviteter kom til syne, markerede dette begyndelsen p\u00e5 europ\u00e6isk interaktion med omr\u00e5det.<\/p>\n<p>Sent i det 19. \u00e5rhundrede var den europ\u00e6iske interaktion med Stillehavs\u00f8erne \u2013 inklusive Vanuatu \u2013 i v\u00e6kst. Frankrig og Storbritannien havde gjort krav p\u00e5 territorier i \u00f8gruppen i 1880&#039;erne. M\u00f8det mellem de to interesser skabte en unik kolonial ramme i 1906, da begge nationer blev enige om at overv\u00e5ge \u00f8erne i f\u00e6llesskab under et anglo-fransk kondominium kendt som Ny Hebriderne. Fordi to forskellige kolonimagter \u2013 der hver is\u00e6r er kendetegnet ved unikke sprog, retssystemer og administrative teknikker \u2013 skal samarbejde, skiller denne ordning sig ud i kolonihistorien. Perioden med kondominiumsomr\u00e5der udviste en kompleks og ofte kontroversiel styringsstruktur, der i sidste ende lagde grundlaget for Vanuatus moderne politiske scene.<\/p>\n<p>Da Vanuatu ikke var en undtagelse fra denne regel, var midten af \u200b\u200bdet 20. \u00e5rhundrede en periode med store omv\u00e6ltninger og forandringer, der oplevedes globalt. Drevet af en voksende bevidsthed om national identitet og et st\u00e6rkt \u00f8nske om selvbestemmelse opstod en uafh\u00e6ngighedsbev\u00e6gelse i 1970&#039;erne. Bev\u00e6gelsen, der understregede \u00f8boernes engagement i at opn\u00e5 frihed gennem kommunikation og samarbejde, koncentrerede sig tydeligt om ikke-voldelige demonstrationer og forhandlinger. Efter mange \u00e5rs arbejde kom disse bestr\u00e6belser i stand i 1980, og Republikken Vanuatu opstod. \u00c6ndringen mod uafh\u00e6ngighed kom ret naturligt og gjorde det muligt for det spirende land hurtigt at etablere sin profil p\u00e5 verdensscenen.<\/p>\n<p>Vanuatu har metodisk interageret med verdenssamfundet siden sin uafh\u00e6ngighed og har v\u00e6ret medlem af adskillige bem\u00e6rkelsesv\u00e6rdige grupper. Ved at blive medlem af FN beviste landet sit engagement i verdensfred og gruppeprojekter. Som en del af Commonwealth of Nations opretholder Vanuatu st\u00e6rke b\u00e5nd til andre tidligere britiske kolonier ved at bruge deres f\u00e6lles kulturelle og historiske baggrund. Medlemskabet af Organisation internationale de la Francophonie viser ogs\u00e5 dets historiske forbindelser til fransk kolonialisme og den fortsatte indflydelse af det franske sprog og den franske kultur. Vanuatu er medlem af Pacific Islands Forum, et regionalt organ, der har til form\u00e5l at fremme samarbejde og udvikling mellem landene p\u00e5 Stillehavs\u00f8erne.<\/p>\n<p>En s\u00e6rlig bem\u00e6rkelsesv\u00e6rdig kvalitet ved Vanuatu er dens store kulturelle mangfoldighed. Med mere end 100 oprindelige sprog er landet blandt de mest sprogligt varierede nationer i verden. En dynamisk vifte af kulturelle praksisser, herunder b\u00e5de gammel musik og dans samt unikke ritualer og ceremonier, fremh\u00e6ver den sproglige mangfoldighed. Med rige regnskove, uber\u00f8rte strande og aktive vulkaner, der bidrager til en r\u00e6kke fantastiske omgivelser og varierede \u00f8kosystemer, er nationens naturlige sk\u00f8nhed et st\u00e6rkt argument.<\/p>\n<p>Vanuatus \u00f8konomi er i bund og grund baseret p\u00e5 offshore finansielle tjenester, turisme og landbrug. Rig vulkansk jord g\u00f8r det lettere at dyrke en r\u00e6kke forskellige afgr\u00f8der, herunder kaffe, kakao og kokosn\u00f8dder \u2013 som alle er vigtige eksportvarer. Bes\u00f8gende, der tiltr\u00e6kkes af \u00f8ernes fantastiske naturlige sk\u00f8nhed, varierede kulturelle arv og muligheder for b\u00e5de eventyr og fritid, driver v\u00e6ksten i rejsebranchen.<\/p>","protected":false},"excerpt":{"rendered":"<p>Vanuatu, officielt kaldet Republikken Vanuatu, er en sp\u00e6ndende \u00f8nation beliggende i den centrale region af Melanesien i det sydlige Stillehav. Denne \u00f8gruppe, der er kendt for sin vulkanske begyndelse, ligger 1.750 kilometer \u00f8st for det nordlige Australien, 540 kilometer nord\u00f8st for Ny Kaledonien, \u00f8st for Ny Guinea, syd\u00f8st for Salomon\u00f8erne og vest for Fiji. Vanuatus unikke geografiske beliggenhed har f\u00f8rt til en konvergens af kulturelle p\u00e5virkninger, hvilket har defineret den som et fremtr\u00e6dende Stillehavsland.<\/p>","protected":false},"author":1,"featured_media":4267,"parent":24105,"menu_order":0,"comment_status":"closed","ping_status":"closed","template":"elementor_theme","meta":{"_eb_attr":"","footnotes":""},"class_list":["post-9583","page","type-page","status-publish","has-post-thumbnail"],"_links":{"self":[{"href":"https:\/\/travelshelper.com\/da\/wp-json\/wp\/v2\/pages\/9583","targetHints":{"allow":["GET"]}}],"collection":[{"href":"https:\/\/travelshelper.com\/da\/wp-json\/wp\/v2\/pages"}],"about":[{"href":"https:\/\/travelshelper.com\/da\/wp-json\/wp\/v2\/types\/page"}],"author":[{"embeddable":true,"href":"https:\/\/travelshelper.com\/da\/wp-json\/wp\/v2\/users\/1"}],"replies":[{"embeddable":true,"href":"https:\/\/travelshelper.com\/da\/wp-json\/wp\/v2\/comments?post=9583"}],"version-history":[{"count":0,"href":"https:\/\/travelshelper.com\/da\/wp-json\/wp\/v2\/pages\/9583\/revisions"}],"up":[{"embeddable":true,"href":"https:\/\/travelshelper.com\/da\/wp-json\/wp\/v2\/pages\/24105"}],"wp:featuredmedia":[{"embeddable":true,"href":"https:\/\/travelshelper.com\/da\/wp-json\/wp\/v2\/media\/4267"}],"wp:attachment":[{"href":"https:\/\/travelshelper.com\/da\/wp-json\/wp\/v2\/media?parent=9583"}],"curies":[{"name":"wp","href":"https:\/\/api.w.org\/{rel}","templated":true}]}}