{"id":9577,"date":"2024-09-08T19:25:43","date_gmt":"2024-09-08T19:25:43","guid":{"rendered":"https:\/\/travelshelper.com\/staging\/?page_id=9577"},"modified":"2026-03-13T23:08:33","modified_gmt":"2026-03-13T23:08:33","slug":"apia","status":"publish","type":"page","link":"https:\/\/travelshelper.com\/da\/destinations\/australia-and-oceania\/samoa\/apia\/","title":{"rendered":"Apia"},"content":{"rendered":"<p>Apia, den energiske hovedstad, ligger p\u00e5 Samoas n\u00e6stst\u00f8rste \u00f8 p\u00e5 den centrale nordkyst og er en s\u00e6rlig blanding af kulturel arv og moderne udvikling. Apia, der falder ind under det politiske distrikt Tuamasaga, er Samoas politiske, \u00f8konomiske og kulturelle centrum som den eneste by p\u00e5 \u00f8en. Denne introduktion ser p\u00e5 topografien, klimaet, infrastrukturen og det stillehavsm\u00e6ssige centrum for aktivitet, der kendetegner byen.<\/p>\n<p>Apia, der ved folket\u00e6llingen i 2021 havde en befolkning p\u00e5 omkring 35.974, str\u00e6kker sig fra landsbyen Letogo i \u00f8st til det industrialiserede omr\u00e5de Vaitele i vest. Byen er strategisk placeret i en naturlig havn ved udmundingen af \u200b\u200bVaisigano-floden og tilbyder en fantastisk kulisse med Mount Vaea, det sidste hvilested for den fremtr\u00e6dende forfatter Robert Louis Stevenson, der rejser sig majest\u00e6tisk mod syd. To store h\u00f8jderygge, der str\u00e6kker sig sydp\u00e5 p\u00e5 hver side af floden, definerer byens skyline; veje, herunder Cross Island Road, en af \u200b\u200bde f\u00e5 gennemfartsveje p\u00e5 tv\u00e6rs af \u00f8en fra nord til syd, snor sig hen over disse h\u00f8jderygge.<\/p>\n<p>Apia falder ind under K\u00f6ppens klimatiske klassificering som &#034;Af&#034; og har et tropisk regnskovsmilj\u00f8. Konsistente temperaturer \u00e5ret rundt, i gennemsnit omkring 26\u00b0C (79\u00b0F), definerer dette milj\u00f8. Byen har en klar v\u00e5d og t\u00f8r s\u00e6son; juli og august er de t\u00f8rreste m\u00e5neder, hvor nedb\u00f8ren i gennemsnit er omkring 80 millimeter. Til sammenligning l\u00f8ber den v\u00e5deste periode fra december til marts, og den m\u00e5nedlige nedb\u00f8r overstiger normalt 300 milliliter. Apias tropiske milj\u00f8 definerer ikke dens klima; snarere er det passatvinde og sporadiske cykloner, der former det og derfor skaber karakteristiske vejrm\u00f8nstre. Byen f\u00e5r omkring 3.000 milliliter regn \u00e5rligt, hvilket underst\u00f8tter rige \u00f8kosystemer og frodige planter.<\/p>\n<p>Apia Havn er af afg\u00f8rende betydning for Samoas udenrigshandel og den st\u00f8rste og travleste havn i landet. Udover f\u00e6rger med forbindelser til Tokelau og Amerikansk Samoa, transporterer den LPG-gas, br\u00e6ndstofimport og containerskibe. Denne travle havn understreger Apias betydning som en port for mennesker og handel, hvilket muligg\u00f8r kulturel interaktion og \u00f8konomisk udvikling.<\/p>\n<p>Byens transportinfrastruktur er ret udviklet og har et typisk velholdt og grundigt vejsystem. Mens uasfalterede veje betjener mindre regelm\u00e6ssig trafik, er de fleste hovedveje asfalterede. I overensstemmelse med regionale standarder har k\u00f8ret\u00f8jer k\u00f8rt i venstre side af vejen siden september 2009. Den samoanske regering startede en betydelig renovering af hovedveje omkring Apia byomr\u00e5de i 2012 og udvidede gradvist vigtige motorveje for at h\u00e5ndtere den voksende trafikm\u00e6ngde.<\/p>\n<p>Apia betjenes af et stort, privatiseret bus- og taxanetv\u00e6rk, selvom der ikke er jernbaner eller sporvogne. I byen er gang stadig en popul\u00e6r transportform; folk tilbagel\u00e6gger rutinem\u00e6ssigt korte afstande til fods. Selvom motorcykler og cykler er ret sj\u00e6ldne, har stigningen i bilejerskab for\u00e5rsaget trafikpropper og dermed store udgifter til vejinfrastruktur.<\/p>\n<p>Den prim\u00e6re udenlandske indgang til Samoa er Faleolo International Airport, fyrre minutters k\u00f8rsel vest for Apia. Store indenrigsflyselskaber som Polynesian Airlines og Talofa Airways betjener Samoa til det st\u00f8rre Stillehavsomr\u00e5de og videre. Fagalis mindre flyveplads, Fagali&#039;i Airport, har ogs\u00e5 historisk set muliggjort indenrigsflyvninger og nogle internationale ruter til Pago Pago i Amerikansk Samoa, hvilket forbedrer forbindelsen for b\u00e5de lokale og bes\u00f8gende.<\/p>","protected":false},"excerpt":{"rendered":"<p>Apia, den energiske hovedstad, ligger p\u00e5 Samoas n\u00e6stst\u00f8rste \u00f8 p\u00e5 den centrale nordkyst og er en s\u00e6rlig blanding af kulturel arv og moderne udvikling. Apia, der falder ind under det politiske distrikt Tuamasaga, er Samoas politiske, \u00f8konomiske og kulturelle centrum som den eneste by p\u00e5 \u00f8en. Denne introduktion ser p\u00e5 topografien, klimaet, infrastrukturen og det stillehavsm\u00e6ssige centrum for aktivitet, der kendetegner byen.<\/p>","protected":false},"author":1,"featured_media":4230,"parent":9568,"menu_order":0,"comment_status":"closed","ping_status":"closed","template":"elementor_theme","meta":{"_eb_attr":"","footnotes":""},"class_list":["post-9577","page","type-page","status-publish","has-post-thumbnail"],"_links":{"self":[{"href":"https:\/\/travelshelper.com\/da\/wp-json\/wp\/v2\/pages\/9577","targetHints":{"allow":["GET"]}}],"collection":[{"href":"https:\/\/travelshelper.com\/da\/wp-json\/wp\/v2\/pages"}],"about":[{"href":"https:\/\/travelshelper.com\/da\/wp-json\/wp\/v2\/types\/page"}],"author":[{"embeddable":true,"href":"https:\/\/travelshelper.com\/da\/wp-json\/wp\/v2\/users\/1"}],"replies":[{"embeddable":true,"href":"https:\/\/travelshelper.com\/da\/wp-json\/wp\/v2\/comments?post=9577"}],"version-history":[{"count":0,"href":"https:\/\/travelshelper.com\/da\/wp-json\/wp\/v2\/pages\/9577\/revisions"}],"up":[{"embeddable":true,"href":"https:\/\/travelshelper.com\/da\/wp-json\/wp\/v2\/pages\/9568"}],"wp:featuredmedia":[{"embeddable":true,"href":"https:\/\/travelshelper.com\/da\/wp-json\/wp\/v2\/media\/4230"}],"wp:attachment":[{"href":"https:\/\/travelshelper.com\/da\/wp-json\/wp\/v2\/media?parent=9577"}],"curies":[{"name":"wp","href":"https:\/\/api.w.org\/{rel}","templated":true}]}}