{"id":9568,"date":"2024-09-08T19:18:21","date_gmt":"2024-09-08T19:18:21","guid":{"rendered":"https:\/\/travelshelper.com\/staging\/?page_id=9568"},"modified":"2026-03-13T23:09:26","modified_gmt":"2026-03-13T23:09:26","slug":"samoa","status":"publish","type":"page","link":"https:\/\/travelshelper.com\/da\/destinations\/australia-and-oceania\/samoa\/","title":{"rendered":"Samoa"},"content":{"rendered":"<p>Officielt den uafh\u00e6ngige stat Samoa, er Samoa en fascinerende polynesisk \u00f8-nation med en rig historie, kultur og naturlig sk\u00f8nhed. Som f\u00f8lge af sin geografiske placering i Stillehavet var den kendt som Vestsamoa indtil 1997. Sammen med to mindre beboede \u00f8er, Manono og Apolima, best\u00e5r denne \u00f8-nation af to hoved\u00f8er: Savai&#039;i og Upolu; flere ubeboede \u00f8er, is\u00e6r Aleipata-\u00f8erne - Nu&#039;utele, Nu&#039;ulua, Fanuatapu og Namua. Samoa er strategisk placeret i Stillehavet 64 km vest for Amerikansk Samoa og n\u00e6r andre stillehavs\u00f8er, herunder Tonga, Fiji, Wallis og Futuna, og fungerer som et historisk og kulturelt knudepunkt.<\/p>\n<p>Samoas centrum er Apia, hovedstaden, hvor nutidens regeringsf\u00f8relse blandes med \u00e6ldgammel kultur. For omkring 3.500 \u00e5r siden var Lapita-folket \u2013 kendt for deres evner inden for sejlads \u2013 de f\u00f8rste til at finde og bes\u00e6tte de samoanske \u00f8er. Deres grundl\u00e6ggelse af det samoanske sprog og den kulturelle identitet \u2013 som har modst\u00e5et tid og udefrakommende p\u00e5virkninger \u2013 hj\u00e6lper os med at forst\u00e5 dem.<\/p>\n<p>Med 11 administrative afdelinger, hver med sit eget kulturelle og forfatningsm\u00e6ssige grundlag, fungerer Samoa som et samlet parlamentarisk demokrati. Samoas vej til uafh\u00e6ngighed, som en suver\u00e6n stat medlem af Commonwealth of Nations, er bevis p\u00e5 dets vedholdenhed og autonomi. Fra 1899 til 1915 var det en tysk koloni; derefter var det under f\u00e6lles britisk og newzealandsk kontrol, indtil det opn\u00e5ede uafh\u00e6ngighed den 1. januar 1962. Samoas regerings- og sociale systemer afspejler denne arv af kolonial indflydelse, men det har bevaret sin egen kulturelle karakter.<\/p>\n<p>Den traditionelle samoanske livsstil, kendt som Fa\u02bba S\u0101moa, har stadig stor indflydelse p\u00e5 b\u00e5de sociale og politiske omr\u00e5der. Den blev skabt over 3.000 \u00e5r og fremh\u00e6ver familie, respekt og f\u00e6llesskab. Fa\u02bba S\u0101moa har bevaret sine skikke, sociale institutioner og sprog p\u00e5 trods af \u00e5rtiers europ\u00e6isk indflydelse. Hj\u00f8rnestenene i den samoanske identitet er kulturelle skikke, herunder &#034;ava-ceremonien, et dystert ritual til tildeling af matai-titler&#034;, og fremstillingen af \u200b\u200bfint spundet &#034;ie toga&#034;.<\/p>\n<p>Rig p\u00e5 guder, skabelsesfort\u00e6llinger og legendariske personer som Tagaloa og Nafanua - krigsgudinden - er samoansk mytologi, sammen med kristendommen, som det samoanske folk adopterede og bragte af mission\u00e6rer, og disse historier eksisterer side om side. Selvom gamle overbevisninger og skikke stadig trives, is\u00e6r i forhold til Fa\u02bba S\u0101moa, identificerer omkring 98% af samoanerne sig i dag som kristne.<\/p>\n<p>Det samoanske samfund er kendt for f\u00e6llesliv; traditionelle \u00e5bne boliger, eller fale, indfanger bedst denne livsstil. Disse bygninger, uden mure, skaber afsondrethed og milj\u00f8beskyttelse ved hj\u00e6lp af kokospalmeblade. De kraftfulde sasa- og fa&#039;ataupati-danse skildrer det samoanske folks levende kulturelle udtryk, mens de bl\u00f8de bev\u00e6gelser i den samoanske siva-dans - som fort\u00e6ller en historie - fremviser deres festligheder og f\u00e6llesskabssammenkomster, der drejer sig om disse danse sammen med rytmen fra rullede m\u00e5tter eller tr\u00e6trommer.<\/p>\n<p>Et andet bevis p\u00e5 \u00f8ens rige kulturelle arv er de traditionelle samoanske bygmestres byggef\u00e6rdigheder hos Tufuga fai fale. Disse bygmestre er ogs\u00e5 med til at skabe den st\u00f8rre struktur af samoanske kulturelle kunstformer.<\/p>","protected":false},"excerpt":{"rendered":"<p>Officielt den uafh\u00e6ngige stat Samoa, er Samoa en fascinerende polynesisk \u00f8-nation med en rig historie, kultur og naturlig sk\u00f8nhed. Som f\u00f8lge af sin geografiske placering i Stillehavet var den kendt som Vestsamoa indtil 1997. Sammen med to mindre beboede \u00f8er, Manono og Apolima, best\u00e5r denne \u00f8-nation af to hoved\u00f8er: Savai&#039;i og Upolu; flere ubeboede \u00f8er, is\u00e6r Aleipata-\u00f8erne - Nu&#039;utele, Nu&#039;ulua, Fanuatapu og Namua. Samoa er strategisk placeret i Stillehavet 64 km vest for Amerikansk Samoa og n\u00e6r andre stillehavs\u00f8er, herunder Tonga, Fiji, Wallis og Futuna, og fungerer som et historisk og kulturelt knudepunkt.<\/p>","protected":false},"author":1,"featured_media":3536,"parent":24105,"menu_order":0,"comment_status":"closed","ping_status":"closed","template":"elementor_theme","meta":{"_eb_attr":"","footnotes":""},"class_list":["post-9568","page","type-page","status-publish","has-post-thumbnail"],"_links":{"self":[{"href":"https:\/\/travelshelper.com\/da\/wp-json\/wp\/v2\/pages\/9568","targetHints":{"allow":["GET"]}}],"collection":[{"href":"https:\/\/travelshelper.com\/da\/wp-json\/wp\/v2\/pages"}],"about":[{"href":"https:\/\/travelshelper.com\/da\/wp-json\/wp\/v2\/types\/page"}],"author":[{"embeddable":true,"href":"https:\/\/travelshelper.com\/da\/wp-json\/wp\/v2\/users\/1"}],"replies":[{"embeddable":true,"href":"https:\/\/travelshelper.com\/da\/wp-json\/wp\/v2\/comments?post=9568"}],"version-history":[{"count":0,"href":"https:\/\/travelshelper.com\/da\/wp-json\/wp\/v2\/pages\/9568\/revisions"}],"up":[{"embeddable":true,"href":"https:\/\/travelshelper.com\/da\/wp-json\/wp\/v2\/pages\/24105"}],"wp:featuredmedia":[{"embeddable":true,"href":"https:\/\/travelshelper.com\/da\/wp-json\/wp\/v2\/media\/3536"}],"wp:attachment":[{"href":"https:\/\/travelshelper.com\/da\/wp-json\/wp\/v2\/media?parent=9568"}],"curies":[{"name":"wp","href":"https:\/\/api.w.org\/{rel}","templated":true}]}}