{"id":9534,"date":"2024-09-08T17:58:51","date_gmt":"2024-09-08T17:58:51","guid":{"rendered":"https:\/\/travelshelper.com\/staging\/?page_id=9534"},"modified":"2026-03-13T23:07:31","modified_gmt":"2026-03-13T23:07:31","slug":"tonga","status":"publish","type":"page","link":"https:\/\/travelshelper.com\/da\/destinations\/australia-and-oceania\/tonga\/","title":{"rendered":"Tonga"},"content":{"rendered":"<p>Tonga, der ligger midt i Polynesien, en delregion i Oceanien, er en interessant \u00f8nation, der tidligere er kendt som Kongeriget Tonga. Tonga er smuk og har en rig kulturarv. Denne \u00f8nation best\u00e5r af 171 \u00f8er, hvoraf kun 45 er beboede, og str\u00e6kker sig over en stor afstand over det sydlige Stillehav. Tongas samlede overfladeareal er kun omkring 750.000 kvadratkilometer, men \u00f8erne er spredt over fantastiske 700.000 kvadratkilometer. I 2021 bor kun omkring 70 % af Tongas 104.494 indbyggere p\u00e5 hoved\u00f8en, Tongatapu.<\/p>\n<p>Geografisk set er Tonga en enkeltst\u00e5ende \u00f8gruppe, der str\u00e6kker sig over cirka 800 kilometer fra nord til syd. Wallis og Futuna (Frankrig), Fiji mod nordvest, Samoa mod nord\u00f8st, Vanuatu og Ny Kaledonien (Frankrig) mod vest, Niue mod \u00f8st og Kermadec (New Zealand) mod sydvest er blandt sine naboer. Omkring 1.800 kilometer fra Nord\u00f8en i New Zealand udg\u00f8r Tonga en betydelig del af Stillehavets komplekse geopolitiske terr\u00e6n.<\/p>\n<p>Tongas topografi er lige s\u00e5 sp\u00e6ndende som dens historie. Lapita-civilisationen, en gruppe polynesiske immigranter, bosatte sig f\u00f8rst p\u00e5 \u00f8erne for omkring 2.500 \u00e5r siden og lagde dermed grunden til det fremtidige tonganske folk. Ved gradvist at skabe en s\u00e6rskilt etnisk identitet, sprog og kultur blev disse immigranter ret fremtr\u00e6dende i det sydlige Stillehav. Kendt som Tu\u02bbi Tonga-imperiet, regerede den f\u00f8rste tonganske konge, \u02bbAho\u02bbeitu, i denne \u00e6ra med tongansk kolonisering og ekspansionisme.<\/p>\n<p>Under \u02bbAho\u02bbeitu og hans efterf\u00f8lgere udviklede Tonga sig til et thalassokrati og en regional magt med bred indflydelse over Stillehavet. Fra dele af Salomon\u00f8erne og hele Ny Kaledonien og Fiji i vest til Samoa, Niue og endda dele af det nuv\u00e6rende Fransk Polynesien i \u00f8st underlagde og regerede Tu\u02bbi Tonga-imperiet et betydeligt territorium. Imperiet blev kendt for sin \u00f8konomiske, etniske og kulturelle indflydelse, som fortsatte l\u00e6nge efter det samoanske opr\u00f8r i det 13. \u00e5rhundrede og \u00f8ernes endelige europ\u00e6iske opdagelse i 1616.<\/p>\n<p>Tongas unikke forhold til kolonimagterne definerer dets moderne historie. Fra 1900 til 1970 var Tonga en britisk beskyttet stat d\u00e6kket af en venskabstraktat. Selvom Tonga aldrig overdrog sin suver\u00e6nitet til et fremmed land, overv\u00e5gede Storbritannien dets udenrigspolitik i denne periode. Denne ubarmhjertige forpligtelse til suver\u00e6nitet er et bevis p\u00e5 det tonganske folks vilje til at bevare deres frihed.<\/p>\n<p>Tonga bev\u00e6gede sig markant mod et moderne styre i 2010 ved at g\u00e5 fra et konventionelt absolut monarki til et semi-konstitutionelt monarki. Denne \u00e6ndring skyldtes delvist lovgivningsm\u00e6ssige reformer, der banede vejen for de f\u00f8rste delvise repr\u00e6sentative valg i landet. Denne politiske udvikling demonstrerer Tongas fortsatte engagement i at balancere modernisme med kulturarv og dermed opretholde relevansen og funktionaliteten af \u200b\u200bsine regeringssystemer i det 21. \u00e5rhundrede.<\/p>\n<p>Tongas globale tilstedev\u00e6relse ses i dets medlemskaber i flere betydningsfulde grupper. Det er en del af FN, Stillehavs\u00f8ernes Forum, Alliancen af \u200b\u200bSm\u00e5 \u00d8stater og Commonwealth of Nations. Disse alliancer viser Tongas engagement i regionale og globale anliggender samt dets engagement i at h\u00e5ndtere de s\u00e6rlige udfordringer, som sm\u00e5 \u00f8nationer st\u00e5r over for.<\/p>","protected":false},"excerpt":{"rendered":"<p>Tonga, der ligger midt i Polynesien, en delregion i Oceanien, er en interessant \u00f8nation, der tidligere er kendt som Kongeriget Tonga. Tonga er smuk og har en rig kulturarv. Denne \u00f8nation best\u00e5r af 171 \u00f8er, hvoraf kun 45 er beboede, og str\u00e6kker sig over en stor afstand over det sydlige Stillehav. Tongas samlede overfladeareal er kun omkring 750.000 kvadratkilometer, men \u00f8erne er spredt over fantastiske 700.000 kvadratkilometer. I 2021 bor kun omkring 70 % af Tongas 104.494 indbyggere p\u00e5 hoved\u00f8en, Tongatapu.<\/p>","protected":false},"author":1,"featured_media":4050,"parent":24105,"menu_order":0,"comment_status":"closed","ping_status":"closed","template":"elementor_theme","meta":{"_eb_attr":"","footnotes":""},"class_list":["post-9534","page","type-page","status-publish","has-post-thumbnail"],"_links":{"self":[{"href":"https:\/\/travelshelper.com\/da\/wp-json\/wp\/v2\/pages\/9534","targetHints":{"allow":["GET"]}}],"collection":[{"href":"https:\/\/travelshelper.com\/da\/wp-json\/wp\/v2\/pages"}],"about":[{"href":"https:\/\/travelshelper.com\/da\/wp-json\/wp\/v2\/types\/page"}],"author":[{"embeddable":true,"href":"https:\/\/travelshelper.com\/da\/wp-json\/wp\/v2\/users\/1"}],"replies":[{"embeddable":true,"href":"https:\/\/travelshelper.com\/da\/wp-json\/wp\/v2\/comments?post=9534"}],"version-history":[{"count":0,"href":"https:\/\/travelshelper.com\/da\/wp-json\/wp\/v2\/pages\/9534\/revisions"}],"up":[{"embeddable":true,"href":"https:\/\/travelshelper.com\/da\/wp-json\/wp\/v2\/pages\/24105"}],"wp:featuredmedia":[{"embeddable":true,"href":"https:\/\/travelshelper.com\/da\/wp-json\/wp\/v2\/media\/4050"}],"wp:attachment":[{"href":"https:\/\/travelshelper.com\/da\/wp-json\/wp\/v2\/media?parent=9534"}],"curies":[{"name":"wp","href":"https:\/\/api.w.org\/{rel}","templated":true}]}}