{"id":9522,"date":"2024-09-08T17:33:25","date_gmt":"2024-09-08T17:33:25","guid":{"rendered":"https:\/\/travelshelper.com\/staging\/?page_id=9522"},"modified":"2026-03-13T12:41:08","modified_gmt":"2026-03-13T12:41:08","slug":"antigua-og-barbuda","status":"publish","type":"page","link":"https:\/\/travelshelper.com\/da\/destinations\/north-america\/antigua-and-barbuda\/","title":{"rendered":"Antigua og Barbuda"},"content":{"rendered":"<p>Antigua og Barbuda danner en kompakt nation best\u00e5ende af to hoved\u00f8er - Antigua og Barbuda - blandt adskillige mindre \u00f8er, der omfatter 440 kvadratkilometer, placeret mellem Atlanterhavet mod \u00f8st og Det Caribiske Hav mod vest, og som huser sit vigtigste bycentrum, St. John&#039;s, sammen med All Saints og Bolans, i en smal korridor af kontinuerlig bebyggelse, der str\u00e6kker sig sydp\u00e5 til English Harbour.<\/p>\n<p>Terr\u00e6net p\u00e5 tv\u00e6rs af Antigua og Barbuda er overvejende lavtliggende, formet mere af gamle kalkstensaflejringer end af vulkanske omv\u00e6ltninger, men alligevel pr\u00e6get af rester af vulkansk aktivitet. Shekerley-bjergene p\u00e5 Antigua kulminerer i Boggy Peak (tidligere Mt. Obama indtil 2016), et restkrater, der stiger til 402 meter, mens Barbudas h\u00f8jeste beliggenheder f\u00f8lger en beskeden h\u00f8jderyg kendt som h\u00f8jlandet. Kystlinjerne p\u00e5 begge \u00f8er udfolder sig i uregelm\u00e6ssige konturer af bugter, sandstrande, kystlaguner og naturlige havne, omkranset af rev og sandbanker, der modererer b\u00f8lgebev\u00e6gelsen, men kr\u00e6ver forsigtighed fra s\u00f8farende. Overfladevand viser sig at v\u00e6re knapt ud over s\u00e6sonbestemt nedb\u00f8r, og underjordiske grundvandsmagasiner tilbyder kun minimale m\u00e6ngder drikkevand. En lignende litologisk fort\u00e6lling str\u00e6kker sig til Redonda, en gold \u00f8, der ligger omkring 40 kilometer sydvest for Antigua, hvor klippefremspring stikker skarpt op over farlige rev.<\/p>\n<p>Klimaforholdene falder inden for kategorien tropisk savanne, afbrudt af monsunlignende nedb\u00f8r i Antiguas sydvestlige kvadrant. Den \u00e5rlige nedb\u00f8r er i gennemsnit omkring 990 millimeter, selvom fordelingen afspejler en markant s\u00e6sonudsving, hvor den st\u00f8rste nedb\u00f8r forekommer mellem september og november. Temperaturerne svinger mellem cirka 23 og 29 grader Celsius i perioden december-februar og fra omkring 25 til 30 grader Celsius resten af \u200b\u200b\u00e5ret. Luftfugtighedsniveauet forbliver moderat, men tilbagevendende t\u00f8rkeepisoder punkterer den t\u00f8rre s\u00e6son. Orkaner udg\u00f8r den mest akutte meteorologiske fare: I september 2017 for\u00e5rsagede orkanen Irma, et kategori 5-system, \u00f8del\u00e6ggelse af n\u00e6sten alle bygninger i Barbuda, hvilket f\u00f8rte til evakuering af cirka 1.800 indbyggere til Antigua og n\u00f8dvendiggjorde genopbygningsomkostninger ansl\u00e5et til over hundrede millioner amerikanske dollars. Infrastrukturtab omfattede vandforsyning, elnetv\u00e6rk, kommunikationssystemer og affaldsh\u00e5ndteringsfaciliteter, hvilket tvang myndighederne til at erkende, at genopretningsindsatsen ville str\u00e6kke sig ud over seks m\u00e5neder.<\/p>\n<p>Biogeografisk set ligger Antigua og Barbuda inden for Leeward\u00f8ernes \u00f8koregioner med fugtig skov og xerisk krat. Maritime gr\u00e6nser l\u00f8ber sammen med Anguilla, Saint Barth\u00e9lemy og Saint Kitts og Nevis mod vest, Montserrat mod sydvest og Guadeloupe mod syd. Beskyttede omr\u00e5der omfatter Codrington Lagoon p\u00e5 Barbuda - et af de st\u00f8rste indre vandomr\u00e5der i de Sm\u00e5 Antiller - samt et netv\u00e6rk af naturreservater p\u00e5 tv\u00e6rs af Antigua, der beskytter kystn\u00e6re v\u00e5domr\u00e5der og t\u00f8rskove. Trods en befolkningst\u00e6thed, der er blandt de h\u00f8jeste i regionen, forblev n\u00e6sten en femtedel af landarealet under skovd\u00e6kke i 2020, et fald fra over 10.000 hektar i 1990 til cirka 8.120 hektar, hvilket afspejler pres fra udvikling og \u00e6ndrede arealanvendelsesm\u00f8nstre. Stigende havniveauer og skiftende nedb\u00f8rsregimer forv\u00e6rrer yderligere milj\u00f8belastningen.<\/p>\n<p>Menneskelig beboelse af disse \u00f8er str\u00e6kker sig mindst fem \u00e5rtusinder. Ark\u00e6ologiske fund tyder p\u00e5, at j\u00e6ger-samlergrupper ankom omkring 3000 f.Kr., sandsynligvis i kanoer fra Orinoco-bassinet, og blev efterfulgt af Arawak-samfund fra den keramiske periode fra det, der nu er Venezuela. Europ\u00e6isk engagement begyndte i 1493, da Christopher Columbus kortlagde Antigua, hvilket f\u00f8rte til et spansk bos\u00e6ttelsesfors\u00f8g i 1520, der i sidste ende ikke slog permanent rod. Ingen formel koloni eksisterede f\u00f8r 1632, da Edward Warner ledte en lille engelsk kontingent for at etablere det f\u00f8rste varige britiske fodf\u00e6ste. Administrativt faldt Barbuda under Codrington-familiens propriet\u00e6re kontrol fra slutningen af \u200b\u200bdet syttende \u00e5rhundrede til 1860&#039;erne, mens Antiguas sociale orden udviklede sig gennem l\u00f8s\u00f8reslaveri til frig\u00f8relse i 1834, hvorefter lokalt autonomi gradvist udvidedes. En tidlig indsats for at afbryde b\u00e5ndene til Storbritannien opstod i 1728 under ledelse af prins Klaas, der str\u00e6bte efter at udr\u00e5be Antigua til et uafh\u00e6ngigt kongerige, men politisk stemmeret forblev fjern indtil midten af \u200b\u200bdet tyvende \u00e5rhundrede. De f\u00f8rste demokratiske valg blev afholdt i 1951, og fuld suver\u00e6nitet indtr\u00e5dte den 1. november 1981 og fuldendte dermed en forfatningsm\u00e6ssig overgang, der begyndte med internt selvstyre i 1960&#039;erne.<\/p>\n<p>Efter uafh\u00e6ngigheden oplevede regeringsf\u00f8relsen Bird-familiens overv\u00e6gt, hvis indflydelse strakte sig fra 1960 til 2004, kun kortvarigt afbrudt af en skiftende administration, indtil Baldwin Spencer overtog premierministerposten. Siden 2014 har Labour-partiet haft parlamentariske flertal, mens United Progressive Party har fungeret som den prim\u00e6re opposition. Antigua og Barbuda bevarer medlemskabet af Commonwealth of Nations og fungerer som et konstitutionelt monarki med Charles III som statsoverhoved, repr\u00e6senteret lokalt af en generalguvern\u00f8r. Som en enhedsstat er Antigua opdelt i seks sogne, mens Barbuda administrerer sine interne anliggender via Barbuda Council, der blev oprettet i 1976. Den nationale lovgivende forsamling best\u00e5r af et tokammerorgan: Repr\u00e6sentanternes Hus, hvis medlemmer opn\u00e5r embeder gennem folkeafstemning, og Senatet, hvis medlemmer udpeges af generalguvern\u00f8ren.<\/p>\n<p>Demografiske indikatorer understreger en beskeden befolkning p\u00e5 cirka 105.182 pr. midten af \u200b\u200b2025, hvilket afspejler en stigning p\u00e5 n\u00e6sten en fjerdedel siden folket\u00e6llingen i 2011. Vigtige statistikker viser et gennemsnit p\u00e5 1.188 levendef\u00f8dte \u00e5rligt mellem 2008 og 2020, svarende til en f\u00f8dsel hver syvende time, og en samlet fertilitetsrate p\u00e5 1,6 b\u00f8rn pr. kvinde pr. 2022, hvilket er under gennemsnittet for de sm\u00e5 caribiske stater. Data om civilstand fra 2011 viser, at over tre femtedele af indbyggerne i alderen femten \u00e5r og derover aldrig havde indg\u00e5et \u00e6gteskab, mens resten bestod af gifte, fraskilte eller separerede og enker\/enker i faldende andel. Indvandring udg\u00f8r den prim\u00e6re drivkraft for befolkningstilv\u00e6kst og bidrager til en forholdsm\u00e6ssigt h\u00f8j andel af udenlandskf\u00f8dte indbyggere. Etnisk set er befolkningen overvejende af afrikansk afstamning med bem\u00e6rkelsesv\u00e6rdige minoriteter af europ\u00e6isk, spansktalende og indisk oprindelse. Kristendommen er fremherskende, hovedsageligt gennem protestantiske trosretninger, og det antiguanske og barbudanske kreolske sprog fungerer som det mest almindelige hussprog.<\/p>\n<p>Den \u00f8konomiske produktion placerer Antigua og Barbuda blandt de h\u00f8jindkomstnationer i Caribien, hvor serviceindustrier - is\u00e6r turisme - tegner sig for over halvdelen af \u200b\u200bbruttonationalproduktet. \u00d8erne appellerer til en kundekreds, der er orienteret mod luksusindkvartering: Antigua har en koncentration af femstjernede resorts, der udnytter den omfattende perimeter af finkornede strande, mens Barbuda tilbyder uspolerede kystomr\u00e5der med begr\u00e6nset infrastruktur for bes\u00f8gende. Udsving i eftersp\u00f8rgslen blandt mellemstore turismesegmenter siden begyndelsen af \u200b\u200bdet 21. \u00e5rhundrede har begr\u00e6nset indt\u00e6gtsv\u00e6ksten og sat de finanspolitiske ressourcer under pres. Som reaktion herp\u00e5 indf\u00f8rte politiske foranstaltninger en personlig indkomstskattesats p\u00e5 nul procent i 2019 og initiativer til statsborgerskab baseret p\u00e5 investering for at tiltr\u00e6kke kapital fra velhavende individer. Finansielle tjenester, herunder investeringsbankvirksomhed og offshore-operationer, udg\u00f8r ogs\u00e5 en central s\u00f8jle i \u00f8konomien og udnytter permissive reguleringsrammer til at v\u00e6re v\u00e6rt for filialer af store internationale banker. Antigua og Barbuda opretholder et luftv\u00e5ben - den eneste statslige luftfartskomponent i det \u00f8stlige Caribien - og deltager i regional sikkerhed gennem medlemskab af Organisationen af \u200b\u200b\u00d8stcaribiske Stater, det regionale sikkerhedssystem, CARICOM, FN og Verdenshandelsorganisationen.<\/p>\n<p>Kulturlivet afspejler b\u00e5de den afro-caribiske arv og den koloniale arv. Cricket har stor opm\u00e6rksomhed, og \u00f8erne har frembragt atleter, der anerkendes blandt sportens st\u00f8rste personligheder. Kulinariske m\u00f8nstre stammer i h\u00f8j grad fra europ\u00e6iske forg\u00e6ngere - is\u00e6r britiske og portugisiske p\u00e5virkninger - tilsat indf\u00f8dte og afrikansk-introducerede ingredienser. De nationale retter, fungee (en majsmelstilberedning besl\u00e6gtet med polenta) ledsaget af pepperpot-gryde, vidner om denne syntese, mens saltfisk, Barbuda-hummer og krydret ris yderligere eksemplificerer lokale smagsprofiler. S\u00f8de godbidder inkluderer kokossukkerkager, peanut brittle og en regional variant af fudge, sammen med stuvet tamarind og lokale hindb\u00e6rmarmelade. Den sorte ananas fra Antigua, der er v\u00e6rdsat for sin s\u00f8dme og saftighed, optr\u00e6der i frugtsalater og konfekt. Morgenmaden starter ofte med Antigua-s\u00f8ndagsbr\u00f8d, et br\u00f8d beriget med svinefedt, der kendetegnes af dekorative snoninger p\u00e5 sin gyldne skorpe, og rosinboller, der lokalt er kendt i p\u00e5sken som &#034;bolle og ost&#034;, kombinerer krydderi og s\u00f8dme i en s\u00e6dvanlig parring.<\/p>\n<p>Turistmobiliteten ankommer prim\u00e6rt via V. C. Bird International Airport n\u00e6r St. John&#039;s, der im\u00f8dekommer luftfartsselskaber fra Nordamerika - herunder American Airlines, Delta, JetBlue og United - Canadas Air Canada og Sunwing, og europ\u00e6iske forbindelser gennem British Airways og Virgin Atlantic. Regionale flyselskaber forbinder Antigua med nabo\u00f8erne, mens f\u00e6rgeforbindelser forbinder Montserrat og, med uregelm\u00e6ssige fartplaner, Guadeloupe via charteroperat\u00f8rer. Krydstogtskibe bidrager yderligere til bes\u00f8gsstr\u00f8mmene, og private yachter bes\u00f8ger ofte \u00f8gruppens marinaer. Inden for \u00f8erne er udlejningsk\u00f8ret\u00f8jer og organiserede ture de prim\u00e6re transportmidler. Et netv\u00e6rk af minibusser, der kan identificeres ved numeriske badges svarende til etablerede ruter, tilbyder billig transport uden faste k\u00f8replaner, der k\u00f8rer med intervaller p\u00e5 ti til femten minutter og giver passagerer mulighed for at stige af efter anmodning.<\/p>\n<p>Gennem sit komplekse samspil mellem geografi, historie og samfund pr\u00e6senterer Antigua og Barbuda et studie i kontraster: beskeden landmasse, men varieret fysiografi; et tropisk klima, der er tempereret af s\u00e6sonbestemte ekstremer; kolonial arv flettet sammen med selvbestemmelse efter emancipationen; og en \u00f8konomi forankret i turisme og finans, der er tempereret af milj\u00f8m\u00e6ssig s\u00e5rbarhed og politiske debatter om autonomi. Nationens evne til at opretholde udvikling midt i klimatiske farer og demografiske \u00e6ndringer forts\u00e6tter med at forme dens kurs i de kommende \u00e5rtier.<\/p>","protected":false},"excerpt":{"rendered":"<p>Antigua og Barbuda, en fortryllende, suver\u00e6n \u00f8-nation, ligger i hjertet af Caribien. Som et af de Sm\u00e5 Antiller har dette land en fantastisk beliggenhed, hvor Atlanterhavet og Caribien m\u00f8des. P\u00e5 grund af dets fantastiske natur, rige historie og levende kultur finder b\u00e5de bes\u00f8gende og historikere stor fortryllelse i Antigua og Barbuda.<\/p>","protected":false},"author":1,"featured_media":3594,"parent":24084,"menu_order":0,"comment_status":"closed","ping_status":"closed","template":"elementor_theme","meta":{"_eb_attr":"","footnotes":""},"class_list":["post-9522","page","type-page","status-publish","has-post-thumbnail"],"_links":{"self":[{"href":"https:\/\/travelshelper.com\/da\/wp-json\/wp\/v2\/pages\/9522","targetHints":{"allow":["GET"]}}],"collection":[{"href":"https:\/\/travelshelper.com\/da\/wp-json\/wp\/v2\/pages"}],"about":[{"href":"https:\/\/travelshelper.com\/da\/wp-json\/wp\/v2\/types\/page"}],"author":[{"embeddable":true,"href":"https:\/\/travelshelper.com\/da\/wp-json\/wp\/v2\/users\/1"}],"replies":[{"embeddable":true,"href":"https:\/\/travelshelper.com\/da\/wp-json\/wp\/v2\/comments?post=9522"}],"version-history":[{"count":0,"href":"https:\/\/travelshelper.com\/da\/wp-json\/wp\/v2\/pages\/9522\/revisions"}],"up":[{"embeddable":true,"href":"https:\/\/travelshelper.com\/da\/wp-json\/wp\/v2\/pages\/24084"}],"wp:featuredmedia":[{"embeddable":true,"href":"https:\/\/travelshelper.com\/da\/wp-json\/wp\/v2\/media\/3594"}],"wp:attachment":[{"href":"https:\/\/travelshelper.com\/da\/wp-json\/wp\/v2\/media?parent=9522"}],"curies":[{"name":"wp","href":"https:\/\/api.w.org\/{rel}","templated":true}]}}