{"id":9463,"date":"2024-09-08T13:09:29","date_gmt":"2024-09-08T13:09:29","guid":{"rendered":"https:\/\/travelshelper.com\/staging\/?page_id=9463"},"modified":"2026-03-13T13:04:21","modified_gmt":"2026-03-13T13:04:21","slug":"caye-caulker","status":"publish","type":"page","link":"https:\/\/travelshelper.com\/da\/destinations\/north-america\/belize\/caye-caulker\/","title":{"rendered":"Caye Caulker"},"content":{"rendered":"<p>Caye Caulker udfolder sig som en underspillet juvel i det vestlige Caribien \u2013 en smal koral\u00f8 p\u00e5 knap otte kilometer i l\u00e6ngden og knap en kilometer i bredden, omkranset af en lavvandet lagune og det \u00e6rv\u00e6rdige Belize Barrier Reef. Dens landsby med omkring fire tusinde indbyggere ligger p\u00e5 den sandede rygs\u00f8jle af denne kalkstenshylde, der ligger omkring 32 kilometer nord-nord\u00f8st for Belize City. Trods sine beskedne dimensioner ud\u00f8ver \u00f8en en overdimensioneret tiltr\u00e6kningskraft, der stammer fra et delikat samspil mellem krystalklart vand, vindbl\u00e6ste flader og en historie skrevet i storme, migrationer og menneskelig virksomhed.<\/p>\n<p>Fra det f\u00f8rste daggry gl\u00f8der landsbyens lave tr\u00e6huse \u2013 efterkommere af grunde tildelt i slutningen af \u200b\u200bdet nittende \u00e5rhundrede af dronning Victoria \u2013 med en honnings\u00f8d varme, deres terrakottatage afbildet mod en himmel, der skifter gennem koral og indigo. De oprindelige modtagere, familier hvis sl\u00e6gter stadig er dybt v\u00e6vet ind i \u00f8ens sociale struktur, valgte dette sted for dens beskyttende bugt bagved og det faste koralsand under kajen \u2013 forhold, der er mere p\u00e5lidelige end de mudrede flader andre steder. Der fort\u00f8jede fiskere udskiftelige kanoer; i dag l\u00e6gger de elegante vandtaxier og sejlende katamaraner til kaj til snorkelture.<\/p>\n<p>Underjordiske str\u00f8mme skaber deres egne mysterier under Caye Caulkers solbeskinnede overflade. En undervandsgrotte \u2013 lokalt kaldet Giant Cave \u2013 \u00e5bner sig ned i den levende kalksten, mens det t\u00f8rre rev mod \u00f8st dukker op i pletter ved overfladen, f\u00f8r det falder til dybder p\u00e5 to meter og mere, n\u00e5r man bev\u00e6ger sig nordp\u00e5. Den lavvandede lagune, der sj\u00e6ldent er dybere end femten centimeter nogle steder, men alligevel styrtdykker ned til over fire meter n\u00e6r revets kant, er et paradis for b\u00e5de windsurfere og frisv\u00f8mmere. Den danner ogs\u00e5 et h\u00e6ngsel mellem landsbyen og det \u00e5bne hav, en t\u00e6rskel, der er b\u00e5de forf\u00f8rende og forr\u00e6derisk i lige m\u00e5l.<\/p>\n<p>En smal kl\u00f8ft i \u00f8ens midtersektion, i daglig tale kendt som &#034;Splitten&#034;, er et levende vidnesbyrd om lokalt initiativ og naturlig vedholdenhed. Selvom den ofte tilskrives den katastrofale b\u00f8lge af orkanen Hattie i 1961, skylder renden sin sande oprindelse landsbyboernes h\u00e6nder, anf\u00f8rt af Ramon Reyes. Efter at stormen havde skabt en lavvandet kanal, brugte en gruppe beboere skovle og trilleb\u00f8re til at uddybe den til kanoer med udskiftningsb\u00e6nk; tid og tidevandsstr\u00f8mme har siden eroderet dens bredder til en bredde p\u00e5 over tredive meter og en dybde, der tillader st\u00f8rre fart\u00f8jer. I dag fungerer Splitten som en f\u00e6lles veranda - fiskere reparerer net langs dens kanter, b\u00f8rn s\u00f8s\u00e6tter improviserede fl\u00e5der, og ved skumringstid er vandvejen oversv\u00f8mmet med lanternelys.<\/p>\n<p>\u00d8ens menneskelige tapet afspejler sammenl\u00f8bet af maya-spanske flygtninge fra Yucat\u00e1ns konflikter i 1847 og de kreolske og garifuna-samfund, der blev tiltrukket af fiskeriets overflod. I 2010 udgjorde de af mestizo-arv n\u00e6sten to tredjedele af folket\u00e6llingen, hvor kreolske, kaukasiske, maya- og garifuna-minoriteter berigede den kulturelle palet. I det nuv\u00e6rende \u00e5rti er Caye Caulkers befolkning vokset til omkring fire tusinde og opretholder over halvtreds sm\u00e5 overnatningssteder sammen med restauranter, h\u00e5ndv\u00e6rksbutikker og dykkeroperat\u00f8rer.<\/p>\n<p>Fiskeri var engang grundlaget for de lokale levebr\u00f8d: konkylier og hummere var overflod langs revet, mens s\u00e6sonbestemte migrationer gav rigeligt med finner, og under Anden Verdenskrig gav net vraggods fra torpederede fart\u00f8jer - gummiballer viste sig at v\u00e6re s\u00e6rligt lukrative. Selvom fiskeriet stadig er afg\u00f8rende for n\u00e6sten firs familier, har det afgivet sin forrang til fordel for turismen, som begyndte sporadisk i midten af \u200b\u200b1960&#039;erne, da weekendbes\u00f8gende ankom med sejlb\u00e5d til den dengang tyndt beboede \u00f8. Slutningen af \u200b\u200b1960&#039;erne indvarslede marinbiologiske ekspeditioner under Dr. Hildebrand fra University of Corpus Christi, efterfulgt af backpackere, der blev trukket mund-til-mund langs den uformelle Gringo Trail, der forbinder Tulum, Tikal og andre centralamerikanske waypoints. Etableringen af \u200b\u200bdykkerundervisning af Auxillou-familien cementerede yderligere Caye Caulkers ry som et paradis for undervandsudforskning.<\/p>\n<p>I takt med at speedb\u00e5dene overskyggede sejladserne, blev omrejsende rejsende en n\u00e6sten konstant tilstedev\u00e6relse. \u00d8ens motto - &#034;Go Slow&#034; - modvirker enhver impuls til hastv\u00e6rk og inviterer til at slentre i dens trio af sandgader: Front Street, der str\u00e6kker sig langs den \u00f8stlige bred, Back Street, der f\u00f8lger lagunens kant, og Middle Street, der ligger mellem dem. En rundsejlads til fods tager ikke mere end fyrre minutter; lejede cykler og golfvogne forkorter det til et kvarters hvirvel, der er pr\u00e6get af glimt af str\u00e5t\u00e6kte barer, kunststudier og lejlighedsvise gallerier, der udstiller v\u00e6rker af fastboende malere. Nogle aftener resonerer luften med improviserede melodier, n\u00e5r bes\u00f8gende musikere samles i udend\u00f8rs g\u00e5rdhaver, deres rytmer blander sig med insekternes susen og de fjerne b\u00f8lgers ro.<\/p>\n<p>Storme er dog stadig allestedsn\u00e6rv\u00e6rende akt\u00f8rer i \u00f8ens fort\u00e6lling. I 1961 udslettede orkanen Hatties b\u00f8lge tr\u00e6skolen og kr\u00e6vede tretten menneskeliv - hovedsageligt b\u00f8rn, der s\u00f8gte ly indeni - og foranledigede en hurtig genopbygning, der blev overv\u00e5get af guvern\u00f8r Thornleys beredskabskomit\u00e9 og hjulpet af helikoptere fra den britiske h\u00e6r. Efterf\u00f8lgende storme - senest orkanen Keith i 2000 - har sat en \u00f8s beslutsomhed p\u00e5 pr\u00f8ve, hvis h\u00f8jde intet sted overstiger to meter. Hvert landfald gennems\u00f8ger den barske vegetation, men koralsandet og mangrovekrattet vender tilbage over \u00e5rstiderne, hvilket vidner om den subtile modstandsdygtighed, der er indskrevet i selve \u00f8ens geologi.<\/p>\n<p>Denne geologiske robusthed underst\u00f8tter Caye Caulkers appel som et mellemlandingssted for adskillige havreservater. Hol Chan ligger en halv times b\u00e5dtur fra kysten, og dens modne koralhaver og rigelige fisk tiltr\u00e6kker snorklere til en ensartet hastighed fastsat af lokale aftaler; Shark and Ray Alley st\u00f8der op til den, hvor ammehajer og sydlige pilrokker glider blandt sv\u00f8mmere, der et \u00f8jeblik holder p\u00e5 revnede konkyliebidder. L\u00e6ngere fremme lokker udflugter til Turneffe Atoll og det ber\u00f8mte Great Blue Hole certificerede dykkere til at dykke ned i det huleagtige jordfaldshuls 124 meter dybde, flankeret af stalaktitter og revhajer. Mens mange betragter den korte neds\u00e6nkning som en obligatorisk ritual snarere end en vedvarende undren, afsl\u00f8rer tilbagevenden gennem sekund\u00e6re dykkersteder ofte trompetfisk, der forf\u00f8lger koraltinder, og stimer af snapper, der spiraler i synkronitet.<\/p>\n<p>Kajakture navigerer i mangroveomr\u00e5derne nordp\u00e5 p\u00e5 \u00f8en, hvor Tsunami Adventures tilbyder b\u00e5de til to personer \u2013 ideelt til at f\u00f8lge l\u00e6kysten p\u00e5 jagt efter hejrer, egrets og den flygtige mangrovehals. I mellemtiden giver dagslange sejladsture passage til afsidesliggende \u00f8er, hvor r\u00e6kker af konkylie- og hummerf\u00e6lder vidner om den traditionelle h\u00f8st, og frokosten tilberedes under \u00e5ben himmel p\u00e5 d\u00e6kket. For dem, der er tiltrukket af landlevende dyreliv, tilbyder det tilst\u00f8dende Swallow Caye Wildlife Sanctuary \u2013 grundlagt gennem den lokale naturfork\u00e6mper Chocolate Heredia \u2013 guidede s\u00f8koture. Selvom det er forbudt at sv\u00f8mme med s\u00f8k\u00f8erne, kommer ungerne nogle gange t\u00e6t nok p\u00e5 til at inspicere snorklere med godartet nysgerrighed.<\/p>\n<p>Bes\u00f8gende ankommer med dobbeltpropellefly til Caye Caulkers beskedne asfaltstribe \u2013 flyvninger fra Belize Citys internationale eller kommunale lufthavne sparer ti til femten minutters rejsetid til en merpris p\u00e5 omkring 75 amerikanske dollars for en enkeltvej. Mere almindeligt er h\u00f8jhastighedsvandtaxier \u2013 et par operat\u00f8rer, der transporterer passagerer til Belize City p\u00e5 45 minutter og videre til San Pedro, priser der sp\u00e6nder fra 20 til 35 beliziske dollars for en enkeltvej. P\u00e5 bl\u00e6sende dage drages kunderne mod agterb\u00e6nkene for bedre at absorbere b\u00f8lgerne; omvendt tilbyder daggrysrejser et glasblankt hav, der reflekterer den opg\u00e5ende sol.<\/p>\n<p>Inde i landsbyen summer handlen langs Front Street, hvor gavebutikker udstiller h\u00e6ngek\u00f8jer, lokale smykker og h\u00e5ndv\u00e6vede tekstiler, og to h\u00e6veautomater \u2013 hos Atlantic Bank og Credit Union \u2013 l\u00f8ber lejlighedsvis t\u00f8r i lange weekender. Transaktioner g\u00e5r normalt til beliziske dollars, selvom amerikanske dollars accepteres til den faste kurs p\u00e5 to til en. Sm\u00e5 virksomheder s\u00e6lger frisk ceviche og kolde drikkevarer fra tr\u00e6boder, og over \u00e5bne griller syder fiskefileter under et tag af mangoblade.<\/p>\n<p>I mangel af konventionelle strande danner siddepladser ved kajen rammerne for afslappede eftermiddage. G\u00e6sterne slapper af p\u00e5 plastikstole med benene dinglende over det smaragdgr\u00f8nne lavvandede vand og udveksler historier om jurel-observationer og nattens regnskyl. Split fungerer i sig selv som en improviseret f\u00e6lles pool, hvis rolige kanal tilbyder en pause fra solens refleksion i det hvide koralsand, der ligger under hver terrasse og sti. Der ligger The Lazy Lizard p\u00e5 havmuren, med barstole kun f\u00e5 skridt fra vandet, luften tyk af aromaen af \u200b\u200blime-krydret rom og den lave klimpren af \u200b\u200bst\u00e5lstrengede guitarer.<\/p>\n<p>Trods sin beskedne infrastruktur har Caye Caulker fremmet en beskeden e-handelsscene, der g\u00f8r det muligt for kunsth\u00e5ndv\u00e6rkere at sende udsk\u00e6ringer og tekstiler ud over den horisont, der engang definerede deres verden. Alligevel er de fleste tilfredse med at handle med oplevelser snarere end varer: den langtr\u00e6kkende d\u00f8nning, der skyller over revet ved daggry; stilheden, der falder, n\u00e5r en pelikan glider lavt over turkisbl\u00e5 flader; glimtet af fosforescens, der opst\u00e5r under en m\u00e5nebelyst padle. S\u00e5danne \u00f8jeblikke modst\u00e5r kommercialisering og bevares i stedet i erindringen og i de blide rytmer p\u00e5 en \u00f8, der opfordrer sine bes\u00f8gende til at bev\u00e6ge sig i et tempo, der ikke er foreskrevet af kalendere eller ure, men udelukkende af tidevand og tidevand.<\/p>\n<p>I dette slanke b\u00e5nd af sand og koral fornemmer man sammenv\u00e6vningen af \u200b\u200bb\u00e5de element\u00e6re og menneskelige kr\u00e6fter \u2013 halvandet \u00e5rhundredes bos\u00e6ttelse, et halvt dusin orkaner, det gradvise skift fra net til snorkel til havforskning. Hvert kapitel tilf\u00f8jer dybde til Caye Caulkers karakter: et samfund formet af n\u00f8dvendighed og n\u00e6ret af havet; en \u00f8konomi, der omfavner b\u00e5de dagens fangst og de rejsendes rejse; et sted, hvor livet udfolder sig i afm\u00e5lte pulser, vejledt af en enkelt formaning skrevet p\u00e5 et forvitret skilt: G\u00e5 langsomt.<\/p>\n<p>Her forbliver den element\u00e6re verden lige ved h\u00e5nden \u2013 koralhylden svulmer af usynligt liv, revet st\u00e5r vagt over b\u00f8lgerne, og \u00f8en selv hviler let p\u00e5 havets \u00e5ndedrag. At tilbringe tid p\u00e5 Caye Caulker er at tilpasse sig disse rytmer, at give slip p\u00e5 hastv\u00e6rket og i den frig\u00f8relse at opfatte de mere subtile str\u00f8mninger p\u00e5 et sted, der skylder sin eksistens m\u00f8det mellem sten og salt og den vedvarende \u00e5nd hos dem, der kalder det hjem.<\/p>","protected":false},"excerpt":{"rendered":"<p>Ud for Belizes kyst ligger Caye Caulker \u2013 kendt p\u00e5 spansk som Cayo Caulker \u2013 en \u00f8 i Det Caribiske Hav. Med en bredde p\u00e5 under 1,6 km fra \u00f8st til vest og en l\u00e6ngde p\u00e5 cirka 8,0 km fra nord til syd er denne kalkstenskoral\u00f8 indbegrebet af naturlig sk\u00f8nhed og kulturel mangfoldighed. P\u00e5 \u00f8en er Caye Caulker Village et samfund p\u00e5 omkring 2.000 mennesker, der kendetegnes ved deres afslappede attitude og venlige v\u00e6rem\u00e5de.<\/p>","protected":false},"author":1,"featured_media":4715,"parent":9438,"menu_order":0,"comment_status":"closed","ping_status":"closed","template":"elementor_theme","meta":{"_eb_attr":"","footnotes":""},"class_list":["post-9463","page","type-page","status-publish","has-post-thumbnail"],"_links":{"self":[{"href":"https:\/\/travelshelper.com\/da\/wp-json\/wp\/v2\/pages\/9463","targetHints":{"allow":["GET"]}}],"collection":[{"href":"https:\/\/travelshelper.com\/da\/wp-json\/wp\/v2\/pages"}],"about":[{"href":"https:\/\/travelshelper.com\/da\/wp-json\/wp\/v2\/types\/page"}],"author":[{"embeddable":true,"href":"https:\/\/travelshelper.com\/da\/wp-json\/wp\/v2\/users\/1"}],"replies":[{"embeddable":true,"href":"https:\/\/travelshelper.com\/da\/wp-json\/wp\/v2\/comments?post=9463"}],"version-history":[{"count":0,"href":"https:\/\/travelshelper.com\/da\/wp-json\/wp\/v2\/pages\/9463\/revisions"}],"up":[{"embeddable":true,"href":"https:\/\/travelshelper.com\/da\/wp-json\/wp\/v2\/pages\/9438"}],"wp:featuredmedia":[{"embeddable":true,"href":"https:\/\/travelshelper.com\/da\/wp-json\/wp\/v2\/media\/4715"}],"wp:attachment":[{"href":"https:\/\/travelshelper.com\/da\/wp-json\/wp\/v2\/media?parent=9463"}],"curies":[{"name":"wp","href":"https:\/\/api.w.org\/{rel}","templated":true}]}}