{"id":9187,"date":"2024-09-07T16:46:44","date_gmt":"2024-09-07T16:46:44","guid":{"rendered":"https:\/\/travelshelper.com\/staging\/?page_id=9187"},"modified":"2026-03-13T16:13:12","modified_gmt":"2026-03-13T16:13:12","slug":"boca-chica","status":"publish","type":"page","link":"https:\/\/travelshelper.com\/da\/destinations\/north-america\/dominican-republic\/boca-chica\/","title":{"rendered":"Boca Chica"},"content":{"rendered":"<p>Kommunen Boca Chica, hjemsted for 167.040 mennesker \u2013 104.951 byboere og 62.089 i landlige omr\u00e5der \u2013 ligger omkring tredive kilometer \u00f8st for Santo Domingo de Guzm\u00e1n p\u00e5 Den Dominikanske Republiks syd\u00f8stlige kyst. Dens vand skvulper mod fint hvidt sand og beskytter to sm\u00e5 \u00f8er, der er formet af opmudring fra midten af \u200b\u200b\u00e5rhundredet og beskyttet af en b\u00f8lgebryder af natursten, der afb\u00f8jer atlantiske d\u00f8nninger. Samtidig ligger en anden Boca Chica p\u00e5 Panamas Stillehavsflanke ved mundingen af \u200b\u200bPedregal-floden, 28 kilometer syd for den interamerikanske motorvej og halvtreds kilometer fra David, og fungerer som port til havreservatet Golfo de Chiriqu\u00ed og dets konstellation af koralkl\u00e6dte \u00f8er. Hvert sted deler et navn, men afspejler alligevel forskellige kapitler af caribisk liv \u2013 det ene f\u00f8dt af sukkerplantageambitioner og autokratisk pragt, det andet formet af for\u00e6ldrel\u00f8se fiskerbugter og uber\u00f8rte panoramaer \u2013 der binder geografi, historie og menneskelig bestr\u00e6belse sammen i to parallelle fort\u00e6llinger om solbeskinnede kyster og urolige tidevand.<\/p>\n<p>Fra grundl\u00e6ggelsen i 1779 som San Jos\u00e9 de los Llanos under brigadegeneral Don Isidro Peralta y Rojas v\u00e6vede den dominikanske region Boca Chica et landbrugsm\u00e6ssigt pr\u00e6g, der ville definere dens tidlige eksistens. Sukkerr\u00f8rsmarker strakte sig inde i landet, deres gr\u00f8nne blade svajede under en tropisk sol indtil begyndelsen af \u200b\u200b1900-tallet, hvor iv\u00e6rks\u00e6tteren Juan Bautista Vicini Burgos udnyttede politisk indflydelse til at omdanne landskabet til en moderne plantage. Statslig intervention fulgte i 1916, da det spirende sukkerselskab accelererede udviklingen gennem opf\u00f8relse af m\u00f8ller og arbejderboliger, hvilket lagde det infrastrukturelle grundlag, der kulminerede i en asfalteret motorvej til Santo Domingo i 1926. Denne forbindelse flyttede Boca Chica fra en afsidesliggende landsby til en satellit af hovedstaden, hvilket mindskede b\u00e5de den fysiske og sociale afstand mellem campesinos og byboere.<\/p>\n<p>Den politiske geografi \u00e6ndrede sig igen i november 1932, da diktatoren Rafael Le\u00f3nidas Trujillo adskilte kommunen fra San Pedro de Macor\u00eds for at tildele den til det nationale distrikt. Det f\u00f8lgende \u00e5rti oplevede Boca Chicas opstigning til national fremtr\u00e6dende plads: Trujillo bestilte et storsl\u00e5et hotel - Hotel Hamaca - hvis art deco-stil og terrasser ved stranden varslede en \u00e6ra med fritid forbeholdt elitefamilier. Sommervillaer sk\u00f8d op langs kysten, kun tilg\u00e6ngelige med privatvogn eller bil, hvilket gav byen en atmosf\u00e6re af eksklusivitet. Alligevel fik det samme hotel historisk v\u00e6gt, da Fulgencio Batista, den afsatte cubanske st\u00e6rke mand, fandt asyl inden for dets mure og forst\u00e6rkede stedets geopolitiske resonans ud over blot sukker og sand.<\/p>\n<p>Mordet p\u00e5 Trujillo i 1961 \u00e5bnede privilegiernes porte og gav udbredt offentlig adgang til stranden, der hidtil havde v\u00e6ret forbeholdt aristokratiet. Offentlige busser og delte taxaer fragtede snart folkem\u00e6ngder fra Santo Domingo, hvilket fyldte kystlinjerne med skarer, der blev draget af krystalklart lavvandet og l\u00f8ftet om flygtig pause. Bes\u00f8gende fandt vand ikke dybere end taljeh\u00f8jde i snesevis af meter takket v\u00e6re en blid havbundsh\u00e6ldning; i n\u00e6rheden sivede ferskvand fra den underjordiske Brujuelas-flod ned i b\u00f8lgerne og blandede salt med s\u00f8dt. Midt i denne demokratisering overlevede Hamaca-hotellet ud over sin oprindelige storhed, uforankret af tiden indtil 1979, hvor orkanen Davids raseri lukkede dets d\u00f8re og indledte \u00e5r med forladthed og lokal \u00f8konomisk nedtur.<\/p>\n<p>Genf\u00f8dslen kom i ryk og nap. Hotel Hamacas forladte silhuet, l\u00e6nge en rest af falmede dr\u00f8mme, blev til sidst genoplivet, og v\u00e6relserne gen\u00e5bnede for g\u00e6ster, der s\u00f8gte n\u00e6rhed til b\u00e5de det offentlige panorama og private enklaver af turisme. Kommunen diversificerede sine attraktioner: Los Pinos opstod som en sandet \u00f8, skabt af havneopgravet sediment, der inviterede dagsturister til at dv\u00e6le i solbeskinnet ensomhed; La Matica og La Piedra, der spirede mangrovehuler, blev fuglereservater for b\u00e5de tr\u00e6kfugle og standfugle. To sm\u00e5 lystb\u00e5dehavne husede b\u00e5de p\u00e5 vej til snorkelrev og fiskepladser, mens den naturlige b\u00f8lgebryder sikrede roligt vand, ideelt for nybegyndere, der kunne pr\u00f8ve snorkel eller ro havkajak uden frygt for pludselige b\u00f8lger.<\/p>\n<p>By og strand fungerer i symbiose. Langs havnefronten tilbyder restauranter med udend\u00f8rs terrasser dagens fangstfritter og grillet fisk, mens pizzaboder fylder skumringstimerne med aromatisk dej og boblende ost. S\u00e6lgere skubber vogne l\u00e6sset med souvenirs, konkyliehalsk\u00e6der, str\u00e5hatte og nipsgenstande plukket fra Caribien. Barer pulserer med forst\u00e6rkede merengue- og bachata-rytmer fra daggry til sent, der guider bes\u00f8gende fra sl\u00f8v siesta til natlige festligheder. Om aftenen indrammer neonlanterner feststeder, hvor g\u00e6sterne svajer under svajende palmer, musikkens bas gentager det rullende tidevand.<\/p>\n<p>Den praktiske rejse til dette kystn\u00e6re tilholdssted er stadig ligetil. Fra nordamerikanske eller canadiske destinationer sikrer rejsende sig billige flyrejser til Punta Cana eller Las Am\u00e9ricas lufthavne og transporteres derefter med taxa til en fast pris til Boca Chica \u2013 ofte inkluderet i rejsearrangementer. S\u00f8folk, der skal fra Puerto Rico, kan v\u00e6lge f\u00e6rgen til Santo Domingo og derefter rejse ad landevejen til stranden. Transport p\u00e5 stedet tilbyder intimitet med det lokale liv, mens charter af motorb\u00e5d giver hurtig adgang til sm\u00e5\u00f8er og snorkelsteder. For dem, der foretr\u00e6kker guidet sikkerhedskontrol, er der faste priser for taxaer til Santo Domingos Colonial City \u2013 fyrre dollars enkeltvej, halvfjerds dollars tur\/retur \u2013 med minimal prutning og bekvemmelighed fra d\u00f8r til d\u00f8r.<\/p>\n<p>Inde i selve byen udfolder en central park sig som et socialt teater. De lokale samles p\u00e5 smedejernsb\u00e6nke og samtaler under banyantr\u00e6er, hvis r\u00f8dder kaskaderer over balustrader. Caf\u00e9er p\u00e5 gadehj\u00f8rner serverer caf\u00e9 con leche og hjemmelavede kager, deres porcel\u00e6nskopper dampes af den tidlige morgenbrise. Daglige rytmer registreres i rytmen af \u200b\u200bs\u00e6lgere, der s\u00e6lger tropisk frugt, og latteren fra b\u00f8rn, der skimmer p\u00e5 marmoroverfladerne fra et n\u00e6rliggende springvand. At vandre p\u00e5 disse gyder er at v\u00e6re vidne til hverdagens \u00f8jeblikke, der forst\u00e6rkes af f\u00e6llesskabsb\u00e5nd - en oplevelse lige s\u00e5 f\u00e6ngslende som enhver vandaktivitet.<\/p>\n<p>Vandeventyr tr\u00e6kker mange til Boca Chicas bl\u00f8de kystlinje. Snorkling afsl\u00f8rer papeg\u00f8jefisk og l\u00e6befisk, der piler omkring blandt koralrev; dykkere kan arrangere skr\u00e6ddersyede udflugter gennem lokale operat\u00f8rer, hvor de fordyber sig i unders\u00f8iske huler og revv\u00e6gge. Sportsfiskere chartrer fart\u00f8jer til marlin, tun og dorado, hvis hjul synger under solstr\u00e5lerne, der brydes i spr\u00f8jt. Handelsmaskiner - vandtaxier - tilbyder heldagsture til beskedne gebyrer: en pris p\u00e5 hundrede dollars pr. b\u00e5d giver mulighed for hvalsafari, strandhopping og snorkling for grupper, der er tilstr\u00e6kkelige til at fylde d\u00e6kket; priserne pr. person ligger t\u00e6t p\u00e5 tyve dollars, hvilket giver adgang til \u00f8koture, der ledes p\u00e5 hurtigt spansk.<\/p>\n<p>Dagliglivet str\u00e6kker sig til handel. Duarte Avenue huser et lille cigar-emporium, der tilbyder indenlandske og importerede cigarer; hver anden dag laver en rullecigar ved navn William skr\u00e6ddersyede cigarer efter kundernes \u00f8nsker. To supermarkeder - et ved siden af \u200b\u200bparken og et andet ved siden af \u200b\u200bBe Live Hamaca-resortet - leverer dagligvarer og basale forsyninger, mens apoteker og posttjenester st\u00e5r for de vigtigste funktioner. Souvenirboder ligger langs sidegaderne, og deres ejere er \u00e5bne for at prutte om nipsgenstande, men holder fast i l\u00e6gemidler og f\u00f8devarer. Prutning er fortsat s\u00e6dvanlig etikette og indgyder en f\u00f8lelse af engagement, der g\u00e5r ud over blot k\u00f8b.<\/p>\n<p>Der er et v\u00e6ld af gastronomiske muligheder. Spisesteder ved stranden pr\u00e6senterer duftende gryderetter med fisk, skaldyrspaellaer og empanadas, hvis aromaer blandes med saltluften. Gademadss\u00e6lgere omkranser sandet med tr\u00e6kulsgrill og s\u00e6tter kylling og svinek\u00f8d p\u00e5 spyd til middagsg\u00e6sterne. Et velkendt symbol p\u00e5 globalisering - Burger King - st\u00e5r vagt ved siden af \u200b\u200blokale retter og im\u00f8dekommer trangen til amerikanske basisretter. For dem, der s\u00f8ger fordybelse i den dominikanske region, danner blandingen af \u200b\u200bkrydderier, stegeolier og tropiske frugter en palet lige s\u00e5 levende som det cirkul\u00e6re hav.<\/p>\n<p>Overnatningsmulighederne varierer fra beskedne indkvarteringsmuligheder til all-inclusive-enklaver. Sm\u00e5 familiedrevne hoteller ligger t\u00e6t p\u00e5 bymidten og tilbyder enkle v\u00e6relser til overkommelige priser. L\u00e6ngere mod \u00f8st tilbyder to strandresorts - engang Hilton-m\u00e6rket og nu drevet af Be Live - private sandstrande til g\u00e6sterne, med faciliteter til ferieg\u00e6ster, der \u00f8nsker problemfri komfort. Disse komplekser omfatter pools, barer og fritidsprogrammer, der skaber et alternativt univers til den offentlige strands hjertelige hygge.<\/p>\n<p>Hundredvis af kilometer sydvest skriver den panamanske \u00f8 Boca Chica en anden kr\u00f8nike. Byen ligger p\u00e5 vestbredden af \u200b\u200bParque Nacional Marino Golfo de Chiriqu\u00ed, et omr\u00e5de, der er \u00e6ret blandt sportsfiskere for sine marlin- og tunbestande. Coiba National Marine Park ligger en b\u00e5dtur v\u00e6k, og dens koralhaver huser hajer, dj\u00e6vlerokker og hvaler i en \u00f8kologisk h\u00f8jborg, der modst\u00e5r overfiskning. Islas Ladrones, Secas og Paridas spreder sig ud for kysten som springbr\u00e6t for dykkere, der s\u00f8ger klarhed i vand, som sj\u00e6ldent er matchet andre steder i Mellemamerika.<\/p>\n<p>Adgangen til denne tropiske udpost udfolder sig langs en enkelt vej, der ender ved Pedregal-flodens udmunding. I regntiden bukkede dette asfaltb\u00e5nd engang under kraftig afstr\u00f8mning, men nylige renoveringer har gjort rejsen lettere, selv for firehjulede k\u00f8ret\u00f8jer. Bes\u00f8gende finder den sidste indgang indrammet af mangrovebevoksninger og den fjerne silhuet af Isla Boca Brava - en nabo p\u00e5 den anden side af brakvandet. Frav\u00e6ret af h\u00f8jhuse bevarer en f\u00f8lelse af isolation; ingen hotelt\u00e5rne \u200b\u200bbryder skylinen, ingen neonlys kl\u00f8ver m\u00f8rket. I stedet tilbyder tr\u00e6byggede skure og pastelmalede huse glimt af havlivet over spinkle hegn.<\/p>\n<p>Isla Saino, ti minutters b\u00e5dtransport fra kysten, fungerer som et mikrokosmos af regionens uspolerede essens. Dagsturister myldrer rundt p\u00e5 dens enkelte sandstrand i tyverne, men de, der om natten v\u00e5gner, kan v\u00e5gne op til ensomhed kun afbrudt af b\u00f8lger og vind i kokospalmer. Dykkerudstyr p\u00e5 molen inviterer til foresp\u00f8rgsel om skr\u00e6ddersyede dyk blandt tinder plettet af papeg\u00f8jefisk og havaborre. Virksomheder som Gone Fishing tilbyder dybhavsudflugter til offshore rev, hvor marliner bryder igennem for at jagte tunstimer; deres fart\u00f8jer er konfigureret til sm\u00e5 grupper, og disse chartre giver en intimitet, der mangler i st\u00f8rre fl\u00e5der.<\/p>\n<p>Ud over sportsfiskeri arrangerer turoperat\u00f8rer vandtaxier til kombinerede ruter: hvalsafari i s\u00e6sonen, bes\u00f8g p\u00e5 skovkl\u00e6dte huler og snorkling p\u00e5 lavvandede rev. En heldagsbooking p\u00e5 hundrede dollars pr. b\u00e5d passer til familier eller sm\u00e5 grupper og tilbyder tosprogede guider, n\u00e5r det er muligt, men overvejende foreg\u00e5r p\u00e5 det lokale spanske sprog - dets hurtige konsonanter b\u00e6rer fort\u00e6llinger om forf\u00e6dres s\u00f8fart. De med mindre spanskkundskaber finder, at gestik og t\u00e5lmodighed er tilstr\u00e6kkeligt, bel\u00f8nnet med udsigter over sp\u00e6khuggere, der bryder ind mod solopgangen, og larmen fra fregatfugle, der drejer over hovedet.<\/p>\n<p>I byen \u00e5bner markedet ved daggry. Fiskere losser fangster af roosterfish, snapper og cavalli; landm\u00e6nd ankommer med meloner og papayaer h\u00f8stet fra n\u00e6rliggende plantager. Boder med h\u00e5ndv\u00e6vede h\u00e6ngek\u00f8jer og kurve st\u00e5r langs strandpromenaden, og deres h\u00e5ndv\u00e6rk afspejler oprindelige teknikker, der er g\u00e5et gennem generationer. Ikke f\u00e6rre end tre spisesteder tilbyder tallerkener med kokosris og frisk ceviche, deres menuer er skrevet p\u00e5 tavler, og priserne er baseret p\u00e5 den daglige fangstm\u00e6ngde snarere end faste priser.<\/p>\n<p>Natten s\u00e6nker sig over det sorte fl\u00f8jlsbl\u00f8de vand, og byen falder til ro. Lanternelyset str\u00f8mmer ud over kajen, mens de lokale reparerer net og b\u00e5dmotorer, og duften af \u200b\u200bdiesel blander sig med havspr\u00f8jt. Andre steder hviler rejsende i udend\u00f8rs bungalows p\u00e5 p\u00e6le, lullet af symfonien af \u200b\u200bnatlige b\u00f8lger. Intet megahotel dominerer horisonten; i stedet gennemsyrer enkel g\u00e6stfrihed hver bygning og skaber et b\u00e5nd mellem g\u00e6st og v\u00e6rt, der overskrider savnet af luksus.<\/p>\n<p>P\u00e5 tv\u00e6rs af disse dobbelte geografiske omr\u00e5der fremst\u00e5r Boca Chica som et studie i kontraster: den ene formet af sukkerrigdom og autokratisk vision, den anden formet af tidevandsrytmer og fiskeritraditioner. Begge b\u00e6rer vidnesbyrd om menneskelig ih\u00e6rdighed \u2013 veje hugget gennem mangrover, plantager anlagt p\u00e5 llanos, hotelfacader opf\u00f8rt for at signalere magt, hytter bygget af lokalt t\u00f8mmer. Hver is\u00e6r lover fordybelse: den ene i den hyggelige larm fra dominikanske weekendg\u00e6ster; den anden i stille morgener tilbragt med at kaste liner efter dorado under en opg\u00e5ende sol. I begge inkarnationer fremkalder navnet et l\u00f8fte om solbeskinnet vand og sand \u2013 elementer, der tr\u00e6kker mennesker til kyster i jagt efter fornyelse, pusterum og \u00e5benbaring.<\/p>","protected":false},"excerpt":{"rendered":"<p>Boca Chica er en sp\u00e6ndende kommune beliggende i Santo Domingo-provinsen i Den Dominikanske Republik. If\u00f8lge folket\u00e6llingen fra 2022 er befolkningen 167.040, fordelt p\u00e5 104.951 personer i byen og 62.089 i landdistrikterne. Denne dynamiske landsby fungerer som et centrum for aktivitet og kultur, samtidig med at den er rig p\u00e5 historie og naturlig sk\u00f8nhed.<\/p>","protected":false},"author":1,"featured_media":3348,"parent":9128,"menu_order":0,"comment_status":"closed","ping_status":"closed","template":"elementor_theme","meta":{"_eb_attr":"","footnotes":""},"class_list":["post-9187","page","type-page","status-publish","has-post-thumbnail"],"_links":{"self":[{"href":"https:\/\/travelshelper.com\/da\/wp-json\/wp\/v2\/pages\/9187","targetHints":{"allow":["GET"]}}],"collection":[{"href":"https:\/\/travelshelper.com\/da\/wp-json\/wp\/v2\/pages"}],"about":[{"href":"https:\/\/travelshelper.com\/da\/wp-json\/wp\/v2\/types\/page"}],"author":[{"embeddable":true,"href":"https:\/\/travelshelper.com\/da\/wp-json\/wp\/v2\/users\/1"}],"replies":[{"embeddable":true,"href":"https:\/\/travelshelper.com\/da\/wp-json\/wp\/v2\/comments?post=9187"}],"version-history":[{"count":0,"href":"https:\/\/travelshelper.com\/da\/wp-json\/wp\/v2\/pages\/9187\/revisions"}],"up":[{"embeddable":true,"href":"https:\/\/travelshelper.com\/da\/wp-json\/wp\/v2\/pages\/9128"}],"wp:featuredmedia":[{"embeddable":true,"href":"https:\/\/travelshelper.com\/da\/wp-json\/wp\/v2\/media\/3348"}],"wp:attachment":[{"href":"https:\/\/travelshelper.com\/da\/wp-json\/wp\/v2\/media?parent=9187"}],"curies":[{"name":"wp","href":"https:\/\/api.w.org\/{rel}","templated":true}]}}