{"id":9177,"date":"2024-09-07T16:17:25","date_gmt":"2024-09-07T16:17:25","guid":{"rendered":"https:\/\/travelshelper.com\/staging\/?page_id=9177"},"modified":"2026-03-13T16:04:28","modified_gmt":"2026-03-13T16:04:28","slug":"cabarete","status":"publish","type":"page","link":"https:\/\/travelshelper.com\/da\/destinations\/north-america\/dominican-republic\/cabarete\/","title":{"rendered":"Cabarete"},"content":{"rendered":"<p>Cabarete ligger p\u00e5 den nordlige bred af Puerto Plata-provinsen i Den Dominikanske Republik, et smalt b\u00e5nd af bebyggelse, der str\u00e6kker sig langs Camino Cinco, cirka atten kilometer fra Gregorio Luper\u00f3n Internationale Lufthavn. Dens kompakte bym\u00e6ssige fodaftryk udfolder sig mellem en travl bugt og de stigende foden af \u200b\u200bCordillera Septentrional; dens sol \u00e5ret rundt og konstante vinde har gjort den til et epicenter for vandsport, der tiltr\u00e6kker rejsende, hvis rastl\u00f8se sind s\u00f8ger b\u00e5de opstemthed og hvile.<\/p>\n<p>Fra det \u00f8jeblik Zephaniah Kingsley gjorde krav p\u00e5 disse kyster i 1835, har byens fort\u00e6lling v\u00e6ret uadskillelig fra rejser \u2013 af mennesker, af kulturer, af element\u00e6re kr\u00e6fter i uoph\u00f8rlig bev\u00e6gelse. Kingsley, en udvandret k\u00f8bmand, der havde befriet 53 af sine slaver fra Florida og senere bragt yderligere hundrede til denne del af Hispaniola under guvern\u00f8r Jean Pierre Boyers dekret, lagde grunden til Mayorasgo de Koka, en ejendom, hvis arv h\u00e6nger ved i de haitiansk-b\u00f8jede navne og de blandede familier, der er tilbage. Anna Kingsleys beskedne strandhus ved havnen, nu for l\u00e6ngst forsvundet i erindringen, stod engang ved sammenl\u00f8bet af atlantiske d\u00f8nninger og tropiske briser, symbolsk for den sammensmeltning, der skulle komme til at definere dette sted. Efterkommere af disse f\u00f8rste bos\u00e6ttere \u2013 b\u00e5de af Kingsley-sl\u00e6gten og af de befriede familier \u2013 bor stadig i snoede gyder, deres liv sammenflettet med den saftige fugtighed, pelikanernes skrig ved daggry og rikochetten af \u200b\u200bvinddrevne sejl p\u00e5 bugtens overflade.<\/p>\n<p>Cabarete-bugten danner selve byens hjerte. Her snor sig en halvm\u00e5ne af gyldent sand under den uoph\u00f8rlige svingning af vind og tidevand. Professionelle kitesurfingkonkurrencer som WorldCup eller Copa Mundial, Master of the Ocean-serien og PKRA har fundet et naturligt amfiteater p\u00e5 disse kyster; de rigger farvestr\u00e5lende elementer til mod den azurbl\u00e5 vidde, og piloter tr\u00e6kker p\u00e5 vindst\u00f8d, der stiger n\u00e6sten tre hundrede dage om \u00e5ret. Mod vest ligger Kite Beach blot to en halv kilometer fra bugtens centrum. Den pr\u00e6senterer en fladere lagunelignende legeplads, hvis revbrydning tiltr\u00e6kker stand-up paddle-surfere, der glider langs glasagtige overflader foran Atlanterhavets puls. Men for dem, der s\u00f8ger ubrudte b\u00f8lger, har Playa Encuentro et felt af b\u00f8lgebrydninger omkring fem kilometer l\u00e6ngere mod vest; her er havets temperament mest p\u00e5lideligt, surfskolerne har trives p\u00e5 disse evige b\u00f8lger, og nybegyndere finder tr\u00f8st hos t\u00e5lmodige instrukt\u00f8rer, mens erfarne veteraner jagter hule r\u00f8r.<\/p>\n<p>M\u00f8rkets fald g\u00f8r ikke meget for at d\u00e6mpe Cabaretes energi. Turistkorridoren langs Camino Cinco er omkranset af en broget vifte af indkvarteringssteder - fra ejerlejlighedsklynger og lejlighedshoteller til pensionater, hvis knirkende verandaer har udsigt over vejboder og neonoplyste barer. Gavebutikker slynger h\u00e5ndlavede guayabera-skjorter og udsk\u00e5ret drivt\u00f8mmer ud p\u00e5 gaden, mens restauranter, hostels og natklubber lyser op som konstellationer mod de svajende palmer. Men selv midt i dette tableau af fritid lokker baglandet med en mere subtil tiltr\u00e6kningskraft. Monumento Natural Lagunas Cabarete y Goleta, et beskyttet tropisk karstsystem, str\u00e6kker sig mellem hav og bjerg: en labyrint af jordfaldshuller, mogoter, der rejser sig som stenvagter, mangrovekrat og fugtige stier, hvor sj\u00e6ldne orkideer klamrer sig til kalkstensv\u00e6gge. Guidede vandreture snor sig gennem mangrovesumpe, forbi skjulte huler, hvor flagermus drejer i m\u00f8rke buer, og langs lagunekanter, der er levende med hejrer og leguaner - et vidnesbyrd om den biodiversitet, der trives i denne smeltedigel af fersk- og saltvand.<\/p>\n<p>Adgang til Cabarete er stadig ligetil, men varieret. De fleste rejsende stiger af i Puerto Platas lille lufthavn (POP), hvor k\u00f8returen knap tager tyve minutter med taxa - en ordning, der ofte koster fyrre til halvtreds dollars pr. k\u00f8ret\u00f8j, uanset passagerantal; forsigtighed dikterer, at k\u00f8replanerne bekr\u00e6ftes to timer f\u00f8r afgang, givet lufthavnens kompakte skala og lejlighedsvise sidste-\u00f8jebliks-vagter. De, der ankommer via Santiagos Arturo Merino Ben\u00edtez International (STI), st\u00e5r over for en l\u00e6ngere transport - omkring halvfems minutter med taxa til cirka hundrede dollars pr. tur, en pris, der kan deles med ti, forudsat at rejsende forhandler fast og undg\u00e5r till\u00e6g pr. s\u00e6de. Om natten g\u00e5r den anbefalede rute uden om den forr\u00e6deriske bjergvej og passerer i stedet gennem Puerto Plata by; dagslys giver alternative muligheder, herunder Caribe Tours-busser fra Santiago - der afg\u00e5r hver time til priser i dominikanske pesos - og tredive minutters gua gua-ture fra Sos\u00faa til minimale lokale priser. Mere ambiti\u00f8se rejseplaner kunne f\u00f8lge motorvejen fra Santo Domingo, en rejse p\u00e5 tre en halv time, der, selvom den er l\u00e6ngere, kan give besparelser p\u00e5 flybilletterne, der er tilstr\u00e6kkelige til at opveje taxaprisen, som ligger t\u00e6t p\u00e5 to hundrede dollars. Selv Punta Canas ofte billigere transatlantiske forbindelser frar\u00e5des \u2013 seks anstrengende timers bilrejse og regninger p\u00e5 n\u00e6r fire hundrede dollars g\u00f8r krydset upraktisk for de fleste.<\/p>\n<p>N\u00e5r man f\u00f8rst er i byen, opdager de rejsende, at Cabaretes centrum str\u00e6kker sig knap otte hundrede meter langs dens hovedf\u00e6rdsels\u00e5re. Dagslyset indbyder til slentreture mellem isfyldte juiceboder og klynger af solbrune surfere, der sammenligner surfbr\u00e6tters former, men forsigtighed efter m\u00f8rkets frembrud er berettiget: Caribiens ro kan v\u00e6re bedragerisk, n\u00e5r banerne falder i skygge. Fire prim\u00e6re lokale transportmidler er fremherskende. Den allestedsn\u00e6rv\u00e6rende motoconcho - motorcykler med bags\u00e6der - suser k\u00f8rere langs kysten for halvtreds pesos om dagen, hundrede om aftenen med lanterner; aftaler b\u00f8r indg\u00e5s, f\u00f8r man stiger p\u00e5, og der b\u00f8r udvises \u00e5rv\u00e5genhed for at undg\u00e5 berusede chauff\u00f8rer. Guaguas - t\u00e6tte hvide passagerbusser - tilbyder et budgetalternativ til 25 til 50 pesos pr. s\u00e6de, hvor priserne ofte halveres ved resolut forhandling. Carritos p\u00fablicos, i bund og grund Corollas med toppen, tager f\u00e6rre passagerer med for 30 til 60 pesos og fordobler deres priser efter solnedgang. Endelig tilbyder den fagorganiserede taxafl\u00e5de - Previa-busser eller lignende - komfort og p\u00e5lidelighed til regulerede priser, dog til en h\u00f8jere pris i forhold til andre transportformer.<\/p>\n<p>Cabaretes identitet har altid v\u00e6ret forbundet med vind. Med et gennemsnit p\u00e5 tre hundrede bl\u00e6sende dage om \u00e5ret fremmer bugten og strandene ud for kysten ikke f\u00e6rre end 33 vindsportsakademier \u2013 skoler, hvis flag blafrer i en karrusel af brands. I Cabarete Bay skaber boards windsurfingd\u00f8nninger, mens Bozo Beach og Kite Beach kalder kitesurfere til deres forskellige arenaer: f\u00f8rstn\u00e6vnte byder p\u00e5 mere opr\u00f8rt hav og vidtstrakte farvande, sidstn\u00e6vnte tilbyder et kompakt felt flankeret af et lavvandet rev. Begge steder deler dog revinducerede b\u00f8lger, der udfordrer kitepiloter til b\u00e5de luftstunts og b\u00f8lgeridningsfinesse.<\/p>\n<p>Surfere drages mod Playa Encuentros p\u00e5lidelige b\u00f8lgebrydere \u2013 fem prim\u00e6re rev- og point breaks, der passer til alle niveauer. Instrukt\u00f8rer, der er certificerede og t\u00e5lmodige, f\u00f8rer nybegyndere ned i skumtoppe, f\u00f8r de selvsikrer svingene, mens b\u00e5de \u00f8vede og eksperter jagter efter skyggefulde t\u00f8nder. P\u00e5 roligere dage glider ud\u00f8vere af stand-up paddleboarding p\u00e5 roligt vand omgivet af rev eller fanger beskedne b\u00f8lger med slanke br\u00e6tter \u2013 en altid tilstedev\u00e6rende p\u00e5mindelse om, at momentum i Cabarete ikke altid beh\u00f8ver at bryde ud i spektakul\u00e6r flyvetur.<\/p>\n<p>Inden for denne akvatiske smeltedigel er s\u00e6rlige navne dukket op. Dare2fly Kiteboarding School, der ligger ved Kite Beach n\u00e6r Agualina Kite Resort, opererer dagligt under instrukt\u00f8rer certificerede af International Kiteboarding Organization; dens luftkompressorer puster mod l\u00e6rredssejl, og dens klientel deler anekdoter om f\u00f8rste flyvninger over smaragdgr\u00f8nne krusninger. Kite Club Kiteboarding Center, der ligger hvor Cabaretes centrale vej m\u00f8der sandet, tilbyder skabe, liggestole og privatlektioner fra daggry til skumring; dens bar og terrasse fremmer kammeratskab blandt b\u00e5de nybegyndere og veteraner. De, der s\u00f8ger wingfoiling, stand-up paddle-udlejning eller specialiserede kurser, kan finde et udvalg af lignende udstyrede steder, der hver is\u00e6r g\u00f8r krav p\u00e5 Cabaretes uoph\u00f8rlige passatvinde.<\/p>\n<p>Ud over undervisning ligger udsigten til at erhverve sig udstyr. Cabarete har opn\u00e5et et ry som en pr\u00f8veplads for drageproducenter, og dets strande fungerer ogs\u00e5 som testbaner, hvor prototyper dukker op fra skumtippede str\u00f8g, kun for at vende tilbage for at blive forfinet. Kunder kan k\u00f8be let brugt udstyr til priser, der underbyder flybagageafgifter - et pragmatisk incitament til at lade sine egne boards blive hjemme. Souvenirj\u00e6gere finder gavebutikker fyldt med Mamajuana-infusionss\u00e6t - krydrede flasker, hvis h\u00e6rdede urter og bark giver en ford\u00f8jelseseliksir, der engang duftede af rom og honning, kendt for sine genoprettende egenskaber. Fotografiske tryk og brugerdefinerede T-shirts mindes personlige odyss\u00e9er p\u00e5 tv\u00e6rs af vind og b\u00f8lge; lokale h\u00e5ndv\u00e6rkere udsk\u00e6rer drivt\u00f8mmertalismaner, der b\u00e6rer patina af salt og sol.<\/p>\n<p>Monet\u00e6re forhold fortjener opm\u00e6rksomhed. Den dominikanske peso fungerer som transaktionsmedium, selvom amerikanske dollars, euro og canadiske dollars cirkulerer med en lille pr\u00e6mie og ofte accepteres af bekvemmelighedsgrunde i spisesteder og barer. Valutaveksling p\u00e5 stedet kr\u00e6ver forsigtighed: lufthavnskiosker opkr\u00e6ver strafrenter, mens h\u00e6veautomater - bortset fra Scotia Banks - p\u00e5l\u00e6gger daglige h\u00e6velofter og servicegebyrer. Bedre muligheder findes i lokale casas de cambio, hvor pas kan v\u00e6re p\u00e5kr\u00e6vet eller ej, og i tilknyttede banker, hvis kontorer behandler st\u00f8rre bel\u00f8b i pesos, hvis identitetsdokumenter fremvises.<\/p>\n<p>Kulinariske forn\u00f8jelser venter bag stranden. Sidegader og kvartersgader byder p\u00e5 beskedne comedores, der serverer pica pollo - spr\u00f8dstegt kylling rig p\u00e5 \u00f8ens krydderier - og guisado, gryderetter tykke med m\u00f8rt k\u00f8d og rodfrugter. Mangu ankommer ved daggry, en frodig mos af plantains kronet med sauterede l\u00f8g og stegt ost; sancocho simrer langsomt ved s\u00e6rlige lejligheder, dens bouillon fyldt med k\u00f8d, rodknolde og yams. De fleste steder priss\u00e6tter traditionelle retter omkring et hundrede og halvtreds pesos - et beskedent m\u00e5ltid, der n\u00e6rer b\u00e5de krop og den nysgerrige gane. Middag h\u00e6vder La Bandera Dominicana sin status som den nationale frokoststandard - hvide ris, r\u00f8de b\u00f8nner og en portion k\u00f8d forener hyggelige spisende g\u00e6ster under et f\u00e6lles symbol p\u00e5 kulturel stolthed.<\/p>\n<p>Om natten finder man dog ofte bes\u00f8gende under strandpromenadens baldakiner eller i udend\u00f8rs barer, hvor DJ&#039;s spiller caribiske rytmer til de sm\u00e5 timer. Men i disse timer med musik og latter forbliver Cabarete forankret i sine naturlige kr\u00e6fter: passatvinde, der b\u00e6rer salt parfume ind i landet, stjerner, der suser over hovedet uden genskinnet fra byudbredelse, en tidevand, der ebber og floder som en stille metronom.<\/p>\n<p>I denne sammensmeltning af arv og fritid, af frie familier og frisindede atleter, opretholder Cabarete sin magnetisme. Den modst\u00e5r statisk definition, altid underlagt tidevandets bev\u00e6gelser, luftb\u00e5rne b\u00f8lger, mangroveskovens langsomme v\u00e6kst i skjulte laguner. Dens tiltr\u00e6kningskraft ligger ikke i et enkelt skue, men i elementernes kontinuerlige dans og de menneskeliv, der former dem; et sted, hvor historien l\u00f8ber under sandet, hvor hver drages bue tegner et nyt kapitel mod den caribiske himmel.<\/p>\n<p>S\u00e5ledes opdager de, der vover sig til Cabarete, mere end en surferby eller et strandresort. De m\u00f8der et palimpsest af fort\u00e6llinger \u2013 koloniale aspirationer, frigjorte arv, \u00f8kologiske vidundere og sportslige milep\u00e6le \u2013 der samler sig langs en smal kyststribe. Det er her, mellem kalkstensfremspring og ankerspil, at man kan v\u00e6rds\u00e6tte den ekstraordin\u00e6re finesse af et sted formet af b\u00e5de menneskelig vilje og naturens ukuelige kraft.<\/p>","protected":false},"excerpt":{"rendered":"<p>Cabarete, der ligger p\u00e5 den nordlige kyst af Den Dominikanske Republik, er kendt for sine uspolerede strande og aktive turismeindustri. Denne kystn\u00e6re beliggenhed ligger 18 kilometer fra Puerto Plata Internationale Lufthavn og byder p\u00e5 en kombination af moderne faciliteter, historisk betydning og bem\u00e6rkelsesv\u00e6rdige naturscenerier.<\/p>","protected":false},"author":1,"featured_media":4515,"parent":9128,"menu_order":0,"comment_status":"closed","ping_status":"closed","template":"elementor_theme","meta":{"_eb_attr":"","footnotes":""},"class_list":["post-9177","page","type-page","status-publish","has-post-thumbnail"],"_links":{"self":[{"href":"https:\/\/travelshelper.com\/da\/wp-json\/wp\/v2\/pages\/9177","targetHints":{"allow":["GET"]}}],"collection":[{"href":"https:\/\/travelshelper.com\/da\/wp-json\/wp\/v2\/pages"}],"about":[{"href":"https:\/\/travelshelper.com\/da\/wp-json\/wp\/v2\/types\/page"}],"author":[{"embeddable":true,"href":"https:\/\/travelshelper.com\/da\/wp-json\/wp\/v2\/users\/1"}],"replies":[{"embeddable":true,"href":"https:\/\/travelshelper.com\/da\/wp-json\/wp\/v2\/comments?post=9177"}],"version-history":[{"count":0,"href":"https:\/\/travelshelper.com\/da\/wp-json\/wp\/v2\/pages\/9177\/revisions"}],"up":[{"embeddable":true,"href":"https:\/\/travelshelper.com\/da\/wp-json\/wp\/v2\/pages\/9128"}],"wp:featuredmedia":[{"embeddable":true,"href":"https:\/\/travelshelper.com\/da\/wp-json\/wp\/v2\/media\/4515"}],"wp:attachment":[{"href":"https:\/\/travelshelper.com\/da\/wp-json\/wp\/v2\/media?parent=9177"}],"curies":[{"name":"wp","href":"https:\/\/api.w.org\/{rel}","templated":true}]}}