{"id":9122,"date":"2024-09-07T12:25:07","date_gmt":"2024-09-07T12:25:07","guid":{"rendered":"https:\/\/travelshelper.com\/staging\/?page_id=9122"},"modified":"2026-03-13T16:29:14","modified_gmt":"2026-03-13T16:29:14","slug":"sankt-anna","status":"publish","type":"page","link":"https:\/\/travelshelper.com\/da\/destinations\/north-america\/el-salvador\/santa-ana\/","title":{"rendered":"Sankt Anna"},"content":{"rendered":"<p>Santa Ana er den n\u00e6stst\u00f8rste by i El Salvador, efter hovedstaden San Salvador. Santa Ana, der ligger 64 kilometer nordvest for San Salvador, er en dynamisk by med en ansl\u00e5et befolkning p\u00e5 277.264 i 2020. Den fungerer som hovedstad i Santa Ana-departementet og er kommunes\u00e6de for den navngivne kommune. Kommunen er officielt opdelt i 35 colonias og 318 mindre bos\u00e6ttelser, hvilket illustrerer dens diversificerede og omfattende karakter.<\/p>\n<p>En prim\u00e6r \u00f8konomisk aktivitet i Santa Ana er forarbejdning af kaffeb\u00f8nner, en betydelig sektor i El Salvador. Byen er v\u00e6rt for et betydeligt forarbejdningsanl\u00e6g, der underst\u00f8tter denne vigtige \u00f8konomiske sektor. Denne industri tilbyder jobmuligheder for adskillige individer og bidrager til landets eksportprofit.<\/p>\n<p>I de senere \u00e5r er Santa Ana blevet en fremtr\u00e6dende turistattraktion, der tiltr\u00e6kker folk, der er ivrige efter at opleve salvadoransk kultur og skikke. Byens omfattende historie, sammen med dens kulturelle faciliteter, g\u00f8r den til en attraktiv destination for b\u00e5de lokale og udenlandske rejsende. Den siddende borgmester, Gustavo Acevedo, fra partiet Nuevas Ideas, har spillet en central rolle i at fremme turist- og kulturinitiativer i byen.<\/p>\n<p>Santa Ana er geografisk placeret p\u00e5 et plateau i en h\u00f8jde af cirka 665 meter over havets overflade. Denne h\u00f8jde giver et konstant varmt milj\u00f8 med en gennemsnitstemperatur p\u00e5 omkring 25 \u00b0C. Guajoyo-floden, en betydelig biflod til Lempa-floden, genneml\u00f8ber byen. Floden er hjemsted for et bem\u00e6rkelsesv\u00e6rdigt vandkraftv\u00e6rk, der leverer elektricitet til en betydelig del af den vestlige del af landet.<\/p>\n<p>Byen er omgivet af natursk\u00f8nne gr\u00f8nne bakker, is\u00e6r Tecana Hill og Santa Luc\u00eda Hills. Ilamatepec-vulkanen, den h\u00f8jeste vulkan i El Salvador, ligger i den sydlige del af kommunen. Vulkanen oplevede et moderat udbrud i 2005, hvilket resulterede i to d\u00f8dsfald. Ved siden af \u200b\u200bligger den fremtr\u00e6dende vulkan Izalco, der historisk set af s\u00f8folk i midten af \u200b\u200bdet 19. og begyndelsen af \u200b\u200bdet 20. \u00e5rhundrede blev omtalt som &#034;Stillehavets fyrt\u00e5rn&#034; p\u00e5 grund af dens tilbagevendende udbrud.<\/p>\n<p>Santa Anas \u00f8konomi drives af detail- og fremstillingssektoren. Byens nordlige og vestlige dele huser forskellige virksomheder og samlefabrikker, hvoraf mange er udenlandsk ejede. Byens sydlige del er mere kommercielt avanceret og byder p\u00e5 en r\u00e6kke restauranter, finansielle institutioner, hoteller og detailhandelscentre. Metrocentro er byens st\u00f8rste indk\u00f8bscenter og fungerer som et betydeligt detailhandelscenter for b\u00e5de lokale og bes\u00f8gende.<\/p>\n<p>Byen har to prim\u00e6re markeder: Col\u00f3n-markedet og Centralmarkedet. Markederne, der ligger kun f\u00e5 gader fra hinanden, tilbyder et varieret udvalg af varer og fungerer som pulserende knudepunkter for handel og dagligliv i Santa Ana.<\/p>\n<p>Turismesektoren i Santa Ana styrkes af dens mange historiske bygningsv\u00e6rker og kulturelle vartegn. Fremtr\u00e6dende tr\u00e6k er Catedral de Santa Ana, Alcald\u00eda Municipal de Santa Ana og Teatro de Santa Ana. Disse steder giver indblik i byens arkitektoniske arv og kulturelle fortid.<\/p>\n<p>Santa Ana har Occidental Regional Museum, eller Museum of the West, som er det eneste museum i byen, der er anerkendt af Concultura. El Museo Aja forbedrer byens kulturelle tilbud. Vandlandene Apanteos og Sihuatehuac\u00e1n tilbyder fremragende fritidsaktiviteter for familier og g\u00e6ster.<\/p>\n<p>Fiestas Julias, en traditionel fest, er en af \u200b\u200bde mest fremtr\u00e6dende kulturelle begivenheder i Santa Ana og finder sted \u00e5rligt fra 15. til 31. juli. Festlighederne finder ofte sted p\u00e5 Oscar Quite\u00f1o Stadium og repr\u00e6senterer en vigtig begivenhed i byens kulturelle kalender, der tiltr\u00e6kker et stort publikum og omfatter mange begivenheder og aktiviteter.<\/p>","protected":false},"excerpt":{"rendered":"<p>Santa Ana er den n\u00e6stst\u00f8rste by i El Salvador, efter hovedstaden San Salvador. Santa Ana, der ligger 64 kilometer nordvest for San Salvador, er en dynamisk by med en ansl\u00e5et befolkning p\u00e5 277.264 i 2020. Den fungerer som hovedstad i Santa Ana-departementet og er kommunes\u00e6de for den navngivne kommune. Kommunen er officielt opdelt i 35 colonias og 318 mindre bos\u00e6ttelser, hvilket illustrerer dens diversificerede og omfattende karakter.<\/p>","protected":false},"author":1,"featured_media":4401,"parent":9069,"menu_order":0,"comment_status":"closed","ping_status":"closed","template":"elementor_theme","meta":{"_eb_attr":"","footnotes":""},"class_list":["post-9122","page","type-page","status-publish","has-post-thumbnail"],"_links":{"self":[{"href":"https:\/\/travelshelper.com\/da\/wp-json\/wp\/v2\/pages\/9122","targetHints":{"allow":["GET"]}}],"collection":[{"href":"https:\/\/travelshelper.com\/da\/wp-json\/wp\/v2\/pages"}],"about":[{"href":"https:\/\/travelshelper.com\/da\/wp-json\/wp\/v2\/types\/page"}],"author":[{"embeddable":true,"href":"https:\/\/travelshelper.com\/da\/wp-json\/wp\/v2\/users\/1"}],"replies":[{"embeddable":true,"href":"https:\/\/travelshelper.com\/da\/wp-json\/wp\/v2\/comments?post=9122"}],"version-history":[{"count":0,"href":"https:\/\/travelshelper.com\/da\/wp-json\/wp\/v2\/pages\/9122\/revisions"}],"up":[{"embeddable":true,"href":"https:\/\/travelshelper.com\/da\/wp-json\/wp\/v2\/pages\/9069"}],"wp:featuredmedia":[{"embeddable":true,"href":"https:\/\/travelshelper.com\/da\/wp-json\/wp\/v2\/media\/4401"}],"wp:attachment":[{"href":"https:\/\/travelshelper.com\/da\/wp-json\/wp\/v2\/media?parent=9122"}],"curies":[{"name":"wp","href":"https:\/\/api.w.org\/{rel}","templated":true}]}}