{"id":9104,"date":"2024-09-07T11:31:28","date_gmt":"2024-09-07T11:31:28","guid":{"rendered":"https:\/\/travelshelper.com\/staging\/?page_id=9104"},"modified":"2026-03-13T16:30:12","modified_gmt":"2026-03-13T16:30:12","slug":"la-palma","status":"publish","type":"page","link":"https:\/\/travelshelper.com\/da\/destinations\/north-america\/el-salvador\/la-palma\/","title":{"rendered":"La Palma"},"content":{"rendered":"<p>La Palma rejser sig fra det t\u00e5geindhyllede h\u00f8jland i det nordlige El Salvador som en bos\u00e6ttelse, hvis beskedne dimensioner skjuler en overdimensioneret resonans i nationens kulturelle og politiske tapet. Med et areal p\u00e5 omkring 135,6 kvadratkilometer midt i de b\u00f8lgende rygs\u00f8jler i Cerro El Pital-bjergk\u00e6den, huser La Palma et samfund p\u00e5 omkring 24.000 sj\u00e6le (ca. 2006), hvis liv udfolder sig i h\u00f8jder, der fremkalder k\u00f8lige briser og frodige skove. Beliggende n\u00e6r den honduranske gr\u00e6nse, er dens administrative gr\u00e6nser - der str\u00e6kker sig nordp\u00e5 til San Ignacio og sydp\u00e5 til Agua Caliente, flankeret mod \u00f8st af de vidtstrakte kommuner San Fernando, San Francisco Moraz\u00e1n og La Reina, og omgivet mod vest af Metap\u00e1n og Cital\u00e1 - formet af Lempa-flodens bugtede l\u00f8b. Denne bjergrige enklave, der er kendetegnet ved et tempereret klima, der sj\u00e6ldent opleves andre steder i det tropiske lavland, er blevet synonym med b\u00e5de h\u00e5ndv\u00e6rksm\u00e6ssig opfindsomhed og med afg\u00f8rende \u00f8jeblikke i El Salvadors moderne historie.<\/p>\n<p>La Palmas oprindelse kan spores tilbage til kolonitiden, hvor en lille landsby \u2013 kendt som Palmita \u2013 slog rod ved Nonuapa-flodens nonpareil-str\u00f8m. I 1882 oversv\u00f8mmede en syndflod de tidlige beboelser og tvang de overlevende til at etablere et nyt sted p\u00e5 h\u00f8jere terr\u00e6n. Denne handling af kollektiv beslutsomhed gav byen, hvis navn i 1959 ville stige til kommunal status gennem et lovdekret, der forenede kantonerne Los Horcones, Los Planes, Las Granadillas, El Gramal, San Jos\u00e9 Sacar\u00e9, El T\u00fanel, El Aguacatal og San Josecalera under en enkelt borgerlig jurisdiktion. Overgangen fra Palmitas skr\u00f8belige landsby til en fuldgyldig kommune understregede indbyggernes evne til at skabe orden midt i naturens lune.<\/p>\n<p>Alligevel var det i El Salvadors borgerkrigs smeltedigel, at La Palmas ber\u00f8mmelse overskred geografisk marginalitet. Fra 1980 og fremefter beskyttede det barske terr\u00e6n de ideologiske kanaler for opr\u00f8rsstyrker. Dale og h\u00f8jderygge blev klassev\u00e6relser for guerilladoktriner, og skovkl\u00e6dte skr\u00e5ninger fungerede som b\u00e5de fristed og slagmark, n\u00e5r regeringstropper rykkede frem. Kommunen antog s\u00e5ledes dobbelt identitet: rugemaskine for revolution\u00e6r tankegang og teater for v\u00e6bnet konfrontation. Dens betydning krystalliserede sig den 15. oktober 1984, da pr\u00e6sident Jos\u00e9 Napole\u00f3n Duarte m\u00f8dtes i hemmelighed med ledere fra Frente Farabundo Mart\u00ed para la Liberaci\u00f3n Nacional inden for La Palmas distrikter og indledte de forhandlinger, der skulle kulminere i Chapultepec-fredsaftalerne. I denne flygtige dialoghandling - b\u00e5ret af h\u00e5bet om, at dialog kunne d\u00e6mpe volden - legemliggjorde La Palma en paradoksal alkymi: et stridspunkt forvandlet til en smeltedigel for forsoning.<\/p>\n<p>Topografien, der engang skjulte guerillalejre, underst\u00f8tter nu en blomstrende h\u00e5ndv\u00e6rks\u00f8konomi. I dag lever omkring tre fjerdedele af La Palmas indbyggere af h\u00e5ndv\u00e6rk og de flokke af bes\u00f8gende, der tiltr\u00e6kkes af deres ber\u00f8mmelse. I begyndelsen af \u200b\u200b1970&#039;erne introducerede den vision\u00e6re kunstner Fernando Llort en folkelig \u00e6stetik, der forenede oprindelige motiver med modernistisk geometri og katalyserede det, der skulle blive en unik h\u00e5ndv\u00e6rksindustri i El Salvador. V\u00e6rksteder blomstrede op i byens seks bydele og spredte sig til de 87 landlige caser\u00edos, der til sidst t\u00e6llede t\u00e6t p\u00e5 hundrede h\u00e5ndv\u00e6rksfaciliteter - halvdelen besk\u00e6ftiget med eksport af varer, der sp\u00e6nder fra h\u00e5ndmalet keramik til indviklet v\u00e6vede tekstiler. De indviklede m\u00f8nstre i Llorts sl\u00e6gt forsyner b\u00e5de hjemmemarkeder og gallerier i udlandet med genstande, der b\u00e6rer La Palmas umiskendelige pr\u00e6g. Indt\u00e6gterne fra disse virksomheder - delvist drevet af kulturturisme - underst\u00f8tter nu kommunens \u00f8konomiske stabilitet og afviger kraftigt fra den bredere nationale \u00f8konomi, hvor h\u00e5ndv\u00e6rk sj\u00e6ldent indtager en s\u00e5dan forrang.<\/p>\n<p>Den resterende fjerdedel af La Palmas arbejdsstyrke dyrker jorden og kaffeplantagerne, der h\u00e6nger op ad de tilg\u00e6ngelige skr\u00e5ninger. Gr\u00f8ntsager, majs og b\u00f8nner dyrker de lavereliggende jordlodder, mens kaffebuske \u2013 der engang tegnede sig for over halvdelen af \u200b\u200blandets eksportindt\u00e6gter i 1988 \u2013 nu er en formindsket indt\u00e6gtskilde og kun knapt udgjorde syv procent af eksportindt\u00e6gterne i 2004 p\u00e5 grund af international konkurrence. Selv om kaffehaverne skrumper ind, best\u00e5r de dog som rester af en engang dominerende industri, der pr\u00e6ger landskabet med p\u00e6ne r\u00e6kker af stedsegr\u00f8nne buske, hvis kaffekirseb\u00e6r r\u00f8dner mod den smaragdgr\u00f8nne krone.<\/p>\n<p>Ud over sine menneskelige aktiviteter omfatter La Palma en r\u00e6kke naturlige attraktioner, der bel\u00f8nner udforskning. En tretten kilometer lang k\u00f8retur fra bymidten f\u00f8rer op til Miramundo-skoven, hvor en h\u00f8jde p\u00e5 omkring 2.400 meter indvarsler en gennemsnitstemperatur p\u00e5 blot tolv grader Celsius. Der st\u00e5r skykl\u00e6dte fyrretr\u00e6er og egetr\u00e6er vagtposter over stier, der indbyder til kontemplative vandringer. N\u00e5r man g\u00e5r ned mod dalbunden, st\u00f8der man p\u00e5 San Ignacio i 1.010 meters h\u00f8jde - en landsby, hvis beskedne hoteller og guidede udflugter im\u00f8dekommer rejsende, der er opsatte p\u00e5 at pr\u00f8ve b\u00e5de regionens k\u00f8lige klima og dens flodbreds charme. En kort rejse nordp\u00e5 f\u00f8rer til Lempa-flodens l\u00f8b, hvor byen Cital\u00e1 troner som en vagtpost p\u00e5 dens bredder og tilbyder en rolig kontrast til h\u00f8jlandsudsigterne.<\/p>\n<p>L\u00e6ngere fremme ad bjergvejene fremst\u00e5r Las Pilas som en enklave, hvis klima falder endnu lavere end Miramundos, hvilket giver lokale avlere ideelle betingelser for bromb\u00e6r, jordb\u00e6r og ferskner, sammen med bladgr\u00f8ntsager som salat og k\u00e5l. Overfloden af \u200b\u200bdisse frugtplantager og marker afspejler landbrugsmetodernes tilpasningsevne til h\u00f8jdeinducerede mikroklimaer, og stien fra La Palma til Las Pilas tilbyder b\u00e5de natursk\u00f8nne vidundere og et glimt ind i et landbrugsliv i stor h\u00f8jde.<\/p>\n<p>Ved gr\u00e6nsen mellem nationer, fire kilometer uden for San Ignacio, rejser Cayahuanca-stenen sig omkring 1.550 meter over havets overflade. Dette klippefremspring, der markerer gr\u00e6nsen mellem Salvador og Honduras, giver panoramaudsigt over begge landes smaragdgr\u00f8nne bjergrygge. I den hellige uge samles lokale familier og pilgrimme p\u00e5 dens brede overflade for at se tusm\u00f8rket synke ned over en horisont delt af en smal linje i klippen - en \u00e5rlig ritual for f\u00e6lles samling, der varer ved ud over kirkelig overholdelse, symbolsk for en f\u00e6lles kulturarv, der bygger bro mellem nationale skel.<\/p>\n<p>Cerro El Pital, den h\u00f8jeste top i salvadoransk jord, ligger cirka tolv kilometer fra La Palma. Med sine 2.730 meter gennemborer den skylaget og troner over en skov, der har en \u00e5rlig gennemsnitstemperatur p\u00e5 ti grader Celsius. Bjergets k\u00f8lige omfavnelse giver lejlighedsvis f\u00e6nomener, der forbl\u00f8ffer selv dem, der har boet der l\u00e6nge: Den 13. april 2004 faldt en uventet frost og plettede islag ned, hvilket f\u00f8rte til forbl\u00f8ffede udr\u00e5b af &#034;nevada&#034; og en flygtig tyr til lokal overlevering i fors\u00f8get p\u00e5 at forklare en meteorologisk begivenhed, der er sj\u00e6lden p\u00e5 disse breddegrader. S\u00e5danne \u00f8jeblikke understreger bjergvejrets lunefulde natur og den ydmyghed, det indgyder hos dem, der bor ved dets f\u00f8dder.<\/p>\n<p>Administrativt set danner La Palmas otte kantoner og deres tilh\u00f8rende halvfjerds caser\u00edos et tapet af landlig bos\u00e6ttelse, der er indbyrdes forbundet og danner kommunens fastere kerne af seks bydistrikter. Folket\u00e6llinger illustrerer et samfund, der er vokset fra 5.337 sj\u00e6le i midten af \u200b\u200b1956 - n\u00e6sten ligeligt fordelt mellem 2.780 m\u00e6nd og 2.957 kvinder - til et kollektiv p\u00e5 omkring 24.000 i 2006, et vidnesbyrd om b\u00e5de naturlig tilv\u00e6kst og migrationsstr\u00f8mme, der har smeltet bym\u00e6ssige og landlige levevis sammen til \u00e9n regional identitet.<\/p>\n<p>Inden for disse rammer fungerer kunsth\u00e5ndv\u00e6rkerv\u00e6rkstederne ikke udelukkende som \u00f8konomiske motorer, men ogs\u00e5 som opbevaringssteder for kulturel hukommelse, der overf\u00f8rer motiver afledt af oprindelig symbolik, religi\u00f8s ikonografi og den levende flora og fauna i t\u00e5geskoven. Hver malet tallerken, hver udsk\u00e5ret figur, b\u00e6rer i miniature teksturerne af palmer ved flodbredden, fjerene fra tropiske fugle og konturerne af vulkanske tinder, der minder om Palmitas forsvundne flodbred, samtidig med at den hylder robustheden af \u200b\u200bdens efterf\u00f8lger, La Palma.<\/p>\n<p>Det er v\u00e6rd at reflektere over, at de samme skr\u00e5ninger, der var vidne til skudvekslinger og hemmelige strategisessioner, er blevet omdannet til l\u00e6rreder til kunst og handel. Guerillastierne, der engang blev tr\u00e5dt ned af soldater, snor sig nu forbi adobe-bekl\u00e6dte atelierer, hvis facader b\u00e6rer v\u00e6gmalerier i den naive stil, som Llort var banebrydende for. Her kan bes\u00f8gende observere h\u00e5ndv\u00e6rkere, der str\u00e6kker gesso over tr\u00e6, sliber naturlige pigmenter eller tegner geometriske m\u00f8nstre p\u00e5 keramiske fade og skaber forbindelser mellem lokal tradition og globale markeder. H\u00e5ndv\u00e6rk og konflikt - to facetter af menneskelig bestr\u00e6belse - er kommet til balance i La Palma, s\u00e5 den modstandsdygtighed, som modgang giver, er blevet uadskillelig fra den kreative impuls, der definerer byen i dag.<\/p>\n<p>Idet daggryet bryder frem over El Pital og oplyser t\u00e5gen i filamenter af rosa og guld, st\u00e5r La Palma som et mikrokosmos af El Salvadors bredere fort\u00e6lling: et land, hvor naturlig sk\u00f8nhed sameksisterer med en turbulent fortid, hvor kulturelt udtryk opst\u00e5r ud af modgang, og hvor f\u00e6llesskabsb\u00e5nd \u2013 styrket af f\u00e6lles historie \u2013 udstikker en kurs mod fornyelse. Den k\u00f8lige bjergluft b\u00e6rer hvisken om tidligere slag og om penselstr\u00f8g, der endnu ikke er udf\u00f8rt, om traktatforhandlinger, der engang blev afholdt under netop disse himmelstr\u00f8g, og om de h\u00e5ndv\u00e6rkere, der nu former byens sk\u00e6bne. For den rejsende, der vover sig til denne h\u00f8jlandskommune, overskrider m\u00f8det blot observationen af \u200b\u200bnatursk\u00f8nne udsigter; det bliver en fordybelse i en levende kr\u00f8nike, hvor hvert h\u00e5ndv\u00e6rk, hver dyrket mark og hver mosdryppet sti fort\u00e6ller en historie om transformation og udholdenhed.<\/p>\n<p>I sidste ende afsl\u00f8rer La Palma sig hverken som et statisk levn eller et rengjort museum for national hukommelse, men snarere som en dynamisk bos\u00e6ttelse, hvor historie og kunst er i konstant dialog. Ved at spore dens oprindelse fra en landsby ved floden til en smeltedigel af politisk enighed og videre til et fyrt\u00e5rn af kunstnerisk ekspertise, ser man et vedvarende kontinuum - en fort\u00e6lling, der binder sammen oversv\u00f8mmelsesp\u00e5tvungen migration, interne konflikter og den f\u00e6lles str\u00e6ben efter at skabe sk\u00f8nhed ud af leret af menneskelig erfaring. Det er langs disse skr\u00e5ninger, midt i ekkoet af flod og h\u00f8jderyg, at La Palma forts\u00e6tter med at skrive sit kapitel i El Salvadors historie.<\/p>","protected":false},"excerpt":{"rendered":"<p>La Palma, en natursk\u00f8n kommune beliggende i Chalatenango-departementet i El Salvador, er et eksempel p\u00e5 den rige historiske og kulturelle arv i dette mellemamerikanske land. La Palma, der d\u00e6kker et areal p\u00e5 135,60 kvadratkilometer, ligger i et bakket omr\u00e5de kendt for sin naturlige sk\u00f8nhed og dynamiske kunsth\u00e5ndv\u00e6rkersamfund. I 2006 havde denne kommune en befolkning p\u00e5 over 24.000, hvilket fremviser en levende kombination af bym\u00e6ssig og landlig livsstil.<\/p>","protected":false},"author":1,"featured_media":3498,"parent":9069,"menu_order":0,"comment_status":"closed","ping_status":"closed","template":"elementor_theme","meta":{"_eb_attr":"","footnotes":""},"class_list":["post-9104","page","type-page","status-publish","has-post-thumbnail"],"_links":{"self":[{"href":"https:\/\/travelshelper.com\/da\/wp-json\/wp\/v2\/pages\/9104","targetHints":{"allow":["GET"]}}],"collection":[{"href":"https:\/\/travelshelper.com\/da\/wp-json\/wp\/v2\/pages"}],"about":[{"href":"https:\/\/travelshelper.com\/da\/wp-json\/wp\/v2\/types\/page"}],"author":[{"embeddable":true,"href":"https:\/\/travelshelper.com\/da\/wp-json\/wp\/v2\/users\/1"}],"replies":[{"embeddable":true,"href":"https:\/\/travelshelper.com\/da\/wp-json\/wp\/v2\/comments?post=9104"}],"version-history":[{"count":0,"href":"https:\/\/travelshelper.com\/da\/wp-json\/wp\/v2\/pages\/9104\/revisions"}],"up":[{"embeddable":true,"href":"https:\/\/travelshelper.com\/da\/wp-json\/wp\/v2\/pages\/9069"}],"wp:featuredmedia":[{"embeddable":true,"href":"https:\/\/travelshelper.com\/da\/wp-json\/wp\/v2\/media\/3498"}],"wp:attachment":[{"href":"https:\/\/travelshelper.com\/da\/wp-json\/wp\/v2\/media?parent=9104"}],"curies":[{"name":"wp","href":"https:\/\/api.w.org\/{rel}","templated":true}]}}