{"id":9069,"date":"2024-09-07T10:45:07","date_gmt":"2024-09-07T10:45:07","guid":{"rendered":"https:\/\/travelshelper.com\/staging\/?page_id=9069"},"modified":"2026-03-13T16:30:26","modified_gmt":"2026-03-13T16:30:26","slug":"el-salvador","status":"publish","type":"page","link":"https:\/\/travelshelper.com\/da\/destinations\/north-america\/el-salvador\/","title":{"rendered":"El Salvador"},"content":{"rendered":"<p>El Salvador, Republikken El Salvador, d\u00e6kker et smalt omr\u00e5de af Mellemamerika mellem breddegraderne 13\u00b0 og 15\u00b0 N og l\u00e6ngdegraderne 87\u00b0 og 91\u00b0 V. Det d\u00e6kker et areal p\u00e5 omkring 21.041 km\u00b2 med en befolkning ansl\u00e5et til seks millioner i 2024. Denne kompakte republik \u2013 k\u00e6rligt d\u00f8bt &#034;Amerikas Tommelfinger&#034; \u2013 gr\u00e6nser mod nordvest til Guatemala, mod nord\u00f8st til Honduras og mod syd til Stillehavet og har San Salvador som hovedstad og den mest folkerige by. Trods sin beskedne st\u00f8rrelse str\u00e6kker El Salvadors terr\u00e6n sig fra kystsletter til vulkanske h\u00f8jland, dens menneskelige tapet v\u00e6ver pr\u00e6columbianske arv med koloniale omv\u00e6ltninger, og dens udviklende \u00f8konomi balancerer landbrugsr\u00f8dder med nye industri- og servicesektorer.<\/p>\n<p>L\u00e6nge f\u00f8r europ\u00e6iske fart\u00f8jer kl\u00f8vede Stillehavets horisont, satte successive mesoamerikanske civilisationer deres fodspor. Ark\u00e6ologiske rester af olmekernes tilstedev\u00e6relse omkring det f\u00f8rste \u00e5rtusinde f.Kr. giver antydninger af tidlig samfundsm\u00e6ssig kompleksitet, mens efterf\u00f8lgende mayabos\u00e6ttelser efterlod arkitektoniske og ikonografiske spor blandt bakkerne. Da de pipil-nahuatl-talende cuzcatleker opn\u00e5ede regional fremtr\u00e6dende plads, havde et dynamisk kulturelt milj\u00f8 taget form, pr\u00e6get af rituelle pladser og landbrugsinnovation. Disse oprindelige samfund opretholdt st\u00e6rkt sammenkoblede netv\u00e6rk af handel og tro indtil begyndelsen af \u200b\u200bdet sekstende \u00e5rhundrede, hvor spanske conquistadorer pressede ind i landet fra Guatemala og indf\u00f8rte koloniale strukturer, der ville vare i tre \u00e5rhundreder.<\/p>\n<p>Den spanske krones herred\u00f8mme over Mellemamerika krystalliserede sig i 1609 med oprettelsen af \u200b\u200b\u200b\u200bGeneralkaptajnen i Guatemala, hvorved El Salvadors territorium blev styret fra Mexico City, men samtidig opretholdt en grad af provinsiel autonomi. Inden for denne ramme koncentrerede lokale jordbesiddere sin rigdom i indigo- og kakaodyrkning og dyrkede en \u00f8konomi, der oprindeligt var bundet til oprindelige basisvarer, som koloniale eliter havde beslaglagt. Med den mexicanske uafh\u00e6ngighedskrig og Nyspaniens sammenbrud i 1821 sluttede El Salvador sig kortvarigt til det F\u00f8rste Mexicanske Imperium, f\u00f8r det h\u00e6vdede medlemskab af Forbundsrepublikken Mellemamerika i 1823. Dets status som en suver\u00e6n stat opstod efter f\u00f8derationens opl\u00f8sning i 1841; et senere eksperiment med den Storrepublik Mellemamerika (1896-1898) ville retf\u00e6rdigg\u00f8re regionens splittede tilb\u00f8jeligheder.<\/p>\n<p>I slutningen af \u200b\u200bdet nittende og begyndelsen af \u200b\u200bdet tyvende \u00e5rhundrede blev de socio\u00f8konomiske uligheder h\u00e5rdere og blev til rodf\u00e6stede hierarkier af jordbesiddelse og politisk indflydelse. Et plantageoligarki monopoliserede kaffeeksporten \u2013 i begyndelsen af \u200b\u200b1900-tallet tegnede det sig for forbl\u00f8ffende halvfems procent af valutaindt\u00e6gterne \u2013 mens st\u00f8rstedelen af \u200b\u200blandbefolkningen tjente til livets ophold p\u00e5 marginale jordstykker. Periodiske opr\u00f8r og kup markerede en r\u00e6kke autorit\u00e6re administrationer, der kulminerede i den salvadoranske borgerkrig (1979-1992). Denne tolv\u00e5rige konflikt satte en amerikansk-st\u00f8ttet milit\u00e6rregering op mod en koalition af venstreorienterede guerillaer; ved dens afslutning under Chapultepec-fredsaftalerne var en flerpartirepublik blevet etableret. Under og efter fjendtlighederne fandt n\u00e6sten en million salvadoranere vej til USA og dannede det sjette st\u00f8rste immigrantsamfund der i 2008.<\/p>\n<p>Det \u00f8konomiske liv i tiden efter freden har s\u00f8gt diversificering ud over kaffens tidligere herred\u00f8mme. Col\u00f3nen - El Salvadors monet\u00e6re enhed siden 1892 - blev erstattet af den amerikanske dollar i 2001, hvilket skabte t\u00e6ttere finansielle b\u00e5nd til de nordamerikanske markeder. Initiativer til at udvide fremstillings- og serviceindustrien har ledsaget liberaliserede handelspolitikker, hvilket har f\u00f8rt til beskedne reduktioner i indkomstuligheden i 2019 til det laveste niveau blandt nabostaterne. Ikke desto mindre rangerede en sammenlignende unders\u00f8gelse fra 2021 landets \u00f8konomi blandt de mindst komplekse med hensyn til forretningsm\u00e6ssig sofistikering, en p\u00e5mindelse om vedvarende udfordringer, selv midt i gradvise fremskridt.<\/p>\n<p>Topografisk set f\u00e5r El Salvador sin karakter fra vulkanske processer. Landet er forankret i Stillehavets Ring of Fire og har over tyve vulkaner, hvoraf mange stadig er aktive eller potentielt er det. Ilamatepec (Santa Anna-vulkanen) h\u00e6ver sig til 2.384 meter over havets overflade, mens Chaparrastique (San Miguel-vulkanen) udviser den h\u00f8jeste hyppighed af udbrud. Parallelle bjergk\u00e6der flankerer et centralt plateau, hvis skr\u00e5ninger gennemsk\u00e5ret af mere end tre hundrede floder, der med Rio Lempa som den eneste sejlbare vandvej l\u00f8ber ud i Stillehavet. Mellem disse h\u00f8jlande ligger kraters\u00f8er som Ilopango og Coatepeque, rester af voldsomme udbrud, der nu underst\u00f8tter b\u00e5de fiskeri og turisme, sammen med kunstige reservoirer som Cerr\u00f3n Grande, der underst\u00f8tter vandkraftproduktion.<\/p>\n<p>Klimatisk set hersker der et todelt regime: en v\u00e5d s\u00e6son, invierno, fra maj til oktober bringer op til to tusind millimeter regn \u00e5rligt til bjergskr\u00e5ninger, mens den t\u00f8rre s\u00e6son, verano, str\u00e6kker sig fra november til april under p\u00e5virkning af nord\u00f8stlige passatvinde, der er blevet befriet for fugt ved passage over Honduras. Temperatursvingninger afh\u00e6nger mere af h\u00f8jden end af kalenderen: kystn\u00e6re lavlandstemperaturer ligger i gennemsnit mellem 25 \u00b0C og 29 \u00b0C; det centrale plateau ligger p\u00e5 omkring 23 \u00b0C; og h\u00f8jereliggende omr\u00e5der falder ned mod encifrede n\u00e6tter. San Salvador registrerer selv ekstreme temperaturer fra 6 \u00b0C til 38 \u00b0C, hvilket vidner om den moderate h\u00f8jde p\u00e5 omkring syv hundrede meter.<\/p>\n<p>I de seneste \u00e5rtier er turisme blevet en vigtig sektor og har i 2019 bidraget med 2,97 milliarder amerikanske dollars \u2013 elleve procent af BNP. Strande som El Tunco, El Sunzal og La Costa del Sol tiltr\u00e6kker surfere, der nyder de konstante b\u00f8lger i Stillehavet; vulkanske stigninger op ad Santa Ana og Izalco udfordrer vandrere med panoramaudsigt over krateret; og ark\u00e6ologiske steder som Joya de Cer\u00e9n \u2013 ofte sammenlignet med et centralamerikansk Pompeji \u2013 og Tazumal inviterer til fordybelse i det pr\u00e6spanske liv. Kolonibyer, fra Suchitoto med sine brostensbelagte gader til Apanecas udsigter over kaffelandet, bevarer fragmenter af arkitektonisk arv, samtidig med at de tilbyder kunsth\u00e5ndv\u00e6rk. \u00d8koturisme-nicher findes i overflod i Montecristo Cloud Forest, Bosque El Imposible og en konstellation af \u00f8er \u2013 Olomega, Meanguera, Conchagua \u2013 hvor fuglekolonier trives, og fiskerlandsbyer bevarer deres traditionsrige rytmer.<\/p>\n<p>Offentlig infrastruktur har oplevet blandede held. En unders\u00f8gelse fra 2015 foretaget af University of North Carolina roste El Salvador for at have opn\u00e5et de st\u00f8rste globale fremskridt inden for lige adgang til vandforsyning og sanitet, men forurening af floder og et monopollignende offentligt forsyningsselskab signalerer ul\u00f8ste problemer. Midt i COVID-19-pandemien repr\u00e6senterede omdannelsen af \u200b\u200bet stort konferencecenter til Hospital El Salvador - det st\u00f8rste i Latinamerika - b\u00e5de en strategisk reaktion og en varig investering i sundhedsv\u00e6senet. Faciliteten, der blev indviet den 22. juni 2020, tilbyder nu over tusind sengepladser p\u00e5 intensivafdelingen, omfattende radiologi- og blodbanktjenester samt et integreret lighus til en pris, der n\u00e6rmer sig 75 millioner amerikanske dollars.<\/p>\n<p>Forbindelserne str\u00e6kker sig gennem Monse\u00f1or \u00d3scar Arnulfo Romero International Airport, der ligger omkring fyrre kilometer syd\u00f8st for hovedstaden. Fra disse asfaltveje begiver de bes\u00f8gende sig ud \u2013 omend inden for de narrative rammer for deres ankomst \u2013 mod et land, hvis sammensatte befolkning afspejler \u00e5rhundreders sammenblanding mellem indf\u00f8dte pipiler, spanske bos\u00e6ttere og slavebundne afrikanere. Migration fra land til by siden 1960&#039;erne har gjort El Salvador til den t\u00e6ttest befolkede stat i det kontinentale Amerika, hvor n\u00e6sten 42 procent af befolkningen stadig bor i landlige samfund, selvom San Salvador vokser til omkring 2,1 millioner indbyggere.<\/p>\n<p>Kulturelle udtryk trives i litteratur, kunst og sang. Forfattere fra Francisco Gavidia til Roque Dalton, fra Claudia Lars til Manlio Argueta, har givet stemme til social kamp og mytisk erindring. Malere som Camilo Minero, Carlos Ca\u00f1as og kollektivet kendt som Studio Lenca tilf\u00f8rer l\u00e6rreder spektrale farver og historisk refleksion. Filminstrukt\u00f8rer - blandt dem afd\u00f8de Baltasar Polio og Patricia Chica - og karikaturtegnere som To\u00f1o Salazar udnytter visuelle medier til samfundskommentarer. Kirken har ud\u00f8vet en dyb indflydelse, der mest gribende kommer til udtryk i \u00e6rkebiskop \u00d3scar Romeros martyrium midt i et korstog for menneskerettigheder; jesuitforskerne Ignacio Ellacur\u00eda, Ignacio Mart\u00edn-Bar\u00f3 og Segundo Montes betalte ligeledes den ultimative pris under borgerkrigen.<\/p>\n<p>Kulinariske traditioner forankrer den nationale identitet omkring majs og den oprindelige flora. Pupusa - h\u00e5ndpressede tortillas fyldt med quesillo, chicharr\u00f3n, refried beans eller loroco - er i et forfatningsdekret nedf\u00e6ldet som El Salvadors nationalret og fejres \u00e5rligt den anden s\u00f8ndag i november. Salvadoranske borde vrimler med yuca frita ledsaget af curtido og fl\u00e6skesv\u00e6r, mens panes con pollo byder p\u00e5 krydret, h\u00e5ndtrukket kalkun eller kylling i en ub\u00e5dsbolle, garneret med br\u00f8ndkarse, agurk og et arkiv af krydderier. Morgenritualer inkluderer stegte plantains dryppet med fl\u00f8de og forfriskninger s\u00e5som morro-fr\u00f8 horchata eller den frugtfyldte ensalada; en kage med tre m\u00e6lkesorter gennembl\u00f8der mandelduftende svamp i kondenseret, kondenseret og m\u00e6lkeagtig fl\u00f8de til en dessert, der h\u00e6nger l\u00e6nge ved ganen.<\/p>\n<p>Inden for denne sammenfletning af historier og topografier afsl\u00f8rer El Salvador sig selv som et mikrokosmos af centralamerikansk sp\u00e6nding og l\u00f8fte. Vulkantinder afspejler forf\u00e6dres kulturs smeltedigler, mens kystrev afspejler den dynamiske gr\u00e6nseflade mellem land og hav. Kaffeplantager minder om epoker med eksportdrevet overd\u00e5dighed og ulighed, selvom produktionsparker og turismekorridorer peger mod diversificerede fremtider. Floder l\u00f8ber gennem det indre h\u00f8jland og opretholder landbrug, men er truet af forurenende stoffer fra spirende bycentre. Et folks \u00e5nd \u2013 formet af erobring og modstand, diaspora og tilbagevenden \u2013 finder udtryk i v\u00e6gmalerier og manuskripter, i sonoransk omkv\u00e6d og b\u00f8lger ved stranden.<\/p>\n<p>I morgengryets stilhed p\u00e5 toppen af \u200b\u200bIlamatepec kan man fornemme et kontinuum af epokale bev\u00e6gelser under den frugtbare jord. Fra Guatemalas gr\u00e6nse b\u00f8lger Lempa-floden og b\u00e6rer sediment og historier mod Stillehavets saltlage; p\u00e5 San Salvadors pladser v\u00e6ves hverdagens summen sammen med mindeh\u00f8jtideligheden om ofre. P\u00e5 tv\u00e6rs af landbrugsjord og fabrikker, museer og markeder fremkalder republikkens konturer modstandsdygtighed i modgang og en uudtalt pagt mellem fortid og fremtid. El Salvador st\u00e5r ved et knudepunkt af element\u00e6re kr\u00e6fter - tektoniske, kulturelle, \u00f8konomiske - dens fort\u00e6lling er formet af det uoph\u00f8rlige samspil mellem jord og mennesker og vidner om en nation, der b\u00e5de er kompakt i skala og ekspansiv i menneskelig indsats.<\/p>","protected":false},"excerpt":{"rendered":"<p>El Salvador, formelt omtalt som Republikken El Salvador, er et sp\u00e6ndende land beliggende i Mellemamerika. Det er omgivet af Honduras mod nord\u00f8st, Guatemala mod nordvest og det vidtstrakte Stillehav mod syd. San Salvador, landets hovedstad og st\u00f8rste by, fungerer som det politiske, kulturelle og \u00f8konomiske centrum. I 2023 blev El Salvadors befolkning ansl\u00e5et til omkring 6,5 millioner, hvilket indikerer dets position som en af \u200b\u200bde t\u00e6ttest befolkede nationer i omr\u00e5det.<\/p>","protected":false},"author":1,"featured_media":3277,"parent":24084,"menu_order":0,"comment_status":"closed","ping_status":"closed","template":"elementor_theme","meta":{"_eb_attr":"","footnotes":""},"class_list":["post-9069","page","type-page","status-publish","has-post-thumbnail"],"_links":{"self":[{"href":"https:\/\/travelshelper.com\/da\/wp-json\/wp\/v2\/pages\/9069","targetHints":{"allow":["GET"]}}],"collection":[{"href":"https:\/\/travelshelper.com\/da\/wp-json\/wp\/v2\/pages"}],"about":[{"href":"https:\/\/travelshelper.com\/da\/wp-json\/wp\/v2\/types\/page"}],"author":[{"embeddable":true,"href":"https:\/\/travelshelper.com\/da\/wp-json\/wp\/v2\/users\/1"}],"replies":[{"embeddable":true,"href":"https:\/\/travelshelper.com\/da\/wp-json\/wp\/v2\/comments?post=9069"}],"version-history":[{"count":0,"href":"https:\/\/travelshelper.com\/da\/wp-json\/wp\/v2\/pages\/9069\/revisions"}],"up":[{"embeddable":true,"href":"https:\/\/travelshelper.com\/da\/wp-json\/wp\/v2\/pages\/24084"}],"wp:featuredmedia":[{"embeddable":true,"href":"https:\/\/travelshelper.com\/da\/wp-json\/wp\/v2\/media\/3277"}],"wp:attachment":[{"href":"https:\/\/travelshelper.com\/da\/wp-json\/wp\/v2\/media?parent=9069"}],"curies":[{"name":"wp","href":"https:\/\/api.w.org\/{rel}","templated":true}]}}