{"id":9044,"date":"2024-09-07T10:13:08","date_gmt":"2024-09-07T10:13:08","guid":{"rendered":"https:\/\/travelshelper.com\/staging\/?page_id=9044"},"modified":"2026-03-13T16:27:47","modified_gmt":"2026-03-13T16:27:47","slug":"antigua-guatemala","status":"publish","type":"page","link":"https:\/\/travelshelper.com\/da\/destinations\/north-america\/guatemala\/antigua\/","title":{"rendered":"Antigua Guatemala"},"content":{"rendered":"<p>Antigua Guatemala ligger midt i det b\u00f8lgende h\u00f8jland i det centrale Guatemala. Byen har omkring 34.685 indbyggere if\u00f8lge folket\u00e6llingen i 2007 og fungerer som hoveds\u00e6de for Sacatep\u00e9quez-departementet. Byen, der engang var hjemsted for omkring 65.000 indbyggere i sin storhedstid i det 18. \u00e5rhundrede, ligger i et omr\u00e5de defineret af vulkanske h\u00f8jderygge og frugtbare dale, der formede dens fremgang som kolonihovedstad og UNESCOs verdensarvssted. Dens barokke facader og ortogonale gadeplan placerer Antigua i hjertet af Guatemalas historiske erindring. I l\u00f8bet af et halvt \u00e5rtusinde har seismiske omv\u00e6ltninger og menneskelig modstandsdygtighed skabt et sted, hvis stille brostensbelagte arterier hvisker b\u00e5de kejserlig storhed og moderne dynamik.<\/p>\n<p>Antigua, der blev grundlagt i 1543 som hovedstad for Guatemalas generalkaptajn, fik hurtigt en rolle som regional forrang. Byens panoramiske udsigt \u2013 indrammet af Volc\u00e1n de Agua og to vulkanske s\u00f8skende \u2013 inviterede byplanl\u00e6ggere til at udforme et h\u00f8visk gitter kronet af store kirkekomplekser. I de f\u00f8lgende \u00e5rhundreder har arkitekter og kunsth\u00e5ndv\u00e6rkere gennemsyret offentlige bygningsv\u00e6rker med et strengt baroksprog: pilastre, buede gavler og udf\u00f8rligt udsk\u00e5rne portaler. I midten af \u200b\u200bdet 18. \u00e5rhundrede var Antiguas pladser og portaler eksemplificeret p\u00e5 storbym\u00e6ssig raffinement i Ny Spaniens sydlige omr\u00e5der, et ry, der blev beseglet, da UNESCO indskrev byen p\u00e5 sin verdensarvsliste i 1979.<\/p>\n<p>Jordsk\u00e6lvet den 29. juli 1773 rev byens fundamenter i stykker og spredte befolkningen ud over landskabet. Efter rystelserne flygtede de fleste indbyggere til Guatemala Citys sikkerhed og efterlod Antigua i ruiner. I \u00e5rtier stod kirker, regeringskontorer og klostre som hule monolitter \u2013 vidnesbyrd om b\u00e5de \u00f8kologisk skr\u00f8belighed og menneskelig udholdenhed. Det var f\u00f8rst i 1944, da pr\u00e6sident Jorge Ubico udpegede resterne som et nationalt monument, at seri\u00f8s bevaring begyndte. H\u00e5ndv\u00e6rkere vendte tilbage til smuldrende portaler, podede ny m\u00f8rtel p\u00e5 slidt sten, og de f\u00f8rste fors\u00f8g p\u00e5 delvis genopbygning begyndte at lokke liv tilbage i de forladte d\u00f8r\u00e5bninger.<\/p>\n<p>Central Park \u2013 Parque Central \u2013 er fortsat det pulserende hjerte af bylivet, dens koncentriske, cirkul\u00e6re gangstier udstr\u00e5ler fra et restaureret springvand fra det 17. \u00e5rhundrede. Der samles de lokale under pyntede tr\u00e6er ved middagstid og igen ved skumringstid, n\u00e5r luften k\u00f8ler af, og pladsen glimter i lampelyset. P\u00e5 dens nordlige flanke buer Santa Catalina-buen, oprindeligt udt\u00e6nkt i det 17. \u00e5rhundrede som en overd\u00e6kket passage for klostergange. Dens slanke klokket\u00e5rn, der blev podet p\u00e5 i 1830&#039;erne, indrammer nu et af regionens mest ikoniske fotografiske billeder: buens blege form mod den imponerende silhuet af Volc\u00e1n de Agua.<\/p>\n<p>Hver fastetid antager Antigua en from s\u00e6rpr\u00e6g. Fra askeonsdag og fremefter vandrer sogneb\u00f8rn og bes\u00f8gende pilgrimme langs processionsruter, der er udj\u00e6vnet af tusindvis af fodtrin. Under deres f\u00f8dder forvandler flygtige t\u00e6pper - v\u00e6vet af farvet savsmuld, blomsterblade, fyrren\u00e5le og til tider modne frugter - brostenene til levende gobeliner. Uge efter uge sponsorerer kirkelige broderskaber disse flygtige kunstv\u00e6rker, der kulminerer i den hellige uges h\u00f8jtidelighed p\u00e5 palmes\u00f8ndag og langfredag. I disse \u00f8jeblikke m\u00f8des byens lag af tro og historie, mens r\u00f8gelse driver rundt i \u00f8delagte klostre og barokke portaler.<\/p>\n<p>Turisme udviklede sig til byens vigtigste \u00f8konomiske motor. Antigua fungerer nu som et knudepunkt for opdagelsesrejsende, der er p\u00e5 vej til Mellemamerikas regnskove, h\u00f8jlandslandsbyer og caribiske kyster. Krydstogtskibe, der sejler fra havne i Stillehavet og Atlanterhavet, inkluderer ofte Antigua p\u00e5 deres rejseplaner, hvilket lokker tusindvis af mennesker til at vandre rundt i gaderne hver dag. Et blomstrende pensionistsamfund af udl\u00e6ndinge fra Nordamerika og Europa giver lokale caf\u00e9er og kunsth\u00e5ndv\u00e6rkermarkeder en international patina og giver byen en stabil eftersp\u00f8rgsel efter tjenester og faciliteter.<\/p>\n<p>Landbrug var engang lige s\u00e5 vigtigt for Antiguas befolkning som for handel. De omkringliggende sletter gav rigelige h\u00f8ster \u2013 majs, b\u00f8nner og frugttr\u00e6er trivedes p\u00e5 vulkansk jord med en enorm frugtbarhed. Kaffedyrkning opstod som en senere salgsafgr\u00f8de, og regionens b\u00f8nner blev v\u00e6rdsat af det nationale kooperativ Anacaf\u00e9. I de seneste \u00e5rtier har sm\u00e5 plantager og kooperativer beundret bes\u00f8gende, der s\u00f8ger b\u00e5de ravfarvede \u00f8l og indsigt i traditioner fra b\u00f8nne til kop.<\/p>\n<p>Sprogfordybelsesprogrammer er blandt byens mest karakteristiske tilbud. Spanskundervisningsinstitutioner er vokset som et sekund\u00e6rt tekstil i \u00f8konomien og er v\u00e6rt for studerende fra Europa, Asien og Nordamerika. Klassev\u00e6relserne har udsigt over flisebelagte g\u00e5rdhaver og blomstrende bougainvillea, hvor instrukt\u00f8rer guider grammatik\u00f8velser og samtale\u00f8velser midt i summen af \u200b\u200blokale markeder. For mange fungerer Antigua som et indgangspunkt ikke kun til guatemalansk spansk, men ogs\u00e5 til en forst\u00e5else af den oprindelige kultur, koloniale arv og de lagdelte identiteter, der udg\u00f8r det moderne Mellemamerika.<\/p>\n<p>De kulinariske muligheder sp\u00e6nder over det velkendte og det eksotiske. P\u00e5 det kommunale marked ved siden af \u200b\u200bden centrale busstation serverer s\u00e6lgere chap\u00edn-morgenmad med refried beans, spejl\u00e6g, plantain og frisk ost, alt sammen ledsaget af h\u00e5ndlavede tortillas. Ud over dette hjerte pr\u00e6senterer restauranterne tapas i middelhavsstil, tyndbundede pizzaer, ramen bowls, hamburgere og britiske t\u00e6rter. Konditorer laver \u00e9clairs og croissanter, hvis glasur glimter under lyset i montrene. Gennem disse tilbud afspejler Antiguas gastronomiske scene en sammenstilling af lokal tradition og global indflydelse, hvor hver tallerken er et mikrokosmos af byens udviklende karakter.<\/p>\n<p>Byens gadenet str\u00e6kker sig fra Parque Central som dens udgangspunkt, et kompasorienteret gitter af avenidas og calles. All\u00e9er nummereret fra et til otte l\u00f8ber nord-syd, betegnet norte eller sur ved deres breddegrad i forhold til 5\u00aa Calle. P\u00e5 tv\u00e6rs g\u00e5r gader fra et til ni \u00f8st-vest, identificeret oriente eller poniente ved l\u00e6ngdegrad i forhold til 4\u00aa Avenida. De fleste hj\u00f8rner mangler skiltning, hvilket inviterer nytilkomne til at konsultere lokale r\u00e5d eller risikere form\u00e5lsl\u00f8s vandring langs brosten, hvis uj\u00e6vne overflader afspejler \u00e5rhundreders fodg\u00e6ngertrafik.<\/p>\n<p>Antiguas ruiner fra kolonitiden er blandt dens mest fascinerende attraktioner. Skeletresterne af klostre og offentlige bygninger fremkalder fort\u00e6llinger om guddommelig l\u00e6ngsel og seismisk ruin. Efter jordsk\u00e6lvet i 1773 l\u00e5 strukturerne forladte, indtil bevaringsindsatsen i midten af \u200b\u200bdet 20. \u00e5rhundrede gjorde dem tilg\u00e6ngelige igen. Bes\u00f8gende, der tr\u00e6der ind i disse rum, konfronteres med lagdelte palimpsester af stenarbejde - d\u00f8r\u00e5bninger halvt forseglede, hv\u00e6lvinger buede, men uunderst\u00f8ttede, og facader med spor af udsk\u00e5ret sten, der overlevede jordsk\u00e6lvets voldsomhed.<\/p>\n<p>San Jos\u00e9-katedralen, hvis facade stammer fra 1680, st\u00e5r stadig som en af \u200b\u200bMellemamerikas st\u00f8rste barokke portaler. St\u00f8rstedelen af \u200b\u200bkirkeskibet bukkede under for rystelser, men den udsmykkede frontispice er stort set intakt. Rekonstruktionen i det nittende \u00e5rhundrede gjorde det muligt for bygningen at genoptage kirkelige funktioner, mens ruinerne vidner om h\u00e5ndv\u00e6rkernes dygtighed og tro fra det 18. \u00e5rhundrede. I n\u00e6rheden tilbyder Colegio de San Jer\u00f3nimo en kontrast i intim skala - en kortlivet skole, der blev f\u00e6rdiggjort i 1757, og som husede mercedariske munke, f\u00f8r den blev omdannet til et toldhus. Dens klosterhaver, centreret omkring et yndefuldt springvand, fungerer nu som steder for danseforestillinger og kulturelle festivaler og indrammer udsigten over den fjerne vulkan.<\/p>\n<p>Mod \u00f8st bevarer Convento de Capuchinas de stille celler, der engang var beboet af nonner fra Zaragoza. Fragment\u00e6re v\u00e6gge viger for indre haver, hvor bougainvillea og citrustr\u00e6er trives i geometriske bede. N\u00e5r man g\u00e5r op ad en tagterrasse, f\u00e5r man et panorama af tegltage og det omkringliggende h\u00f8jland. En kort g\u00e5tur bringer \u00e9n til Convento de Santa Clara, hvis bagvendte facade, overd\u00e5digt udsmykket med st\u00f8bt stuk, afspejler de franciskanske s\u00f8stres udf\u00f8rlige smag. Under dens buer samler en g\u00e5rdhave lys til eftermiddagsmeditation og stille kontemplation.<\/p>\n<p>Blandt de mest bes\u00f8gte kirkeruiner st\u00e5r San Francisco el Grande. Dens flerkuplede form huser resterne af Hermano Pedro de San Jos\u00e9 Betancurt, Guatemalas f\u00f8rste indf\u00f8dte kanoniserede helgen. Kirken, der delvist blev genopbygget efter jordsk\u00e6lvet, er stadig aktiv og huser et beskedent museum dedikeret til helgenens liv i tjeneste for de tr\u00e6ngende. F\u00e5 gader vestp\u00e5 str\u00e6kker La Recolecci\u00f3ns enorme kompleks sig mod busstationen. Det, der engang var et Recollect-kloster, udholdt jordsk\u00e6lv i 1717 og 1753, f\u00f8r Santa Marta-jordsk\u00e6lvet i 1773 reducerede det til en huleagtig skal. Ro gennemsyrer dens haver og giver bes\u00f8gende mulighed for at f\u00f8lge dens klostergange i kontemplativ ensomhed.<\/p>\n<p>Museet for den hellige uges traditioner ligger i det tidligere kloster Sor Juana de Maldonado, hvor statiske paneler og videoinstallationer fort\u00e6ller om Antiguas fasteprocessioner. P\u00e5 4\u00aa Calle Oriente kuraterer Banco Industrial Numismatic Museum nationens pengehistorie, og dets kompakte gallerier udstiller koloniale m\u00f8nter og moderne eksemplarer. I n\u00e6rheden inviterer ChocoMuseo g\u00e6sterne til at temperere chokolade og l\u00e6re om kakaodyrkning - fra b\u00f8nne til bar - og Museum Casa del Tejido Antiguo illustrerer mayaernes v\u00e6veteknikker gennem \u00e5rhundreder, hvor dets h\u00e5ndv\u00e6rkere ved v\u00e6ve tilbyder tekstiler til k\u00f8b. Syd for pladsen ligger Museo Santiago de los Caballeros i det tidligere Palacio de los Capitanes Generales, der udstiller pr\u00e6-spansktalende artefakter sammen med koloniale relikvier.<\/p>\n<p>Disse mangfoldige lag af historie m\u00f8des i Parque Central, hvor koloniale buer m\u00f8der moderne b\u00e6nke, og hvor gades\u00e6lgere s\u00e6lger postkort under jacaranda-baldakiner. Antiguas stenarterier b\u00e6rer en indviklet tidsm\u00e6ssig lagdeling, der forener aztekerinspirerede designs, spanske barokke udsmykninger og moderne turismedrevet handel. Byens fort\u00e6lling opst\u00e5r ikke i \u00e9n epoke, men p\u00e5 tv\u00e6rs af epoker \u2013 dens rester og rekonstruktioner sameksisterer i en levet nutid, der \u00e6rer fortiden uden nostalgi.<\/p>\n<p>I hver en revnet overligger og hver en gade oplyst af solnedgangen afsl\u00f8rer Antigua Guatemala sig som en by med vedvarende dialog: mellem milj\u00f8 og arkitektur, mellem erindring og fornyelse, og mellem pilgrimsf\u00e6rd og hverdagsliv. Dens barokke facader og mosplettede ruiner fort\u00e6ller en kr\u00f8nike om ambition, tro, sammenbrud og genf\u00f8dsel. For den rejsende, der betr\u00e6der dens brosten med opm\u00e6rksomme fodtrin, tilbyder byen mere end fotografier og postkort; den udleverer nuancerede historier, v\u00e6vet ind i hver en buegang og g\u00e5rdsplads, og venter p\u00e5 at blive opdaget af dem, der er villige til at lytte.<\/p>","protected":false},"excerpt":{"rendered":"<p>Antigua Guatemala, undertiden omtalt som Antigua eller La Antigua, er en by beliggende i Guatemalas centrale h\u00f8jland. Denne charmerende by, der er kendetegnet ved sine brostensbelagte gader og farverige koloniale arkitektur, tjente som hovedstad for Guatemalas generalkaptajn fra 1543 til 1773. Byens omfattende historie og barokinspirerede arkitektur gav den den ansete udm\u00e6rkelse at blive optaget p\u00e5 UNESCOs verdensarvsliste i 1979.<\/p>","protected":false},"author":1,"featured_media":4137,"parent":9021,"menu_order":0,"comment_status":"closed","ping_status":"closed","template":"elementor_theme","meta":{"_eb_attr":"","footnotes":""},"class_list":["post-9044","page","type-page","status-publish","has-post-thumbnail"],"_links":{"self":[{"href":"https:\/\/travelshelper.com\/da\/wp-json\/wp\/v2\/pages\/9044","targetHints":{"allow":["GET"]}}],"collection":[{"href":"https:\/\/travelshelper.com\/da\/wp-json\/wp\/v2\/pages"}],"about":[{"href":"https:\/\/travelshelper.com\/da\/wp-json\/wp\/v2\/types\/page"}],"author":[{"embeddable":true,"href":"https:\/\/travelshelper.com\/da\/wp-json\/wp\/v2\/users\/1"}],"replies":[{"embeddable":true,"href":"https:\/\/travelshelper.com\/da\/wp-json\/wp\/v2\/comments?post=9044"}],"version-history":[{"count":0,"href":"https:\/\/travelshelper.com\/da\/wp-json\/wp\/v2\/pages\/9044\/revisions"}],"up":[{"embeddable":true,"href":"https:\/\/travelshelper.com\/da\/wp-json\/wp\/v2\/pages\/9021"}],"wp:featuredmedia":[{"embeddable":true,"href":"https:\/\/travelshelper.com\/da\/wp-json\/wp\/v2\/media\/4137"}],"wp:attachment":[{"href":"https:\/\/travelshelper.com\/da\/wp-json\/wp\/v2\/media?parent=9044"}],"curies":[{"name":"wp","href":"https:\/\/api.w.org\/{rel}","templated":true}]}}