{"id":8979,"date":"2024-09-06T18:08:34","date_gmt":"2024-09-06T18:08:34","guid":{"rendered":"https:\/\/travelshelper.com\/staging\/?page_id=8979"},"modified":"2026-03-13T21:30:51","modified_gmt":"2026-03-13T21:30:51","slug":"sandhed-eller-konsekvenser","status":"publish","type":"page","link":"https:\/\/travelshelper.com\/da\/destinations\/north-america\/united-states\/truth-or-consequences\/","title":{"rendered":"Sandhed eller Konsekvenser"},"content":{"rendered":"<p>Truth or Consequences er en karakteristisk by beliggende i den amerikanske stat New Mexico, der fungerer som amtss\u00e6de for Sierra County. Befolkningen i Truth or Consequences if\u00f8lge folket\u00e6llingen i 2020 er 6.052. Byen er mest kendt for sit unikke navn, som blev valgt i marts 1950 efter det popul\u00e6re radioprogram &#034;Truth or Consequences&#034;. Selvom det officielle navn mangler tegns\u00e6tning, resulterer \u00e6ndring af dette navn normalt i dets bindestreg (Truth-or-Consequences, T-or-C) for at forbedre klarheden.<\/p>\n<p>Varme kilder findes i overflod i omr\u00e5det, der omfatter Truth or Consequences. Tidligt i slutningen af \u200b\u200bdet 19. \u00e5rhundrede etablerede John Cross Ranch - over Geronimo Springs - det f\u00f8rste offentlige bad i omr\u00e5det. De varme kilder ligger inde i Hot Springs Artesian Basin. Trods tilstedev\u00e6relsen af \u200b\u200bnaturlige varme kilder blev udviklingen af \u200b\u200bbem\u00e6rkelsesv\u00e6rdige bos\u00e6ttelser i omr\u00e5det betydeligt udskudt, indtil Elephant Butte-d\u00e6mningen og reservoiret blev bygget, startende i 1912 og sluttede med deres f\u00e6rdigg\u00f8relse i 1916. Rio Grande-projektet, der blev godkendt af Newlands Reclamation Act af 1902, var en vigtig tidlig indsats inden for storstilet kunstvanding afh\u00e6ngig af d\u00e6mningen. Byen blev officielt grundlagt som Hot Springs i 1916 og blev senere hoveds\u00e6de for Sierra County i 1937. Hot Springs, der prim\u00e6rt betjente g\u00e6ster, havde fyrre forskellige naturlige varme kilder i slutningen af \u200b\u200b1930&#039;erne.<\/p>\n<p>En konkurrence i et radioprogram f\u00f8rte til byens navne\u00e6ndring fra Hot Springs til Truth or Consequences. Ralph Edwards, v\u00e6rt for NBC Radio-quizprogrammet &#034;Truth or Consequences&#034;, sagde i marts 1950, at han ville sende programmet p\u00e5 dets ti\u00e5rsdag fra den f\u00f8rste by, der besluttede at omd\u00f8be sig efter showet. Hot Springs \u00e6ndrede officielt navn den 31. marts 1950; programmet blev sendt fra stedet den n\u00e6ste aften. Edwards bes\u00f8gte byen i den f\u00f8rste weekend i maj i de n\u00e6ste 50 \u00e5r; denne begivenhed blev kendt som Fiesta. Fiestaen omfattede til sidst en sceneoptr\u00e6den, en sk\u00f8nhedskonkurrence og en procession. Byen er v\u00e6rt for Fiesta hver f\u00f8rste weekend i maj, der fejrer lokale dignitarer, Miss Fiesta-konkurrencedronningen fra sidste \u00e5r og vinderen af \u200b\u200bHatch Chile Queen-konkurrencen. Fiesta er en dansebegivenhed, der afholdes i Ralph Edwards Park.<\/p>\n<p>Tilsammen viser de varme kilder i Truth or Consequences en gennemstr\u00f8mningshastighed p\u00e5 n\u00e6sten 99 liter (26 amerikanske gallons) hvert sekund. Truth or Consequences havde n\u00e6sten fyrre varme kilder f\u00f8r Anden Verdenskrig. Hot Springs Association i Truth or Consequences havde ti spa-faciliteter som medlemmer i 2008. Fem af disse steder - La Paloma Hot Springs &amp; Spa (tidligere Marshall Hot Springs), Riverbend Hot Springs, Indian Springs Bath House, Artesian Bath House og Hay-Yo-kay Hot Springs - fik deres vand fra fritflydende varme kilder; fem af dem - br\u00f8nde.<\/p>\n<p>To demonstrationsprojekter for geotermisk energi blev drevet af New Mexicos Department of Energy, Minerals, and Natural Resources i Truth or Consequences i 1980&#039;erne. Carrie Tingley Hospital, der oprindeligt var dedikeret til at hj\u00e6lpe b\u00f8rn med fysiske handicap, brugte statslige midler til at starte et fysioterapiprogram i Truth or Consequences; men dette program er siden flyttet til Albuquerque. Det geotermiske rumopvarmningssystem gavner det n\u00e6rliggende Senior Citizen&#039;s Center.<\/p>\n<p>A city marked by historical importance and an unusual name that captures its unique appeal is Truth or Consequences. From its beginnings as a hot spring destination to its modern Fiesta celebrations, which regularly draw people through its natural beauty and cultural events, the city has changed. Whether one is savoring the therapeutic advantages of their hot springs or participating in the annual Fiesta, Truth or Consequences offers a special mix of relaxation, historical relevance, and community involvement, so establishing its uniqueness in New Mexico.\u2026<\/p>","protected":false},"excerpt":{"rendered":"<p>Truth or Consequences er en karakteristisk by beliggende i den amerikanske stat New Mexico, der fungerer som amtss\u00e6de for Sierra County. Befolkningen i Truth or Consequences if\u00f8lge folket\u00e6llingen i 2020 er 6.052. Byen er mest kendt for sit unikke navn, som blev valgt i marts 1950 efter det popul\u00e6re radioprogram &#034;Truth or Consequences&#034;. Selvom det officielle navn mangler tegns\u00e6tning, resulterer \u00e6ndring af dette navn normalt i dets bindestreg (Truth-or-Consequences, T-or-C) for at forbedre klarheden.<\/p>","protected":false},"author":1,"featured_media":23485,"parent":8072,"menu_order":0,"comment_status":"closed","ping_status":"closed","template":"elementor_theme","meta":{"_eb_attr":"","footnotes":""},"class_list":["post-8979","page","type-page","status-publish","has-post-thumbnail"],"_links":{"self":[{"href":"https:\/\/travelshelper.com\/da\/wp-json\/wp\/v2\/pages\/8979","targetHints":{"allow":["GET"]}}],"collection":[{"href":"https:\/\/travelshelper.com\/da\/wp-json\/wp\/v2\/pages"}],"about":[{"href":"https:\/\/travelshelper.com\/da\/wp-json\/wp\/v2\/types\/page"}],"author":[{"embeddable":true,"href":"https:\/\/travelshelper.com\/da\/wp-json\/wp\/v2\/users\/1"}],"replies":[{"embeddable":true,"href":"https:\/\/travelshelper.com\/da\/wp-json\/wp\/v2\/comments?post=8979"}],"version-history":[{"count":0,"href":"https:\/\/travelshelper.com\/da\/wp-json\/wp\/v2\/pages\/8979\/revisions"}],"up":[{"embeddable":true,"href":"https:\/\/travelshelper.com\/da\/wp-json\/wp\/v2\/pages\/8072"}],"wp:featuredmedia":[{"embeddable":true,"href":"https:\/\/travelshelper.com\/da\/wp-json\/wp\/v2\/media\/23485"}],"wp:attachment":[{"href":"https:\/\/travelshelper.com\/da\/wp-json\/wp\/v2\/media?parent=8979"}],"curies":[{"name":"wp","href":"https:\/\/api.w.org\/{rel}","templated":true}]}}