{"id":8795,"date":"2024-09-05T12:07:13","date_gmt":"2024-09-05T12:07:13","guid":{"rendered":"https:\/\/travelshelper.com\/staging\/?page_id=8795"},"modified":"2026-03-13T17:32:22","modified_gmt":"2026-03-13T17:32:22","slug":"cincinnati","status":"publish","type":"page","link":"https:\/\/travelshelper.com\/da\/destinations\/north-america\/united-states\/cincinnati\/","title":{"rendered":"Cincinnati"},"content":{"rendered":"<p>Cincinnati, undertiden kaldet &#034;Queen City&#034;, ligger midtvejs mellem Midtvesten og Syden langs Ohio-floden. Selvom den er mindre end sine modstykker i Chicago og Dallas, kan Cincinnati prale af en rig kulturarv, en s\u00e6rpr\u00e6get kultur og en im\u00f8dekommende &#034;flodby&#034;-atmosf\u00e6re. Byens befolkning var omkring 309.317 i 2020, hvilket g\u00f8r den til den tredjest\u00f8rste by i Ohio (efter Columbus og Cleveland) og den 66. st\u00f8rste i nationen. Dens storbyomr\u00e5de med otte amter er meget st\u00f8rre, omkring 2,27 millioner mennesker. Den regionale \u00f8konomi er robust: Greater Cincinnatis BNP var omkring 157 milliarder dollars i 2022. Fortune 500-sv\u00e6rv\u00e6gtere som Kroger (detailhandel), Procter &amp; Gamble (forbrugsvarer) og Fifth Third Bank har hovedkvarter her, hvilket forankrer en mangfoldig \u00f8konomi. Cincinnatis industrier omfatter fremstillingsvirksomhed, sundhedspleje (f.eks. Cincinnati Children&#039;s Hospital) og ny teknologi. Byens v\u00e6kst har v\u00e6ret stabil: i mods\u00e6tning til mange Rust Belt-omr\u00e5der ekspanderede Cincinnati ind i slutningen af \u200b\u200bdet 20. \u00e5rhundrede, og dens revitalisering af bymidten siden 1990&#039;erne har tiltrukket over en kvart million nye indbyggere og arbejdspladser.<\/p>\n<p>Cincinnati ligger i det sydvestlige Ohio, omgivet af Ohio-floden mod syd og vest (med Kentucky p\u00e5 den modsatte bred) og b\u00f8lgende bakker mod nord. I mods\u00e6tning til pr\u00e6rien i Illinois er Cincinnatis landskab bakket (forbjergene i Appalacherne), hvilket giver mange kvarterer en storsl\u00e5et udsigt over floden. Byen str\u00e6kker sig faktisk over flere stejle bakker; dele af centrum og Over-the-Rhine ligger p\u00e5 skr\u00e6nter med udsigt over floden. Geografisk ligger den i De Store S\u00f8ers vandskel, men p\u00e5 kanten af \u200b\u200bforbjergene i Appalacherne. Cincinnatis klima er overgangsklima: det har et fugtigt kontinentalt klima med betydelig s\u00e6sonvariation. Somrene er varme og fugtige (n\u00e5r ofte 32\u00b0C), og vintrene er kolde med moderat sne. Det falder p\u00e5 gr\u00e6nsen til den varmere fugtige subtropiske zone, s\u00e5 vintrene er mildere end i byerne i det nordlige Midtvesten. For\u00e5r og efter\u00e5r er normalt milde og behagelige (men aprilregn og lejlighedsvis sen frost forekommer).<\/p>\n<p>Cincinnatis historie begyndte i 1788, da veteranerne fra den amerikanske uafh\u00e6ngighedskrig, Mathias Denman, Robert Patterson og Israel Ludlow, slog r\u00f8dder ved et sving af Ohio-floden. John Filson, landm\u00e5leren, kaldte oprindeligt bos\u00e6ttelsen &#034;Losantiville&#034;, men i 1790 omd\u00f8bte dens ledere den til Cincinnati til \u00e6re for Society of the Cincinnati (en organisation for revolution\u00e6re officerer). Byen blev stiftet i 1802 og blev hurtigt en vigtig flodhavn for det nordvestlige territorium. I 1850 var Cincinnati kendt som &#034;Porkopolis&#034; p\u00e5 grund af sin massive svinek\u00f8dsindustri - den slagtede og sendte flere svin end noget andet sted i Amerika. Jernbanerne ankom i midten af \u200b\u200bdet 19. \u00e5rhundrede og cementerede dens rolle som transportknudepunkt.<\/p>\n<p>Cincinnatis kulturelle udvikling var livlig: byen byggede udsmykkede musiksale og biblioteker, hvilket fik tilnavnet &#034;Amerikas Paris&#034; i 1870&#039;erne takket v\u00e6re sin storsl\u00e5ede arkitektur (Music Hall, det udsmykkede Shillito&#039;s stormagasin og Roebling Suspension Bridge). Byen var ogs\u00e5 et vigtigt stop p\u00e5 Underground Railroad med mange abolitionister i befolkningen (Cincinnati har museer og mindesm\u00e6rker, der mindes den \u00e6ra). I slutningen af \u200b\u200bdet 19. og begyndelsen af \u200b\u200bdet 20. \u00e5rhundrede oplevede man b\u00f8lger af tysk indvandring, der formede kvarterer som Over-the-Rhine (OTR), som stadig har den st\u00f8rste samling af italienskinspirerede bygninger fra det 19. \u00e5rhundrede i Amerika. Cincinnati fortsatte med at vokse gennem det 20. \u00e5rhundrede, dog med op- og nedture: forst\u00e6derne tog beboerne v\u00e6k fra kernekvartererne i midten af \u200b\u200b\u00e5rhundredet, men i de seneste \u00e5rtier har der v\u00e6ret et bevidst skub for at genudvikle OTR, flodbredden og bymidten.<\/p>\n<p>Bem\u00e6rkelsesv\u00e6rdige begivenheder inkluderer oversv\u00f8mmelsen i 1884, der f\u00f8rte til anl\u00e6g af Miami-Erie-kanalen, og oversv\u00f8mmelsen i 1913, som formede den fremtidige planl\u00e6gning af diger. Kulturelt set gav byen anledning til innovationer som det f\u00f8rste professionelle baseballhold (Cincinnati Red Stockings i 1869) og den f\u00f8rste professionelle kvindelige pitcher. Det var ogs\u00e5 stedet for en tragisk oversv\u00f8mmelse i 1937 og en flytning af motorveje langs floden i 1980&#039;erne. I moderne tid fusionerede Cincinnati med de omkringliggende byomr\u00e5der (som annekteringen af \u200b\u200bEastwood i 1920) og voksede ind i det 21. \u00e5rhundrede med bem\u00e6rkelsesv\u00e6rdige institutioner (Cincinnati Opera, Zoo, Ballet). Cincinnatis historie er synlig i dag i dens pulserende historiske distrikter og \u00e5rhundredgamle parker som Eden Park (etableret 1875) og &#034;Fountain Square&#034;-midtpunktet i centrum.<\/p>\n<p>Cincinnatis lokale karakter er varm og traditionel med et strejf af midtvestlig \u00e5benhed. Hovedsproget er engelsk, og mange \u00e6ldre traditioner stammer fra byens tyske arv. Den lokale dialekt er blidt midtvestlig med nogle unikke ord (f.eks. at kalde en vandfont\u00e6ne for et &#034;boblende springvand&#034; eller bruge &#034;please&#034; p\u00e5 offentlige toiletter \u2013 den ber\u00f8mte &#034;Cincinnati Please&#034;-skiltning p\u00e5 badev\u00e6relserne). \u00c5rlige traditioner understreger byens arv: Oktoberfest Zinzinnati er Amerikas st\u00f8rste Oktoberfest-fejring, komplet med kulturelle steins, polka-musik og det berygtede gravhundev\u00e6ddel\u00f8b &#034;Running of the Wieners&#034;. Hvert \u00e5r deltager 30.000 mennesker i Cincinnatis Oktoberfest, hvor Cincinnati-chili (krydret med chokolade og kanel) er en favorit. Apropos mad, er Cincinnati ber\u00f8mt for sin Cincinnati-style chili (en gr\u00e6sk chili serveret over spaghetti og ost) og &#034;Goetta&#034;-p\u00f8lse.<\/p>\n<p>Cincinnati er v\u00e6rt for andre festivaler, der afspejler lokale pr\u00e6g. Flying Pig Marathon (og Pig Brew Fest) fejrer byens historie med svineforarbejdning. Musikken trives p\u00e5 Cincinnati Music Festival (R&amp;B, soul og gospel) og udend\u00f8rskoncerter i parker. Bunbury Music Festival tiltr\u00e6kker store navne om sommeren. Pride er et andet h\u00f8jdepunkt: Cincinnatis gay pride-weekend er blandt Ohios st\u00f8rste med begivenheder i oktober, der forvandler bymidten. Novembers Festival of Lights p\u00e5 Krohn Conservatory lyser op med \u00e5rstidens hilsner med lysskulpturer.<\/p>\n<p>Til daglig har Cincinnati et moderat tempo i livet \u2013 mindre hektisk end Chicago eller Dallas, men mere travlt end i en lille by. Folk her er typisk h\u00f8flige og f\u00e6llesskabsorienterede. Kvartererne har gadefester og lokalt ejede bistroer. Cincinnatis indbyggere nyder floden og bakkerne, slentrer i Smale Riverfront Park p\u00e5 solrige dage eller hepper p\u00e5 Bengals (NFL) eller Reds (MLB) kampe. De hylder byens kunstinstitutioner (musikhallen, kunstmuseet) og arven efter samfundsengagement. Den overordnede stemning i Cincinnati er venlig og upr\u00e6tenti\u00f8s \u2013 en blanding af Midtvestens naboskab og lommer af storbyenergi. Sammenlignet med kystbyer er det overkommeligt og afslappet; sammenlignet med sm\u00e5 byer er det kulturelt rigt og dynamisk.<\/p>\n<p>Cincinnati byder p\u00e5 et overraskende udvalg af sev\u00e6rdigheder, man bare skal se. Ohio Riverfront er et midtpunkt: den nyrenoverede Smale Riverfront Park har springvand, legepladser og vandrestier med udsigt over byens skyline. En statelig Fountain Square (engang Monroe Market House) er bymidtens samlingssted, indrammet af historiske bygninger og v\u00e6rt for koncerter og sk\u00f8jtebaner. Nabolaget Over-the-Rhine (OTR) er et af de st\u00f8rste tr\u00e6kplastre \u2013 et af de st\u00f8rste historiske distrikter i Amerika. Her v\u00e6kkes byens kulturarv fra det 19. \u00e5rhundrede til live med restaurerede bryggerier, h\u00e5ndbryggerier (Cinci er en bryggeriby), caf\u00e9er og butikker. \u00d8st for OTR ligger Findlay Market (Ohios \u00e6ldste kontinuerligt drevne offentlige marked fra 1852) og er en forn\u00f8jelse, hvis man vil pr\u00f8ve lokale r\u00e5varer og etniske f\u00f8devarer.<\/p>\n<p>Ber\u00f8mt arkitektur pr\u00e6ger bybilledet: Roebling Suspension Bridge (forl\u00f8ber for San Franciscos Golden Gate), Carew Tower (tidligere den h\u00f8jeste bygning i Sydstaterne med et art deco-observationsd\u00e6k) og den sl\u00e5ende art deco-inspirerede Music Hall. Cincinnati kan prale af nationalt betydningsfulde kulturinstitutioner: Cincinnati Art Museum i det natursk\u00f8nne Eden Park, National Underground Railroad Freedom Center (museum ved flodbredden om slaveri og borgerrettigheder) og American Sign Museum (finurlig historisk udstilling med neon og skiltning).<\/p>\n<p>For familier er der Cincinnati Zoo &amp; Botanical Garden (en af \u200b\u200bde \u00e6ldste zoologiske haver i USA, ber\u00f8mt for flodhesten Fiona). Eden Park er ogs\u00e5 v\u00e6rt for Krohn Conservatory (tropiske planter) og Cincinnati Nature Center. Sportsfans bes\u00f8ger Great American Ball Park (Reds) og Paycor Stadium (Bengals). American Sign Museum tilbyder en nostalgisk rejse gennem Americana-neon fra midten af \u200b\u200b\u00e5rhundredet. Friluftsentusiaster kan ro kajak p\u00e5 floden eller vandre p\u00e5 de skovkl\u00e6dte stier i n\u00e6rliggende parker som Mount Airy eller Ault Park (romanske pavilloner, solbeskinnet s\u00f8). Og g\u00e5 ikke glip af Krohn Conservatorys Holiday Show eller det interaktive Children&#039;s Museum of Cincinnati for b\u00f8rnevenlig sjov.<\/p>\n<p>Det er nemt at komme til Cincinnati. Cincinnati\/Northern Kentucky International Airport (CVG), lige p\u00e5 den anden side af floden i Kentucky, er den vigtigste lufthavn til fly. CVG har flyvninger til indenrigsfly og nogle internationale flyvninger (Delta, American osv.). Centrum er ogs\u00e5 tilg\u00e6ngeligt med Amtrak (Cardinal-ruten fra Chicago, Washington, NYC stopper ved Cincinnati Union Terminal, et art deco-mesterv\u00e6rk). Store motorveje krydser hinanden her: I-75 (nord-syd mellem Detroit og Florida) og I-71 (mellem Cleveland og Louisville) m\u00f8des i centrum, hvilket g\u00f8r det nemt at rejse med bil.<\/p>\n<p>Inde i byen er den offentlige transport beskeden: Metrobusser d\u00e6kker de fleste omr\u00e5der (selvom servicen kan v\u00e6re sj\u00e6lden p\u00e5 nogle ruter). Metroens sporvogn (&#034;The Cincinnati Bell Connector&#034;) forbinder bymidten med flodbredden og OTR \u2013 en nostalgisk linje, der er nyttig for turister. Taxaer og samk\u00f8rselstjenester er tilg\u00e6ngelige, men det kan v\u00e6re klogt at leje en bil for at n\u00e5 forst\u00e6der eller parker uden for bymidten. Cincinnatis bymidte og OTR er ret g\u00e5venlige, ligesom nogle boligomr\u00e5der (som Mount Adams eller Covington i det nordlige Kentucky p\u00e5 den anden side af floden). Cykling er i v\u00e6kst (Red Bike-delingsprogrammet), is\u00e6r ved flodbredden.<\/p>\n<p>Grundl\u00e6ggende drikkepenge: Valutaen er USD; engelsk er standardsproget. Drikkepenge til restauranter og taxaer f\u00f8lger amerikansk skik (~15-20%). Cincinnati betragtes som relativt sikkert, men som i enhver by b\u00f8r bes\u00f8gende blive i berejste omr\u00e5der efter m\u00f8rkets frembrud. Nabooverv\u00e5gning er st\u00e6rk; kriminalitet er for det meste begr\u00e6nset til et par problemomr\u00e5der uden for de vigtigste distrikter. H\u00f8flighed og respekt for Midtvesten er normer \u2013 hold d\u00f8re, sig &#034;venligst&#034; og &#034;tak&#034; (Cincinnatis ber\u00f8mte skilt med offentlige toiletter minder dig om: sig &#034;venligst&#034;, n\u00e5r du beder om toilettet, en lokal etikette-s\u00e6rhed). Det lokale klima betyder, at somrene kan v\u00e6re varme og fugtige, s\u00e5 let t\u00f8j og solbeskyttelse er klogt. Vintrene kan byde p\u00e5 sne og frost, s\u00e5 medbring varmt t\u00f8j, hvis du bes\u00f8ger december-februar. S\u00e6sonbestemte allergier kan v\u00e6re bem\u00e6rkelsesv\u00e6rdige (pollens\u00e6son i for\u00e5r og efter\u00e5r).<\/p>\n<p>I bund og grund er Cincinnati en by med &#034;storby&#034;-faciliteter, men et hjerte af en lille by. Dens historiske charme, udsigt over flodbredden og im\u00f8dekommende kulturelle scene g\u00f8r den til et uventet dejligt stop eller destination. Bes\u00f8gende opdager en by med stolte r\u00f8dder i historie og innovation, fra tyske \u00f8lhaller til banebrydende startups, alt sammen med et venligt smil fra Midtvesten.<a href=\"https:\/\/travelshelper.com\/da\/destinationer\/nordamerika\/amerikas-forenede-stater\/berkeley-springs\/\" target=\"_self\" aria-labelledby=\"uael-post-8997\"><br \/>\n<\/a><\/p>","protected":false},"excerpt":{"rendered":"<p>Cincinnati er en dynamisk by beliggende i den sydvestlige del af Ohio, der fungerer som amtss\u00e6de for Hamilton County. Cincinnati blev oprindeligt grundlagt i 1788 og er ideelt placeret ved m\u00f8destedet for floderne Licking og Ohio; sidstn\u00e6vnte adskiller Ohio naturligt fra Kentucky. Cincinnati, der er nummer 64 i USA, har 309.317 indbyggere pr. folket\u00e6llingen i 2020, og er dermed den tredjemest folkerige by i Ohio, kun overg\u00e5et af Columbus og Cleveland. Med mere end 2,265 millioner indbyggere er byen det \u00f8konomiske og kulturelle centrum i Cincinnatis storbyomr\u00e5de - den mest folkerige storbyregion i Ohio og den 30. st\u00f8rste i landet.<\/p>","protected":false},"author":1,"featured_media":3942,"parent":8072,"menu_order":0,"comment_status":"closed","ping_status":"closed","template":"elementor_theme","meta":{"_eb_attr":"","footnotes":""},"class_list":["post-8795","page","type-page","status-publish","has-post-thumbnail"],"_links":{"self":[{"href":"https:\/\/travelshelper.com\/da\/wp-json\/wp\/v2\/pages\/8795","targetHints":{"allow":["GET"]}}],"collection":[{"href":"https:\/\/travelshelper.com\/da\/wp-json\/wp\/v2\/pages"}],"about":[{"href":"https:\/\/travelshelper.com\/da\/wp-json\/wp\/v2\/types\/page"}],"author":[{"embeddable":true,"href":"https:\/\/travelshelper.com\/da\/wp-json\/wp\/v2\/users\/1"}],"replies":[{"embeddable":true,"href":"https:\/\/travelshelper.com\/da\/wp-json\/wp\/v2\/comments?post=8795"}],"version-history":[{"count":0,"href":"https:\/\/travelshelper.com\/da\/wp-json\/wp\/v2\/pages\/8795\/revisions"}],"up":[{"embeddable":true,"href":"https:\/\/travelshelper.com\/da\/wp-json\/wp\/v2\/pages\/8072"}],"wp:featuredmedia":[{"embeddable":true,"href":"https:\/\/travelshelper.com\/da\/wp-json\/wp\/v2\/media\/3942"}],"wp:attachment":[{"href":"https:\/\/travelshelper.com\/da\/wp-json\/wp\/v2\/media?parent=8795"}],"curies":[{"name":"wp","href":"https:\/\/api.w.org\/{rel}","templated":true}]}}