{"id":8773,"date":"2024-09-04T20:45:01","date_gmt":"2024-09-04T20:45:01","guid":{"rendered":"https:\/\/travelshelper.com\/staging\/?page_id=8773"},"modified":"2026-03-13T17:34:10","modified_gmt":"2026-03-13T17:34:10","slug":"columbus","status":"publish","type":"page","link":"https:\/\/travelshelper.com\/da\/destinations\/north-america\/united-states\/columbus\/","title":{"rendered":"Columbus"},"content":{"rendered":"<p>Columbus er hovedstaden og pulsen i Ohio, en by der genopfinder sig selv fra en stille by i Midtvesten til et dynamisk bycentrum. Med en befolkning p\u00e5 905.748 i 2020 er Columbus den st\u00f8rste by i Ohio og den 14. st\u00f8rste i nationen. Dens storbyomr\u00e5de med ti amter har omkring 2,14 millioner indbyggere, hvilket g\u00f8r den til det st\u00f8rste storbyomr\u00e5de, der udelukkende ligger i Ohio. Columbus&#039; \u00f8konomi er mangfoldig og voksende: den er hjemsted for verdens st\u00f8rste private forsknings- og udviklingsorganisation (Battelle Memorial Institute) og Chemical Abstracts Service, hvilket afspejler styrker inden for videnskab og teknologi. Blandt de st\u00f8rste virksomhedshovedkvarterer er OhioHealth (sundhedspleje), Nationwide Insurance, Cardinal Health, L Brands (tidligere The Limited) og Abercrombie &amp; Fitch, blandt andre. Byen tilf\u00f8jede omkring 164.000 job fra 2010-2017 og rangerede dermed som nummer to nationalt i den periode (et tegn p\u00e5 robust v\u00e6kst). N\u00f8glesektorer sp\u00e6nder over uddannelse (Ohio State University er en af \u200b\u200bde st\u00f8rste arbejdsgivere med over 60.000 studerende), forsikring\/finans, detailhandel, logistik, teknologi og forskning. Columbus har stort set klaret \u00f8konomiske nedture bedre end mange konkurrenter p\u00e5 grund af denne brede base.<\/p>\n<p>Columbus ligger n\u00e6r centrum af Ohio (i Franklin County), omtrent midtvejs mellem Cleveland og Cincinnati. Terr\u00e6net er generelt fladt til let kuperet; et bem\u00e6rkelsesv\u00e6rdigt tr\u00e6k er de mange sm\u00e5 vandskel (Olentangy- og Scioto-floderne), der forsyner lokale parker og s\u00f8omr\u00e5der. Byens Scioto Mile Greenway foryngede flodbredden i centrum og forbinder parker, stier og springvand langs Scioto-floden. Columbus ligger omkring 40\u00b0 N breddegrad og befinder sig solidt i den fugtige kontinentale klimazone. Somrene er varme og fugtige, ofte med temperaturer op til 27-28 grader Celsius, mens vintrene er kolde (med minimumstemperaturer omkring -5 grader Celsius i gennemsnit). Snefaldet er moderat, men mindre intenst end i det nordlige Ohio (Columbus&#039; beliggenhed sk\u00e5ner byen for kraftig sne med s\u00f8effekt). Bes\u00f8gende oplever fire forskellige \u00e5rstider: livlige for\u00e5r, til tider kl\u00e6brige somre, spr\u00f8de efter\u00e5r og k\u00f8lige vintre.<\/p>\n<p>Omr\u00e5det, der blev til Columbus, var oprindeligt en del af Virginias milit\u00e6rdistrikt efter den amerikanske uafh\u00e6ngighedskrig, med bos\u00e6ttelser, der dukkede op i begyndelsen af \u200b\u200b1800-tallet. Byen blev grundlagt i 1812 (officielt chartret), opkaldt efter Christopher Columbus og valgt som Ohios statshovedstad i 1816, hovedsageligt for at sikre den en central placering i staten. Oprindeligt planlagt som en gitterby, voksede den langsomt i starten. En kanal (Ohio og Erie) og senere jernbaner ansporede befolkningsboom i det 19. \u00e5rhundrede. Europ\u00e6iske immigranter - is\u00e6r tyske og irske - ankom i b\u00f8lger, bosatte sig i udkanten og bidrog til bryggeri- og kirkesamfund. Efterh\u00e5nden som den tyske befolkning byggede bryggerier og universiteter, blev Columbus en mangfoldig by i Midtvesten.<\/p>\n<p>Efter Anden Verdenskrig udvidede Columbus sig b\u00e5de fysisk (og blev en af \u200b\u200bstatens st\u00f8rste byer m\u00e5lt p\u00e5 areal) og \u00f8konomisk. Byen var mindre industriel og mere pr\u00e6get af funktion\u00e6rer end \u00e6ldre Rust Belt-byer, hvilket hjalp den med at undg\u00e5 alvorlig tilbagegang. Vigtige historiske vartegn inkluderer Ohio Statehouse (f\u00e6rdiggjort i 1861 i byens gr\u00e6ske revival-stil), Short North og German Village fra det 19. \u00e5rhundrede (bryggeri- og immigrantkvarter) og institutioner som Ohio Wesleyan University. For nylig har Columbus gennemg\u00e5et en byfornyelse: Bymidten blev ombygget med teknologivirksomheder, lejlighedskomplekser og parker. I 1990&#039;erne og 2000&#039;erne skete der en transformation af gamle omr\u00e5der: Short North blev en kunstkorridor, Arena District (bygget omkring Nationwide Arena) opstod, og steder som German Village blev omhyggeligt bevaret. Columbus b\u00e6rer ogs\u00e5 nogle m\u00f8rkere toner: byen var v\u00e6rt for &#034;Unite the Right&#034;-demonstrationen i 2017 (vold ved statsbygningen), som byen siden stort set er kommet sig over. I dag markedsf\u00f8rer den sig selv som en fremsynet by (f.eks. ved at vinde en &#034;Smart City&#034;-innovationsudfordring i 2018), men dens historie er synlig i hver eneste ombyggede gade og nyt\u00e6nkende distrikt.<\/p>\n<p>Columbus er ungdommelig, eklektisk og entreprenant. Byen er hjemsted for en enorm studenterbefolkning (Ohio State) og et voksende kunstmilj\u00f8, men har ikke den travlhed, som en kystmetro har. Den lokale karakter omfavner den venlige midtvestlige by: folk er udadvendte (&#034;snakker til dig som en nabo&#034;), kreative og samfundsbevidste. Columbus hylder sin multikulturalisme. Dens demografi \u00e6ndrer sig hurtigt med voksende latinamerikanske, afrikanske, asiatiske, somaliske, bhutanske og mellem\u00f8stlige samfund i de seneste \u00e5rtier. Denne mangfoldighed viser sig i nabolag og p\u00e5 festivaler.<\/p>\n<p>Columbus-traditioner er en blanding af sm\u00e5bys-fortrolighed og storby-stemning. Byen er v\u00e6rt for den \u00e5rlige Ohio State Fair (slutningen af \u200b\u200bjuli-august), en af \u200b\u200blandets st\u00f8rste statsmesser, der tiltr\u00e6kker familier over hele staten med forlystelser, husdyr og gigantiske sm\u00f8rskulpturer. Columbus Arts Festival og Jazz &amp; Rib Fest (sommerkunst- og musikbegivenheder ved flodbredden) tiltr\u00e6kker lokale skarer. Musik er stort: \u200b\u200bhver juni sprudler Nationwide Arena med Sonic Temple Art &amp; Music Festival (rock\/alternativ), der erstatter den gamle Rock on the Range. Pride-weekenden i juni er enorm \u2013 Columbus er blandt de st\u00f8rste Pride-festligheder i USA og fremh\u00e6ver det store LGBT-milj\u00f8 (ansl\u00e5et ~34.000). ComFest (Goodale Park, sidste weekend i juni) er en ber\u00f8mt eklektisk sommergadefestival, der udr\u00e5bes som landets st\u00f8rste <em>ikke-kommerciel<\/em> musik-\/kunstfestival. Hver 4. juli er der &#034;Red, White &amp; Boom&#034;-fyrv\u00e6rkeri langs Scioto-floden, der tiltr\u00e6kker over en halv million mennesker. Der er masser af s\u00e6sonbestemte festivaler: Gallery Hops i Short North (m\u00e5nedlig kunstvandring), German Villages Oktoberfest i september og Columbus Zoos \u00e5rlige Boo at the Zoo i oktober.<\/p>\n<p>Nabolagsstemningen varierer: Short North Arts District summer af gallerier, v\u00e6gmalerier og trendy spisesteder \u2013 det ligger t\u00e6t p\u00e5 bymidten og er g\u00e5venligt. German Village, med sine murstensgader og blomsterkasser, f\u00f8les som en malerisk gammel europ\u00e6isk by (hvor mange af de ovenn\u00e6vnte festivaler har fundet sted). De victorianske huse i Victorian Village og Italian Village oser af karakter. Arena District er stedet, hvor folk tager hen for at se hockeykampe og sportsbarer. Clintonville og Upper Arlington nord for campus er gr\u00f8nne forstadsenklaver. Overalt i byen er der en st\u00e6rk f\u00f8lelse af f\u00e6llesskab; lokale pride-flag og v\u00e6gmalerier er overalt.<\/p>\n<p>Columbus&#039; attraktioner kombinerer familiesjov med kulturel dybde. Fremst af alt ligger Ohio State Universitys campus (selvom det ikke i sig selv er et turistm\u00e5l, er det enormt \u2013 se Oval, OSU Stadium &#034;The Shoe&#034; i mursten og Wexner Center-arkitekturen). H\u00f8jdepunkter i centrum inkluderer Ohio Statehouse (rundvisninger i Capitol-bygningen) og Columbus Museum of Art (amerikansk og europ\u00e6isk kunst, plus den finurlige &#034;Topiary Park&#034;). Flodpromenaden Scioto Mile byder p\u00e5 springvand, amfiteatre og udsigt over byens skyline.<\/p>\n<p>Familier str\u00f8mmer til COSI (Center of Science and Industry) \u2013 et stort interaktivt videnskabsmuseum for alle aldre. Columbus Zoo and Aquarium (ca. 16 km nordp\u00e5, gjort ber\u00f8mt af Jack Hanna) er konsekvent rangeret blandt Amerikas bedste zoologiske haver med et nyt isbj\u00f8rnehabitat og en safaripark, der ligger uden for byen. I n\u00e6rheden ligger Newport Aquarium (p\u00e5 den anden side af floden i Kentucky) ogs\u00e5 popul\u00e6rt. Franklin Park Conservatory &amp; Botanical Gardens er et must for planteelskere (g\u00e5 ikke glip af Chihuly-glasudstillinger i drivhusene). Historieinteresserede kan nyde Ohio History Center &amp; Ohio Village (et friluftsmuseum). German Village Visitor Center (Schiller Park) og Goodale Park er behagelige gr\u00f8nne omr\u00e5der i byen.<\/p>\n<p>Blandt de us\u00e6dvanlige sev\u00e6rdigheder er Short Norths v\u00e6gmalerier, Legoland Discovery Center og den finurlige Center for Science and Industry-karrusel. Sportsarenaer \u2013 Ohio Stadium (Buckeys fodbold) og Nationwide Arena (Blue Jackets hockey) \u2013 tiltr\u00e6kker i sig selv bes\u00f8gende, ligesom det s\u00e6sonbestemte college-fodboldturisme. Columbus Metropolitan Library-hovedafdelingen (en gammel v\u00e5benbygning) er ofte v\u00e6rt for kunstmesser og installationer.<\/p>\n<p>Shopping-\/turistdistrikter: Easton Town Center (et eksklusivt udend\u00f8rs indk\u00f8bscenter) og Polaris Fashion Place (modecenter) er store attraktioner for detailhandlen. For en lokal oplevelse tilbyder North Market (siden 1876) Ohio-vine, internationale retter og festivaler.<\/p>\n<p>Columbus&#039; charme er i bund og grund den af \u200b\u200ben im\u00f8dekommende &#034;stor lille by&#034;: den har en Major League-stemning (professionel sport, konferencecenter, statsregering), men f\u00f8les overskuelig og venlig. Bes\u00f8gende vil finde moderne byfaciliteter og natteliv side om side med midtvestlig g\u00e6stfrihed \u2013 en sp\u00e6ndende kombination af midtvestlig Americana og progressiv bykultur.<\/p>\n<p>Det er nemt at komme til Columbus. John Glenn Columbus International Airport (CMH) ligger 9,6 km \u00f8st for bymidten og har direkte fly til de fleste amerikanske knudepunkter; selskaberne inkluderer American, Delta, Southwest og United. Amtraks nationale linjer (Cardinal og Capitol Limited) betjener Columbus dagligt via Columbus Station. Interstate Highways I-70 (\u00f8st-vest) og I-71 (nord-syd) passerer begge gennem eller i n\u00e6rheden af \u200b\u200bbymidten og forbinder Columbus med Indianapolis, Pittsburgh, Cincinnati og Cleveland.<\/p>\n<p>N\u00e5r man f\u00f8rst er her, har Columbus et blomstrende transportsystem (Central Ohio Transit Authority-busser), men mange attraktioner er spredt ud over byen. Det kan v\u00e6re n\u00f8dvendigt at leje en bil eller bruge samk\u00f8rselstjenester i de ydre forst\u00e6der. Bymidten, Short North og omr\u00e5derne omkring Ohio State campus er is\u00e6r g\u00e5- og cykelvenlige (Columbus cykeldelingsprogram &#034;CoGo&#034; har stationer). Byens omfattende netv\u00e6rk af parker og stier (inklusive Scioto Greenway-stierne) g\u00f8r cykling og gang behageligt i mange dele af byen.<\/p>\n<p>Tips til rejsende: Columbus er meget sikkert for turister; voldelig kriminalitet er lav i turist- og forretningsomr\u00e5der. N\u00e5r det er sagt, skal man, ligesom i enhver by, holde sig til godt oplyste omr\u00e5der om natten og v\u00e6re opm\u00e6rksom p\u00e5 omgivelserne. Drikkepenge er almindeligt her, ligesom i hele USA (15-20% p\u00e5 restauranter). Lov om offentlig drikkevareindtag (\u00e5ben beholder) h\u00e5ndh\u00e6ves i centrum. Den lokale valuta og sprog er de s\u00e6dvanlige amerikanske normer (USD og engelsk). Vejret kan v\u00e6re omskifteligt: \u200b\u200bSomrene kan v\u00e6re varme (kr\u00e6ver solcreme og hydrering), og vintrene kan bringe s\u00f8-effekt eller bygestorme (pak en frakke og paraply). Ohio har ingen ekstra rejsedokumenter ud over et k\u00f8rekort.<\/p>\n<p>Samlet set er Columbus en hovedstad i fremgang, der blander statslige funktioner med universitetsbyens energi og pulserende byfornyelse. Den byder p\u00e5 en blanding af Midtvestens charme, kreative kunstscener og overraskende varierede attraktioner \u2013 fra historiske landsbyer til banebrydende videnskabscentre \u2013 der g\u00f8r den til en sp\u00e6ndende destination i Midtvesten.<a href=\"https:\/\/travelshelper.com\/da\/destinationer\/nordamerika\/amerikas-forenede-stater\/berkeley-springs\/\" target=\"_self\" aria-labelledby=\"uael-post-8997\"><br \/>\n<\/a><\/p>","protected":false},"excerpt":{"rendered":"<p>Columbus, hovedstaden og den st\u00f8rste by i Ohio, ligger ved krydset mellem floderne Scioto og Olentangy. Ved folket\u00e6llingen i 2020 er befolkningen 905.748, hvilket g\u00f8r den til den 14. mest folkerige by i USA og den n\u00e6stmest folkerige i Midtvesten efter Chicago. Franklin Countys hoveds\u00e6de er denne pulserende by, som ogs\u00e5 str\u00e6kker sig ind i dele af Delaware og Fairfield amter og danner centrum for Columbus storbyomr\u00e5de, der d\u00e6kker ti amter i det centrale Ohio.<\/p>","protected":false},"author":1,"featured_media":3368,"parent":8072,"menu_order":0,"comment_status":"closed","ping_status":"closed","template":"elementor_theme","meta":{"_eb_attr":"","footnotes":""},"class_list":["post-8773","page","type-page","status-publish","has-post-thumbnail"],"_links":{"self":[{"href":"https:\/\/travelshelper.com\/da\/wp-json\/wp\/v2\/pages\/8773","targetHints":{"allow":["GET"]}}],"collection":[{"href":"https:\/\/travelshelper.com\/da\/wp-json\/wp\/v2\/pages"}],"about":[{"href":"https:\/\/travelshelper.com\/da\/wp-json\/wp\/v2\/types\/page"}],"author":[{"embeddable":true,"href":"https:\/\/travelshelper.com\/da\/wp-json\/wp\/v2\/users\/1"}],"replies":[{"embeddable":true,"href":"https:\/\/travelshelper.com\/da\/wp-json\/wp\/v2\/comments?post=8773"}],"version-history":[{"count":0,"href":"https:\/\/travelshelper.com\/da\/wp-json\/wp\/v2\/pages\/8773\/revisions"}],"up":[{"embeddable":true,"href":"https:\/\/travelshelper.com\/da\/wp-json\/wp\/v2\/pages\/8072"}],"wp:featuredmedia":[{"embeddable":true,"href":"https:\/\/travelshelper.com\/da\/wp-json\/wp\/v2\/media\/3368"}],"wp:attachment":[{"href":"https:\/\/travelshelper.com\/da\/wp-json\/wp\/v2\/media?parent=8773"}],"curies":[{"name":"wp","href":"https:\/\/api.w.org\/{rel}","templated":true}]}}