{"id":8763,"date":"2024-09-04T20:13:20","date_gmt":"2024-09-04T20:13:20","guid":{"rendered":"https:\/\/travelshelper.com\/staging\/?page_id=8763"},"modified":"2026-03-13T17:33:52","modified_gmt":"2026-03-13T17:33:52","slug":"dallas","status":"publish","type":"page","link":"https:\/\/travelshelper.com\/da\/destinations\/north-america\/united-states\/dallas\/","title":{"rendered":"Dallas"},"content":{"rendered":"<p>Dallas er indbegrebet af storby\u00e5nden i Texas: vidtstrakt, dynamisk og fuld af sydstatsstil. Dallas havde 1.304.379 indbyggere i 2020, hvilket g\u00f8r den til den 9. st\u00f8rste by i USA og den tredjest\u00f8rste i Texas (efter Houston og San Antonio). Dens storbyomr\u00e5de (Dallas-Fort Worth) er enormt med over 7,63 millioner mennesker (den 4. st\u00f8rste amerikanske metropol). Dallas&#039; \u00f8konomi er meget st\u00e6rk og mangfoldig: Metropolens BNP var omkring 689,9 milliarder dollars i 2022. Det moderne Dallas, der historisk set er bygget p\u00e5 bomuld, kv\u00e6g og olie, er et knudepunkt for forsvar, teknologi, telekommunikation, bankvirksomhed og transport. Det er hjemsted for 11 Fortune 500-hovedkvarterer inden for bygr\u00e6nsen \u2013 virksomheder som AT&amp;T, Southwest Airlines, Texas Instruments og Tenet Healthcare. Kombineret med det n\u00e6rliggende Fort Worth er metropolen v\u00e6rt for 23 Fortune 500-byer (den n\u00e6stst\u00f8rste i Texas). Disse finansielle og erhvervssektorer definerer Dallas&#039; karakter: det er en forretningshovedstad med luksuri\u00f8se h\u00f8jhuse og en international lufthavn (DFW), der er en af \u200b\u200bverdens travleste.<\/p>\n<p>Dallas ligger i det nordlige Texas p\u00e5 de flade kystsletter i det sydlige USA. Byen er langt fra havet, hvilket g\u00f8r den til en af \u200b\u200bde st\u00f8rste indre storbyomr\u00e5der i landet. Byens h\u00f8jde er omkring 150 meter. Geografisk set mangler Dallas naturlige forhindringer \u2013 byen er ber\u00f8mt for sin fladhed og gitterm\u00f8nstre, hvilket fremmer udbredelse. Trinity-floden snor sig gennem byen, og Dallas City Hall og Klyde Warren Park er bygget ved siden af. Byens klima er fugtigt subtropisk (K\u00f6ppen Cfa). Somrene er meget varme og fugtige: gennemsnitlige h\u00f8jtemperaturer i juli-august n\u00e5r midten af \u200b\u200b27\u00b0C, og varmeindekser overstiger ofte 40\u00b0C. Bes\u00f8gende b\u00f8r forvente br\u00e6ndende sol og lejlighedsvise kraftige tordenvejr. Vintrene er milde: Januars gennemsnitlige h\u00f8jtemperaturer er omkring 17\u00b0C, med sj\u00e6ldne frostvejr og sj\u00e6lden sne (gennemsnitligt snefald er kun ~3,8 cm). Pludselige kolde fronter kan bringe et par dage med vintervejr, men generelt er vintrene i Dallas korte og moderate. For\u00e5r og efter\u00e5r er behagelige overgangss\u00e6soner med blomster af vilde blomster (bluebonnets) og behagelige temperaturer.<\/p>\n<p>F\u00f8r Dallas blev en by, var omr\u00e5det hjemsted for stammerne Caddo, Wichita, Tawakoni og Comanche. Det var nominelt spansk territorium (og senere mexicansk), indtil Texas opn\u00e5ede uafh\u00e6ngighed i 1836. Dallas&#039; moderne historie begyndte i 1841, da handelsmanden John Neely Bryan opm\u00e5lte et sted ved en &#034;hvid klippeovergang&#034; af Trinity-floden og etablerede en handelspost. To \u00e5r senere bosatte han sig der permanent og navngav samfundet Dallas (muligvis efter vicepr\u00e6sident George M. Dallas, selvom teorierne varierer). Republikken Texas annekterede omr\u00e5det i 1845, og Dallas County blev dannet i 1846. Byen blev inkorporeret i 1856. I \u00e5rtier var det en beskeden flodby og gr\u00e6nsepost.<\/p>\n<p>Det virkelige boom kom med jernbanerne efter borgerkrigen. I 1880&#039;erne-90&#039;erne var Dallas blevet et kommercielt og industrielt centrum for bomuld (byggede bomuldsrensere og pakhuse) og et jernbaneknudepunkt, der forbandt Texas mod \u00f8st. Praetorian Building (1909) var en af \u200b\u200bde f\u00f8rste skyskrabere vest for Mississippi og symboliserede Dallas&#039; voksende ambition. Opdagelsen af \u200b\u200bolie i det n\u00e6rliggende \u00f8sttexas i 1930 forvandlede Dallas til en energifinansieringshovedstad n\u00e6sten natten over; mange banker og virksomheder flyttede hertil for at betjene olieindustrien. I 2. verdenskrig producerede Dallas milit\u00e6rk\u00f8ret\u00f8jer og fly i enorme fabrikker, hvilket yderligere cementerede sin industrielle rolle.<\/p>\n<p>Dallas&#039; m\u00f8rkere historiske \u00f8jeblik var mordet p\u00e5 pr\u00e6sident John F. Kennedy den 22. november 1963 p\u00e5 Dealey Plaza. Texas School Book Depository (nu Sixth Floor Museum) dominerer kulturture i bymidten, mens byen k\u00e6mper med denne arv. I efterkrigs\u00e5rtierne voksede Dallas til en vidtstrakt metropol, annekterede forst\u00e6der og byggede nye motorveje (I-35E, I-30, I-45, I-20). Det blev et finansielt og bankm\u00e6ssigt knudepunkt (&#034;Big D&#034; inden for finans), samtidig med at det fremmede en livlig kunstscene (Dallas Theater Center, DART-letbanen i 1990&#039;erne) og kulturel identitet (Reunion Tower \u00e5bnede i 1978, Arts District voksede). Bem\u00e6rkelsesv\u00e6rdige begivenheder inkluderer bombningen af \u200b\u200bPetroleum Building i 1934 (general) eller 1960 (fl\u00e5de) (indenlandske terrorh\u00e6ndelser) og moderne tragedier som angrebet p\u00e5 politiet i 2016. Kort sagt er Dallas&#039; historie en historie pr\u00e6get af transformation fra gr\u00e6nsehandelspost til olie- og teknologikraftcenter, med kapitler med boom, boom og renovering.<\/p>\n<p>Dallas kombinerer sydstatsg\u00e6stfrihed med storbyens travlhed. Den lokale karakter er selvsikker, h\u00f8flig og til tider prangende. Folk kl\u00e6der sig godt (cowboyst\u00f8vler eller jakkes\u00e6t er lige s\u00e5 almindelige), og &#034;sir\/ma&#039;am&#034;-h\u00f8flighed er udbredt. Byens kultur er en rig smeltedigel: st\u00e6rke afroamerikanske, latinamerikanske og asiatiske samfund bidrager alle til byens mosaik. Texas-stoltheden stikker dybt: Dallas Cowboys-fodboldholdets indflydelse m\u00e6rkes overalt (der er flere falske Rolexer end \u00e6gte, siger nogle, i staten; og mange b\u00e6rer &#034;Jerry World&#034;-kasketter). Men ud over fodbold er Dallas&#039; kosmopolitiske side tydelig i dens kunstdistrikt, sofistikerede restauranter (high-end steakhouses, Tex-Mex og global k\u00f8kken) og banebrydende industrier.<\/p>\n<p>Dallas har mange festivaler og traditioner. Art Month (oktober) byder p\u00e5 nationens st\u00f8rste sammenh\u00e6ngende urbane kunstdistrikt med \u00e5bninger, og Contemporary Arts Fair kommer til byen. Dallas International Film Festival fremviser international film. Pride Dallas er stort (Dallas har et af de st\u00f8rste LGBT-milj\u00f8er i USA og er stolt af at v\u00e6re im\u00f8dekommende). Juneteenth-fejringen er vigtig (Dallas var en af \u200b\u200bde tidlige tilh\u00e6ngere af ferien). Om sommeren er State Fair of Texas (afholdt i den n\u00e6rliggende Fair Park i oktober) et stort tr\u00e6kplaster, komplet med Big Tex, forlystelser midtvejs og friturestegt mad (&#034;alt er st\u00f8rre&#034; faktisk). Den 4. juli byder p\u00e5 fyrv\u00e6rkeri i hele byen (&#034;Fourth at the Star&#034; n\u00e6r Cowboys Stadium eller fyrv\u00e6rkeriet i bymidten).<\/p>\n<p>Livet i nabolaget varierer: Deep Ellum pulserer med livemusik og v\u00e6gmalerier, Uptown Dallas (langs Oak Lawn Ave) summer af barer og restauranter, og Bishop Arts i Oak Cliff f\u00f8les som en hip landsby. Der er ogs\u00e5 en st\u00e6rk BBQ- og Tex-Mex-madkultur: taco-trucks, grillsteder og afslappet texansk spisning er overalt (Dallas har endda sin egen &#034;Margarita Mile&#034; med cocktails). Samlet set er Dallas&#039; stemning varm, men tempofyldt \u2013 et sted, hvor der sker gode tilbud, og folk netv\u00e6rker, men alligevel afslutter de ofte dagen med en iskold Dr Pepper (Texas&#039; yndlingssodavand) eller en brisket-taco.<\/p>\n<p>Dallas tilbyder b\u00e5de ikoniske vartegn og forskellige attraktioner. Det mest genkendelige symbol er Reunion Tower \u2013 det kugleformede observationst\u00e5rn langs Trinity River \u2013 hvis GeO-Deck giver 360\u00b0 udsigt over byen. I n\u00e6rheden ligger Perot Museum of Nature &amp; Science, et sl\u00e5ende arkitektonisk vartegn fyldt med interaktive udstillinger om geologi, rumfart og dinosaurfossiler. CityPASS og turistlister fremh\u00e6ver det som en topattraktion i Dallas. Dallas Arboretum and Botanical Garden (\u00f8st for byen, ved White Rock Lake) er ber\u00f8mt for s\u00e6sonbestemte blomsterudstillinger (for\u00e5rstulipaner, sommerroser, efter\u00e5rsblomster) og en \u00e5rlig for\u00e5rsudstilling.<\/p>\n<p>I bymidtens kunstdistrikt (nationens st\u00f8rste) tiltr\u00e6kker Dallas Museum of Art og Nasher Sculpture Center kunstelskere. Lige overfor Dealey Plaza i bymidten ligger Sixth Floor Museum (i det gamle Book Depository) om mordet p\u00e5 JFK. Dallas Zoo (CityPASS-mulighed) og Dallas World Aquarium (historisk byakvarium) er popul\u00e6re steder for familier. Sportsfans kan bes\u00f8ge AT&amp;T Stadium eller American Airlines Center eller se Cowboys-, Mavericks- (NBA) eller Stars- (NHL)-kampe. For lokalhistorie er George W. Bush Presidential Center (SMU campus) og Dallas Holocaust and Human Rights Museum (i West End) bem\u00e6rkelsesv\u00e6rdige.<\/p>\n<p>Der er masser af friluftsliv: Katy Trail er en 5,6 km lang urban sti gennem Uptown; White Rock Lake Park tilbyder padling og l\u00f8b; og Klyde Warren Park (beliggende over Woodall Rodgers Freeway) er en gr\u00f8n oase med food trucks og gratis programmering. Tjek ogs\u00e5 historiske Deep Ellums gadekunst- og musikklubber, det restaurerede Perot Theater i West Dallas og det pulserende Bishop Arts District for boutique shopping og kaffe. Kort sagt sp\u00e6nder Dallas&#039; must-see attraktioner fra de h\u00f8je (Perot Museums udstillinger, Reunion-terrassen) til gr\u00e6srodsomr\u00e5der (Arts District, Bishop Arts-spiserne).<\/p>\n<p>Dallas er et vigtigt transportknudepunkt. Dallas\/Fort Worth International Airport (DFW) \u2013 mellem Dallas og Fort Worth \u2013 er en af \u200b\u200bverdens travleste lufthavne med direkte flyvninger over hele verden. Love Field (DAL) i det nordlige Dallas h\u00e5ndterer mange indenrigsflyvninger (sydvest, Alaska). Det interstate netv\u00e6rk er omfattende: I-35E nord-syd, I-30 \u00f8st-vest gennem bymidten, I-45 syd, I-20 syd og I-635 omkranser byen. Dallas Area Rapid Transit (DART) tilbyder letbane (fire linjer, der d\u00e6kker ~90 miles) og busser; de gr\u00f8nne og orange linjer forbinder lufthavnen med bymidten. DART Orange Line giver en direkte tur fra DFW til bymidten og i n\u00e6rheden af \u200b\u200bConvention Center.<\/p>\n<p>Dallas er meget bilcentreret \u2013 forvent til tider t\u00e6t trafik, og planl\u00e6g l\u00e6ngere k\u00f8reture. Der er rigeligt med parkering i centrum, men det kan v\u00e6re dyrt; mange bes\u00f8gende bruger DART eller samk\u00f8rsel for at undg\u00e5 det. I det centrale Dallas er kvarterer som Uptown, Downtown og Deep Ellum g\u00e5venlige. Cykling er vokset (der er et deleprogram og gr\u00f8nne stier), men pas p\u00e5 varmen.<\/p>\n<p>Dallas ligger i den centrale tidszone (UTC-6). Engelsk og spansk tales udbredt. Som i de fleste amerikanske byer, medbring USD og tjek vejret (sommerstorme kan v\u00e6re dramatiske). Drikkepenge p\u00e5 15-20% p\u00e5 restauranter er normen. Dallas er generelt sikkert i turistomr\u00e5der; voldelig kriminalitet er ofte koncentreret i fjerne dele af South Dallas og Oak Cliff, s\u00e5 standard \u00e5rv\u00e5genhed er klogt. Solbeskyttelse er n\u00f8glen (solskoldning kan komme selv fra reflekteret skyskraberglas). Aldersgr\u00e6nsen for at drikke mad er 21, og Texas l\u00e6gger stor v\u00e6gt p\u00e5 grilletikette (det er acceptabelt at tale om politik i Texas, men lad v\u00e6re med at rode med en texaners oksebryst!).<\/p>\n<p>Kort sagt er Dallas en energisk, moderne by med dybe, traditionelle r\u00f8dder. Dens skyline og stil afspejler en dristig texansk etos, mens dens kvarterer byder alle velkommen med \u00e6gte sydstatsvarme. Fra h\u00f8jteknologisk knudepunkt til kunstdistrikt i verdensklasse, fra legendarisk Tex-Mex til cowboy-lore, tilbyder Dallas en kompleks, kosmopolitisk sydstatsoplevelse \u2013 en by, der b\u00e5de er jordn\u00e6r og ambiti\u00f8s.<a href=\"https:\/\/travelshelper.com\/da\/destinationer\/nordamerika\/amerikas-forenede-stater\/berkeley-springs\/\" target=\"_self\" aria-labelledby=\"uael-post-8997\"><br \/>\n<\/a><\/p>","protected":false},"excerpt":{"rendered":"<p>Dallas er en livlig og dynamisk metropol beliggende i staten Texas, USA. Med en befolkning p\u00e5 7,5 millioner er den den mest folkerige by i Dallas-Fort Worth-metropolen, det mest folkerige storbyomr\u00e5de i Texas og det fjerde mest folkerige storbyomr\u00e5de i USA. Dallas, som er hoveds\u00e6de for Dallas County, str\u00e6kker sig ind i Collin, Denton, Kaufman og Rockwall amter. Efter Houston og San Antonio er Dallas den niende mest folkerige by i USA og den tredje mest folkerige by i Texas baseret p\u00e5 folket\u00e6llingen i 2020. Dallas, i det nordlige Texas-omr\u00e5de, er centrum for det st\u00f8rste storbyomr\u00e5de i det sydlige USA og det st\u00f8rste indre storbyomr\u00e5de i USA uden en sejlbar forbindelse til havet.<\/p>","protected":false},"author":1,"featured_media":3097,"parent":8072,"menu_order":0,"comment_status":"closed","ping_status":"closed","template":"elementor_theme","meta":{"_eb_attr":"","footnotes":""},"class_list":["post-8763","page","type-page","status-publish","has-post-thumbnail"],"_links":{"self":[{"href":"https:\/\/travelshelper.com\/da\/wp-json\/wp\/v2\/pages\/8763","targetHints":{"allow":["GET"]}}],"collection":[{"href":"https:\/\/travelshelper.com\/da\/wp-json\/wp\/v2\/pages"}],"about":[{"href":"https:\/\/travelshelper.com\/da\/wp-json\/wp\/v2\/types\/page"}],"author":[{"embeddable":true,"href":"https:\/\/travelshelper.com\/da\/wp-json\/wp\/v2\/users\/1"}],"replies":[{"embeddable":true,"href":"https:\/\/travelshelper.com\/da\/wp-json\/wp\/v2\/comments?post=8763"}],"version-history":[{"count":0,"href":"https:\/\/travelshelper.com\/da\/wp-json\/wp\/v2\/pages\/8763\/revisions"}],"up":[{"embeddable":true,"href":"https:\/\/travelshelper.com\/da\/wp-json\/wp\/v2\/pages\/8072"}],"wp:featuredmedia":[{"embeddable":true,"href":"https:\/\/travelshelper.com\/da\/wp-json\/wp\/v2\/media\/3097"}],"wp:attachment":[{"href":"https:\/\/travelshelper.com\/da\/wp-json\/wp\/v2\/media?parent=8763"}],"curies":[{"name":"wp","href":"https:\/\/api.w.org\/{rel}","templated":true}]}}