{"id":8395,"date":"2024-09-03T19:44:52","date_gmt":"2024-09-03T19:44:52","guid":{"rendered":"https:\/\/travelshelper.com\/staging\/?page_id=8395"},"modified":"2026-03-13T18:41:29","modified_gmt":"2026-03-13T18:41:29","slug":"santa-monica","status":"publish","type":"page","link":"https:\/\/travelshelper.com\/da\/destinations\/north-america\/united-states\/santa-monica\/","title":{"rendered":"Santa Monica"},"content":{"rendered":"<p>Santa Monica er en kystby p\u00e5 vestsiden af \u200b\u200bLos Angeles County, hvor Santa Monica-bugten m\u00f8der Stillehavet. Den str\u00e6kker sig langs omkring 5 km sandstrand og flade klippetoppe. Landskabet omfatter brede, asfalterede stier langs havet, cykelstier og parkomr\u00e5der med udsigt over havet (mest ber\u00f8mt for Palisades Park over klipperne). Klimaet er mildt \u00e5ret rundt: varme, t\u00f8rre somre og milde vintre, ligesom det n\u00e6rliggende Los Angeles, men normalt lidt k\u00f8ligere om sommeren p\u00e5 grund af havet. Omr\u00e5det oplever morgent\u00e5ge (juni-m\u00f8rke), der ofte klarner op til solrig himmel om eftermiddagen. Typiske temperaturer ligger i 21\u00b0C om sommeren og 15\u00b0C om vinteren, med stort set ingen frost. Solen skinner omkring 310 dage om \u00e5ret, hvilket g\u00f8r Santa Monica til en strandvenlig by.<\/p>\n<p>Santa Monicas befolkning er omkring 88.000 (estimat fra 2025). I de seneste \u00e5rtier er den faldet en smule fra toppen i 2020, hvilket afspejler byens lille landareal og h\u00f8je boligomkostninger. Medianalderen er i de lave 40&#039;ere, og den gennemsnitlige husstandsindkomst er omkring $110.000 (meget h\u00f8jt efter amerikanske standarder). Befolkningen er overvejende hvid (ca. 67%), med asiater (~10%) og mindre procentdele af sorte (5%) og latinamerikanere (ca. 13% latinamerikanere af enhver race). Byen har en betydelig arbejdsstyrke fra den kreative klasse og teknologi, som diskuteret nedenfor.<\/p>\n<p>Santa Monicas estimat for 2025 er 87.900 indbyggere. Byens befolkningst\u00e6thed er h\u00f8j (over 10.000 mennesker pr. kvadratkilometer). Demografisk set identificerer 67 % sig som hvide, 9,8 % asiater og 4,9 % sorte, mens resten udg\u00f8res af andre og dem, der identificerer sig som to eller flere racer. Latinamerikanske\/latino indbyggere udg\u00f8r omkring 11 % af befolkningen. Omkring 42 % af husstandene er gifte par.<\/p>\n<p>Den lokale \u00f8konomi er robust og mangfoldig. Santa Monica kalder sig selv en del af &#034;Silicon Beach&#034; p\u00e5 grund af en koncentration af teknologiske og kreative industrier. Faktisk er den kreative og teknologiske sektor den st\u00f8rste arbejdsgiver: over 3.100 virksomheder inden for informationsteknologi, film, video, design og reklame (s\u00e5som Snap, Hulu, Lionsgate osv.) besk\u00e6ftiger omkring 29.000 mennesker - cirka en tredjedel af byens job. Andre betydelige sektorer omfatter sundhedspleje (10.000 job), uddannelse (Santa Monica College) og turisme\/hotels (indkvartering, restauranter). Turismeindustrien vokser: omkring 4,6 millioner bes\u00f8gende kom til Santa Monica i 2023, hvilket genererede cirka 940 millioner dollars i lokale forbrug takket v\u00e6re den ber\u00f8mte mole og strand samt byens shoppingdistrikter. Detailhandel er ogs\u00e5 bem\u00e6rkelsesv\u00e6rdig \u2013 sm\u00e5 virksomheder oplevede over 3,2 milliarder dollars i skattepligtig oms\u00e6tning i 2023. Kort sagt blander Santa Monicas \u00f8konomi lokale detail- og servicejobs med en overraskende stor kreativ-teknologisk kerne (verdens st\u00f8rste koncentration af digitale medie- og underholdningsfirmaer ligger i vestsiden af \u200b\u200bLos Angeles).<\/p>\n<p>Byen kan prale af h\u00f8je indkomster: indkomst pr. indbygger ~$88.900 og medianhusstand ~$109.700, selvom fattigdomsraten (11,6%) indikerer indkomstulighed. Indt\u00e6gter fra fast ejendom og turisme finansierer lokale faciliteter (for eksempel afholder erhvervsforbedringsdistrikterne gadearrangementer og vedligeholdelse i bymidten). B\u00e6redygtig forretning er ogs\u00e5 en prioritet: Santa Monica fremmer gr\u00f8nt byggeri og cykelstier, og blev rangeret blandt de &#034;mest b\u00e6redygtige&#034; byer for sine milj\u00f8politikker.<\/p>\n<p>Santa Monica ligger i det sydlige Californien, umiddelbart vest for City of Los Angeles (kvarter til Venice) og 24 km nord for LAX. Byen ligger p\u00e5 flade skr\u00e6nter over Santa Monica Bay. Pacific Palisades Park og Santa Monica Mountains ligger lige nordp\u00e5, mens Venice Beach gr\u00e6nser op til den mod syd. Den 5 km lange strandlinje omfatter den ber\u00f8mte Santa Monica State Beach (med volleyballnet og bredt sand). P\u00e5 land er byen for det meste flad med en let h\u00e6ldning fra Palisades ned til vandet. Den ikoniske Santa Monica Pier (bygget 1909) rager ud i bugten og byder p\u00e5 en lille forlystelsespark, et akvarium og den historiske molekarrusel \u2013 symboler p\u00e5 byen. Det vigtigste kommercielle centrum ligger omkring Third Street og Broadway, kendt som Third Street Promenade (et livligt g\u00e5gadecenter), og blokkene n\u00e6r havet (&#034;Downtown&#034;), der alle summer af butikker, gadekunstnere og restauranter.<\/p>\n<p>Klimam\u00e6ssigt sikrer Santa Monicas beliggenhed ved kysten meget sm\u00e5 temperaturudsving. Som Wikipedias klimaafsnit bem\u00e6rker, har Santa Monica et kystn\u00e6rt middelhavsklima. Kystt\u00e5ge forekommer ofte fra det sene for\u00e5r til sommeren, men byen bliver normalt klarere ved middagstid. Selv p\u00e5 varme dage i det indre af byen k\u00f8ler havbrisen stranden ned. Den \u00e5rlige nedb\u00f8r er omkring 38 cm, mest om vinteren. De lange, t\u00f8rre somre og milde vintre betyder, at udend\u00f8rscaf\u00e9er og gadefestivaler kan finde sted \u00e5ret rundt. Stranden og skr\u00e6nterne er omgivet af parker (Palisades Park str\u00e6kker sig over skr\u00e6ntens top, Tongva Park er en nyere park med havudsigt i centrum), hvilket forst\u00e6rker integrationen af \u200b\u200bby og hav.<\/p>\n<p>Santa Monicas historie afspejler Sydcaliforniens bredere bue. Omr\u00e5det blev navngivet og gjort krav p\u00e5 i de mexicanske jordtilskud fra 1839 (Rancho San Vicente y Santa M\u00f3nica). Byen blev formelt inkorporeret den 30. november 1886. I sine tidlige \u00e5r udviklede Santa Monica sig som en badeby for Los Angeles \u2013 hoteller, badehuse og forn\u00f8jelsesmoler blev dens attraktioner. I begyndelsen af \u200b\u200bdet 20. \u00e5rhundrede havde byen f\u00e6rger og Pacific Electric &#034;Red Car&#034; (sporvogn), der forbandt den med LA. Faktisk var forlystelsesmoler en stor ting \u2013 Santa Monica Pier blev udvidet og en stor attraktion i 1920&#039;erne.<\/p>\n<p>Et centralt kapitel er Douglas Aircraft Company, som etablerede en stor flyfabrik her i 1920&#039;erne; Santa Monica blev et krigstidscenter med titusindvis ansat inden for luftfart i 1940. Efter Anden Verdenskrig forblev Douglas\/McDonnell-fabrikken betydningsfuld indtil 1970&#039;erne og skabte arbejdspladser og t\u00e6nketanken RAND. Lukningen af \u200b\u200bDouglas-anl\u00e6gget (1968-70) var et slag, men det hjalp med at bane vejen for \u00f8konomisk diversificering. Byen modsatte sig motorvejsudvidelse (de stoppede Santa Monica Freeway fra at forts\u00e6tte vestp\u00e5 forbi Ocean Park i 1975), hvilket holdt bymidten fodg\u00e6ngervenlig. I \u00e5rtier forvandlede den sig til en kosmopolitisk lille by: molen og stranden forblev ikoner, men nye detailcentre (Third Street) og sm\u00e5 tech-virksomheder begyndte at definere den. Bem\u00e6rkelsesv\u00e6rdige begivenheder: I slutningen af \u200b\u200b1980&#039;erne oplevede man konflikter om udvikling kontra bevaring (nogle strandkvarterer k\u00e6mpede mod nye h\u00f8jhuse). I dag vidner blandingen af \u200b\u200bhistoriske bygninger fra midten af \u200b\u200b\u00e5rhundredet og trendy nye butikker om kontinuerlig forandring.<\/p>\n<p>Santa Monica er kendt for en sund, progressiv og kreativ atmosf\u00e6re. Byen er b\u00e5de beboelig og kommerciel; den har l\u00e6nge tiltrukket kunstnere, iv\u00e6rks\u00e6ttere og en ung professionelle gruppe s\u00e5vel som velhavende pensionister. Engelsk er universelt, og spansk tales almindeligt blandt servicearbejdere og i visse kvarterer. Livsstilen l\u00e6gger v\u00e6gt p\u00e5 fitness: du vil se l\u00f8bere og cyklister p\u00e5 Ocean Avenue, yogastudier p\u00e5 n\u00e6sten hver blok, og landm\u00e6ndsmarkeder er \u00e5bne mange dage i ugen. Strandkulturen er stor - livreddert\u00e5rne, volleyballkampe og afslappede surfbutikker er overalt. Byen er is\u00e6r b\u00f8rnevenlig (legepladser, skoler) og ogs\u00e5 k\u00e6ledyrsvenlig (strand for hunde uden snor i bestemte timer).<\/p>\n<p>Politisk og socialt er Santa Monica ret liberal; kommunal politik afspejler dette. Byen er stolt af sin milj\u00f8bevidsthed (streng genbrug, m\u00e5l for vedvarende energi, forbud mod visse typer plast). Kunst og teknologi blandes her: gademalerier og gallerier findes side om side med co-working spaces og startup-inkubatorer. Lokale begivenheder forst\u00e6rker den lokale karakter: der er ugentlige koncerter i parken, sommerfilmaftener og s\u00e6sonbestemte festligheder (s\u00e5som Santa Monica Pier Twilight Concert Series). Bystyret og handelskammeret fremh\u00e6ver ofte &#034;K\u00f8b lokalt&#034; og b\u00e6redygtige virksomheder, hvilket indikerer et fokus p\u00e5 f\u00e6llesskabets etos.<\/p>\n<p>Venlighedsm\u00e6ssigt er stemningen i Santa Monica typisk im\u00f8dekommende og afslappet. Selv i bymidten er forretningst\u00f8j sj\u00e6ldent; strandt\u00f8j eller afslappet byt\u00f8j er normen. Folk har en tendens til at smile og hilse med &#034;hej&#034;, dog ikke s\u00e5 velkendt som den gamle by, som m\u00e5ske Santa Barbaras stil er. Der er et strejf af urban anonymitet (som i enhver forstad til Los Angeles), men mange kender deres naboer. Trafikken er en klage (de lokale ved, at de ikke skal fors\u00f8ge at k\u00f8re op ad bakken til LAX i myldretiden), s\u00e5 t\u00e5lmodighed p\u00e5 vejene er en uudtalt regel.<\/p>\n<p>Santa Monicas attraktioner er centreret omkring havet. Santa Monica Pier er selvf\u00f8lgelig et must-see. Dens karrusel p\u00e5 2. gade, pariserhjul og arkader minder om en gammeldags forlystelsesatmosf\u00e6re, og molens sceneri er \u00f8jeblikkeligt genkendeligt (i mods\u00e6tning til noget andet i LA). Molens forlystelser i Pacific Park, plus et lille akvarium og spisesteder, appellerer til familier og afslappede bes\u00f8gende. Tilst\u00f8dende ligger Palisades Park, et gr\u00f8nt b\u00e6lte p\u00e5 toppen af \u200b\u200ben klippe med udsigt over havet, ideelt til cykling eller solnedgangsture. Her har du en af \u200b\u200bLA&#039;s mest ikoniske udsigter: det endel\u00f8se Stillehav og omridset af Malibu mod nord.<\/p>\n<p>Third Street Promenade er en anden popul\u00e6r attraktion: et g\u00e5gadeomr\u00e5de fyldt med butikker, gadekunstnere og udend\u00f8rscaf\u00e9er. Det bliver ofte n\u00e6vnt som et af de bedste udend\u00f8rs indk\u00f8bscentre i Amerika. Det n\u00e6rliggende Santa Monica Place Mall (eksklusiv shopping) og 4th\/Colorado Arts District (SMC Performing Arts Center) bidrager til dets appel. Selve stranden \u2013 Santa Monica State Beach \u2013 er bred og velholdt med volleyballbaner og cykelstier, der forbinder til Venice Beach (mod syd) og Marina del Rey-cykelstien (mod nord).<\/p>\n<p>Andre h\u00f8jdepunkter inkluderer Tongva Park &amp; \u200b\u200bGreenbelt (en nyere park i flere niveauer med legepladser og springvand i bymidten) og Palisades Park (som n\u00e6vnt). Ved stranden er den historiske Angels Knight Pier (Caruso&#039;s Beach House) og Lifeguard Headquarters Tower bem\u00e6rkelsesv\u00e6rdige bygninger. Sport og fritid: Muscle Beach (Californiens originale udend\u00f8rs fitnesscenter) og North Beach Playground er sjove bes\u00f8g. Santa Monica Museum of Art og Bergamot Station (et kunstkompleks med snesevis af gallerier) betjener ogs\u00e5 kultursultne bes\u00f8gende. De, der \u00f8nsker at f\u00f8le sig lokalt forankret, kan slentre gennem Farmers Market p\u00e5 Arizona Avenue (\u00e5ret rundt, onsdage og l\u00f8rdage).<\/p>\n<p>Kort sagt er must-do-listen defineret af hav- og udend\u00f8rsnydelse: en cykeltur til molen, en slentretur ved solnedgang, rullesk\u00f8jtel\u00f8b p\u00e5 stranden plus et m\u00e5ltid p\u00e5 en af \u200b\u200bde mange restauranter ved stranden. Santa Monica tilbyder en klassisk californisk strandbyoplevelse, opdateret til den moderne tidsalder med trendy butikker og b\u00e6redygtig stil.<\/p>\n<p>Santa Monica har ikke sin egen kommercielle lufthavn; bes\u00f8gende flyver normalt til Los Angeles International Airport (LAX), kun 15 minutters k\u00f8rsel mod syd. Burbank (BUR) og Long Beach (LGB) lufthavne kan ogs\u00e5 n\u00e5s med bil eller shuttle. I bil ender I-10 motorvejen i Santa Monica (hvor den m\u00f8der Ocean Avenue). Den er ogs\u00e5 forbundet med West LA og videre via veje. Amtraks Pacific Surfliner-tog stopper ved den n\u00e6rliggende Downtown Santa Monica Station (ved 4th Street) og har forbindelse til LA-San Diego-korridoren.<\/p>\n<p>Santa Monica er relativt lille. Mange beboere og bes\u00f8gende g\u00e5r eller cykler, is\u00e6r i bymidten og langs stranden. Offentlig transport omfatter Big Blue Bus (Santa Monicas kommunale bussystem) og LA Metro E Line (Expo Line) letbane, der forbinder Santa Monicas centrum (Downtown Station) med Los Angeles centrum og videre cirka hvert 8. minut. Taxaer og samk\u00f8rselsordninger er rigelige i centrale omr\u00e5der, men kan v\u00e6re knappe sent om aftenen i afsidesliggende kvarterer. Parkering er ofte med automatparkering p\u00e5 gader og i offentlige parkeringshuse; v\u00e6r opm\u00e6rksom p\u00e5 gadereng\u00f8ringsplanerne. Da trafikken kan blokere motorvejsindk\u00f8rsler, bruger mange lokale cykler eller scootere til korte ture (scooter- og cykeldelingsprogrammer er popul\u00e6re).<\/p>\n<p>De s\u00e6dvanlige californiske drikkepenge g\u00e6lder. Valutaen er USD. Engelsk er universel; spansk er almindeligt i mange servicesammenh\u00e6nge (mange butiksskilte er tosprogede). Drikkepenge p\u00e5 15-20% er standarden for restauranter. Sandaler og strandt\u00f8j er acceptabelt n\u00e6sten overalt p\u00e5 dagen, selvom p\u00e6nere p\u00e5kl\u00e6dning kan v\u00e6lges til fine restauranter eller barer. Santa Monica er generelt sikkert \u2013 den har meget lavere kriminalitet end downtown LA. Pas dog p\u00e5 dine ejendele p\u00e5 overfyldte gader og strande. Byen er meget fodg\u00e6nger- og cykelvenlig, men f\u00f8lg altid den lokale cykel-\/scooteretikette. Den er ogs\u00e5 ret international og accepterende; bes\u00f8gende b\u00f8r f\u00f8le sig trygge ved at have det p\u00e5, de kan lide. En praktisk bem\u00e6rkning: P\u00e5 grund af lokalpolitik er Santa Monica meget milj\u00f8bevidst \u2013 bes\u00f8gende finder vandtankstationer (font\u00e6ner) i stedet for plastikflasker i mange parker, og restauranter opfordrer ofte til brug af genanvendelige poser.<a href=\"https:\/\/travelshelper.com\/da\/destinationer\/nordamerika\/amerikas-forenede-stater\/berkeley-springs\/\" target=\"_self\" aria-labelledby=\"uael-post-8997\"><br \/>\n<\/a><\/p>","protected":false},"excerpt":{"rendered":"<p>Santa Monica, beliggende langs den maleriske Santa Monica-bugt p\u00e5 Californiens sydkyst, er en livlig by i Los Angeles County. Med en befolkning p\u00e5 93.076 if\u00f8lge den amerikanske folket\u00e6lling fra 2020 er Santa Monica en velkendt ferieby, der er rost for sin behagelige temperatur, betagende strande og aktive hotelbranche. Blandt de store virksomheder, der underst\u00f8tter byens varierede \u00f8konomi \u2013 som fungerer som et vigtigt knudepunkt for b\u00e5de forretning og fritid \u2013 er Hulu, Universal Music Group, Lionsgate, Illumination og The Recording Academy.<\/p>","protected":false},"author":1,"featured_media":3396,"parent":8072,"menu_order":0,"comment_status":"closed","ping_status":"closed","template":"elementor_theme","meta":{"_eb_attr":"","footnotes":""},"class_list":["post-8395","page","type-page","status-publish","has-post-thumbnail"],"_links":{"self":[{"href":"https:\/\/travelshelper.com\/da\/wp-json\/wp\/v2\/pages\/8395","targetHints":{"allow":["GET"]}}],"collection":[{"href":"https:\/\/travelshelper.com\/da\/wp-json\/wp\/v2\/pages"}],"about":[{"href":"https:\/\/travelshelper.com\/da\/wp-json\/wp\/v2\/types\/page"}],"author":[{"embeddable":true,"href":"https:\/\/travelshelper.com\/da\/wp-json\/wp\/v2\/users\/1"}],"replies":[{"embeddable":true,"href":"https:\/\/travelshelper.com\/da\/wp-json\/wp\/v2\/comments?post=8395"}],"version-history":[{"count":0,"href":"https:\/\/travelshelper.com\/da\/wp-json\/wp\/v2\/pages\/8395\/revisions"}],"up":[{"embeddable":true,"href":"https:\/\/travelshelper.com\/da\/wp-json\/wp\/v2\/pages\/8072"}],"wp:featuredmedia":[{"embeddable":true,"href":"https:\/\/travelshelper.com\/da\/wp-json\/wp\/v2\/media\/3396"}],"wp:attachment":[{"href":"https:\/\/travelshelper.com\/da\/wp-json\/wp\/v2\/media?parent=8395"}],"curies":[{"name":"wp","href":"https:\/\/api.w.org\/{rel}","templated":true}]}}