{"id":8365,"date":"2024-09-03T18:18:47","date_gmt":"2024-09-03T18:18:47","guid":{"rendered":"https:\/\/travelshelper.com\/staging\/?page_id=8365"},"modified":"2026-03-13T18:51:01","modified_gmt":"2026-03-13T18:51:01","slug":"san-antonio","status":"publish","type":"page","link":"https:\/\/travelshelper.com\/da\/destinations\/north-america\/united-states\/san-antonio\/","title":{"rendered":"San Antonio"},"content":{"rendered":"<p>San Antonio, Texas, str\u00e6kker sig over det syd-centrale Texas, hvor den b\u00f8lgende pr\u00e6rie m\u00f8der det sydlige Texas&#039; buskelandskab. Bybilledet er domineret af historiske forter og missioner, og markant af det moderne Tower of the Americas, der gennemborer skyline. Hjertet er gennemsk\u00e5ret af den frodige San Antonio River Walk, en fors\u00e6nket stenomkranset vandvej flankeret af terrasser, restauranter og butikker (klimaet her er fugtigt subtropisk, varmt om sommeren, mildt om vinteren). San Antonios atmosf\u00e6re er karakteristisk: en blanding af dyb spansk-mexicansk arv og moderne texansk dynamik. Den fremherskende arkitektur - fra Alamo&#039;s udsk\u00e5rne stenfacade til pastelfarvede stukhuse - afspejler en historie, der str\u00e6kker sig fra det 18. \u00e5rhundredes Spanien til en levende, multikulturel nutid.<\/p>\n<p>San Antonio er en af \u200b\u200bde st\u00f8rste amerikanske byer. Dens befolkning i 2020 var 1.434.625 (over 1,6 millioner i det bredere storbyomr\u00e5de). I 2023 n\u00e6rmede den sig 1,46 millioner, hvilket forts\u00e6tter med en stabil v\u00e6kst. San Antonios befolkning er kendt for at v\u00e6re overvejende latinamerikansk: omkring 64 % af indbyggerne er latinamerikanere, hovedsageligt af mexicansk afstamning, og cirka 23 % er ikke-spansktalende hvide. Der er ogs\u00e5 et betydeligt afroamerikansk samfund (omkring 6 %). Byens medianindkomst er lavere end landsgennemsnittet, hvilket afspejler dens store arbejderklassebase, selvom \u00f8konomien er blomstrende.<\/p>\n<p>\u00d8konomisk set er San Antonio diversificeret. Historisk set en milit\u00e6r forpost (med flere baser konsolideret i Joint Base San Antonio), har byen stadig en af \u200b\u200blandets st\u00f8rste milit\u00e6re tilstedev\u00e6relser. Andre n\u00f8glesektorer omfatter sundhedspleje (South Texas Medical Center er enormt), turisme (Fort Sam Houston og Alamo tiltr\u00e6kker millioner), finansielle tjenester (USAA&#039;s hovedkvarter for milit\u00e6rforsikring) og olieraffinering (Valero Energy har base her). I 2018 var byens BNP omkring 121 milliarder dollars, med fokus p\u00e5 milit\u00e6r-, sundheds-, regerings- og forretningsservice. Byen tiltr\u00e6kker ogs\u00e5 kongresser p\u00e5 Henry B. Gonz\u00e1lez Convention Center. I 2017 st\u00f8ttede turisme over 130.000 job og pumpede 13,6 milliarder dollars ind i den lokale \u00f8konomi. San Antonio er hjemsted for to Fortune 500-virksomheder \u2013 Valero Energy (olie) og USAA (forsikring) \u2013 og adskillige regionale hovedkvarterer.<\/p>\n<p>San Antonio ligger i det sydlige Texas, cirka 120 kilometer inde i landet fra Den Mexicanske Golf. Det ligger i en h\u00f8jde af omkring 185 meter p\u00e5 Balcones-skr\u00e5ningen, hvor b\u00f8lgende sletter g\u00e5r over i kystbakkerne. Klimaet er fugtigt, subtropisk: somrene er meget varme og fugtige (ofte over 38\u00b0C), mens vintrene er milde og korte. Det ligger p\u00e5 de sydlige Texas-sletter, s\u00e5 terr\u00e6net omkring er generelt fladt til let kuperet med sparsomme tr\u00e6er og krat. Byens fem spanske kolonimissioner (inklusive Alamo) ligger langs San Antonio-floden og er udpeget som et UNESCO-verdensarvssted. (Flodens bredder og missionerne er med til at bryde fladheden og skaber lommer af gr\u00f8nne omr\u00e5der i byen.)<\/p>\n<p>San Antonios historie begynder med den spanske kolonitid. I 1718 grundlagde fader Antonio de Olivares den f\u00f8rste mission og kaldte stedet San Antonio de Valero (som senere blev til Alamo). Samme \u00e5r etablerede Spanien Presidio San Antonio de B\u00e9xar (et fort) i n\u00e6rheden, og nybyggere byggede en villa omkring det. Dette gjorde San Antonio til den f\u00f8rste chartrede civile bos\u00e6ttelse i det, der nu er Texas. I l\u00f8bet af det 18. \u00e5rhundrede blev der bygget flere missioner langs floden. I 1821 vandt Texas uafh\u00e6ngighed fra Spanien som en del af Mexico, og San Antonio forblev et vigtigt centrum.<\/p>\n<p>Et afg\u00f8rende \u00f8jeblik var slaget ved Alamo i 1836 under Texas-revolutionen: 180 texanske forsvarere blev belejret af Santa Annas mexicanske h\u00e6r, og selvom de i sidste ende blev besejret med store texanske tab, galvaniserede kampr\u00e5bet &#034;Husk Alamo&#034; Texas&#039; uafh\u00e6ngighed. (Alamo-missionen blev et helligdom for texansk identitet.) I det 19. og begyndelsen af \u200b\u200bdet 20. \u00e5rhundrede voksede San Antonio som et knudepunkt for kv\u00e6g og landbrug og udviklede senere industrier som Pearl Brewery og milit\u00e6rinstallationer. Efter Anden Verdenskrig gjorde konsolideringen til Joint Base San Antonio milit\u00e6r\u00f8konomien endnu mere central. I de seneste \u00e5rtier har byen oplevet hurtig v\u00e6kst og diversificering, samtidig med at den har omfavnet sin multietniske arv gennem festivaler og kulturelle institutioner.<\/p>\n<p>San Antonios kultur er st\u00e6rkt inspireret af latinamerikanere, og byen er stolt af sine r\u00f8dder. Spanske og mexicanske traditioner gennemsyrer dagligdagen: byen er fyldt med farver, fester og mad. Det dominerende sprog er engelsk, men spansk tales bredt (kvarterer, virksomheder og skiltning er ofte tosprogede). Dagliglivet har en fiesta-atmosf\u00e6re: mariachi- og conjunto-musik er almindelig, og Tex-Mex-k\u00f8kkenet (tacos, enchiladas, brisket) er allestedsn\u00e6rv\u00e6rende. En af byens st\u00f8rste begivenheder er Fiesta San Antonio, en byomfattende fejring af kultur og historie hvert for\u00e5r (det er byens signaturbegivenhed). Mange lokale kl\u00e6der sig i cowboyhatte, nyder familiegrillfester og deltager i rodeoer og Tejano-musikshows.<\/p>\n<p>Stilm\u00e6ssigt er indbyggerne i San Antonio venlige og afslappede. Der er en st\u00e6rk f\u00f8lelse af f\u00e6llesskab i de mange kvarterer (Alamo Heights, Southtown, King William osv.). Kirker (katolske og protestantiske) og medborgerhuse fungerer som samlingspunkter. P\u00e5 grund af varmen drejer livet her sig ofte om aftenaktiviteter eller airconditionerede omr\u00e5der; udend\u00f8rscaf\u00e9er om aftenen er popul\u00e6re. Selve River Walk er som en &#034;urban oase&#034;, hvor folk samles til middag og spadsereture. Samlet set blander byen sin Tejano-arv med en moderne texansk kraft. Som en kulturel bem\u00e6rkning fremh\u00e6ver, er San Antonio en af \u200b\u200bkun 26 UNESCO Creative Cities of Gastronomy (tildelt i 2017) \u2013 en anerkendelse af dens kulinariske fremtr\u00e6dende plads.<\/p>\n<p><strong>Topattraktioner:<\/strong><\/p>\n<ul>\n<li><strong>Alamo (San Antonio-missionerne)<\/strong> \u2013 Missionen San Antonio de Valero (\u201cAlamo\u201d) er Texas&#039; mest ber\u00f8mte vartegn. Den har v\u00e6ret bevaret siden 1700-tallet og bes\u00f8ges af over 2 millioner mennesker om \u00e5ret, og den er den st\u00f8rste turistattraktion. I n\u00e6rheden ligger fire andre spanske missioner (Mission Concepci\u00f3n, San Jos\u00e9, San Juan og Espada) langs Mission Trail; tilsammen danner disse fem missioner (inklusive Alamo) <strong>San Antonio Missions Nationalhistoriske Park<\/strong>, et UNESCO-verdensarvssted. Byvandringer her v\u00e6kker kolonihistorien levende til live.<\/li>\n<li><strong>San Antonio-flodpromenaden<\/strong> \u2013 En anlagt vandvej med gangstier og stenbroer langs San Antonio-floden gennem bymidten. Omkranset af caf\u00e9er, restauranter, butikker og hoteller tilbyder den en malerisk kontrast til den texanske varme. En b\u00e5dtur p\u00e5 River Walk er en popul\u00e6r sightseeingoplevelse. River Walk beskrives ofte som byens sj\u00e6l, hvor man nemt kan tilbringe en eftermiddag med at spise og slentre langs den blide flod.<\/li>\n<li><strong>Amerikas t\u00e5rn<\/strong> \u2013 Et 215 meter h\u00f8jt observationst\u00e5rn bygget til verdensudstillingen i 1968 med panoramaudsigt over San Antonio fra et observationsd\u00e6k og en roterende restaurant p\u00e5 toppen. Det st\u00e5r prominent i Hemisfair Park i centrum.<\/li>\n<li><strong>SeaWorld San Antonio og Six Flags Fiesta Texas<\/strong> \u2013 Familievenlige forlystelsesparker. SeaWorld (i det vestlige San Antonio) byder p\u00e5 shows med havpattedyr og akvarier. Six Flags Fiesta Texas (i det nordvestlige) har rutsjebaner og karnevalsforlystelser. Begge er blandt regionens st\u00f8rste attraktioner for b\u00e5de b\u00f8rn og sp\u00e6ndingss\u00f8gende.<\/li>\n<li><strong>Markedspladsen (Markedet)<\/strong> \u2013 Den historiske markedsplads i det sydlige centrum er det st\u00f8rste mexicanske marked i USA. Det er \u00e5bent dagligt og er en farverig plads med kunsth\u00e5ndv\u00e6rkerboder og spisesteder. S\u00e6lgere s\u00e6lger pi\u00f1ataer, sombreros, mexicansk slik og h\u00e5ndlavet kunsth\u00e5ndv\u00e6rk \u2013 hvilket afspejler San Antonios st\u00e6rke latinamerikanske kultur.<\/li>\n<li><strong>San Antonio Missions Nationalhistoriske Park<\/strong> (se Alamo ovenfor) \u2013 Udover missionsstationen i bymidten omfatter parken Mission Concepci\u00f3n, San Jos\u00e9, San Juan og Espada. Disse er smukt bevarede, is\u00e6r Mission Concepci\u00f3n (med originale fresker). De er mere stille end Alamo, men lige s\u00e5 betydningsfulde historisk set.<\/li>\n<li><strong>Andre h\u00f8jdepunkter:<\/strong> San Antonio Zoo i Brackenridge Park, Witte Museum (videnskab, historie, kultur) og den historiske Brackenridge Park (hjemsted for de japanske tehaver). Den historiske spanske guvern\u00f8rpalads i centrum er en af \u200b\u200bde \u00e6ldste bygninger i Texas. Det er ogs\u00e5 v\u00e6rd at bem\u00e6rke River Parade og FIESTA-begivenhederne, hvis dit bes\u00f8g falder sammen med disse tider af \u00e5ret.<\/li>\n<\/ul>\n<p><strong>Praktisk \u00f8jebliksbillede:<\/strong><\/p>\n<ul>\n<li><strong>S\u00e5dan kommer du dertil:<\/strong> San Antonio International Airport (SAT) betjener byen med fly fra hele USA. Den ligger nord for bymidten (ca. 16 km v\u00e6k). Interstate Highways I-35, I-10 og I-37 m\u00f8des omkring San Antonio, hvilket g\u00f8r den tilg\u00e6ngelig med bil fra alle retninger (Dallas\/Houston via I-35, Austin via I-35 North osv.). Greyhound-busser og Amtrak (Sunset Limited) betjener ogs\u00e5 bymidten. Bymidten ligger et par timers k\u00f8rsel syd for Austin og sydvest for Houston.<\/li>\n<li><strong>Komme rundt:<\/strong> San Antonios lokale transportsystem drives af VIA Metropolitan Transit (busser og et nyere ekspresbussystem). Byen er stor, s\u00e5 de fleste bes\u00f8gende er afh\u00e6ngige af biler eller samk\u00f8rsel. Bymidten og Alamo-omr\u00e5det er kompakte og g\u00e5venlige. Taxaer, Uber\/Lyft og hotelbusser er let tilg\u00e6ngelige. (Bem\u00e6rk: San Antonio har endnu ikke et pendlertog eller letbanesystem, selvom et er planlagt.)<\/li>\n<li><strong>Grundl\u00e6ggende tips:<\/strong> Den lokale valuta er amerikanske dollars. Engelsk tales overalt, men spansk kan ogs\u00e5 klare sig (skiltning og menuer er ofte tosprogede). Etikette i Texas: Ligesom i det bredere Syd er folk h\u00f8flige og siger &#034;frue&#034; og &#034;sir&#034;. Drikkepenge (15-20%) forventes p\u00e5 restauranter. I betragtning af varmen b\u00f8r du holde dig hydreret og bruge solcreme om sommeren. San Antonio er generelt sikkert i turistomr\u00e5der, men v\u00e6r som altid forsigtig med lommetyve p\u00e5 overfyldte steder. Mange lokale og butiksejere er venlige \u2013 en kort spansk hilsen (&#034;Buenos d\u00edas&#034;) er altid v\u00e6rdsat.<a href=\"https:\/\/travelshelper.com\/da\/destinationer\/nordamerika\/amerikas-forenede-stater\/berkeley-springs\/\" target=\"_self\" aria-labelledby=\"uael-post-8997\"><br \/>\n<\/a><\/li>\n<\/ul>","protected":false},"excerpt":{"rendered":"<p>San Antonio, tidligere kendt som City of San Antonio, er en dynamisk og historisk betydningsfuld by beliggende i staten Texas. Med en befolkning p\u00e5 2,6 millioner if\u00f8lge den amerikanske folket\u00e6lling fra 2020 er denne mest folkerige by i Stor-San Antonio det tredjest\u00f8rste storbyomr\u00e5de i Texas og den 24. st\u00f8rste i landet. Efter Houston er det den n\u00e6stst\u00f8rste by i Texas; det er amtss\u00e6de for Bexar County og rangerer som nummer syv blandt alle byer i USA, nummer to i det sydlige USA.<\/p>","protected":false},"author":1,"featured_media":4038,"parent":8072,"menu_order":0,"comment_status":"closed","ping_status":"closed","template":"elementor_theme","meta":{"_eb_attr":"","footnotes":""},"class_list":["post-8365","page","type-page","status-publish","has-post-thumbnail"],"_links":{"self":[{"href":"https:\/\/travelshelper.com\/da\/wp-json\/wp\/v2\/pages\/8365","targetHints":{"allow":["GET"]}}],"collection":[{"href":"https:\/\/travelshelper.com\/da\/wp-json\/wp\/v2\/pages"}],"about":[{"href":"https:\/\/travelshelper.com\/da\/wp-json\/wp\/v2\/types\/page"}],"author":[{"embeddable":true,"href":"https:\/\/travelshelper.com\/da\/wp-json\/wp\/v2\/users\/1"}],"replies":[{"embeddable":true,"href":"https:\/\/travelshelper.com\/da\/wp-json\/wp\/v2\/comments?post=8365"}],"version-history":[{"count":0,"href":"https:\/\/travelshelper.com\/da\/wp-json\/wp\/v2\/pages\/8365\/revisions"}],"up":[{"embeddable":true,"href":"https:\/\/travelshelper.com\/da\/wp-json\/wp\/v2\/pages\/8072"}],"wp:featuredmedia":[{"embeddable":true,"href":"https:\/\/travelshelper.com\/da\/wp-json\/wp\/v2\/media\/4038"}],"wp:attachment":[{"href":"https:\/\/travelshelper.com\/da\/wp-json\/wp\/v2\/media?parent=8365"}],"curies":[{"name":"wp","href":"https:\/\/api.w.org\/{rel}","templated":true}]}}